{"id":10386,"date":"2020-12-02T08:39:19","date_gmt":"2020-12-02T08:39:19","guid":{"rendered":"https:\/\/www.durocdolives.com\/product\/pate\/"},"modified":"2023-06-13T09:04:05","modified_gmt":"2023-06-13T09:04:05","slug":"pate","status":"publish","type":"product","link":"https:\/\/www.durocdolives.com\/nl-nl\/product\/pate\/","title":{"rendered":"Pat\u00e9"},"content":{"rendered":"","protected":false},"excerpt":{"rendered":"<p>Onze eigen pat\u00e9 volgens een traditioneel recept. Deze boerenpastei met grove korrel bevat lever, vlees en vet van Duroc d\u2019Olives varkens. Dit ras heeft meer intramusculair vet, wat het vlees smakelijker, sappiger en malser maakt. Een zeer grote troef voor onze pat\u00e9makers, want hoe fijner de ingredi\u00ebnten, hoe heerlijker het eindresultaat! De donkere tint van dit hoogwaardige varkensvlees geeft de pat\u00e9 een mooiere kleur en een stevige, authentieke smaak.<\/p>\n<p>Prijs is incl. schaal.<\/p>\n","protected":false},"featured_media":10388,"template":"","meta":{"_acf_changed":false,"inline_featured_image":false},"product_brand":[],"product_cat":[290],"product_tag":[354],"class_list":{"0":"post-10386","1":"product","2":"type-product","3":"status-publish","4":"has-post-thumbnail","6":"product_cat-charcuterie","7":"product_tag-tapas-nl-nl","9":"first","10":"instock","11":"taxable","12":"shipping-taxable","13":"purchasable","14":"product-type-variable"},"acf":[],"yoast_head":"<!-- This site is optimized with the Yoast SEO plugin v27.4 - https:\/\/yoast.com\/product\/yoast-seo-wordpress\/ -->\n<title>Pat\u00e9 - Duroc d&#039;Olives<\/title>\n<meta name=\"robots\" content=\"index, follow, max-snippet:-1, max-image-preview:large, max-video-preview:-1\" \/>\n<link rel=\"canonical\" href=\"https:\/\/www.durocdolives.com\/nl-nl\/product\/pate\/\" \/>\n<meta property=\"og:locale\" content=\"nl_BE\" \/>\n<meta property=\"og:type\" content=\"article\" \/>\n<meta property=\"og:title\" content=\"Pat\u00e9 - Duroc d&#039;Olives\" \/>\n<meta property=\"og:description\" content=\"Onze eigen pat\u00e9 volgens een traditioneel recept. Deze boerenpastei met grove korrel bevat lever, vlees en vet van Duroc d\u2019Olives varkens. Dit ras heeft meer intramusculair vet, wat het vlees smakelijker, sappiger en malser maakt. Een zeer grote troef voor onze pat\u00e9makers, want hoe fijner de ingredi\u00ebnten, hoe heerlijker het eindresultaat! De donkere tint van dit hoogwaardige varkensvlees geeft de pat\u00e9 een mooiere kleur en een stevige, authentieke smaak.  Prijs is incl. schaal.\" \/>\n<meta property=\"og:url\" content=\"https:\/\/www.durocdolives.com\/nl-nl\/product\/pate\/\" \/>\n<meta property=\"og:site_name\" content=\"Duroc d&#039;Olives\" \/>\n<meta property=\"article:modified_time\" content=\"2023-06-13T09:04:05+00:00\" \/>\n<meta property=\"og:image\" content=\"https:\/\/www.durocdolives.com\/wp-content\/uploads\/2021\/01\/Pate-PS.jpg\" \/>\n\t<meta property=\"og:image:width\" content=\"1200\" \/>\n\t<meta property=\"og:image:height\" content=\"1200\" \/>\n\t<meta property=\"og:image:type\" content=\"image\/jpeg\" \/>\n<meta name=\"twitter:card\" content=\"summary_large_image\" \/>\n<script type=\"application\/ld+json\" class=\"yoast-schema-graph\">{\"@context\":\"https:\\\/\\\/schema.org\",\"@graph\":[{\"@type\":\"WebPage\",\"@id\":\"https:\\\/\\\/www.durocdolives.com\\\/nl-nl\\\/product\\\/pate\\\/\",\"url\":\"https:\\\/\\\/www.durocdolives.com\\\/nl-nl\\\/product\\\/pate\\\/\",\"name\":\"Pat\u00e9 - Duroc d&#039;Olives\",\"isPartOf\":{\"@id\":\"https:\\\/\\\/www.durocdolives.com\\\/nl\\\/#website\"},\"primaryImageOfPage\":{\"@id\":\"https:\\\/\\\/www.durocdolives.com\\\/nl-nl\\\/product\\\/pate\\\/#primaryimage\"},\"image\":{\"@id\":\"https:\\\/\\\/www.durocdolives.com\\\/nl-nl\\\/product\\\/pate\\\/#primaryimage\"},\"thumbnailUrl\":\"https:\\\/\\\/www.durocdolives.com\\\/wp-content\\\/uploads\\\/2021\\\/01\\\/Pate-PS.jpg\",\"datePublished\":\"2020-12-02T08:39:19+00:00\",\"dateModified\":\"2023-06-13T09:04:05+00:00\",\"breadcrumb\":{\"@id\":\"https:\\\/\\\/www.durocdolives.com\\\/nl-nl\\\/product\\\/pate\\\/#breadcrumb\"},\"inLanguage\":\"nl-BE\",\"potentialAction\":[{\"@type\":\"ReadAction\",\"target\":[\"https:\\\/\\\/www.durocdolives.com\\\/nl-nl\\\/product\\\/pate\\\/\"]}]},{\"@type\":\"ImageObject\",\"inLanguage\":\"nl-BE\",\"@id\":\"https:\\\/\\\/www.durocdolives.com\\\/nl-nl\\\/product\\\/pate\\\/#primaryimage\",\"url\":\"https:\\\/\\\/www.durocdolives.com\\\/wp-content\\\/uploads\\\/2021\\\/01\\\/Pate-PS.jpg\",\"contentUrl\":\"https:\\\/\\\/www.durocdolives.com\\\/wp-content\\\/uploads\\\/2021\\\/01\\\/Pate-PS.jpg\",\"width\":1200,\"height\":1200,\"caption\":\"Duroc d'Olives pat\u00e9\"},{\"@type\":\"BreadcrumbList\",\"@id\":\"https:\\\/\\\/www.durocdolives.com\\\/nl-nl\\\/product\\\/pate\\\/#breadcrumb\",\"itemListElement\":[{\"@type\":\"ListItem\",\"position\":1,\"name\":\"Home\",\"item\":\"https:\\\/\\\/www.durocdolives.com\\\/nl\\\/\"},{\"@type\":\"ListItem\",\"position\":2,\"name\":\"Webshop\",\"item\":\"https:\\\/\\\/www.durocdolives.com\\\/nl-nl\\\/webshop\\\/\"},{\"@type\":\"ListItem\",\"position\":3,\"name\":\"Pat\u00e9\"}]},{\"@type\":\"WebSite\",\"@id\":\"https:\\\/\\\/www.durocdolives.com\\\/nl\\\/#website\",\"url\":\"https:\\\/\\\/www.durocdolives.com\\\/nl\\\/\",\"name\":\"Duroc d&#039;Olives\",\"description\":\"Heerlijk, kwalitatief varkensvlees\",\"publisher\":{\"@id\":\"https:\\\/\\\/www.durocdolives.com\\\/nl\\\/#organization\"},\"potentialAction\":[{\"@type\":\"SearchAction\",\"target\":{\"@type\":\"EntryPoint\",\"urlTemplate\":\"https:\\\/\\\/www.durocdolives.com\\\/nl\\\/?s={search_term_string}\"},\"query-input\":{\"@type\":\"PropertyValueSpecification\",\"valueRequired\":true,\"valueName\":\"search_term_string\"}}],\"inLanguage\":\"nl-BE\"},{\"@type\":\"Organization\",\"@id\":\"https:\\\/\\\/www.durocdolives.com\\\/nl\\\/#organization\",\"name\":\"durocdolives\",\"url\":\"https:\\\/\\\/www.durocdolives.com\\\/nl\\\/\",\"logo\":{\"@type\":\"ImageObject\",\"inLanguage\":\"nl-BE\",\"@id\":\"https:\\\/\\\/www.durocdolives.com\\\/nl\\\/#\\\/schema\\\/logo\\\/image\\\/\",\"url\":\"https:\\\/\\\/www.durocdolives.com\\\/wp-content\\\/uploads\\\/2020\\\/10\\\/logo.svg\",\"contentUrl\":\"https:\\\/\\\/www.durocdolives.com\\\/wp-content\\\/uploads\\\/2020\\\/10\\\/logo.svg\",\"width\":122,\"height\":122,\"caption\":\"durocdolives\"},\"image\":{\"@id\":\"https:\\\/\\\/www.durocdolives.com\\\/nl\\\/#\\\/schema\\\/logo\\\/image\\\/\"}}]}<\/script>\n<!-- \/ Yoast SEO plugin. -->","yoast_head_json":{"title":"Pat\u00e9 - Duroc d&#039;Olives","robots":{"index":"index","follow":"follow","max-snippet":"max-snippet:-1","max-image-preview":"max-image-preview:large","max-video-preview":"max-video-preview:-1"},"canonical":"https:\/\/www.durocdolives.com\/nl-nl\/product\/pate\/","og_locale":"nl_BE","og_type":"article","og_title":"Pat\u00e9 - Duroc d&#039;Olives","og_description":"Onze eigen pat\u00e9 volgens een traditioneel recept. Deze boerenpastei met grove korrel bevat lever, vlees en vet van Duroc d\u2019Olives varkens. Dit ras heeft meer intramusculair vet, wat het vlees smakelijker, sappiger en malser maakt. Een zeer grote troef voor onze pat\u00e9makers, want hoe fijner de ingredi\u00ebnten, hoe heerlijker het eindresultaat! De donkere tint van dit hoogwaardige varkensvlees geeft de pat\u00e9 een mooiere kleur en een stevige, authentieke smaak.  Prijs is incl. schaal.","og_url":"https:\/\/www.durocdolives.com\/nl-nl\/product\/pate\/","og_site_name":"Duroc d&#039;Olives","article_modified_time":"2023-06-13T09:04:05+00:00","og_image":[{"width":1200,"height":1200,"url":"https:\/\/www.durocdolives.com\/wp-content\/uploads\/2021\/01\/Pate-PS.jpg","type":"image\/jpeg"}],"twitter_card":"summary_large_image","schema":{"@context":"https:\/\/schema.org","@graph":[{"@type":"WebPage","@id":"https:\/\/www.durocdolives.com\/nl-nl\/product\/pate\/","url":"https:\/\/www.durocdolives.com\/nl-nl\/product\/pate\/","name":"Pat\u00e9 - Duroc d&#039;Olives","isPartOf":{"@id":"https:\/\/www.durocdolives.com\/nl\/#website"},"primaryImageOfPage":{"@id":"https:\/\/www.durocdolives.com\/nl-nl\/product\/pate\/#primaryimage"},"image":{"@id":"https:\/\/www.durocdolives.com\/nl-nl\/product\/pate\/#primaryimage"},"thumbnailUrl":"https:\/\/www.durocdolives.com\/wp-content\/uploads\/2021\/01\/Pate-PS.jpg","datePublished":"2020-12-02T08:39:19+00:00","dateModified":"2023-06-13T09:04:05+00:00","breadcrumb":{"@id":"https:\/\/www.durocdolives.com\/nl-nl\/product\/pate\/#breadcrumb"},"inLanguage":"nl-BE","potentialAction":[{"@type":"ReadAction","target":["https:\/\/www.durocdolives.com\/nl-nl\/product\/pate\/"]}]},{"@type":"ImageObject","inLanguage":"nl-BE","@id":"https:\/\/www.durocdolives.com\/nl-nl\/product\/pate\/#primaryimage","url":"https:\/\/www.durocdolives.com\/wp-content\/uploads\/2021\/01\/Pate-PS.jpg","contentUrl":"https:\/\/www.durocdolives.com\/wp-content\/uploads\/2021\/01\/Pate-PS.jpg","width":1200,"height":1200,"caption":"Duroc d'Olives pat\u00e9"},{"@type":"BreadcrumbList","@id":"https:\/\/www.durocdolives.com\/nl-nl\/product\/pate\/#breadcrumb","itemListElement":[{"@type":"ListItem","position":1,"name":"Home","item":"https:\/\/www.durocdolives.com\/nl\/"},{"@type":"ListItem","position":2,"name":"Webshop","item":"https:\/\/www.durocdolives.com\/nl-nl\/webshop\/"},{"@type":"ListItem","position":3,"name":"Pat\u00e9"}]},{"@type":"WebSite","@id":"https:\/\/www.durocdolives.com\/nl\/#website","url":"https:\/\/www.durocdolives.com\/nl\/","name":"Duroc d&#039;Olives","description":"Heerlijk, kwalitatief varkensvlees","publisher":{"@id":"https:\/\/www.durocdolives.com\/nl\/#organization"},"potentialAction":[{"@type":"SearchAction","target":{"@type":"EntryPoint","urlTemplate":"https:\/\/www.durocdolives.com\/nl\/?s={search_term_string}"},"query-input":{"@type":"PropertyValueSpecification","valueRequired":true,"valueName":"search_term_string"}}],"inLanguage":"nl-BE"},{"@type":"Organization","@id":"https:\/\/www.durocdolives.com\/nl\/#organization","name":"durocdolives","url":"https:\/\/www.durocdolives.com\/nl\/","logo":{"@type":"ImageObject","inLanguage":"nl-BE","@id":"https:\/\/www.durocdolives.com\/nl\/#\/schema\/logo\/image\/","url":"https:\/\/www.durocdolives.com\/wp-content\/uploads\/2020\/10\/logo.svg","contentUrl":"https:\/\/www.durocdolives.com\/wp-content\/uploads\/2020\/10\/logo.svg","width":122,"height":122,"caption":"durocdolives"},"image":{"@id":"https:\/\/www.durocdolives.com\/nl\/#\/schema\/logo\/image\/"}}]}},"_links":{"self":[{"href":"https:\/\/www.durocdolives.com\/nl-nl\/wp-json\/wp\/v2\/product\/10386","targetHints":{"allow":["GET"]}}],"collection":[{"href":"https:\/\/www.durocdolives.com\/nl-nl\/wp-json\/wp\/v2\/product"}],"about":[{"href":"https:\/\/www.durocdolives.com\/nl-nl\/wp-json\/wp\/v2\/types\/product"}],"wp:featuredmedia":[{"embeddable":true,"href":"https:\/\/www.durocdolives.com\/nl-nl\/wp-json\/wp\/v2\/media\/10388"}],"wp:attachment":[{"href":"https:\/\/www.durocdolives.com\/nl-nl\/wp-json\/wp\/v2\/media?parent=10386"}],"wp:term":[{"taxonomy":"product_brand","embeddable":true,"href":"https:\/\/www.durocdolives.com\/nl-nl\/wp-json\/wp\/v2\/product_brand?post=10386"},{"taxonomy":"product_cat","embeddable":true,"href":"https:\/\/www.durocdolives.com\/nl-nl\/wp-json\/wp\/v2\/product_cat?post=10386"},{"taxonomy":"product_tag","embeddable":true,"href":"https:\/\/www.durocdolives.com\/nl-nl\/wp-json\/wp\/v2\/product_tag?post=10386"}],"curies":[{"name":"wp","href":"https:\/\/api.w.org\/{rel}","templated":true}]}}