{"id":19996,"date":"2024-02-16T15:12:35","date_gmt":"2024-02-16T15:12:35","guid":{"rendered":"https:\/\/www.durocdolives.com\/?post_type=product&#038;p=19996"},"modified":"2024-06-27T15:03:30","modified_gmt":"2024-06-27T15:03:30","slug":"ribs-st-louis-en-cuisson-lente","status":"publish","type":"product","link":"https:\/\/www.durocdolives.com\/fr\/produit\/ribs-st-louis-en-cuisson-lente\/","title":{"rendered":"Ribs St. Louis en cuisson lente"},"content":{"rendered":"","protected":false},"excerpt":{"rendered":"<p>Ribs St. Louis, un produit dont la renomm\u00e9e ne cesse de cro\u00eetre. D\u00e9coup\u00e9s dans le ventre du porc, ces travers de porc \u00e0 cuisson lente ont \u00e9t\u00e9 d\u00e9barrass\u00e9s de leur cartilage. R\u00e9sultat? Une belle rang\u00e9e de travers de porc, parfaitement rectangulaire et de bonne \u00e9paisseur, pour une pr\u00e9sentation \u00e9l\u00e9gante et soign\u00e9e.<br \/>\nLa cuisson lente sous vide permet non seulement de pr\u00e9server tous les nutriments, mais \u00e9galement de faire p\u00e9n\u00e9trer les \u00e9pices d\u00e9licates en profondeur dans la viande pour un effet puissant d\u2019exhausteur de go\u00fbt !<\/p>\n<p>Au gril ou au four, ces travers de porc offriront une saveur in\u00e9gal\u00e9e. Nous pouvons donc garantir un v\u00e9ritable r\u00e9gal aux amateurs de viande juteuse et savoureuse !<\/p>\n","protected":false},"featured_media":19970,"template":"","meta":{"_acf_changed":false,"inline_featured_image":false},"product_brand":[],"product_cat":[138],"product_tag":[372,364],"class_list":{"0":"post-19996","1":"product","2":"type-product","3":"status-publish","4":"has-post-thumbnail","6":"product_cat-charcuterie-fr","7":"product_tag-bbq-fr","8":"product_tag-tapas-fr","10":"first","11":"instock","12":"taxable","13":"shipping-taxable","14":"purchasable","15":"product-type-simple"},"acf":[],"yoast_head":"<!-- This site is optimized with the Yoast SEO plugin v27.4 - https:\/\/yoast.com\/product\/yoast-seo-wordpress\/ -->\n<title>Ribs St. Louis en cuisson lente - Duroc d&#039;Olives<\/title>\n<meta name=\"description\" content=\"Un vrai coup de go\u00fbt et une pr\u00e9sentation unique dans l&#039;assiette !\" \/>\n<meta name=\"robots\" content=\"index, follow, max-snippet:-1, max-image-preview:large, max-video-preview:-1\" \/>\n<link rel=\"canonical\" href=\"https:\/\/www.durocdolives.com\/fr\/produit\/ribs-st-louis-en-cuisson-lente\/\" \/>\n<meta property=\"og:locale\" content=\"fr_FR\" \/>\n<meta property=\"og:type\" content=\"article\" \/>\n<meta property=\"og:title\" content=\"Ribs St. Louis en cuisson lente - Duroc d&#039;Olives\" \/>\n<meta property=\"og:description\" content=\"Un vrai coup de go\u00fbt et une pr\u00e9sentation unique dans l&#039;assiette !\" \/>\n<meta property=\"og:url\" content=\"https:\/\/www.durocdolives.com\/fr\/produit\/ribs-st-louis-en-cuisson-lente\/\" \/>\n<meta property=\"og:site_name\" content=\"Duroc d&#039;Olives\" \/>\n<meta property=\"article:modified_time\" content=\"2024-06-27T15:03:30+00:00\" \/>\n<meta property=\"og:image\" content=\"https:\/\/www.durocdolives.com\/wp-content\/uploads\/2024\/02\/traag-gegaarde-st-louis-ribben-product-visual.jpg\" \/>\n\t<meta property=\"og:image:width\" content=\"800\" \/>\n\t<meta property=\"og:image:height\" content=\"800\" \/>\n\t<meta property=\"og:image:type\" content=\"image\/jpeg\" \/>\n<meta name=\"twitter:card\" content=\"summary_large_image\" \/>\n<script type=\"application\/ld+json\" class=\"yoast-schema-graph\">{\"@context\":\"https:\\\/\\\/schema.org\",\"@graph\":[{\"@type\":\"WebPage\",\"@id\":\"https:\\\/\\\/www.durocdolives.com\\\/fr\\\/produit\\\/ribs-st-louis-en-cuisson-lente\\\/\",\"url\":\"https:\\\/\\\/www.durocdolives.com\\\/fr\\\/produit\\\/ribs-st-louis-en-cuisson-lente\\\/\",\"name\":\"Ribs St. Louis en cuisson lente - Duroc d&#039;Olives\",\"isPartOf\":{\"@id\":\"https:\\\/\\\/www.durocdolives.com\\\/nl\\\/#website\"},\"primaryImageOfPage\":{\"@id\":\"https:\\\/\\\/www.durocdolives.com\\\/fr\\\/produit\\\/ribs-st-louis-en-cuisson-lente\\\/#primaryimage\"},\"image\":{\"@id\":\"https:\\\/\\\/www.durocdolives.com\\\/fr\\\/produit\\\/ribs-st-louis-en-cuisson-lente\\\/#primaryimage\"},\"thumbnailUrl\":\"https:\\\/\\\/www.durocdolives.com\\\/wp-content\\\/uploads\\\/2024\\\/02\\\/traag-gegaarde-st-louis-ribben-product-visual.jpg\",\"datePublished\":\"2024-02-16T15:12:35+00:00\",\"dateModified\":\"2024-06-27T15:03:30+00:00\",\"description\":\"Un vrai coup de go\u00fbt et une pr\u00e9sentation unique dans l'assiette !\",\"breadcrumb\":{\"@id\":\"https:\\\/\\\/www.durocdolives.com\\\/fr\\\/produit\\\/ribs-st-louis-en-cuisson-lente\\\/#breadcrumb\"},\"inLanguage\":\"fr-FR\",\"potentialAction\":[{\"@type\":\"ReadAction\",\"target\":[\"https:\\\/\\\/www.durocdolives.com\\\/fr\\\/produit\\\/ribs-st-louis-en-cuisson-lente\\\/\"]}]},{\"@type\":\"ImageObject\",\"inLanguage\":\"fr-FR\",\"@id\":\"https:\\\/\\\/www.durocdolives.com\\\/fr\\\/produit\\\/ribs-st-louis-en-cuisson-lente\\\/#primaryimage\",\"url\":\"https:\\\/\\\/www.durocdolives.com\\\/wp-content\\\/uploads\\\/2024\\\/02\\\/traag-gegaarde-st-louis-ribben-product-visual.jpg\",\"contentUrl\":\"https:\\\/\\\/www.durocdolives.com\\\/wp-content\\\/uploads\\\/2024\\\/02\\\/traag-gegaarde-st-louis-ribben-product-visual.jpg\",\"width\":800,\"height\":800,\"caption\":\"Traag gegaarde St. Louis ribben\"},{\"@type\":\"BreadcrumbList\",\"@id\":\"https:\\\/\\\/www.durocdolives.com\\\/fr\\\/produit\\\/ribs-st-louis-en-cuisson-lente\\\/#breadcrumb\",\"itemListElement\":[{\"@type\":\"ListItem\",\"position\":1,\"name\":\"Home\",\"item\":\"https:\\\/\\\/www.durocdolives.com\\\/nl\\\/\"},{\"@type\":\"ListItem\",\"position\":2,\"name\":\"Boutique en ligne\",\"item\":\"https:\\\/\\\/www.durocdolives.com\\\/fr\\\/boutique-en-ligne\\\/\"},{\"@type\":\"ListItem\",\"position\":3,\"name\":\"Ribs St. Louis en cuisson lente\"}]},{\"@type\":\"WebSite\",\"@id\":\"https:\\\/\\\/www.durocdolives.com\\\/nl\\\/#website\",\"url\":\"https:\\\/\\\/www.durocdolives.com\\\/nl\\\/\",\"name\":\"Duroc d&#039;Olives\",\"description\":\"Heerlijk, kwalitatief varkensvlees\",\"publisher\":{\"@id\":\"https:\\\/\\\/www.durocdolives.com\\\/nl\\\/#organization\"},\"potentialAction\":[{\"@type\":\"SearchAction\",\"target\":{\"@type\":\"EntryPoint\",\"urlTemplate\":\"https:\\\/\\\/www.durocdolives.com\\\/nl\\\/?s={search_term_string}\"},\"query-input\":{\"@type\":\"PropertyValueSpecification\",\"valueRequired\":true,\"valueName\":\"search_term_string\"}}],\"inLanguage\":\"fr-FR\"},{\"@type\":\"Organization\",\"@id\":\"https:\\\/\\\/www.durocdolives.com\\\/nl\\\/#organization\",\"name\":\"durocdolives\",\"url\":\"https:\\\/\\\/www.durocdolives.com\\\/nl\\\/\",\"logo\":{\"@type\":\"ImageObject\",\"inLanguage\":\"fr-FR\",\"@id\":\"https:\\\/\\\/www.durocdolives.com\\\/nl\\\/#\\\/schema\\\/logo\\\/image\\\/\",\"url\":\"https:\\\/\\\/www.durocdolives.com\\\/wp-content\\\/uploads\\\/2020\\\/10\\\/logo.svg\",\"contentUrl\":\"https:\\\/\\\/www.durocdolives.com\\\/wp-content\\\/uploads\\\/2020\\\/10\\\/logo.svg\",\"width\":122,\"height\":122,\"caption\":\"durocdolives\"},\"image\":{\"@id\":\"https:\\\/\\\/www.durocdolives.com\\\/nl\\\/#\\\/schema\\\/logo\\\/image\\\/\"}}]}<\/script>\n<!-- \/ Yoast SEO plugin. -->","yoast_head_json":{"title":"Ribs St. Louis en cuisson lente - Duroc d&#039;Olives","description":"Un vrai coup de go\u00fbt et une pr\u00e9sentation unique dans l'assiette !","robots":{"index":"index","follow":"follow","max-snippet":"max-snippet:-1","max-image-preview":"max-image-preview:large","max-video-preview":"max-video-preview:-1"},"canonical":"https:\/\/www.durocdolives.com\/fr\/produit\/ribs-st-louis-en-cuisson-lente\/","og_locale":"fr_FR","og_type":"article","og_title":"Ribs St. Louis en cuisson lente - Duroc d&#039;Olives","og_description":"Un vrai coup de go\u00fbt et une pr\u00e9sentation unique dans l'assiette !","og_url":"https:\/\/www.durocdolives.com\/fr\/produit\/ribs-st-louis-en-cuisson-lente\/","og_site_name":"Duroc d&#039;Olives","article_modified_time":"2024-06-27T15:03:30+00:00","og_image":[{"width":800,"height":800,"url":"https:\/\/www.durocdolives.com\/wp-content\/uploads\/2024\/02\/traag-gegaarde-st-louis-ribben-product-visual.jpg","type":"image\/jpeg"}],"twitter_card":"summary_large_image","schema":{"@context":"https:\/\/schema.org","@graph":[{"@type":"WebPage","@id":"https:\/\/www.durocdolives.com\/fr\/produit\/ribs-st-louis-en-cuisson-lente\/","url":"https:\/\/www.durocdolives.com\/fr\/produit\/ribs-st-louis-en-cuisson-lente\/","name":"Ribs St. Louis en cuisson lente - Duroc d&#039;Olives","isPartOf":{"@id":"https:\/\/www.durocdolives.com\/nl\/#website"},"primaryImageOfPage":{"@id":"https:\/\/www.durocdolives.com\/fr\/produit\/ribs-st-louis-en-cuisson-lente\/#primaryimage"},"image":{"@id":"https:\/\/www.durocdolives.com\/fr\/produit\/ribs-st-louis-en-cuisson-lente\/#primaryimage"},"thumbnailUrl":"https:\/\/www.durocdolives.com\/wp-content\/uploads\/2024\/02\/traag-gegaarde-st-louis-ribben-product-visual.jpg","datePublished":"2024-02-16T15:12:35+00:00","dateModified":"2024-06-27T15:03:30+00:00","description":"Un vrai coup de go\u00fbt et une pr\u00e9sentation unique dans l'assiette !","breadcrumb":{"@id":"https:\/\/www.durocdolives.com\/fr\/produit\/ribs-st-louis-en-cuisson-lente\/#breadcrumb"},"inLanguage":"fr-FR","potentialAction":[{"@type":"ReadAction","target":["https:\/\/www.durocdolives.com\/fr\/produit\/ribs-st-louis-en-cuisson-lente\/"]}]},{"@type":"ImageObject","inLanguage":"fr-FR","@id":"https:\/\/www.durocdolives.com\/fr\/produit\/ribs-st-louis-en-cuisson-lente\/#primaryimage","url":"https:\/\/www.durocdolives.com\/wp-content\/uploads\/2024\/02\/traag-gegaarde-st-louis-ribben-product-visual.jpg","contentUrl":"https:\/\/www.durocdolives.com\/wp-content\/uploads\/2024\/02\/traag-gegaarde-st-louis-ribben-product-visual.jpg","width":800,"height":800,"caption":"Traag gegaarde St. Louis ribben"},{"@type":"BreadcrumbList","@id":"https:\/\/www.durocdolives.com\/fr\/produit\/ribs-st-louis-en-cuisson-lente\/#breadcrumb","itemListElement":[{"@type":"ListItem","position":1,"name":"Home","item":"https:\/\/www.durocdolives.com\/nl\/"},{"@type":"ListItem","position":2,"name":"Boutique en ligne","item":"https:\/\/www.durocdolives.com\/fr\/boutique-en-ligne\/"},{"@type":"ListItem","position":3,"name":"Ribs St. Louis en cuisson lente"}]},{"@type":"WebSite","@id":"https:\/\/www.durocdolives.com\/nl\/#website","url":"https:\/\/www.durocdolives.com\/nl\/","name":"Duroc d&#039;Olives","description":"Heerlijk, kwalitatief varkensvlees","publisher":{"@id":"https:\/\/www.durocdolives.com\/nl\/#organization"},"potentialAction":[{"@type":"SearchAction","target":{"@type":"EntryPoint","urlTemplate":"https:\/\/www.durocdolives.com\/nl\/?s={search_term_string}"},"query-input":{"@type":"PropertyValueSpecification","valueRequired":true,"valueName":"search_term_string"}}],"inLanguage":"fr-FR"},{"@type":"Organization","@id":"https:\/\/www.durocdolives.com\/nl\/#organization","name":"durocdolives","url":"https:\/\/www.durocdolives.com\/nl\/","logo":{"@type":"ImageObject","inLanguage":"fr-FR","@id":"https:\/\/www.durocdolives.com\/nl\/#\/schema\/logo\/image\/","url":"https:\/\/www.durocdolives.com\/wp-content\/uploads\/2020\/10\/logo.svg","contentUrl":"https:\/\/www.durocdolives.com\/wp-content\/uploads\/2020\/10\/logo.svg","width":122,"height":122,"caption":"durocdolives"},"image":{"@id":"https:\/\/www.durocdolives.com\/nl\/#\/schema\/logo\/image\/"}}]}},"_links":{"self":[{"href":"https:\/\/www.durocdolives.com\/fr\/wp-json\/wp\/v2\/product\/19996","targetHints":{"allow":["GET"]}}],"collection":[{"href":"https:\/\/www.durocdolives.com\/fr\/wp-json\/wp\/v2\/product"}],"about":[{"href":"https:\/\/www.durocdolives.com\/fr\/wp-json\/wp\/v2\/types\/product"}],"wp:featuredmedia":[{"embeddable":true,"href":"https:\/\/www.durocdolives.com\/fr\/wp-json\/wp\/v2\/media\/19970"}],"wp:attachment":[{"href":"https:\/\/www.durocdolives.com\/fr\/wp-json\/wp\/v2\/media?parent=19996"}],"wp:term":[{"taxonomy":"product_brand","embeddable":true,"href":"https:\/\/www.durocdolives.com\/fr\/wp-json\/wp\/v2\/product_brand?post=19996"},{"taxonomy":"product_cat","embeddable":true,"href":"https:\/\/www.durocdolives.com\/fr\/wp-json\/wp\/v2\/product_cat?post=19996"},{"taxonomy":"product_tag","embeddable":true,"href":"https:\/\/www.durocdolives.com\/fr\/wp-json\/wp\/v2\/product_tag?post=19996"}],"curies":[{"name":"wp","href":"https:\/\/api.w.org\/{rel}","templated":true}]}}