{"id":19431,"date":"2023-10-24T11:00:40","date_gmt":"2023-10-24T11:00:40","guid":{"rendered":"https:\/\/www.durocdolives.com\/?post_type=product&#038;p=19431"},"modified":"2024-10-09T05:09:20","modified_gmt":"2024-10-09T05:09:20","slug":"lomo-en-cuisson-lente","status":"publish","type":"product","link":"https:\/\/www.durocdolives.com\/fr\/produit\/lomo-en-cuisson-lente\/","title":{"rendered":"Lomo en cuisson lente"},"content":{"rendered":"","protected":false},"excerpt":{"rendered":"<p>Le lomo est l\u2019une des parties les plus maigres du porc. L\u00e9g\u00e8rement sal\u00e9 et entour\u00e9 d\u2019une fine couche de graisse, ce filet est consid\u00e9r\u00e9 comme le plus juteux. La cuisson lente et le m\u00e9lange d\u2019\u00e9pices apporte un go\u00fbt particuli\u00e8rement fin et savoureux.<\/p>\n","protected":false},"featured_media":19577,"template":"","meta":{"_acf_changed":false,"inline_featured_image":false},"product_brand":[],"product_cat":[138],"product_tag":[364],"class_list":{"0":"post-19431","1":"product","2":"type-product","3":"status-publish","4":"has-post-thumbnail","6":"product_cat-charcuterie-fr","7":"product_tag-tapas-fr","9":"first","10":"instock","11":"taxable","12":"shipping-taxable","13":"purchasable","14":"product-type-simple"},"acf":[],"yoast_head":"<!-- This site is optimized with the Yoast SEO plugin v27.4 - https:\/\/yoast.com\/product\/yoast-seo-wordpress\/ -->\n<title>Lomo en cuisson lente - Duroc d&#039;Olives<\/title>\n<meta name=\"robots\" content=\"index, follow, max-snippet:-1, max-image-preview:large, max-video-preview:-1\" \/>\n<link rel=\"canonical\" href=\"https:\/\/www.durocdolives.com\/fr\/produit\/lomo-en-cuisson-lente\/\" \/>\n<meta property=\"og:locale\" content=\"fr_FR\" \/>\n<meta property=\"og:type\" content=\"article\" \/>\n<meta property=\"og:title\" content=\"Lomo en cuisson lente - Duroc d&#039;Olives\" \/>\n<meta property=\"og:description\" content=\"Le lomo est l\u2019une des parties les plus maigres du porc. L\u00e9g\u00e8rement sal\u00e9 et entour\u00e9 d\u2019une fine couche de graisse, ce filet est consid\u00e9r\u00e9 comme le plus juteux. La cuisson lente et le m\u00e9lange d\u2019\u00e9pices apporte un go\u00fbt particuli\u00e8rement fin et savoureux.\" \/>\n<meta property=\"og:url\" content=\"https:\/\/www.durocdolives.com\/fr\/produit\/lomo-en-cuisson-lente\/\" \/>\n<meta property=\"og:site_name\" content=\"Duroc d&#039;Olives\" \/>\n<meta property=\"article:modified_time\" content=\"2024-10-09T05:09:20+00:00\" \/>\n<meta property=\"og:image\" content=\"https:\/\/www.durocdolives.com\/wp-content\/uploads\/2023\/10\/gegaarde-lomo-productfoto.jpg\" \/>\n\t<meta property=\"og:image:width\" content=\"1200\" \/>\n\t<meta property=\"og:image:height\" content=\"1200\" \/>\n\t<meta property=\"og:image:type\" content=\"image\/jpeg\" \/>\n<meta name=\"twitter:card\" content=\"summary_large_image\" \/>\n<script type=\"application\/ld+json\" class=\"yoast-schema-graph\">{\"@context\":\"https:\\\/\\\/schema.org\",\"@graph\":[{\"@type\":\"WebPage\",\"@id\":\"https:\\\/\\\/www.durocdolives.com\\\/fr\\\/produit\\\/lomo-en-cuisson-lente\\\/\",\"url\":\"https:\\\/\\\/www.durocdolives.com\\\/fr\\\/produit\\\/lomo-en-cuisson-lente\\\/\",\"name\":\"Lomo en cuisson lente - Duroc d&#039;Olives\",\"isPartOf\":{\"@id\":\"https:\\\/\\\/www.durocdolives.com\\\/nl\\\/#website\"},\"primaryImageOfPage\":{\"@id\":\"https:\\\/\\\/www.durocdolives.com\\\/fr\\\/produit\\\/lomo-en-cuisson-lente\\\/#primaryimage\"},\"image\":{\"@id\":\"https:\\\/\\\/www.durocdolives.com\\\/fr\\\/produit\\\/lomo-en-cuisson-lente\\\/#primaryimage\"},\"thumbnailUrl\":\"https:\\\/\\\/www.durocdolives.com\\\/wp-content\\\/uploads\\\/2023\\\/10\\\/gegaarde-lomo-productfoto.jpg\",\"datePublished\":\"2023-10-24T11:00:40+00:00\",\"dateModified\":\"2024-10-09T05:09:20+00:00\",\"breadcrumb\":{\"@id\":\"https:\\\/\\\/www.durocdolives.com\\\/fr\\\/produit\\\/lomo-en-cuisson-lente\\\/#breadcrumb\"},\"inLanguage\":\"fr-FR\",\"potentialAction\":[{\"@type\":\"ReadAction\",\"target\":[\"https:\\\/\\\/www.durocdolives.com\\\/fr\\\/produit\\\/lomo-en-cuisson-lente\\\/\"]}]},{\"@type\":\"ImageObject\",\"inLanguage\":\"fr-FR\",\"@id\":\"https:\\\/\\\/www.durocdolives.com\\\/fr\\\/produit\\\/lomo-en-cuisson-lente\\\/#primaryimage\",\"url\":\"https:\\\/\\\/www.durocdolives.com\\\/wp-content\\\/uploads\\\/2023\\\/10\\\/gegaarde-lomo-productfoto.jpg\",\"contentUrl\":\"https:\\\/\\\/www.durocdolives.com\\\/wp-content\\\/uploads\\\/2023\\\/10\\\/gegaarde-lomo-productfoto.jpg\",\"width\":1200,\"height\":1200},{\"@type\":\"BreadcrumbList\",\"@id\":\"https:\\\/\\\/www.durocdolives.com\\\/fr\\\/produit\\\/lomo-en-cuisson-lente\\\/#breadcrumb\",\"itemListElement\":[{\"@type\":\"ListItem\",\"position\":1,\"name\":\"Home\",\"item\":\"https:\\\/\\\/www.durocdolives.com\\\/nl\\\/\"},{\"@type\":\"ListItem\",\"position\":2,\"name\":\"Boutique en ligne\",\"item\":\"https:\\\/\\\/www.durocdolives.com\\\/fr\\\/boutique-en-ligne\\\/\"},{\"@type\":\"ListItem\",\"position\":3,\"name\":\"Lomo en cuisson lente\"}]},{\"@type\":\"WebSite\",\"@id\":\"https:\\\/\\\/www.durocdolives.com\\\/nl\\\/#website\",\"url\":\"https:\\\/\\\/www.durocdolives.com\\\/nl\\\/\",\"name\":\"Duroc d&#039;Olives\",\"description\":\"Heerlijk, kwalitatief varkensvlees\",\"publisher\":{\"@id\":\"https:\\\/\\\/www.durocdolives.com\\\/nl\\\/#organization\"},\"potentialAction\":[{\"@type\":\"SearchAction\",\"target\":{\"@type\":\"EntryPoint\",\"urlTemplate\":\"https:\\\/\\\/www.durocdolives.com\\\/nl\\\/?s={search_term_string}\"},\"query-input\":{\"@type\":\"PropertyValueSpecification\",\"valueRequired\":true,\"valueName\":\"search_term_string\"}}],\"inLanguage\":\"fr-FR\"},{\"@type\":\"Organization\",\"@id\":\"https:\\\/\\\/www.durocdolives.com\\\/nl\\\/#organization\",\"name\":\"durocdolives\",\"url\":\"https:\\\/\\\/www.durocdolives.com\\\/nl\\\/\",\"logo\":{\"@type\":\"ImageObject\",\"inLanguage\":\"fr-FR\",\"@id\":\"https:\\\/\\\/www.durocdolives.com\\\/nl\\\/#\\\/schema\\\/logo\\\/image\\\/\",\"url\":\"https:\\\/\\\/www.durocdolives.com\\\/wp-content\\\/uploads\\\/2020\\\/10\\\/logo.svg\",\"contentUrl\":\"https:\\\/\\\/www.durocdolives.com\\\/wp-content\\\/uploads\\\/2020\\\/10\\\/logo.svg\",\"width\":122,\"height\":122,\"caption\":\"durocdolives\"},\"image\":{\"@id\":\"https:\\\/\\\/www.durocdolives.com\\\/nl\\\/#\\\/schema\\\/logo\\\/image\\\/\"}}]}<\/script>\n<!-- \/ Yoast SEO plugin. -->","yoast_head_json":{"title":"Lomo en cuisson lente - Duroc d&#039;Olives","robots":{"index":"index","follow":"follow","max-snippet":"max-snippet:-1","max-image-preview":"max-image-preview:large","max-video-preview":"max-video-preview:-1"},"canonical":"https:\/\/www.durocdolives.com\/fr\/produit\/lomo-en-cuisson-lente\/","og_locale":"fr_FR","og_type":"article","og_title":"Lomo en cuisson lente - Duroc d&#039;Olives","og_description":"Le lomo est l\u2019une des parties les plus maigres du porc. L\u00e9g\u00e8rement sal\u00e9 et entour\u00e9 d\u2019une fine couche de graisse, ce filet est consid\u00e9r\u00e9 comme le plus juteux. La cuisson lente et le m\u00e9lange d\u2019\u00e9pices apporte un go\u00fbt particuli\u00e8rement fin et savoureux.","og_url":"https:\/\/www.durocdolives.com\/fr\/produit\/lomo-en-cuisson-lente\/","og_site_name":"Duroc d&#039;Olives","article_modified_time":"2024-10-09T05:09:20+00:00","og_image":[{"width":1200,"height":1200,"url":"https:\/\/www.durocdolives.com\/wp-content\/uploads\/2023\/10\/gegaarde-lomo-productfoto.jpg","type":"image\/jpeg"}],"twitter_card":"summary_large_image","schema":{"@context":"https:\/\/schema.org","@graph":[{"@type":"WebPage","@id":"https:\/\/www.durocdolives.com\/fr\/produit\/lomo-en-cuisson-lente\/","url":"https:\/\/www.durocdolives.com\/fr\/produit\/lomo-en-cuisson-lente\/","name":"Lomo en cuisson lente - Duroc d&#039;Olives","isPartOf":{"@id":"https:\/\/www.durocdolives.com\/nl\/#website"},"primaryImageOfPage":{"@id":"https:\/\/www.durocdolives.com\/fr\/produit\/lomo-en-cuisson-lente\/#primaryimage"},"image":{"@id":"https:\/\/www.durocdolives.com\/fr\/produit\/lomo-en-cuisson-lente\/#primaryimage"},"thumbnailUrl":"https:\/\/www.durocdolives.com\/wp-content\/uploads\/2023\/10\/gegaarde-lomo-productfoto.jpg","datePublished":"2023-10-24T11:00:40+00:00","dateModified":"2024-10-09T05:09:20+00:00","breadcrumb":{"@id":"https:\/\/www.durocdolives.com\/fr\/produit\/lomo-en-cuisson-lente\/#breadcrumb"},"inLanguage":"fr-FR","potentialAction":[{"@type":"ReadAction","target":["https:\/\/www.durocdolives.com\/fr\/produit\/lomo-en-cuisson-lente\/"]}]},{"@type":"ImageObject","inLanguage":"fr-FR","@id":"https:\/\/www.durocdolives.com\/fr\/produit\/lomo-en-cuisson-lente\/#primaryimage","url":"https:\/\/www.durocdolives.com\/wp-content\/uploads\/2023\/10\/gegaarde-lomo-productfoto.jpg","contentUrl":"https:\/\/www.durocdolives.com\/wp-content\/uploads\/2023\/10\/gegaarde-lomo-productfoto.jpg","width":1200,"height":1200},{"@type":"BreadcrumbList","@id":"https:\/\/www.durocdolives.com\/fr\/produit\/lomo-en-cuisson-lente\/#breadcrumb","itemListElement":[{"@type":"ListItem","position":1,"name":"Home","item":"https:\/\/www.durocdolives.com\/nl\/"},{"@type":"ListItem","position":2,"name":"Boutique en ligne","item":"https:\/\/www.durocdolives.com\/fr\/boutique-en-ligne\/"},{"@type":"ListItem","position":3,"name":"Lomo en cuisson lente"}]},{"@type":"WebSite","@id":"https:\/\/www.durocdolives.com\/nl\/#website","url":"https:\/\/www.durocdolives.com\/nl\/","name":"Duroc d&#039;Olives","description":"Heerlijk, kwalitatief varkensvlees","publisher":{"@id":"https:\/\/www.durocdolives.com\/nl\/#organization"},"potentialAction":[{"@type":"SearchAction","target":{"@type":"EntryPoint","urlTemplate":"https:\/\/www.durocdolives.com\/nl\/?s={search_term_string}"},"query-input":{"@type":"PropertyValueSpecification","valueRequired":true,"valueName":"search_term_string"}}],"inLanguage":"fr-FR"},{"@type":"Organization","@id":"https:\/\/www.durocdolives.com\/nl\/#organization","name":"durocdolives","url":"https:\/\/www.durocdolives.com\/nl\/","logo":{"@type":"ImageObject","inLanguage":"fr-FR","@id":"https:\/\/www.durocdolives.com\/nl\/#\/schema\/logo\/image\/","url":"https:\/\/www.durocdolives.com\/wp-content\/uploads\/2020\/10\/logo.svg","contentUrl":"https:\/\/www.durocdolives.com\/wp-content\/uploads\/2020\/10\/logo.svg","width":122,"height":122,"caption":"durocdolives"},"image":{"@id":"https:\/\/www.durocdolives.com\/nl\/#\/schema\/logo\/image\/"}}]}},"_links":{"self":[{"href":"https:\/\/www.durocdolives.com\/fr\/wp-json\/wp\/v2\/product\/19431","targetHints":{"allow":["GET"]}}],"collection":[{"href":"https:\/\/www.durocdolives.com\/fr\/wp-json\/wp\/v2\/product"}],"about":[{"href":"https:\/\/www.durocdolives.com\/fr\/wp-json\/wp\/v2\/types\/product"}],"wp:featuredmedia":[{"embeddable":true,"href":"https:\/\/www.durocdolives.com\/fr\/wp-json\/wp\/v2\/media\/19577"}],"wp:attachment":[{"href":"https:\/\/www.durocdolives.com\/fr\/wp-json\/wp\/v2\/media?parent=19431"}],"wp:term":[{"taxonomy":"product_brand","embeddable":true,"href":"https:\/\/www.durocdolives.com\/fr\/wp-json\/wp\/v2\/product_brand?post=19431"},{"taxonomy":"product_cat","embeddable":true,"href":"https:\/\/www.durocdolives.com\/fr\/wp-json\/wp\/v2\/product_cat?post=19431"},{"taxonomy":"product_tag","embeddable":true,"href":"https:\/\/www.durocdolives.com\/fr\/wp-json\/wp\/v2\/product_tag?post=19431"}],"curies":[{"name":"wp","href":"https:\/\/api.w.org\/{rel}","templated":true}]}}