{"id":16726,"date":"2022-11-08T09:33:15","date_gmt":"2022-11-08T09:38:33","guid":{"rendered":"https:\/\/www.durocdolives.com\/?post_type=product&#038;p=16726"},"modified":"2023-10-28T12:03:20","modified_gmt":"2023-10-28T12:03:20","slug":"le-cochon-de-noel","status":"publish","type":"product","link":"https:\/\/www.durocdolives.com\/fr\/produit\/le-cochon-de-noel\/","title":{"rendered":"Le cochon de No\u00ebl"},"content":{"rendered":"<p>Le cochon de No\u00ebl ou cochon de lait, comme on l&rsquo;appelle parfois, est un mets sp\u00e9cial dans de nombreux pays de nos jours. Cette pi\u00e8ce unique de charcuterie est un bel accroche-regard dans votre commerce pendant la p\u00e9riode des f\u00eates. Nous commen\u00e7ons le processus en d\u00e9sossant le porc. Il est important qu&rsquo;il n&rsquo;y ait pas de coupures dans la couenne car le porcelet est utilis\u00e9 comme bras de farce. Apr\u00e8s avoir \u00e9t\u00e9 d\u00e9soss\u00e9, le porcelet est attach\u00e9 et marin\u00e9. Apr\u00e8s le saumurage, nous farcissons le porcelet de No\u00ebl avec un d\u00e9licieux p\u00e2t\u00e9. Le p\u00e2t\u00e9 est compos\u00e9 d&rsquo;une farce de saucisse de Parry finie \u00e0 la truffe. Une fois sortis de l&rsquo;\u00e9tuve, nous les terminons avec une belle d\u00e9coration de No\u00ebl.<\/p>\n<p><em>Pour votre information : dans la semaine 49, tous les porcelets sevr\u00e9s seront livr\u00e9s professionnellement par camion r\u00e9frig\u00e9r\u00e9. La planche sera factur\u00e9e en suppl\u00e9ment sur la facture pour un montant de 20 \u20ac. Au retour de la planche, vous recevrez un cr\u00e9dit d&rsquo;une valeur de 20 \u20ac.<\/em><\/p>\n","protected":false},"excerpt":{"rendered":"<p>Le cochon de No\u00ebl farci, comme on l&rsquo;appelle parfois, est un mets sp\u00e9cial dans de nombreux pays de nos jours. Cette pi\u00e8ce unique de charcuterie est un bel accroche-regard dans votre commerce pendant la p\u00e9riode des f\u00eates. Nous commen\u00e7ons le processus en d\u00e9sossant le porc. Il est important qu&rsquo;il n&rsquo;y ait pas de coupures dans la couenne car une farce est introduite dans le porcelet.<br \/>\nApr\u00e8s avoir \u00e9t\u00e9 d\u00e9soss\u00e9, le porcelet est attach\u00e9 et marin\u00e9. Apr\u00e8s le saumurage, nous remplissons le porcelet de No\u00ebl d&rsquo;un d\u00e9licieux p\u00e2t\u00e9. Le p\u00e2t\u00e9 est compos\u00e9 d&rsquo;une farce de saucisse de Parry finie avec de la truffe et des pistaches. Une fois sortis de l&rsquo;\u00e9tuve, nous les terminons avec une belle d\u00e9coration de No\u00ebl. Vous pouvez facilement d\u00e9couper le porcelet en fines tranches comme tapas ou sur un sandwich.<\/p>\n<p><em>Pour votre information : dans la semaine 49, tous les porcelets sevr\u00e9s seront livr\u00e9s professionnellement par camion r\u00e9frig\u00e9r\u00e9. La planche sera factur\u00e9e en suppl\u00e9ment sur la facture pour un montant de 20 \u20ac. Au retour de la planche, vous recevrez un cr\u00e9dit d&rsquo;une valeur de 20 \u20ac.<\/em><\/p>\n","protected":false},"featured_media":16710,"template":"","meta":{"_acf_changed":false,"inline_featured_image":false},"product_brand":[],"product_cat":[138],"product_tag":[],"class_list":{"0":"post-16726","1":"product","2":"type-product","3":"status-publish","4":"has-post-thumbnail","6":"product_cat-charcuterie-fr","8":"first","9":"instock","10":"taxable","11":"shipping-taxable","12":"purchasable","13":"product-type-simple"},"acf":[],"yoast_head":"<!-- This site is optimized with the Yoast SEO plugin v25.0 - https:\/\/yoast.com\/wordpress\/plugins\/seo\/ -->\n<title>Le cochon de No\u00ebl - Duroc d&#039;Olives<\/title>\n<meta name=\"robots\" content=\"index, follow, max-snippet:-1, max-image-preview:large, max-video-preview:-1\" \/>\n<link rel=\"canonical\" href=\"https:\/\/www.durocdolives.com\/fr\/produit\/le-cochon-de-noel\/\" \/>\n<meta property=\"og:locale\" content=\"fr_FR\" \/>\n<meta property=\"og:type\" content=\"article\" \/>\n<meta property=\"og:title\" content=\"Le cochon de No\u00ebl - Duroc d&#039;Olives\" \/>\n<meta property=\"og:description\" content=\"Le cochon de No\u00ebl farci, comme on l&#039;appelle parfois, est un mets sp\u00e9cial dans de nombreux pays de nos jours. Cette pi\u00e8ce unique de charcuterie est un bel accroche-regard dans votre commerce pendant la p\u00e9riode des f\u00eates. Nous commen\u00e7ons le processus en d\u00e9sossant le porc. Il est important qu&#039;il n&#039;y ait pas de coupures dans la couenne car une farce est introduite dans le porcelet. Apr\u00e8s avoir \u00e9t\u00e9 d\u00e9soss\u00e9, le porcelet est attach\u00e9 et marin\u00e9. Apr\u00e8s le saumurage, nous remplissons le porcelet de No\u00ebl d&#039;un d\u00e9licieux p\u00e2t\u00e9. Le p\u00e2t\u00e9 est compos\u00e9 d&#039;une farce de saucisse de Parry finie avec de la truffe et des pistaches. Une fois sortis de l&#039;\u00e9tuve, nous les terminons avec une belle d\u00e9coration de No\u00ebl. Vous pouvez facilement d\u00e9couper le porcelet en fines tranches comme tapas ou sur un sandwich.  Pour votre information : dans la semaine 49, tous les porcelets sevr\u00e9s seront livr\u00e9s professionnellement par camion r\u00e9frig\u00e9r\u00e9. La planche sera factur\u00e9e en suppl\u00e9ment sur la facture pour un montant de 20 \u20ac. Au retour de la planche, vous recevrez un cr\u00e9dit d&#039;une valeur de 20 \u20ac.\" \/>\n<meta property=\"og:url\" content=\"https:\/\/www.durocdolives.com\/fr\/produit\/le-cochon-de-noel\/\" \/>\n<meta property=\"og:site_name\" content=\"Duroc d&#039;Olives\" \/>\n<meta property=\"article:modified_time\" content=\"2023-10-28T12:03:20+00:00\" \/>\n<meta property=\"og:image\" content=\"https:\/\/www.durocdolives.com\/wp-content\/uploads\/2022\/10\/Speenvarken.jpg\" \/>\n\t<meta property=\"og:image:width\" content=\"1363\" \/>\n\t<meta property=\"og:image:height\" content=\"1363\" \/>\n\t<meta property=\"og:image:type\" content=\"image\/jpeg\" \/>\n<meta name=\"twitter:card\" content=\"summary_large_image\" \/>\n<meta name=\"twitter:label1\" content=\"Dur\u00e9e de lecture estim\u00e9e\" \/>\n\t<meta name=\"twitter:data1\" content=\"1 minute\" \/>\n<script type=\"application\/ld+json\" class=\"yoast-schema-graph\">{\"@context\":\"https:\/\/schema.org\",\"@graph\":[{\"@type\":\"WebPage\",\"@id\":\"https:\/\/www.durocdolives.com\/fr\/produit\/le-cochon-de-noel\/\",\"url\":\"https:\/\/www.durocdolives.com\/fr\/produit\/le-cochon-de-noel\/\",\"name\":\"Le cochon de No\u00ebl - Duroc d&#039;Olives\",\"isPartOf\":{\"@id\":\"https:\/\/www.durocdolives.com\/nl\/#website\"},\"primaryImageOfPage\":{\"@id\":\"https:\/\/www.durocdolives.com\/fr\/produit\/le-cochon-de-noel\/#primaryimage\"},\"image\":{\"@id\":\"https:\/\/www.durocdolives.com\/fr\/produit\/le-cochon-de-noel\/#primaryimage\"},\"thumbnailUrl\":\"https:\/\/www.durocdolives.com\/wp-content\/uploads\/2022\/10\/Speenvarken.jpg\",\"datePublished\":\"2022-11-08T09:38:33+00:00\",\"dateModified\":\"2023-10-28T12:03:20+00:00\",\"breadcrumb\":{\"@id\":\"https:\/\/www.durocdolives.com\/fr\/produit\/le-cochon-de-noel\/#breadcrumb\"},\"inLanguage\":\"fr-FR\",\"potentialAction\":[{\"@type\":\"ReadAction\",\"target\":[\"https:\/\/www.durocdolives.com\/fr\/produit\/le-cochon-de-noel\/\"]}]},{\"@type\":\"ImageObject\",\"inLanguage\":\"fr-FR\",\"@id\":\"https:\/\/www.durocdolives.com\/fr\/produit\/le-cochon-de-noel\/#primaryimage\",\"url\":\"https:\/\/www.durocdolives.com\/wp-content\/uploads\/2022\/10\/Speenvarken.jpg\",\"contentUrl\":\"https:\/\/www.durocdolives.com\/wp-content\/uploads\/2022\/10\/Speenvarken.jpg\",\"width\":1363,\"height\":1363},{\"@type\":\"BreadcrumbList\",\"@id\":\"https:\/\/www.durocdolives.com\/fr\/produit\/le-cochon-de-noel\/#breadcrumb\",\"itemListElement\":[{\"@type\":\"ListItem\",\"position\":1,\"name\":\"Home\",\"item\":\"https:\/\/www.durocdolives.com\/nl\/\"},{\"@type\":\"ListItem\",\"position\":2,\"name\":\"Boutique en ligne\",\"item\":\"https:\/\/www.durocdolives.com\/fr\/boutique-en-ligne\/\"},{\"@type\":\"ListItem\",\"position\":3,\"name\":\"Le cochon de No\u00ebl\"}]},{\"@type\":\"WebSite\",\"@id\":\"https:\/\/www.durocdolives.com\/nl\/#website\",\"url\":\"https:\/\/www.durocdolives.com\/nl\/\",\"name\":\"Duroc d&#039;Olives\",\"description\":\"Heerlijk, kwalitatief varkensvlees\",\"publisher\":{\"@id\":\"https:\/\/www.durocdolives.com\/nl\/#organization\"},\"potentialAction\":[{\"@type\":\"SearchAction\",\"target\":{\"@type\":\"EntryPoint\",\"urlTemplate\":\"https:\/\/www.durocdolives.com\/nl\/?s={search_term_string}\"},\"query-input\":{\"@type\":\"PropertyValueSpecification\",\"valueRequired\":true,\"valueName\":\"search_term_string\"}}],\"inLanguage\":\"fr-FR\"},{\"@type\":\"Organization\",\"@id\":\"https:\/\/www.durocdolives.com\/nl\/#organization\",\"name\":\"durocdolives\",\"url\":\"https:\/\/www.durocdolives.com\/nl\/\",\"logo\":{\"@type\":\"ImageObject\",\"inLanguage\":\"fr-FR\",\"@id\":\"https:\/\/www.durocdolives.com\/nl\/#\/schema\/logo\/image\/\",\"url\":\"https:\/\/www.durocdolives.com\/wp-content\/uploads\/2020\/10\/logo.svg\",\"contentUrl\":\"https:\/\/www.durocdolives.com\/wp-content\/uploads\/2020\/10\/logo.svg\",\"width\":122,\"height\":122,\"caption\":\"durocdolives\"},\"image\":{\"@id\":\"https:\/\/www.durocdolives.com\/nl\/#\/schema\/logo\/image\/\"}}]}<\/script>\n<!-- \/ Yoast SEO plugin. -->","yoast_head_json":{"title":"Le cochon de No\u00ebl - Duroc d&#039;Olives","robots":{"index":"index","follow":"follow","max-snippet":"max-snippet:-1","max-image-preview":"max-image-preview:large","max-video-preview":"max-video-preview:-1"},"canonical":"https:\/\/www.durocdolives.com\/fr\/produit\/le-cochon-de-noel\/","og_locale":"fr_FR","og_type":"article","og_title":"Le cochon de No\u00ebl - Duroc d&#039;Olives","og_description":"Le cochon de No\u00ebl farci, comme on l'appelle parfois, est un mets sp\u00e9cial dans de nombreux pays de nos jours. Cette pi\u00e8ce unique de charcuterie est un bel accroche-regard dans votre commerce pendant la p\u00e9riode des f\u00eates. Nous commen\u00e7ons le processus en d\u00e9sossant le porc. Il est important qu'il n'y ait pas de coupures dans la couenne car une farce est introduite dans le porcelet. Apr\u00e8s avoir \u00e9t\u00e9 d\u00e9soss\u00e9, le porcelet est attach\u00e9 et marin\u00e9. Apr\u00e8s le saumurage, nous remplissons le porcelet de No\u00ebl d'un d\u00e9licieux p\u00e2t\u00e9. Le p\u00e2t\u00e9 est compos\u00e9 d'une farce de saucisse de Parry finie avec de la truffe et des pistaches. Une fois sortis de l'\u00e9tuve, nous les terminons avec une belle d\u00e9coration de No\u00ebl. Vous pouvez facilement d\u00e9couper le porcelet en fines tranches comme tapas ou sur un sandwich.  Pour votre information : dans la semaine 49, tous les porcelets sevr\u00e9s seront livr\u00e9s professionnellement par camion r\u00e9frig\u00e9r\u00e9. La planche sera factur\u00e9e en suppl\u00e9ment sur la facture pour un montant de 20 \u20ac. Au retour de la planche, vous recevrez un cr\u00e9dit d'une valeur de 20 \u20ac.","og_url":"https:\/\/www.durocdolives.com\/fr\/produit\/le-cochon-de-noel\/","og_site_name":"Duroc d&#039;Olives","article_modified_time":"2023-10-28T12:03:20+00:00","og_image":[{"width":1363,"height":1363,"url":"https:\/\/www.durocdolives.com\/wp-content\/uploads\/2022\/10\/Speenvarken.jpg","type":"image\/jpeg"}],"twitter_card":"summary_large_image","twitter_misc":{"Dur\u00e9e de lecture estim\u00e9e":"1 minute"},"schema":{"@context":"https:\/\/schema.org","@graph":[{"@type":"WebPage","@id":"https:\/\/www.durocdolives.com\/fr\/produit\/le-cochon-de-noel\/","url":"https:\/\/www.durocdolives.com\/fr\/produit\/le-cochon-de-noel\/","name":"Le cochon de No\u00ebl - Duroc d&#039;Olives","isPartOf":{"@id":"https:\/\/www.durocdolives.com\/nl\/#website"},"primaryImageOfPage":{"@id":"https:\/\/www.durocdolives.com\/fr\/produit\/le-cochon-de-noel\/#primaryimage"},"image":{"@id":"https:\/\/www.durocdolives.com\/fr\/produit\/le-cochon-de-noel\/#primaryimage"},"thumbnailUrl":"https:\/\/www.durocdolives.com\/wp-content\/uploads\/2022\/10\/Speenvarken.jpg","datePublished":"2022-11-08T09:38:33+00:00","dateModified":"2023-10-28T12:03:20+00:00","breadcrumb":{"@id":"https:\/\/www.durocdolives.com\/fr\/produit\/le-cochon-de-noel\/#breadcrumb"},"inLanguage":"fr-FR","potentialAction":[{"@type":"ReadAction","target":["https:\/\/www.durocdolives.com\/fr\/produit\/le-cochon-de-noel\/"]}]},{"@type":"ImageObject","inLanguage":"fr-FR","@id":"https:\/\/www.durocdolives.com\/fr\/produit\/le-cochon-de-noel\/#primaryimage","url":"https:\/\/www.durocdolives.com\/wp-content\/uploads\/2022\/10\/Speenvarken.jpg","contentUrl":"https:\/\/www.durocdolives.com\/wp-content\/uploads\/2022\/10\/Speenvarken.jpg","width":1363,"height":1363},{"@type":"BreadcrumbList","@id":"https:\/\/www.durocdolives.com\/fr\/produit\/le-cochon-de-noel\/#breadcrumb","itemListElement":[{"@type":"ListItem","position":1,"name":"Home","item":"https:\/\/www.durocdolives.com\/nl\/"},{"@type":"ListItem","position":2,"name":"Boutique en ligne","item":"https:\/\/www.durocdolives.com\/fr\/boutique-en-ligne\/"},{"@type":"ListItem","position":3,"name":"Le cochon de No\u00ebl"}]},{"@type":"WebSite","@id":"https:\/\/www.durocdolives.com\/nl\/#website","url":"https:\/\/www.durocdolives.com\/nl\/","name":"Duroc d&#039;Olives","description":"Heerlijk, kwalitatief varkensvlees","publisher":{"@id":"https:\/\/www.durocdolives.com\/nl\/#organization"},"potentialAction":[{"@type":"SearchAction","target":{"@type":"EntryPoint","urlTemplate":"https:\/\/www.durocdolives.com\/nl\/?s={search_term_string}"},"query-input":{"@type":"PropertyValueSpecification","valueRequired":true,"valueName":"search_term_string"}}],"inLanguage":"fr-FR"},{"@type":"Organization","@id":"https:\/\/www.durocdolives.com\/nl\/#organization","name":"durocdolives","url":"https:\/\/www.durocdolives.com\/nl\/","logo":{"@type":"ImageObject","inLanguage":"fr-FR","@id":"https:\/\/www.durocdolives.com\/nl\/#\/schema\/logo\/image\/","url":"https:\/\/www.durocdolives.com\/wp-content\/uploads\/2020\/10\/logo.svg","contentUrl":"https:\/\/www.durocdolives.com\/wp-content\/uploads\/2020\/10\/logo.svg","width":122,"height":122,"caption":"durocdolives"},"image":{"@id":"https:\/\/www.durocdolives.com\/nl\/#\/schema\/logo\/image\/"}}]}},"_links":{"self":[{"href":"https:\/\/www.durocdolives.com\/fr\/wp-json\/wp\/v2\/product\/16726","targetHints":{"allow":["GET"]}}],"collection":[{"href":"https:\/\/www.durocdolives.com\/fr\/wp-json\/wp\/v2\/product"}],"about":[{"href":"https:\/\/www.durocdolives.com\/fr\/wp-json\/wp\/v2\/types\/product"}],"wp:featuredmedia":[{"embeddable":true,"href":"https:\/\/www.durocdolives.com\/fr\/wp-json\/wp\/v2\/media\/16710"}],"wp:attachment":[{"href":"https:\/\/www.durocdolives.com\/fr\/wp-json\/wp\/v2\/media?parent=16726"}],"wp:term":[{"taxonomy":"product_brand","embeddable":true,"href":"https:\/\/www.durocdolives.com\/fr\/wp-json\/wp\/v2\/product_brand?post=16726"},{"taxonomy":"product_cat","embeddable":true,"href":"https:\/\/www.durocdolives.com\/fr\/wp-json\/wp\/v2\/product_cat?post=16726"},{"taxonomy":"product_tag","embeddable":true,"href":"https:\/\/www.durocdolives.com\/fr\/wp-json\/wp\/v2\/product_tag?post=16726"}],"curies":[{"name":"wp","href":"https:\/\/api.w.org\/{rel}","templated":true}]}}