{"id":16192,"date":"2021-11-10T11:15:44","date_gmt":"2021-11-18T07:50:58","guid":{"rendered":"https:\/\/www.durocdolives.com\/product\/croquettes-de-prosciutto\/"},"modified":"2023-08-09T16:10:46","modified_gmt":"2023-08-09T16:10:46","slug":"croquettes-de-prosciutto","status":"publish","type":"product","link":"https:\/\/www.durocdolives.com\/fr\/produit\/croquettes-de-prosciutto\/","title":{"rendered":"Croquettes de prosciutto"},"content":{"rendered":"","protected":false},"excerpt":{"rendered":"<p><span class=\"TextRun SCXW262210721 BCX0\" lang=\"FR-FR\" xml:lang=\"FR-FR\" data-contrast=\"none\"><span class=\"NormalTextRun SCXW262210721 BCX0\">Pour ces fines croquettes au d\u00e9licieux jambon s\u00e9ch\u00e9\u00a0<\/span><span class=\"NormalTextRun SCXW262210721 BCX0\">prosciutto<\/span><span class=\"NormalTextRun SCXW262210721 BCX0\">\u00a0<\/span><span class=\"SpellingError SCXW262210721 BCX0\">crudo<\/span><span class=\"NormalTextRun SCXW262210721 BCX0\">\u00a0de Duroc d&rsquo;Olives, nous pr\u00e9parons d\u2019abord un savoureux rago\u00fbt, cuit dans un intense bouillon de viande\u202f\u00e0 base de lait entier et d\u2019herbes fra\u00eeches. Nous ajoutons des tomates s\u00e9ch\u00e9es, des asperges vertes, un zeste et du jus de citron, du paprika et des olives. Pour obtenir des croquettes bien croustillantes, nous employons du\u00a0<\/span><span class=\"SpellingError SCXW262210721 BCX0\">panko<\/span><span class=\"NormalTextRun SCXW262210721 BCX0\">\u00a0et de la chapelure rouge. Servez les croquettes onctueuses et savoureuses \u00e0 l&rsquo;ap\u00e9ritif, comme en-cas ou pour rendre votre repas encore plus festif. Un vrai r\u00e9gal !<\/span><\/span><span class=\"EOP SCXW262210721 BCX0\" data-ccp-props=\"{}\">\u00a0<\/span><\/p>\n","protected":false},"featured_media":14158,"template":"","meta":{"_acf_changed":false,"inline_featured_image":false},"product_brand":[],"product_cat":[138],"product_tag":[],"class_list":{"0":"post-16192","1":"product","2":"type-product","3":"status-publish","4":"has-post-thumbnail","6":"product_cat-charcuterie-fr","8":"first","9":"instock","10":"taxable","11":"shipping-taxable","12":"purchasable","13":"product-type-variable"},"acf":[],"yoast_head":"<!-- This site is optimized with the Yoast SEO plugin v25.0 - https:\/\/yoast.com\/wordpress\/plugins\/seo\/ -->\n<title>Croquettes de prosciutto - Duroc d&#039;Olives<\/title>\n<meta name=\"robots\" content=\"index, follow, max-snippet:-1, max-image-preview:large, max-video-preview:-1\" \/>\n<link rel=\"canonical\" href=\"https:\/\/www.durocdolives.com\/fr-be\/produit\/croquettes-de-prosciutto\/\" \/>\n<meta property=\"og:locale\" content=\"fr_FR\" \/>\n<meta property=\"og:type\" content=\"article\" \/>\n<meta property=\"og:title\" content=\"Croquettes de prosciutto - Duroc d&#039;Olives\" \/>\n<meta property=\"og:description\" content=\"Pour ces fines croquettes au d\u00e9licieux jambon s\u00e9ch\u00e9\u00a0prosciutto\u00a0crudo\u00a0de Duroc d&#039;Olives, nous pr\u00e9parons d\u2019abord un savoureux rago\u00fbt, cuit dans un intense bouillon de viande\u202f\u00e0 base de lait entier et d\u2019herbes fra\u00eeches. Nous ajoutons des tomates s\u00e9ch\u00e9es, des asperges vertes, un zeste et du jus de citron, du paprika et des olives. Pour obtenir des croquettes bien croustillantes, nous employons du\u00a0panko\u00a0et de la chapelure rouge. Servez les croquettes onctueuses et savoureuses \u00e0 l&#039;ap\u00e9ritif, comme en-cas ou pour rendre votre repas encore plus festif. Un vrai r\u00e9gal !\u00a0\" \/>\n<meta property=\"og:url\" content=\"https:\/\/www.durocdolives.com\/fr-be\/produit\/croquettes-de-prosciutto\/\" \/>\n<meta property=\"og:site_name\" content=\"Duroc d&#039;Olives\" \/>\n<meta property=\"article:modified_time\" content=\"2023-08-09T16:10:46+00:00\" \/>\n<meta property=\"og:image\" content=\"https:\/\/www.durocdolives.com\/wp-content\/uploads\/2021\/11\/Prosciuttokroketjes-PS.jpg\" \/>\n\t<meta property=\"og:image:width\" content=\"1200\" \/>\n\t<meta property=\"og:image:height\" content=\"1200\" \/>\n\t<meta property=\"og:image:type\" content=\"image\/jpeg\" \/>\n<meta name=\"twitter:card\" content=\"summary_large_image\" \/>\n<script type=\"application\/ld+json\" class=\"yoast-schema-graph\">{\"@context\":\"https:\/\/schema.org\",\"@graph\":[{\"@type\":\"WebPage\",\"@id\":\"https:\/\/www.durocdolives.com\/fr-be\/produit\/croquettes-de-prosciutto\/\",\"url\":\"https:\/\/www.durocdolives.com\/fr-be\/produit\/croquettes-de-prosciutto\/\",\"name\":\"Croquettes de prosciutto - Duroc d&#039;Olives\",\"isPartOf\":{\"@id\":\"https:\/\/www.durocdolives.com\/nl\/#website\"},\"primaryImageOfPage\":{\"@id\":\"https:\/\/www.durocdolives.com\/fr-be\/produit\/croquettes-de-prosciutto\/#primaryimage\"},\"image\":{\"@id\":\"https:\/\/www.durocdolives.com\/fr-be\/produit\/croquettes-de-prosciutto\/#primaryimage\"},\"thumbnailUrl\":\"https:\/\/www.durocdolives.com\/wp-content\/uploads\/2021\/11\/Prosciuttokroketjes-PS.jpg\",\"datePublished\":\"2021-11-18T07:50:58+00:00\",\"dateModified\":\"2023-08-09T16:10:46+00:00\",\"breadcrumb\":{\"@id\":\"https:\/\/www.durocdolives.com\/fr-be\/produit\/croquettes-de-prosciutto\/#breadcrumb\"},\"inLanguage\":\"fr-FR\",\"potentialAction\":[{\"@type\":\"ReadAction\",\"target\":[\"https:\/\/www.durocdolives.com\/fr-be\/produit\/croquettes-de-prosciutto\/\"]}]},{\"@type\":\"ImageObject\",\"inLanguage\":\"fr-FR\",\"@id\":\"https:\/\/www.durocdolives.com\/fr-be\/produit\/croquettes-de-prosciutto\/#primaryimage\",\"url\":\"https:\/\/www.durocdolives.com\/wp-content\/uploads\/2021\/11\/Prosciuttokroketjes-PS.jpg\",\"contentUrl\":\"https:\/\/www.durocdolives.com\/wp-content\/uploads\/2021\/11\/Prosciuttokroketjes-PS.jpg\",\"width\":1200,\"height\":1200,\"caption\":\"Duroc d'Olives prosciuttokroketjes\"},{\"@type\":\"BreadcrumbList\",\"@id\":\"https:\/\/www.durocdolives.com\/fr-be\/produit\/croquettes-de-prosciutto\/#breadcrumb\",\"itemListElement\":[{\"@type\":\"ListItem\",\"position\":1,\"name\":\"Home\",\"item\":\"https:\/\/www.durocdolives.com\/nl\/\"},{\"@type\":\"ListItem\",\"position\":2,\"name\":\"Boutique en ligne\",\"item\":\"https:\/\/www.durocdolives.com\/fr\/boutique-en-ligne\/\"},{\"@type\":\"ListItem\",\"position\":3,\"name\":\"Croquettes de prosciutto\"}]},{\"@type\":\"WebSite\",\"@id\":\"https:\/\/www.durocdolives.com\/nl\/#website\",\"url\":\"https:\/\/www.durocdolives.com\/nl\/\",\"name\":\"Duroc d&#039;Olives\",\"description\":\"Heerlijk, kwalitatief varkensvlees\",\"publisher\":{\"@id\":\"https:\/\/www.durocdolives.com\/nl\/#organization\"},\"potentialAction\":[{\"@type\":\"SearchAction\",\"target\":{\"@type\":\"EntryPoint\",\"urlTemplate\":\"https:\/\/www.durocdolives.com\/nl\/?s={search_term_string}\"},\"query-input\":{\"@type\":\"PropertyValueSpecification\",\"valueRequired\":true,\"valueName\":\"search_term_string\"}}],\"inLanguage\":\"fr-FR\"},{\"@type\":\"Organization\",\"@id\":\"https:\/\/www.durocdolives.com\/nl\/#organization\",\"name\":\"durocdolives\",\"url\":\"https:\/\/www.durocdolives.com\/nl\/\",\"logo\":{\"@type\":\"ImageObject\",\"inLanguage\":\"fr-FR\",\"@id\":\"https:\/\/www.durocdolives.com\/nl\/#\/schema\/logo\/image\/\",\"url\":\"https:\/\/www.durocdolives.com\/wp-content\/uploads\/2020\/10\/logo.svg\",\"contentUrl\":\"https:\/\/www.durocdolives.com\/wp-content\/uploads\/2020\/10\/logo.svg\",\"width\":122,\"height\":122,\"caption\":\"durocdolives\"},\"image\":{\"@id\":\"https:\/\/www.durocdolives.com\/nl\/#\/schema\/logo\/image\/\"}}]}<\/script>\n<!-- \/ Yoast SEO plugin. -->","yoast_head_json":{"title":"Croquettes de prosciutto - Duroc d&#039;Olives","robots":{"index":"index","follow":"follow","max-snippet":"max-snippet:-1","max-image-preview":"max-image-preview:large","max-video-preview":"max-video-preview:-1"},"canonical":"https:\/\/www.durocdolives.com\/fr-be\/produit\/croquettes-de-prosciutto\/","og_locale":"fr_FR","og_type":"article","og_title":"Croquettes de prosciutto - Duroc d&#039;Olives","og_description":"Pour ces fines croquettes au d\u00e9licieux jambon s\u00e9ch\u00e9\u00a0prosciutto\u00a0crudo\u00a0de Duroc d'Olives, nous pr\u00e9parons d\u2019abord un savoureux rago\u00fbt, cuit dans un intense bouillon de viande\u202f\u00e0 base de lait entier et d\u2019herbes fra\u00eeches. Nous ajoutons des tomates s\u00e9ch\u00e9es, des asperges vertes, un zeste et du jus de citron, du paprika et des olives. Pour obtenir des croquettes bien croustillantes, nous employons du\u00a0panko\u00a0et de la chapelure rouge. Servez les croquettes onctueuses et savoureuses \u00e0 l'ap\u00e9ritif, comme en-cas ou pour rendre votre repas encore plus festif. Un vrai r\u00e9gal !\u00a0","og_url":"https:\/\/www.durocdolives.com\/fr-be\/produit\/croquettes-de-prosciutto\/","og_site_name":"Duroc d&#039;Olives","article_modified_time":"2023-08-09T16:10:46+00:00","og_image":[{"width":1200,"height":1200,"url":"https:\/\/www.durocdolives.com\/wp-content\/uploads\/2021\/11\/Prosciuttokroketjes-PS.jpg","type":"image\/jpeg"}],"twitter_card":"summary_large_image","schema":{"@context":"https:\/\/schema.org","@graph":[{"@type":"WebPage","@id":"https:\/\/www.durocdolives.com\/fr-be\/produit\/croquettes-de-prosciutto\/","url":"https:\/\/www.durocdolives.com\/fr-be\/produit\/croquettes-de-prosciutto\/","name":"Croquettes de prosciutto - Duroc d&#039;Olives","isPartOf":{"@id":"https:\/\/www.durocdolives.com\/nl\/#website"},"primaryImageOfPage":{"@id":"https:\/\/www.durocdolives.com\/fr-be\/produit\/croquettes-de-prosciutto\/#primaryimage"},"image":{"@id":"https:\/\/www.durocdolives.com\/fr-be\/produit\/croquettes-de-prosciutto\/#primaryimage"},"thumbnailUrl":"https:\/\/www.durocdolives.com\/wp-content\/uploads\/2021\/11\/Prosciuttokroketjes-PS.jpg","datePublished":"2021-11-18T07:50:58+00:00","dateModified":"2023-08-09T16:10:46+00:00","breadcrumb":{"@id":"https:\/\/www.durocdolives.com\/fr-be\/produit\/croquettes-de-prosciutto\/#breadcrumb"},"inLanguage":"fr-FR","potentialAction":[{"@type":"ReadAction","target":["https:\/\/www.durocdolives.com\/fr-be\/produit\/croquettes-de-prosciutto\/"]}]},{"@type":"ImageObject","inLanguage":"fr-FR","@id":"https:\/\/www.durocdolives.com\/fr-be\/produit\/croquettes-de-prosciutto\/#primaryimage","url":"https:\/\/www.durocdolives.com\/wp-content\/uploads\/2021\/11\/Prosciuttokroketjes-PS.jpg","contentUrl":"https:\/\/www.durocdolives.com\/wp-content\/uploads\/2021\/11\/Prosciuttokroketjes-PS.jpg","width":1200,"height":1200,"caption":"Duroc d'Olives prosciuttokroketjes"},{"@type":"BreadcrumbList","@id":"https:\/\/www.durocdolives.com\/fr-be\/produit\/croquettes-de-prosciutto\/#breadcrumb","itemListElement":[{"@type":"ListItem","position":1,"name":"Home","item":"https:\/\/www.durocdolives.com\/nl\/"},{"@type":"ListItem","position":2,"name":"Boutique en ligne","item":"https:\/\/www.durocdolives.com\/fr\/boutique-en-ligne\/"},{"@type":"ListItem","position":3,"name":"Croquettes de prosciutto"}]},{"@type":"WebSite","@id":"https:\/\/www.durocdolives.com\/nl\/#website","url":"https:\/\/www.durocdolives.com\/nl\/","name":"Duroc d&#039;Olives","description":"Heerlijk, kwalitatief varkensvlees","publisher":{"@id":"https:\/\/www.durocdolives.com\/nl\/#organization"},"potentialAction":[{"@type":"SearchAction","target":{"@type":"EntryPoint","urlTemplate":"https:\/\/www.durocdolives.com\/nl\/?s={search_term_string}"},"query-input":{"@type":"PropertyValueSpecification","valueRequired":true,"valueName":"search_term_string"}}],"inLanguage":"fr-FR"},{"@type":"Organization","@id":"https:\/\/www.durocdolives.com\/nl\/#organization","name":"durocdolives","url":"https:\/\/www.durocdolives.com\/nl\/","logo":{"@type":"ImageObject","inLanguage":"fr-FR","@id":"https:\/\/www.durocdolives.com\/nl\/#\/schema\/logo\/image\/","url":"https:\/\/www.durocdolives.com\/wp-content\/uploads\/2020\/10\/logo.svg","contentUrl":"https:\/\/www.durocdolives.com\/wp-content\/uploads\/2020\/10\/logo.svg","width":122,"height":122,"caption":"durocdolives"},"image":{"@id":"https:\/\/www.durocdolives.com\/nl\/#\/schema\/logo\/image\/"}}]}},"_links":{"self":[{"href":"https:\/\/www.durocdolives.com\/fr\/wp-json\/wp\/v2\/product\/16192","targetHints":{"allow":["GET"]}}],"collection":[{"href":"https:\/\/www.durocdolives.com\/fr\/wp-json\/wp\/v2\/product"}],"about":[{"href":"https:\/\/www.durocdolives.com\/fr\/wp-json\/wp\/v2\/types\/product"}],"wp:featuredmedia":[{"embeddable":true,"href":"https:\/\/www.durocdolives.com\/fr\/wp-json\/wp\/v2\/media\/14158"}],"wp:attachment":[{"href":"https:\/\/www.durocdolives.com\/fr\/wp-json\/wp\/v2\/media?parent=16192"}],"wp:term":[{"taxonomy":"product_brand","embeddable":true,"href":"https:\/\/www.durocdolives.com\/fr\/wp-json\/wp\/v2\/product_brand?post=16192"},{"taxonomy":"product_cat","embeddable":true,"href":"https:\/\/www.durocdolives.com\/fr\/wp-json\/wp\/v2\/product_cat?post=16192"},{"taxonomy":"product_tag","embeddable":true,"href":"https:\/\/www.durocdolives.com\/fr\/wp-json\/wp\/v2\/product_tag?post=16192"}],"curies":[{"name":"wp","href":"https:\/\/api.w.org\/{rel}","templated":true}]}}