{"id":16190,"date":"2020-11-25T08:50:18","date_gmt":"2020-11-25T08:50:18","guid":{"rendered":"https:\/\/www.durocdolives.com\/product\/lard-sale\/"},"modified":"2024-10-09T05:47:05","modified_gmt":"2024-10-09T05:47:05","slug":"lard-sale","status":"publish","type":"product","link":"https:\/\/www.durocdolives.com\/fr\/produit\/lard-sale\/","title":{"rendered":"Lard sal\u00e9"},"content":{"rendered":"<p>Nous utilisons une m\u00e9thode authentique pour saler cette poitrine de porc dans laquelle le temps et la composition des \u00e9pices jouent un r\u00f4le cl\u00e9.<\/p>\n","protected":false},"excerpt":{"rendered":"<p>Les porcs Duroc pre\u0301sentent plus de graisse intramusculaire. C\u2019est un avantage supple\u0301mentaire qui contribue a\u0300 la saveur exceptionnelle de ce lard sale\u0301. Nous suivons une me\u0301thode de salage authentique, dans laquelle le temps et la composition du sel a\u0300 base d\u2019herbes jouent un ro\u0302le essentiel : beaucoup de temps et pas trop de sel. Nous laissons mu\u0302rir le bacon tranquillement pendant trois semaines, puis nous entamons le processus de se\u0301chage. Vous pourrez savourer de bout en bout cette de\u0301licieuse recette, re\u0301sultat de la patience et du savoir-faire.<\/p>\n","protected":false},"featured_media":11946,"template":"","meta":{"_acf_changed":false,"inline_featured_image":false},"product_brand":[],"product_cat":[138],"product_tag":[],"class_list":{"0":"post-16190","1":"product","2":"type-product","3":"status-publish","4":"has-post-thumbnail","6":"product_cat-charcuterie-fr","8":"first","9":"instock","10":"taxable","11":"shipping-taxable","12":"purchasable","13":"product-type-simple"},"acf":[],"yoast_head":"<!-- This site is optimized with the Yoast SEO plugin v27.4 - https:\/\/yoast.com\/product\/yoast-seo-wordpress\/ -->\n<title>Lard sal\u00e9 - Duroc d&#039;Olives<\/title>\n<meta name=\"robots\" content=\"index, follow, max-snippet:-1, max-image-preview:large, max-video-preview:-1\" \/>\n<link rel=\"canonical\" href=\"https:\/\/www.durocdolives.com\/fr\/produit\/lard-sale\/\" \/>\n<meta property=\"og:locale\" content=\"fr_FR\" \/>\n<meta property=\"og:type\" content=\"article\" \/>\n<meta property=\"og:title\" content=\"Lard sal\u00e9 - Duroc d&#039;Olives\" \/>\n<meta property=\"og:description\" content=\"Les porcs Duroc pre\u0301sentent plus de graisse intramusculaire. C\u2019est un avantage supple\u0301mentaire qui contribue a\u0300 la saveur exceptionnelle de ce lard sale\u0301. Nous suivons une me\u0301thode de salage authentique, dans laquelle le temps et la composition du sel a\u0300 base d\u2019herbes jouent un ro\u0302le essentiel : beaucoup de temps et pas trop de sel. Nous laissons mu\u0302rir le bacon tranquillement pendant trois semaines, puis nous entamons le processus de se\u0301chage. Vous pourrez savourer de bout en bout cette de\u0301licieuse recette, re\u0301sultat de la patience et du savoir-faire.\" \/>\n<meta property=\"og:url\" content=\"https:\/\/www.durocdolives.com\/fr\/produit\/lard-sale\/\" \/>\n<meta property=\"og:site_name\" content=\"Duroc d&#039;Olives\" \/>\n<meta property=\"article:modified_time\" content=\"2024-10-09T05:47:05+00:00\" \/>\n<meta property=\"og:image\" content=\"https:\/\/www.durocdolives.com\/wp-content\/uploads\/2020\/11\/gezouten-spek_RGB.jpg\" \/>\n\t<meta property=\"og:image:width\" content=\"1200\" \/>\n\t<meta property=\"og:image:height\" content=\"1200\" \/>\n\t<meta property=\"og:image:type\" content=\"image\/jpeg\" \/>\n<meta name=\"twitter:card\" content=\"summary_large_image\" \/>\n<script type=\"application\/ld+json\" class=\"yoast-schema-graph\">{\"@context\":\"https:\\\/\\\/schema.org\",\"@graph\":[{\"@type\":\"WebPage\",\"@id\":\"https:\\\/\\\/www.durocdolives.com\\\/fr\\\/produit\\\/lard-sale\\\/\",\"url\":\"https:\\\/\\\/www.durocdolives.com\\\/fr\\\/produit\\\/lard-sale\\\/\",\"name\":\"Lard sal\u00e9 - Duroc d&#039;Olives\",\"isPartOf\":{\"@id\":\"https:\\\/\\\/www.durocdolives.com\\\/nl\\\/#website\"},\"primaryImageOfPage\":{\"@id\":\"https:\\\/\\\/www.durocdolives.com\\\/fr\\\/produit\\\/lard-sale\\\/#primaryimage\"},\"image\":{\"@id\":\"https:\\\/\\\/www.durocdolives.com\\\/fr\\\/produit\\\/lard-sale\\\/#primaryimage\"},\"thumbnailUrl\":\"https:\\\/\\\/www.durocdolives.com\\\/wp-content\\\/uploads\\\/2020\\\/11\\\/gezouten-spek_RGB.jpg\",\"datePublished\":\"2020-11-25T08:50:18+00:00\",\"dateModified\":\"2024-10-09T05:47:05+00:00\",\"breadcrumb\":{\"@id\":\"https:\\\/\\\/www.durocdolives.com\\\/fr\\\/produit\\\/lard-sale\\\/#breadcrumb\"},\"inLanguage\":\"fr-FR\",\"potentialAction\":[{\"@type\":\"ReadAction\",\"target\":[\"https:\\\/\\\/www.durocdolives.com\\\/fr\\\/produit\\\/lard-sale\\\/\"]}]},{\"@type\":\"ImageObject\",\"inLanguage\":\"fr-FR\",\"@id\":\"https:\\\/\\\/www.durocdolives.com\\\/fr\\\/produit\\\/lard-sale\\\/#primaryimage\",\"url\":\"https:\\\/\\\/www.durocdolives.com\\\/wp-content\\\/uploads\\\/2020\\\/11\\\/gezouten-spek_RGB.jpg\",\"contentUrl\":\"https:\\\/\\\/www.durocdolives.com\\\/wp-content\\\/uploads\\\/2020\\\/11\\\/gezouten-spek_RGB.jpg\",\"width\":1200,\"height\":1200},{\"@type\":\"BreadcrumbList\",\"@id\":\"https:\\\/\\\/www.durocdolives.com\\\/fr\\\/produit\\\/lard-sale\\\/#breadcrumb\",\"itemListElement\":[{\"@type\":\"ListItem\",\"position\":1,\"name\":\"Home\",\"item\":\"https:\\\/\\\/www.durocdolives.com\\\/nl\\\/\"},{\"@type\":\"ListItem\",\"position\":2,\"name\":\"Boutique en ligne\",\"item\":\"https:\\\/\\\/www.durocdolives.com\\\/fr\\\/boutique-en-ligne\\\/\"},{\"@type\":\"ListItem\",\"position\":3,\"name\":\"Lard sal\u00e9\"}]},{\"@type\":\"WebSite\",\"@id\":\"https:\\\/\\\/www.durocdolives.com\\\/nl\\\/#website\",\"url\":\"https:\\\/\\\/www.durocdolives.com\\\/nl\\\/\",\"name\":\"Duroc d&#039;Olives\",\"description\":\"Heerlijk, kwalitatief varkensvlees\",\"publisher\":{\"@id\":\"https:\\\/\\\/www.durocdolives.com\\\/nl\\\/#organization\"},\"potentialAction\":[{\"@type\":\"SearchAction\",\"target\":{\"@type\":\"EntryPoint\",\"urlTemplate\":\"https:\\\/\\\/www.durocdolives.com\\\/nl\\\/?s={search_term_string}\"},\"query-input\":{\"@type\":\"PropertyValueSpecification\",\"valueRequired\":true,\"valueName\":\"search_term_string\"}}],\"inLanguage\":\"fr-FR\"},{\"@type\":\"Organization\",\"@id\":\"https:\\\/\\\/www.durocdolives.com\\\/nl\\\/#organization\",\"name\":\"durocdolives\",\"url\":\"https:\\\/\\\/www.durocdolives.com\\\/nl\\\/\",\"logo\":{\"@type\":\"ImageObject\",\"inLanguage\":\"fr-FR\",\"@id\":\"https:\\\/\\\/www.durocdolives.com\\\/nl\\\/#\\\/schema\\\/logo\\\/image\\\/\",\"url\":\"https:\\\/\\\/www.durocdolives.com\\\/wp-content\\\/uploads\\\/2020\\\/10\\\/logo.svg\",\"contentUrl\":\"https:\\\/\\\/www.durocdolives.com\\\/wp-content\\\/uploads\\\/2020\\\/10\\\/logo.svg\",\"width\":122,\"height\":122,\"caption\":\"durocdolives\"},\"image\":{\"@id\":\"https:\\\/\\\/www.durocdolives.com\\\/nl\\\/#\\\/schema\\\/logo\\\/image\\\/\"}}]}<\/script>\n<!-- \/ Yoast SEO plugin. -->","yoast_head_json":{"title":"Lard sal\u00e9 - Duroc d&#039;Olives","robots":{"index":"index","follow":"follow","max-snippet":"max-snippet:-1","max-image-preview":"max-image-preview:large","max-video-preview":"max-video-preview:-1"},"canonical":"https:\/\/www.durocdolives.com\/fr\/produit\/lard-sale\/","og_locale":"fr_FR","og_type":"article","og_title":"Lard sal\u00e9 - Duroc d&#039;Olives","og_description":"Les porcs Duroc pre\u0301sentent plus de graisse intramusculaire. C\u2019est un avantage supple\u0301mentaire qui contribue a\u0300 la saveur exceptionnelle de ce lard sale\u0301. Nous suivons une me\u0301thode de salage authentique, dans laquelle le temps et la composition du sel a\u0300 base d\u2019herbes jouent un ro\u0302le essentiel : beaucoup de temps et pas trop de sel. Nous laissons mu\u0302rir le bacon tranquillement pendant trois semaines, puis nous entamons le processus de se\u0301chage. Vous pourrez savourer de bout en bout cette de\u0301licieuse recette, re\u0301sultat de la patience et du savoir-faire.","og_url":"https:\/\/www.durocdolives.com\/fr\/produit\/lard-sale\/","og_site_name":"Duroc d&#039;Olives","article_modified_time":"2024-10-09T05:47:05+00:00","og_image":[{"width":1200,"height":1200,"url":"https:\/\/www.durocdolives.com\/wp-content\/uploads\/2020\/11\/gezouten-spek_RGB.jpg","type":"image\/jpeg"}],"twitter_card":"summary_large_image","schema":{"@context":"https:\/\/schema.org","@graph":[{"@type":"WebPage","@id":"https:\/\/www.durocdolives.com\/fr\/produit\/lard-sale\/","url":"https:\/\/www.durocdolives.com\/fr\/produit\/lard-sale\/","name":"Lard sal\u00e9 - Duroc d&#039;Olives","isPartOf":{"@id":"https:\/\/www.durocdolives.com\/nl\/#website"},"primaryImageOfPage":{"@id":"https:\/\/www.durocdolives.com\/fr\/produit\/lard-sale\/#primaryimage"},"image":{"@id":"https:\/\/www.durocdolives.com\/fr\/produit\/lard-sale\/#primaryimage"},"thumbnailUrl":"https:\/\/www.durocdolives.com\/wp-content\/uploads\/2020\/11\/gezouten-spek_RGB.jpg","datePublished":"2020-11-25T08:50:18+00:00","dateModified":"2024-10-09T05:47:05+00:00","breadcrumb":{"@id":"https:\/\/www.durocdolives.com\/fr\/produit\/lard-sale\/#breadcrumb"},"inLanguage":"fr-FR","potentialAction":[{"@type":"ReadAction","target":["https:\/\/www.durocdolives.com\/fr\/produit\/lard-sale\/"]}]},{"@type":"ImageObject","inLanguage":"fr-FR","@id":"https:\/\/www.durocdolives.com\/fr\/produit\/lard-sale\/#primaryimage","url":"https:\/\/www.durocdolives.com\/wp-content\/uploads\/2020\/11\/gezouten-spek_RGB.jpg","contentUrl":"https:\/\/www.durocdolives.com\/wp-content\/uploads\/2020\/11\/gezouten-spek_RGB.jpg","width":1200,"height":1200},{"@type":"BreadcrumbList","@id":"https:\/\/www.durocdolives.com\/fr\/produit\/lard-sale\/#breadcrumb","itemListElement":[{"@type":"ListItem","position":1,"name":"Home","item":"https:\/\/www.durocdolives.com\/nl\/"},{"@type":"ListItem","position":2,"name":"Boutique en ligne","item":"https:\/\/www.durocdolives.com\/fr\/boutique-en-ligne\/"},{"@type":"ListItem","position":3,"name":"Lard sal\u00e9"}]},{"@type":"WebSite","@id":"https:\/\/www.durocdolives.com\/nl\/#website","url":"https:\/\/www.durocdolives.com\/nl\/","name":"Duroc d&#039;Olives","description":"Heerlijk, kwalitatief varkensvlees","publisher":{"@id":"https:\/\/www.durocdolives.com\/nl\/#organization"},"potentialAction":[{"@type":"SearchAction","target":{"@type":"EntryPoint","urlTemplate":"https:\/\/www.durocdolives.com\/nl\/?s={search_term_string}"},"query-input":{"@type":"PropertyValueSpecification","valueRequired":true,"valueName":"search_term_string"}}],"inLanguage":"fr-FR"},{"@type":"Organization","@id":"https:\/\/www.durocdolives.com\/nl\/#organization","name":"durocdolives","url":"https:\/\/www.durocdolives.com\/nl\/","logo":{"@type":"ImageObject","inLanguage":"fr-FR","@id":"https:\/\/www.durocdolives.com\/nl\/#\/schema\/logo\/image\/","url":"https:\/\/www.durocdolives.com\/wp-content\/uploads\/2020\/10\/logo.svg","contentUrl":"https:\/\/www.durocdolives.com\/wp-content\/uploads\/2020\/10\/logo.svg","width":122,"height":122,"caption":"durocdolives"},"image":{"@id":"https:\/\/www.durocdolives.com\/nl\/#\/schema\/logo\/image\/"}}]}},"_links":{"self":[{"href":"https:\/\/www.durocdolives.com\/fr\/wp-json\/wp\/v2\/product\/16190","targetHints":{"allow":["GET"]}}],"collection":[{"href":"https:\/\/www.durocdolives.com\/fr\/wp-json\/wp\/v2\/product"}],"about":[{"href":"https:\/\/www.durocdolives.com\/fr\/wp-json\/wp\/v2\/types\/product"}],"wp:featuredmedia":[{"embeddable":true,"href":"https:\/\/www.durocdolives.com\/fr\/wp-json\/wp\/v2\/media\/11946"}],"wp:attachment":[{"href":"https:\/\/www.durocdolives.com\/fr\/wp-json\/wp\/v2\/media?parent=16190"}],"wp:term":[{"taxonomy":"product_brand","embeddable":true,"href":"https:\/\/www.durocdolives.com\/fr\/wp-json\/wp\/v2\/product_brand?post=16190"},{"taxonomy":"product_cat","embeddable":true,"href":"https:\/\/www.durocdolives.com\/fr\/wp-json\/wp\/v2\/product_cat?post=16190"},{"taxonomy":"product_tag","embeddable":true,"href":"https:\/\/www.durocdolives.com\/fr\/wp-json\/wp\/v2\/product_tag?post=16190"}],"curies":[{"name":"wp","href":"https:\/\/api.w.org\/{rel}","templated":true}]}}