{"id":16187,"date":"2020-11-25T10:59:45","date_gmt":"2020-11-25T10:59:45","guid":{"rendered":"https:\/\/www.durocdolives.com\/product\/porchetta\/"},"modified":"2024-10-09T05:37:31","modified_gmt":"2024-10-09T05:37:31","slug":"porchetta","status":"publish","type":"product","link":"https:\/\/www.durocdolives.com\/fr\/produit\/porchetta\/","title":{"rendered":"Porchetta"},"content":{"rendered":"","protected":false},"excerpt":{"rendered":"<p>Nous roulons la viande de la longe et de la poitrine, nous y ajoutons des herbes italiennes et nous ficelons le tout, avec la peau \u00e0 l\u2019ext\u00e9rieur. Le go\u00fbt inimitable de la viande de porc Duroc d\u2019Olives rend cette porchetta encore plus savoureuse. Nous laissons la roulade cuire lentement \u2013 environ 24 heures \u2013 \u00e0 tr\u00e8s basse temp\u00e9rature. Cela permet aux herbes fra\u00eeches d\u2019impr\u00e9gner la viande de leurs ar\u00f4mes : origan, thym et romarin. Coupez la succulente et tendre porchetta en fines tranches et profitez de ce d\u00e9lice toscan, made in Belgium !<\/p>\n","protected":false},"featured_media":6148,"template":"","meta":{"_acf_changed":false,"inline_featured_image":false},"product_brand":[],"product_cat":[138],"product_tag":[],"class_list":{"0":"post-16187","1":"product","2":"type-product","3":"status-publish","4":"has-post-thumbnail","6":"product_cat-charcuterie-fr","8":"first","9":"instock","10":"taxable","11":"shipping-taxable","12":"purchasable","13":"product-type-simple"},"acf":[],"yoast_head":"<!-- This site is optimized with the Yoast SEO plugin v27.4 - https:\/\/yoast.com\/product\/yoast-seo-wordpress\/ -->\n<title>Porchetta - Duroc d&#039;Olives<\/title>\n<meta name=\"robots\" content=\"index, follow, max-snippet:-1, max-image-preview:large, max-video-preview:-1\" \/>\n<link rel=\"canonical\" href=\"https:\/\/www.durocdolives.com\/fr\/produit\/porchetta\/\" \/>\n<meta property=\"og:locale\" content=\"fr_FR\" \/>\n<meta property=\"og:type\" content=\"article\" \/>\n<meta property=\"og:title\" content=\"Porchetta - Duroc d&#039;Olives\" \/>\n<meta property=\"og:description\" content=\"Nous roulons la viande de la longe et de la poitrine, nous y ajoutons des herbes italiennes et nous ficelons le tout, avec la peau \u00e0 l\u2019ext\u00e9rieur. Le go\u00fbt inimitable de la viande de porc Duroc d\u2019Olives rend cette porchetta encore plus savoureuse. Nous laissons la roulade cuire lentement \u2013 environ 24 heures \u2013 \u00e0 tr\u00e8s basse temp\u00e9rature. Cela permet aux herbes fra\u00eeches d\u2019impr\u00e9gner la viande de leurs ar\u00f4mes : origan, thym et romarin. Coupez la succulente et tendre porchetta en fines tranches et profitez de ce d\u00e9lice toscan, made in Belgium !\" \/>\n<meta property=\"og:url\" content=\"https:\/\/www.durocdolives.com\/fr\/produit\/porchetta\/\" \/>\n<meta property=\"og:site_name\" content=\"Duroc d&#039;Olives\" \/>\n<meta property=\"article:modified_time\" content=\"2024-10-09T05:37:31+00:00\" \/>\n<meta property=\"og:image\" content=\"https:\/\/www.durocdolives.com\/wp-content\/uploads\/2021\/01\/Porchetta-PS.jpg\" \/>\n\t<meta property=\"og:image:width\" content=\"1200\" \/>\n\t<meta property=\"og:image:height\" content=\"1200\" \/>\n\t<meta property=\"og:image:type\" content=\"image\/jpeg\" \/>\n<meta name=\"twitter:card\" content=\"summary_large_image\" \/>\n<script type=\"application\/ld+json\" class=\"yoast-schema-graph\">{\"@context\":\"https:\\\/\\\/schema.org\",\"@graph\":[{\"@type\":\"WebPage\",\"@id\":\"https:\\\/\\\/www.durocdolives.com\\\/fr\\\/produit\\\/porchetta\\\/\",\"url\":\"https:\\\/\\\/www.durocdolives.com\\\/fr\\\/produit\\\/porchetta\\\/\",\"name\":\"Porchetta - Duroc d&#039;Olives\",\"isPartOf\":{\"@id\":\"https:\\\/\\\/www.durocdolives.com\\\/nl\\\/#website\"},\"primaryImageOfPage\":{\"@id\":\"https:\\\/\\\/www.durocdolives.com\\\/fr\\\/produit\\\/porchetta\\\/#primaryimage\"},\"image\":{\"@id\":\"https:\\\/\\\/www.durocdolives.com\\\/fr\\\/produit\\\/porchetta\\\/#primaryimage\"},\"thumbnailUrl\":\"https:\\\/\\\/www.durocdolives.com\\\/wp-content\\\/uploads\\\/2021\\\/01\\\/Porchetta-PS.jpg\",\"datePublished\":\"2020-11-25T10:59:45+00:00\",\"dateModified\":\"2024-10-09T05:37:31+00:00\",\"breadcrumb\":{\"@id\":\"https:\\\/\\\/www.durocdolives.com\\\/fr\\\/produit\\\/porchetta\\\/#breadcrumb\"},\"inLanguage\":\"fr-FR\",\"potentialAction\":[{\"@type\":\"ReadAction\",\"target\":[\"https:\\\/\\\/www.durocdolives.com\\\/fr\\\/produit\\\/porchetta\\\/\"]}]},{\"@type\":\"ImageObject\",\"inLanguage\":\"fr-FR\",\"@id\":\"https:\\\/\\\/www.durocdolives.com\\\/fr\\\/produit\\\/porchetta\\\/#primaryimage\",\"url\":\"https:\\\/\\\/www.durocdolives.com\\\/wp-content\\\/uploads\\\/2021\\\/01\\\/Porchetta-PS.jpg\",\"contentUrl\":\"https:\\\/\\\/www.durocdolives.com\\\/wp-content\\\/uploads\\\/2021\\\/01\\\/Porchetta-PS.jpg\",\"width\":1200,\"height\":1200,\"caption\":\"Duroc d'Olives porchetta\"},{\"@type\":\"BreadcrumbList\",\"@id\":\"https:\\\/\\\/www.durocdolives.com\\\/fr\\\/produit\\\/porchetta\\\/#breadcrumb\",\"itemListElement\":[{\"@type\":\"ListItem\",\"position\":1,\"name\":\"Home\",\"item\":\"https:\\\/\\\/www.durocdolives.com\\\/nl\\\/\"},{\"@type\":\"ListItem\",\"position\":2,\"name\":\"Boutique en ligne\",\"item\":\"https:\\\/\\\/www.durocdolives.com\\\/fr\\\/boutique-en-ligne\\\/\"},{\"@type\":\"ListItem\",\"position\":3,\"name\":\"Porchetta\"}]},{\"@type\":\"WebSite\",\"@id\":\"https:\\\/\\\/www.durocdolives.com\\\/nl\\\/#website\",\"url\":\"https:\\\/\\\/www.durocdolives.com\\\/nl\\\/\",\"name\":\"Duroc d&#039;Olives\",\"description\":\"Heerlijk, kwalitatief varkensvlees\",\"publisher\":{\"@id\":\"https:\\\/\\\/www.durocdolives.com\\\/nl\\\/#organization\"},\"potentialAction\":[{\"@type\":\"SearchAction\",\"target\":{\"@type\":\"EntryPoint\",\"urlTemplate\":\"https:\\\/\\\/www.durocdolives.com\\\/nl\\\/?s={search_term_string}\"},\"query-input\":{\"@type\":\"PropertyValueSpecification\",\"valueRequired\":true,\"valueName\":\"search_term_string\"}}],\"inLanguage\":\"fr-FR\"},{\"@type\":\"Organization\",\"@id\":\"https:\\\/\\\/www.durocdolives.com\\\/nl\\\/#organization\",\"name\":\"durocdolives\",\"url\":\"https:\\\/\\\/www.durocdolives.com\\\/nl\\\/\",\"logo\":{\"@type\":\"ImageObject\",\"inLanguage\":\"fr-FR\",\"@id\":\"https:\\\/\\\/www.durocdolives.com\\\/nl\\\/#\\\/schema\\\/logo\\\/image\\\/\",\"url\":\"https:\\\/\\\/www.durocdolives.com\\\/wp-content\\\/uploads\\\/2020\\\/10\\\/logo.svg\",\"contentUrl\":\"https:\\\/\\\/www.durocdolives.com\\\/wp-content\\\/uploads\\\/2020\\\/10\\\/logo.svg\",\"width\":122,\"height\":122,\"caption\":\"durocdolives\"},\"image\":{\"@id\":\"https:\\\/\\\/www.durocdolives.com\\\/nl\\\/#\\\/schema\\\/logo\\\/image\\\/\"}}]}<\/script>\n<!-- \/ Yoast SEO plugin. -->","yoast_head_json":{"title":"Porchetta - Duroc d&#039;Olives","robots":{"index":"index","follow":"follow","max-snippet":"max-snippet:-1","max-image-preview":"max-image-preview:large","max-video-preview":"max-video-preview:-1"},"canonical":"https:\/\/www.durocdolives.com\/fr\/produit\/porchetta\/","og_locale":"fr_FR","og_type":"article","og_title":"Porchetta - Duroc d&#039;Olives","og_description":"Nous roulons la viande de la longe et de la poitrine, nous y ajoutons des herbes italiennes et nous ficelons le tout, avec la peau \u00e0 l\u2019ext\u00e9rieur. Le go\u00fbt inimitable de la viande de porc Duroc d\u2019Olives rend cette porchetta encore plus savoureuse. Nous laissons la roulade cuire lentement \u2013 environ 24 heures \u2013 \u00e0 tr\u00e8s basse temp\u00e9rature. Cela permet aux herbes fra\u00eeches d\u2019impr\u00e9gner la viande de leurs ar\u00f4mes : origan, thym et romarin. Coupez la succulente et tendre porchetta en fines tranches et profitez de ce d\u00e9lice toscan, made in Belgium !","og_url":"https:\/\/www.durocdolives.com\/fr\/produit\/porchetta\/","og_site_name":"Duroc d&#039;Olives","article_modified_time":"2024-10-09T05:37:31+00:00","og_image":[{"width":1200,"height":1200,"url":"https:\/\/www.durocdolives.com\/wp-content\/uploads\/2021\/01\/Porchetta-PS.jpg","type":"image\/jpeg"}],"twitter_card":"summary_large_image","schema":{"@context":"https:\/\/schema.org","@graph":[{"@type":"WebPage","@id":"https:\/\/www.durocdolives.com\/fr\/produit\/porchetta\/","url":"https:\/\/www.durocdolives.com\/fr\/produit\/porchetta\/","name":"Porchetta - Duroc d&#039;Olives","isPartOf":{"@id":"https:\/\/www.durocdolives.com\/nl\/#website"},"primaryImageOfPage":{"@id":"https:\/\/www.durocdolives.com\/fr\/produit\/porchetta\/#primaryimage"},"image":{"@id":"https:\/\/www.durocdolives.com\/fr\/produit\/porchetta\/#primaryimage"},"thumbnailUrl":"https:\/\/www.durocdolives.com\/wp-content\/uploads\/2021\/01\/Porchetta-PS.jpg","datePublished":"2020-11-25T10:59:45+00:00","dateModified":"2024-10-09T05:37:31+00:00","breadcrumb":{"@id":"https:\/\/www.durocdolives.com\/fr\/produit\/porchetta\/#breadcrumb"},"inLanguage":"fr-FR","potentialAction":[{"@type":"ReadAction","target":["https:\/\/www.durocdolives.com\/fr\/produit\/porchetta\/"]}]},{"@type":"ImageObject","inLanguage":"fr-FR","@id":"https:\/\/www.durocdolives.com\/fr\/produit\/porchetta\/#primaryimage","url":"https:\/\/www.durocdolives.com\/wp-content\/uploads\/2021\/01\/Porchetta-PS.jpg","contentUrl":"https:\/\/www.durocdolives.com\/wp-content\/uploads\/2021\/01\/Porchetta-PS.jpg","width":1200,"height":1200,"caption":"Duroc d'Olives porchetta"},{"@type":"BreadcrumbList","@id":"https:\/\/www.durocdolives.com\/fr\/produit\/porchetta\/#breadcrumb","itemListElement":[{"@type":"ListItem","position":1,"name":"Home","item":"https:\/\/www.durocdolives.com\/nl\/"},{"@type":"ListItem","position":2,"name":"Boutique en ligne","item":"https:\/\/www.durocdolives.com\/fr\/boutique-en-ligne\/"},{"@type":"ListItem","position":3,"name":"Porchetta"}]},{"@type":"WebSite","@id":"https:\/\/www.durocdolives.com\/nl\/#website","url":"https:\/\/www.durocdolives.com\/nl\/","name":"Duroc d&#039;Olives","description":"Heerlijk, kwalitatief varkensvlees","publisher":{"@id":"https:\/\/www.durocdolives.com\/nl\/#organization"},"potentialAction":[{"@type":"SearchAction","target":{"@type":"EntryPoint","urlTemplate":"https:\/\/www.durocdolives.com\/nl\/?s={search_term_string}"},"query-input":{"@type":"PropertyValueSpecification","valueRequired":true,"valueName":"search_term_string"}}],"inLanguage":"fr-FR"},{"@type":"Organization","@id":"https:\/\/www.durocdolives.com\/nl\/#organization","name":"durocdolives","url":"https:\/\/www.durocdolives.com\/nl\/","logo":{"@type":"ImageObject","inLanguage":"fr-FR","@id":"https:\/\/www.durocdolives.com\/nl\/#\/schema\/logo\/image\/","url":"https:\/\/www.durocdolives.com\/wp-content\/uploads\/2020\/10\/logo.svg","contentUrl":"https:\/\/www.durocdolives.com\/wp-content\/uploads\/2020\/10\/logo.svg","width":122,"height":122,"caption":"durocdolives"},"image":{"@id":"https:\/\/www.durocdolives.com\/nl\/#\/schema\/logo\/image\/"}}]}},"_links":{"self":[{"href":"https:\/\/www.durocdolives.com\/fr\/wp-json\/wp\/v2\/product\/16187","targetHints":{"allow":["GET"]}}],"collection":[{"href":"https:\/\/www.durocdolives.com\/fr\/wp-json\/wp\/v2\/product"}],"about":[{"href":"https:\/\/www.durocdolives.com\/fr\/wp-json\/wp\/v2\/types\/product"}],"wp:featuredmedia":[{"embeddable":true,"href":"https:\/\/www.durocdolives.com\/fr\/wp-json\/wp\/v2\/media\/6148"}],"wp:attachment":[{"href":"https:\/\/www.durocdolives.com\/fr\/wp-json\/wp\/v2\/media?parent=16187"}],"wp:term":[{"taxonomy":"product_brand","embeddable":true,"href":"https:\/\/www.durocdolives.com\/fr\/wp-json\/wp\/v2\/product_brand?post=16187"},{"taxonomy":"product_cat","embeddable":true,"href":"https:\/\/www.durocdolives.com\/fr\/wp-json\/wp\/v2\/product_cat?post=16187"},{"taxonomy":"product_tag","embeddable":true,"href":"https:\/\/www.durocdolives.com\/fr\/wp-json\/wp\/v2\/product_tag?post=16187"}],"curies":[{"name":"wp","href":"https:\/\/api.w.org\/{rel}","templated":true}]}}