{"id":16164,"date":"2020-11-25T07:51:27","date_gmt":"2020-11-25T07:51:27","guid":{"rendered":"https:\/\/www.durocdolives.com\/product\/jambon-sec\/"},"modified":"2024-10-09T05:47:48","modified_gmt":"2024-10-09T05:47:48","slug":"jambon-sec","status":"publish","type":"product","link":"https:\/\/www.durocdolives.com\/fr\/produit\/jambon-sec\/","title":{"rendered":"Jambon sec"},"content":{"rendered":"","protected":false},"excerpt":{"rendered":"<p>La base essentielle de notre jambon sec, c\u2019est bien entendu la viande elle-m\u00eame. La viande de porc Duroc d\u2019Olives contient beaucoup de graisse intramusculaire. Nous s\u00e9lectionnons les meilleurs jambons, lesquels passent ensuite par le processus de salage. Pour celui-ci, nous suivons une ancienne recette flamande : nous utilisons du sel sec, pas de la saumure. L\u2019avantage ? Un arri\u00e8re-go\u00fbt moins sal\u00e9. Apr\u00e8s le salage, les jambons m\u00fbrissent pendant au moins 10 mois, jusqu\u2019\u00e0 ce qu\u2019ils soient parfaits. Il en r\u00e9sulte un noble jambon sec au go\u00fbt intense et authentique.<\/p>\n","protected":false},"featured_media":11967,"template":"","meta":{"_acf_changed":false,"inline_featured_image":false},"product_brand":[],"product_cat":[138],"product_tag":[],"class_list":{"0":"post-16164","1":"product","2":"type-product","3":"status-publish","4":"has-post-thumbnail","6":"product_cat-charcuterie-fr","8":"first","9":"instock","10":"taxable","11":"shipping-taxable","12":"purchasable","13":"product-type-simple"},"acf":[],"yoast_head":"<!-- This site is optimized with the Yoast SEO plugin v27.4 - https:\/\/yoast.com\/product\/yoast-seo-wordpress\/ -->\n<title>Jambon sec - Duroc d&#039;Olives<\/title>\n<meta name=\"robots\" content=\"index, follow, max-snippet:-1, max-image-preview:large, max-video-preview:-1\" \/>\n<link rel=\"canonical\" href=\"https:\/\/www.durocdolives.com\/fr\/produit\/jambon-sec\/\" \/>\n<meta property=\"og:locale\" content=\"fr_FR\" \/>\n<meta property=\"og:type\" content=\"article\" \/>\n<meta property=\"og:title\" content=\"Jambon sec - Duroc d&#039;Olives\" \/>\n<meta property=\"og:description\" content=\"La base essentielle de notre jambon sec, c\u2019est bien entendu la viande elle-m\u00eame. La viande de porc Duroc d\u2019Olives contient beaucoup de graisse intramusculaire. Nous s\u00e9lectionnons les meilleurs jambons, lesquels passent ensuite par le processus de salage. Pour celui-ci, nous suivons une ancienne recette flamande : nous utilisons du sel sec, pas de la saumure. L\u2019avantage ? Un arri\u00e8re-go\u00fbt moins sal\u00e9. Apr\u00e8s le salage, les jambons m\u00fbrissent pendant au moins 10 mois, jusqu\u2019\u00e0 ce qu\u2019ils soient parfaits. Il en r\u00e9sulte un noble jambon sec au go\u00fbt intense et authentique.\" \/>\n<meta property=\"og:url\" content=\"https:\/\/www.durocdolives.com\/fr\/produit\/jambon-sec\/\" \/>\n<meta property=\"og:site_name\" content=\"Duroc d&#039;Olives\" \/>\n<meta property=\"article:modified_time\" content=\"2024-10-09T05:47:48+00:00\" \/>\n<meta property=\"og:image\" content=\"https:\/\/www.durocdolives.com\/wp-content\/uploads\/2020\/11\/gedroogde-ham_RGB.jpg\" \/>\n\t<meta property=\"og:image:width\" content=\"1200\" \/>\n\t<meta property=\"og:image:height\" content=\"1200\" \/>\n\t<meta property=\"og:image:type\" content=\"image\/jpeg\" \/>\n<meta name=\"twitter:card\" content=\"summary_large_image\" \/>\n<script type=\"application\/ld+json\" class=\"yoast-schema-graph\">{\"@context\":\"https:\\\/\\\/schema.org\",\"@graph\":[{\"@type\":\"WebPage\",\"@id\":\"https:\\\/\\\/www.durocdolives.com\\\/fr\\\/produit\\\/jambon-sec\\\/\",\"url\":\"https:\\\/\\\/www.durocdolives.com\\\/fr\\\/produit\\\/jambon-sec\\\/\",\"name\":\"Jambon sec - Duroc d&#039;Olives\",\"isPartOf\":{\"@id\":\"https:\\\/\\\/www.durocdolives.com\\\/nl\\\/#website\"},\"primaryImageOfPage\":{\"@id\":\"https:\\\/\\\/www.durocdolives.com\\\/fr\\\/produit\\\/jambon-sec\\\/#primaryimage\"},\"image\":{\"@id\":\"https:\\\/\\\/www.durocdolives.com\\\/fr\\\/produit\\\/jambon-sec\\\/#primaryimage\"},\"thumbnailUrl\":\"https:\\\/\\\/www.durocdolives.com\\\/wp-content\\\/uploads\\\/2020\\\/11\\\/gedroogde-ham_RGB.jpg\",\"datePublished\":\"2020-11-25T07:51:27+00:00\",\"dateModified\":\"2024-10-09T05:47:48+00:00\",\"breadcrumb\":{\"@id\":\"https:\\\/\\\/www.durocdolives.com\\\/fr\\\/produit\\\/jambon-sec\\\/#breadcrumb\"},\"inLanguage\":\"fr-FR\",\"potentialAction\":[{\"@type\":\"ReadAction\",\"target\":[\"https:\\\/\\\/www.durocdolives.com\\\/fr\\\/produit\\\/jambon-sec\\\/\"]}]},{\"@type\":\"ImageObject\",\"inLanguage\":\"fr-FR\",\"@id\":\"https:\\\/\\\/www.durocdolives.com\\\/fr\\\/produit\\\/jambon-sec\\\/#primaryimage\",\"url\":\"https:\\\/\\\/www.durocdolives.com\\\/wp-content\\\/uploads\\\/2020\\\/11\\\/gedroogde-ham_RGB.jpg\",\"contentUrl\":\"https:\\\/\\\/www.durocdolives.com\\\/wp-content\\\/uploads\\\/2020\\\/11\\\/gedroogde-ham_RGB.jpg\",\"width\":1200,\"height\":1200},{\"@type\":\"BreadcrumbList\",\"@id\":\"https:\\\/\\\/www.durocdolives.com\\\/fr\\\/produit\\\/jambon-sec\\\/#breadcrumb\",\"itemListElement\":[{\"@type\":\"ListItem\",\"position\":1,\"name\":\"Home\",\"item\":\"https:\\\/\\\/www.durocdolives.com\\\/nl\\\/\"},{\"@type\":\"ListItem\",\"position\":2,\"name\":\"Boutique en ligne\",\"item\":\"https:\\\/\\\/www.durocdolives.com\\\/fr\\\/boutique-en-ligne\\\/\"},{\"@type\":\"ListItem\",\"position\":3,\"name\":\"Jambon sec\"}]},{\"@type\":\"WebSite\",\"@id\":\"https:\\\/\\\/www.durocdolives.com\\\/nl\\\/#website\",\"url\":\"https:\\\/\\\/www.durocdolives.com\\\/nl\\\/\",\"name\":\"Duroc d&#039;Olives\",\"description\":\"Heerlijk, kwalitatief varkensvlees\",\"publisher\":{\"@id\":\"https:\\\/\\\/www.durocdolives.com\\\/nl\\\/#organization\"},\"potentialAction\":[{\"@type\":\"SearchAction\",\"target\":{\"@type\":\"EntryPoint\",\"urlTemplate\":\"https:\\\/\\\/www.durocdolives.com\\\/nl\\\/?s={search_term_string}\"},\"query-input\":{\"@type\":\"PropertyValueSpecification\",\"valueRequired\":true,\"valueName\":\"search_term_string\"}}],\"inLanguage\":\"fr-FR\"},{\"@type\":\"Organization\",\"@id\":\"https:\\\/\\\/www.durocdolives.com\\\/nl\\\/#organization\",\"name\":\"durocdolives\",\"url\":\"https:\\\/\\\/www.durocdolives.com\\\/nl\\\/\",\"logo\":{\"@type\":\"ImageObject\",\"inLanguage\":\"fr-FR\",\"@id\":\"https:\\\/\\\/www.durocdolives.com\\\/nl\\\/#\\\/schema\\\/logo\\\/image\\\/\",\"url\":\"https:\\\/\\\/www.durocdolives.com\\\/wp-content\\\/uploads\\\/2020\\\/10\\\/logo.svg\",\"contentUrl\":\"https:\\\/\\\/www.durocdolives.com\\\/wp-content\\\/uploads\\\/2020\\\/10\\\/logo.svg\",\"width\":122,\"height\":122,\"caption\":\"durocdolives\"},\"image\":{\"@id\":\"https:\\\/\\\/www.durocdolives.com\\\/nl\\\/#\\\/schema\\\/logo\\\/image\\\/\"}}]}<\/script>\n<!-- \/ Yoast SEO plugin. -->","yoast_head_json":{"title":"Jambon sec - Duroc d&#039;Olives","robots":{"index":"index","follow":"follow","max-snippet":"max-snippet:-1","max-image-preview":"max-image-preview:large","max-video-preview":"max-video-preview:-1"},"canonical":"https:\/\/www.durocdolives.com\/fr\/produit\/jambon-sec\/","og_locale":"fr_FR","og_type":"article","og_title":"Jambon sec - Duroc d&#039;Olives","og_description":"La base essentielle de notre jambon sec, c\u2019est bien entendu la viande elle-m\u00eame. La viande de porc Duroc d\u2019Olives contient beaucoup de graisse intramusculaire. Nous s\u00e9lectionnons les meilleurs jambons, lesquels passent ensuite par le processus de salage. Pour celui-ci, nous suivons une ancienne recette flamande : nous utilisons du sel sec, pas de la saumure. L\u2019avantage ? Un arri\u00e8re-go\u00fbt moins sal\u00e9. Apr\u00e8s le salage, les jambons m\u00fbrissent pendant au moins 10 mois, jusqu\u2019\u00e0 ce qu\u2019ils soient parfaits. Il en r\u00e9sulte un noble jambon sec au go\u00fbt intense et authentique.","og_url":"https:\/\/www.durocdolives.com\/fr\/produit\/jambon-sec\/","og_site_name":"Duroc d&#039;Olives","article_modified_time":"2024-10-09T05:47:48+00:00","og_image":[{"width":1200,"height":1200,"url":"https:\/\/www.durocdolives.com\/wp-content\/uploads\/2020\/11\/gedroogde-ham_RGB.jpg","type":"image\/jpeg"}],"twitter_card":"summary_large_image","schema":{"@context":"https:\/\/schema.org","@graph":[{"@type":"WebPage","@id":"https:\/\/www.durocdolives.com\/fr\/produit\/jambon-sec\/","url":"https:\/\/www.durocdolives.com\/fr\/produit\/jambon-sec\/","name":"Jambon sec - Duroc d&#039;Olives","isPartOf":{"@id":"https:\/\/www.durocdolives.com\/nl\/#website"},"primaryImageOfPage":{"@id":"https:\/\/www.durocdolives.com\/fr\/produit\/jambon-sec\/#primaryimage"},"image":{"@id":"https:\/\/www.durocdolives.com\/fr\/produit\/jambon-sec\/#primaryimage"},"thumbnailUrl":"https:\/\/www.durocdolives.com\/wp-content\/uploads\/2020\/11\/gedroogde-ham_RGB.jpg","datePublished":"2020-11-25T07:51:27+00:00","dateModified":"2024-10-09T05:47:48+00:00","breadcrumb":{"@id":"https:\/\/www.durocdolives.com\/fr\/produit\/jambon-sec\/#breadcrumb"},"inLanguage":"fr-FR","potentialAction":[{"@type":"ReadAction","target":["https:\/\/www.durocdolives.com\/fr\/produit\/jambon-sec\/"]}]},{"@type":"ImageObject","inLanguage":"fr-FR","@id":"https:\/\/www.durocdolives.com\/fr\/produit\/jambon-sec\/#primaryimage","url":"https:\/\/www.durocdolives.com\/wp-content\/uploads\/2020\/11\/gedroogde-ham_RGB.jpg","contentUrl":"https:\/\/www.durocdolives.com\/wp-content\/uploads\/2020\/11\/gedroogde-ham_RGB.jpg","width":1200,"height":1200},{"@type":"BreadcrumbList","@id":"https:\/\/www.durocdolives.com\/fr\/produit\/jambon-sec\/#breadcrumb","itemListElement":[{"@type":"ListItem","position":1,"name":"Home","item":"https:\/\/www.durocdolives.com\/nl\/"},{"@type":"ListItem","position":2,"name":"Boutique en ligne","item":"https:\/\/www.durocdolives.com\/fr\/boutique-en-ligne\/"},{"@type":"ListItem","position":3,"name":"Jambon sec"}]},{"@type":"WebSite","@id":"https:\/\/www.durocdolives.com\/nl\/#website","url":"https:\/\/www.durocdolives.com\/nl\/","name":"Duroc d&#039;Olives","description":"Heerlijk, kwalitatief varkensvlees","publisher":{"@id":"https:\/\/www.durocdolives.com\/nl\/#organization"},"potentialAction":[{"@type":"SearchAction","target":{"@type":"EntryPoint","urlTemplate":"https:\/\/www.durocdolives.com\/nl\/?s={search_term_string}"},"query-input":{"@type":"PropertyValueSpecification","valueRequired":true,"valueName":"search_term_string"}}],"inLanguage":"fr-FR"},{"@type":"Organization","@id":"https:\/\/www.durocdolives.com\/nl\/#organization","name":"durocdolives","url":"https:\/\/www.durocdolives.com\/nl\/","logo":{"@type":"ImageObject","inLanguage":"fr-FR","@id":"https:\/\/www.durocdolives.com\/nl\/#\/schema\/logo\/image\/","url":"https:\/\/www.durocdolives.com\/wp-content\/uploads\/2020\/10\/logo.svg","contentUrl":"https:\/\/www.durocdolives.com\/wp-content\/uploads\/2020\/10\/logo.svg","width":122,"height":122,"caption":"durocdolives"},"image":{"@id":"https:\/\/www.durocdolives.com\/nl\/#\/schema\/logo\/image\/"}}]}},"_links":{"self":[{"href":"https:\/\/www.durocdolives.com\/fr\/wp-json\/wp\/v2\/product\/16164","targetHints":{"allow":["GET"]}}],"collection":[{"href":"https:\/\/www.durocdolives.com\/fr\/wp-json\/wp\/v2\/product"}],"about":[{"href":"https:\/\/www.durocdolives.com\/fr\/wp-json\/wp\/v2\/types\/product"}],"wp:featuredmedia":[{"embeddable":true,"href":"https:\/\/www.durocdolives.com\/fr\/wp-json\/wp\/v2\/media\/11967"}],"wp:attachment":[{"href":"https:\/\/www.durocdolives.com\/fr\/wp-json\/wp\/v2\/media?parent=16164"}],"wp:term":[{"taxonomy":"product_brand","embeddable":true,"href":"https:\/\/www.durocdolives.com\/fr\/wp-json\/wp\/v2\/product_brand?post=16164"},{"taxonomy":"product_cat","embeddable":true,"href":"https:\/\/www.durocdolives.com\/fr\/wp-json\/wp\/v2\/product_cat?post=16164"},{"taxonomy":"product_tag","embeddable":true,"href":"https:\/\/www.durocdolives.com\/fr\/wp-json\/wp\/v2\/product_tag?post=16164"}],"curies":[{"name":"wp","href":"https:\/\/api.w.org\/{rel}","templated":true}]}}