{"id":16130,"date":"2020-11-24T14:17:58","date_gmt":"2020-11-24T14:17:58","guid":{"rendered":"https:\/\/www.durocdolives.com\/product\/mini-couronne\/"},"modified":"2023-08-09T16:25:40","modified_gmt":"2023-08-09T16:25:40","slug":"mini-couronne","status":"publish","type":"product","link":"https:\/\/www.durocdolives.com\/fr\/produit\/mini-couronne\/","title":{"rendered":"Mini couronne"},"content":{"rendered":"<p>Cette couronne de porc est un morceau de c\u00f4te avec son filet et un peu de graisse.<\/p>\n","protected":false},"excerpt":{"rendered":"<p>Cette couronne de porc est un morceau de c\u00f4te avec son filet et un peu de graisse. Tout comme la couronne d\u2019agneau, la Mini Couronne pr\u00e9sente des c\u00f4tes dont les extr\u00e9mit\u00e9s ont \u00e9t\u00e9 nettoy\u00e9es.<\/p>\n","protected":false},"featured_media":6394,"template":"","meta":{"_acf_changed":false,"inline_featured_image":false},"product_brand":[],"product_cat":[186],"product_tag":[],"class_list":{"0":"post-16130","1":"product","2":"type-product","3":"status-publish","4":"has-post-thumbnail","6":"product_cat-viande","8":"first","9":"instock","10":"taxable","11":"shipping-taxable","12":"purchasable","13":"product-type-simple"},"acf":[],"yoast_head":"<!-- This site is optimized with the Yoast SEO plugin v27.4 - https:\/\/yoast.com\/product\/yoast-seo-wordpress\/ -->\n<title>Mini couronne - Duroc d&#039;Olives<\/title>\n<meta name=\"robots\" content=\"index, follow, max-snippet:-1, max-image-preview:large, max-video-preview:-1\" \/>\n<link rel=\"canonical\" href=\"https:\/\/www.durocdolives.com\/fr-be\/produit\/mini-couronne\/\" \/>\n<meta property=\"og:locale\" content=\"fr_FR\" \/>\n<meta property=\"og:type\" content=\"article\" \/>\n<meta property=\"og:title\" content=\"Mini couronne - Duroc d&#039;Olives\" \/>\n<meta property=\"og:description\" content=\"Cette couronne de porc est un morceau de c\u00f4te avec son filet et un peu de graisse. Tout comme la couronne d\u2019agneau, la Mini Couronne pr\u00e9sente des c\u00f4tes dont les extr\u00e9mit\u00e9s ont \u00e9t\u00e9 nettoy\u00e9es.\" \/>\n<meta property=\"og:url\" content=\"https:\/\/www.durocdolives.com\/fr-be\/produit\/mini-couronne\/\" \/>\n<meta property=\"og:site_name\" content=\"Duroc d&#039;Olives\" \/>\n<meta property=\"article:modified_time\" content=\"2023-08-09T16:25:40+00:00\" \/>\n<meta property=\"og:image\" content=\"https:\/\/www.durocdolives.com\/wp-content\/uploads\/2021\/01\/Mini-rack.jpg\" \/>\n\t<meta property=\"og:image:width\" content=\"1500\" \/>\n\t<meta property=\"og:image:height\" content=\"1500\" \/>\n\t<meta property=\"og:image:type\" content=\"image\/jpeg\" \/>\n<meta name=\"twitter:card\" content=\"summary_large_image\" \/>\n<script type=\"application\/ld+json\" class=\"yoast-schema-graph\">{\"@context\":\"https:\\\/\\\/schema.org\",\"@graph\":[{\"@type\":\"WebPage\",\"@id\":\"https:\\\/\\\/www.durocdolives.com\\\/fr-be\\\/produit\\\/mini-couronne\\\/\",\"url\":\"https:\\\/\\\/www.durocdolives.com\\\/fr-be\\\/produit\\\/mini-couronne\\\/\",\"name\":\"Mini couronne - Duroc d&#039;Olives\",\"isPartOf\":{\"@id\":\"https:\\\/\\\/www.durocdolives.com\\\/nl\\\/#website\"},\"primaryImageOfPage\":{\"@id\":\"https:\\\/\\\/www.durocdolives.com\\\/fr-be\\\/produit\\\/mini-couronne\\\/#primaryimage\"},\"image\":{\"@id\":\"https:\\\/\\\/www.durocdolives.com\\\/fr-be\\\/produit\\\/mini-couronne\\\/#primaryimage\"},\"thumbnailUrl\":\"https:\\\/\\\/www.durocdolives.com\\\/wp-content\\\/uploads\\\/2021\\\/01\\\/Mini-rack.jpg\",\"datePublished\":\"2020-11-24T14:17:58+00:00\",\"dateModified\":\"2023-08-09T16:25:40+00:00\",\"breadcrumb\":{\"@id\":\"https:\\\/\\\/www.durocdolives.com\\\/fr-be\\\/produit\\\/mini-couronne\\\/#breadcrumb\"},\"inLanguage\":\"fr-FR\",\"potentialAction\":[{\"@type\":\"ReadAction\",\"target\":[\"https:\\\/\\\/www.durocdolives.com\\\/fr-be\\\/produit\\\/mini-couronne\\\/\"]}]},{\"@type\":\"ImageObject\",\"inLanguage\":\"fr-FR\",\"@id\":\"https:\\\/\\\/www.durocdolives.com\\\/fr-be\\\/produit\\\/mini-couronne\\\/#primaryimage\",\"url\":\"https:\\\/\\\/www.durocdolives.com\\\/wp-content\\\/uploads\\\/2021\\\/01\\\/Mini-rack.jpg\",\"contentUrl\":\"https:\\\/\\\/www.durocdolives.com\\\/wp-content\\\/uploads\\\/2021\\\/01\\\/Mini-rack.jpg\",\"width\":1500,\"height\":1500,\"caption\":\"Duroc d'Olives mini-rack\"},{\"@type\":\"BreadcrumbList\",\"@id\":\"https:\\\/\\\/www.durocdolives.com\\\/fr-be\\\/produit\\\/mini-couronne\\\/#breadcrumb\",\"itemListElement\":[{\"@type\":\"ListItem\",\"position\":1,\"name\":\"Home\",\"item\":\"https:\\\/\\\/www.durocdolives.com\\\/nl\\\/\"},{\"@type\":\"ListItem\",\"position\":2,\"name\":\"Boutique en ligne\",\"item\":\"https:\\\/\\\/www.durocdolives.com\\\/fr\\\/boutique-en-ligne\\\/\"},{\"@type\":\"ListItem\",\"position\":3,\"name\":\"Mini couronne\"}]},{\"@type\":\"WebSite\",\"@id\":\"https:\\\/\\\/www.durocdolives.com\\\/nl\\\/#website\",\"url\":\"https:\\\/\\\/www.durocdolives.com\\\/nl\\\/\",\"name\":\"Duroc d&#039;Olives\",\"description\":\"Heerlijk, kwalitatief varkensvlees\",\"publisher\":{\"@id\":\"https:\\\/\\\/www.durocdolives.com\\\/nl\\\/#organization\"},\"potentialAction\":[{\"@type\":\"SearchAction\",\"target\":{\"@type\":\"EntryPoint\",\"urlTemplate\":\"https:\\\/\\\/www.durocdolives.com\\\/nl\\\/?s={search_term_string}\"},\"query-input\":{\"@type\":\"PropertyValueSpecification\",\"valueRequired\":true,\"valueName\":\"search_term_string\"}}],\"inLanguage\":\"fr-FR\"},{\"@type\":\"Organization\",\"@id\":\"https:\\\/\\\/www.durocdolives.com\\\/nl\\\/#organization\",\"name\":\"durocdolives\",\"url\":\"https:\\\/\\\/www.durocdolives.com\\\/nl\\\/\",\"logo\":{\"@type\":\"ImageObject\",\"inLanguage\":\"fr-FR\",\"@id\":\"https:\\\/\\\/www.durocdolives.com\\\/nl\\\/#\\\/schema\\\/logo\\\/image\\\/\",\"url\":\"https:\\\/\\\/www.durocdolives.com\\\/wp-content\\\/uploads\\\/2020\\\/10\\\/logo.svg\",\"contentUrl\":\"https:\\\/\\\/www.durocdolives.com\\\/wp-content\\\/uploads\\\/2020\\\/10\\\/logo.svg\",\"width\":122,\"height\":122,\"caption\":\"durocdolives\"},\"image\":{\"@id\":\"https:\\\/\\\/www.durocdolives.com\\\/nl\\\/#\\\/schema\\\/logo\\\/image\\\/\"}}]}<\/script>\n<!-- \/ Yoast SEO plugin. -->","yoast_head_json":{"title":"Mini couronne - Duroc d&#039;Olives","robots":{"index":"index","follow":"follow","max-snippet":"max-snippet:-1","max-image-preview":"max-image-preview:large","max-video-preview":"max-video-preview:-1"},"canonical":"https:\/\/www.durocdolives.com\/fr-be\/produit\/mini-couronne\/","og_locale":"fr_FR","og_type":"article","og_title":"Mini couronne - Duroc d&#039;Olives","og_description":"Cette couronne de porc est un morceau de c\u00f4te avec son filet et un peu de graisse. Tout comme la couronne d\u2019agneau, la Mini Couronne pr\u00e9sente des c\u00f4tes dont les extr\u00e9mit\u00e9s ont \u00e9t\u00e9 nettoy\u00e9es.","og_url":"https:\/\/www.durocdolives.com\/fr-be\/produit\/mini-couronne\/","og_site_name":"Duroc d&#039;Olives","article_modified_time":"2023-08-09T16:25:40+00:00","og_image":[{"width":1500,"height":1500,"url":"https:\/\/www.durocdolives.com\/wp-content\/uploads\/2021\/01\/Mini-rack.jpg","type":"image\/jpeg"}],"twitter_card":"summary_large_image","schema":{"@context":"https:\/\/schema.org","@graph":[{"@type":"WebPage","@id":"https:\/\/www.durocdolives.com\/fr-be\/produit\/mini-couronne\/","url":"https:\/\/www.durocdolives.com\/fr-be\/produit\/mini-couronne\/","name":"Mini couronne - Duroc d&#039;Olives","isPartOf":{"@id":"https:\/\/www.durocdolives.com\/nl\/#website"},"primaryImageOfPage":{"@id":"https:\/\/www.durocdolives.com\/fr-be\/produit\/mini-couronne\/#primaryimage"},"image":{"@id":"https:\/\/www.durocdolives.com\/fr-be\/produit\/mini-couronne\/#primaryimage"},"thumbnailUrl":"https:\/\/www.durocdolives.com\/wp-content\/uploads\/2021\/01\/Mini-rack.jpg","datePublished":"2020-11-24T14:17:58+00:00","dateModified":"2023-08-09T16:25:40+00:00","breadcrumb":{"@id":"https:\/\/www.durocdolives.com\/fr-be\/produit\/mini-couronne\/#breadcrumb"},"inLanguage":"fr-FR","potentialAction":[{"@type":"ReadAction","target":["https:\/\/www.durocdolives.com\/fr-be\/produit\/mini-couronne\/"]}]},{"@type":"ImageObject","inLanguage":"fr-FR","@id":"https:\/\/www.durocdolives.com\/fr-be\/produit\/mini-couronne\/#primaryimage","url":"https:\/\/www.durocdolives.com\/wp-content\/uploads\/2021\/01\/Mini-rack.jpg","contentUrl":"https:\/\/www.durocdolives.com\/wp-content\/uploads\/2021\/01\/Mini-rack.jpg","width":1500,"height":1500,"caption":"Duroc d'Olives mini-rack"},{"@type":"BreadcrumbList","@id":"https:\/\/www.durocdolives.com\/fr-be\/produit\/mini-couronne\/#breadcrumb","itemListElement":[{"@type":"ListItem","position":1,"name":"Home","item":"https:\/\/www.durocdolives.com\/nl\/"},{"@type":"ListItem","position":2,"name":"Boutique en ligne","item":"https:\/\/www.durocdolives.com\/fr\/boutique-en-ligne\/"},{"@type":"ListItem","position":3,"name":"Mini couronne"}]},{"@type":"WebSite","@id":"https:\/\/www.durocdolives.com\/nl\/#website","url":"https:\/\/www.durocdolives.com\/nl\/","name":"Duroc d&#039;Olives","description":"Heerlijk, kwalitatief varkensvlees","publisher":{"@id":"https:\/\/www.durocdolives.com\/nl\/#organization"},"potentialAction":[{"@type":"SearchAction","target":{"@type":"EntryPoint","urlTemplate":"https:\/\/www.durocdolives.com\/nl\/?s={search_term_string}"},"query-input":{"@type":"PropertyValueSpecification","valueRequired":true,"valueName":"search_term_string"}}],"inLanguage":"fr-FR"},{"@type":"Organization","@id":"https:\/\/www.durocdolives.com\/nl\/#organization","name":"durocdolives","url":"https:\/\/www.durocdolives.com\/nl\/","logo":{"@type":"ImageObject","inLanguage":"fr-FR","@id":"https:\/\/www.durocdolives.com\/nl\/#\/schema\/logo\/image\/","url":"https:\/\/www.durocdolives.com\/wp-content\/uploads\/2020\/10\/logo.svg","contentUrl":"https:\/\/www.durocdolives.com\/wp-content\/uploads\/2020\/10\/logo.svg","width":122,"height":122,"caption":"durocdolives"},"image":{"@id":"https:\/\/www.durocdolives.com\/nl\/#\/schema\/logo\/image\/"}}]}},"_links":{"self":[{"href":"https:\/\/www.durocdolives.com\/fr\/wp-json\/wp\/v2\/product\/16130","targetHints":{"allow":["GET"]}}],"collection":[{"href":"https:\/\/www.durocdolives.com\/fr\/wp-json\/wp\/v2\/product"}],"about":[{"href":"https:\/\/www.durocdolives.com\/fr\/wp-json\/wp\/v2\/types\/product"}],"wp:featuredmedia":[{"embeddable":true,"href":"https:\/\/www.durocdolives.com\/fr\/wp-json\/wp\/v2\/media\/6394"}],"wp:attachment":[{"href":"https:\/\/www.durocdolives.com\/fr\/wp-json\/wp\/v2\/media?parent=16130"}],"wp:term":[{"taxonomy":"product_brand","embeddable":true,"href":"https:\/\/www.durocdolives.com\/fr\/wp-json\/wp\/v2\/product_brand?post=16130"},{"taxonomy":"product_cat","embeddable":true,"href":"https:\/\/www.durocdolives.com\/fr\/wp-json\/wp\/v2\/product_cat?post=16130"},{"taxonomy":"product_tag","embeddable":true,"href":"https:\/\/www.durocdolives.com\/fr\/wp-json\/wp\/v2\/product_tag?post=16130"}],"curies":[{"name":"wp","href":"https:\/\/api.w.org\/{rel}","templated":true}]}}