{"id":14822,"date":"2022-02-22T10:15:18","date_gmt":"2023-08-09T16:19:41","guid":{"rendered":"https:\/\/www.durocdolives.com\/?post_type=product&#038;p=14822"},"modified":"2023-08-09T16:19:41","modified_gmt":"2023-08-09T16:19:41","slug":"abanico","status":"publish","type":"product","link":"https:\/\/www.durocdolives.com\/fr\/produit\/abanico\/","title":{"rendered":"Abanico"},"content":{"rendered":"","protected":false},"excerpt":{"rendered":"<p><span class=\"TextRun SCXW24216097 BCX0\" lang=\"FR-BE\" xml:lang=\"FR-BE\" data-contrast=\"none\"><span class=\"NormalTextRun SCXW24216097 BCX0\">Moins connu, mais non moins appr\u00e9ci\u00e9\u202f: l&rsquo;<\/span><span class=\"SpellingError SCXW24216097 BCX0\">abanico<\/span><span class=\"NormalTextRun SCXW24216097 BCX0\"> est une fine tranche de viande juteuse, situ\u00e9e <\/span><\/span><span class=\"TextRun Highlight SCXW24216097 BCX0\" lang=\"FR-BE\" xml:lang=\"FR-BE\" data-contrast=\"none\"><span class=\"NormalTextRun SCXW24216097 BCX0\">entre l\u2019\u00e9chine et le filet<\/span><\/span><span class=\"TextRun SCXW24216097 BCX0\" lang=\"FR-BE\" xml:lang=\"FR-BE\" data-contrast=\"none\"><span class=\"NormalTextRun SCXW24216097 BCX0\">. G\u00e9n\u00e9reusement persill\u00e9, ce morceau de porc Duroc est d\u00e9licieusement tendre. Un invit\u00e9 de marque pour vos grillades\u202f! <\/span><span class=\"NormalTextRun SCXW24216097 BCX0\">En espagnol, <\/span><\/span><span class=\"TextRun SCXW24216097 BCX0\" lang=\"FR-BE\" xml:lang=\"FR-BE\" data-contrast=\"none\"><span class=\"SpellingError SCXW24216097 BCX0\">abanico<\/span> <\/span><span class=\"TextRun SCXW24216097 BCX0\" lang=\"FR-BE\" xml:lang=\"FR-BE\" data-contrast=\"none\"><span class=\"NormalTextRun SCXW24216097 BCX0\">signifie<\/span><\/span><span class=\"TextRun SCXW24216097 BCX0\" lang=\"FR-BE\" xml:lang=\"FR-BE\" data-contrast=\"none\"> <span class=\"NormalTextRun SCXW24216097 BCX0\">\u00e9ventail<\/span><span class=\"NormalTextRun SCXW24216097 BCX0\">, <\/span><\/span><span class=\"TextRun SCXW24216097 BCX0\" lang=\"FR-BE\" xml:lang=\"FR-BE\" data-contrast=\"none\"><span class=\"NormalTextRun SCXW24216097 BCX0\">allusion \u00e0 la forme typique de cette d\u00e9licatesse.<\/span><\/span><span class=\"EOP SCXW24216097 BCX0\" data-ccp-props=\"{}\">\u00a0<\/span><\/p>\n","protected":false},"featured_media":14802,"template":"","meta":{"_acf_changed":false,"inline_featured_image":false},"product_brand":[],"product_cat":[186],"product_tag":[],"class_list":{"0":"post-14822","1":"product","2":"type-product","3":"status-publish","4":"has-post-thumbnail","6":"product_cat-viande","8":"first","9":"instock","10":"taxable","11":"shipping-taxable","12":"purchasable","13":"product-type-variable"},"acf":[],"yoast_head":"<!-- This site is optimized with the Yoast SEO plugin v27.4 - https:\/\/yoast.com\/product\/yoast-seo-wordpress\/ -->\n<title>Abanico - Duroc d&#039;Olives<\/title>\n<meta name=\"description\" content=\"Abanico signifie \u00e9ventail, allusion \u00e0 la forme de ce fin morceau de porc, juteux et savoureux, entre l\u2019\u00e9chine et le filet.\" \/>\n<meta name=\"robots\" content=\"index, follow, max-snippet:-1, max-image-preview:large, max-video-preview:-1\" \/>\n<link rel=\"canonical\" href=\"https:\/\/www.durocdolives.com\/fr-be\/produit\/abanico\/\" \/>\n<meta property=\"og:locale\" content=\"fr_FR\" \/>\n<meta property=\"og:type\" content=\"article\" \/>\n<meta property=\"og:title\" content=\"Abanico - Duroc d&#039;Olives\" \/>\n<meta property=\"og:description\" content=\"Abanico signifie \u00e9ventail, allusion \u00e0 la forme de ce fin morceau de porc, juteux et savoureux, entre l\u2019\u00e9chine et le filet.\" \/>\n<meta property=\"og:url\" content=\"https:\/\/www.durocdolives.com\/fr-be\/produit\/abanico\/\" \/>\n<meta property=\"og:site_name\" content=\"Duroc d&#039;Olives\" \/>\n<meta property=\"og:image\" content=\"https:\/\/www.durocdolives.com\/wp-content\/uploads\/2022\/02\/Abanico.jpg\" \/>\n\t<meta property=\"og:image:width\" content=\"1300\" \/>\n\t<meta property=\"og:image:height\" content=\"1300\" \/>\n\t<meta property=\"og:image:type\" content=\"image\/jpeg\" \/>\n<meta name=\"twitter:card\" content=\"summary_large_image\" \/>\n<script type=\"application\/ld+json\" class=\"yoast-schema-graph\">{\"@context\":\"https:\\\/\\\/schema.org\",\"@graph\":[{\"@type\":\"WebPage\",\"@id\":\"https:\\\/\\\/www.durocdolives.com\\\/fr-be\\\/produit\\\/abanico\\\/\",\"url\":\"https:\\\/\\\/www.durocdolives.com\\\/fr-be\\\/produit\\\/abanico\\\/\",\"name\":\"Abanico - Duroc d&#039;Olives\",\"isPartOf\":{\"@id\":\"https:\\\/\\\/www.durocdolives.com\\\/nl\\\/#website\"},\"primaryImageOfPage\":{\"@id\":\"https:\\\/\\\/www.durocdolives.com\\\/fr-be\\\/produit\\\/abanico\\\/#primaryimage\"},\"image\":{\"@id\":\"https:\\\/\\\/www.durocdolives.com\\\/fr-be\\\/produit\\\/abanico\\\/#primaryimage\"},\"thumbnailUrl\":\"https:\\\/\\\/www.durocdolives.com\\\/wp-content\\\/uploads\\\/2022\\\/02\\\/Abanico.jpg\",\"datePublished\":\"2023-08-09T16:19:41+00:00\",\"description\":\"Abanico signifie \u00e9ventail, allusion \u00e0 la forme de ce fin morceau de porc, juteux et savoureux, entre l\u2019\u00e9chine et le filet.\",\"breadcrumb\":{\"@id\":\"https:\\\/\\\/www.durocdolives.com\\\/fr-be\\\/produit\\\/abanico\\\/#breadcrumb\"},\"inLanguage\":\"fr-FR\",\"potentialAction\":[{\"@type\":\"ReadAction\",\"target\":[\"https:\\\/\\\/www.durocdolives.com\\\/fr-be\\\/produit\\\/abanico\\\/\"]}]},{\"@type\":\"ImageObject\",\"inLanguage\":\"fr-FR\",\"@id\":\"https:\\\/\\\/www.durocdolives.com\\\/fr-be\\\/produit\\\/abanico\\\/#primaryimage\",\"url\":\"https:\\\/\\\/www.durocdolives.com\\\/wp-content\\\/uploads\\\/2022\\\/02\\\/Abanico.jpg\",\"contentUrl\":\"https:\\\/\\\/www.durocdolives.com\\\/wp-content\\\/uploads\\\/2022\\\/02\\\/Abanico.jpg\",\"width\":1300,\"height\":1300,\"caption\":\"abanico\"},{\"@type\":\"BreadcrumbList\",\"@id\":\"https:\\\/\\\/www.durocdolives.com\\\/fr-be\\\/produit\\\/abanico\\\/#breadcrumb\",\"itemListElement\":[{\"@type\":\"ListItem\",\"position\":1,\"name\":\"Home\",\"item\":\"https:\\\/\\\/www.durocdolives.com\\\/nl\\\/\"},{\"@type\":\"ListItem\",\"position\":2,\"name\":\"Boutique en ligne\",\"item\":\"https:\\\/\\\/www.durocdolives.com\\\/fr\\\/boutique-en-ligne\\\/\"},{\"@type\":\"ListItem\",\"position\":3,\"name\":\"Abanico\"}]},{\"@type\":\"WebSite\",\"@id\":\"https:\\\/\\\/www.durocdolives.com\\\/nl\\\/#website\",\"url\":\"https:\\\/\\\/www.durocdolives.com\\\/nl\\\/\",\"name\":\"Duroc d&#039;Olives\",\"description\":\"Heerlijk, kwalitatief varkensvlees\",\"publisher\":{\"@id\":\"https:\\\/\\\/www.durocdolives.com\\\/nl\\\/#organization\"},\"potentialAction\":[{\"@type\":\"SearchAction\",\"target\":{\"@type\":\"EntryPoint\",\"urlTemplate\":\"https:\\\/\\\/www.durocdolives.com\\\/nl\\\/?s={search_term_string}\"},\"query-input\":{\"@type\":\"PropertyValueSpecification\",\"valueRequired\":true,\"valueName\":\"search_term_string\"}}],\"inLanguage\":\"fr-FR\"},{\"@type\":\"Organization\",\"@id\":\"https:\\\/\\\/www.durocdolives.com\\\/nl\\\/#organization\",\"name\":\"durocdolives\",\"url\":\"https:\\\/\\\/www.durocdolives.com\\\/nl\\\/\",\"logo\":{\"@type\":\"ImageObject\",\"inLanguage\":\"fr-FR\",\"@id\":\"https:\\\/\\\/www.durocdolives.com\\\/nl\\\/#\\\/schema\\\/logo\\\/image\\\/\",\"url\":\"https:\\\/\\\/www.durocdolives.com\\\/wp-content\\\/uploads\\\/2020\\\/10\\\/logo.svg\",\"contentUrl\":\"https:\\\/\\\/www.durocdolives.com\\\/wp-content\\\/uploads\\\/2020\\\/10\\\/logo.svg\",\"width\":122,\"height\":122,\"caption\":\"durocdolives\"},\"image\":{\"@id\":\"https:\\\/\\\/www.durocdolives.com\\\/nl\\\/#\\\/schema\\\/logo\\\/image\\\/\"}}]}<\/script>\n<!-- \/ Yoast SEO plugin. -->","yoast_head_json":{"title":"Abanico - Duroc d&#039;Olives","description":"Abanico signifie \u00e9ventail, allusion \u00e0 la forme de ce fin morceau de porc, juteux et savoureux, entre l\u2019\u00e9chine et le filet.","robots":{"index":"index","follow":"follow","max-snippet":"max-snippet:-1","max-image-preview":"max-image-preview:large","max-video-preview":"max-video-preview:-1"},"canonical":"https:\/\/www.durocdolives.com\/fr-be\/produit\/abanico\/","og_locale":"fr_FR","og_type":"article","og_title":"Abanico - Duroc d&#039;Olives","og_description":"Abanico signifie \u00e9ventail, allusion \u00e0 la forme de ce fin morceau de porc, juteux et savoureux, entre l\u2019\u00e9chine et le filet.","og_url":"https:\/\/www.durocdolives.com\/fr-be\/produit\/abanico\/","og_site_name":"Duroc d&#039;Olives","og_image":[{"width":1300,"height":1300,"url":"https:\/\/www.durocdolives.com\/wp-content\/uploads\/2022\/02\/Abanico.jpg","type":"image\/jpeg"}],"twitter_card":"summary_large_image","schema":{"@context":"https:\/\/schema.org","@graph":[{"@type":"WebPage","@id":"https:\/\/www.durocdolives.com\/fr-be\/produit\/abanico\/","url":"https:\/\/www.durocdolives.com\/fr-be\/produit\/abanico\/","name":"Abanico - Duroc d&#039;Olives","isPartOf":{"@id":"https:\/\/www.durocdolives.com\/nl\/#website"},"primaryImageOfPage":{"@id":"https:\/\/www.durocdolives.com\/fr-be\/produit\/abanico\/#primaryimage"},"image":{"@id":"https:\/\/www.durocdolives.com\/fr-be\/produit\/abanico\/#primaryimage"},"thumbnailUrl":"https:\/\/www.durocdolives.com\/wp-content\/uploads\/2022\/02\/Abanico.jpg","datePublished":"2023-08-09T16:19:41+00:00","description":"Abanico signifie \u00e9ventail, allusion \u00e0 la forme de ce fin morceau de porc, juteux et savoureux, entre l\u2019\u00e9chine et le filet.","breadcrumb":{"@id":"https:\/\/www.durocdolives.com\/fr-be\/produit\/abanico\/#breadcrumb"},"inLanguage":"fr-FR","potentialAction":[{"@type":"ReadAction","target":["https:\/\/www.durocdolives.com\/fr-be\/produit\/abanico\/"]}]},{"@type":"ImageObject","inLanguage":"fr-FR","@id":"https:\/\/www.durocdolives.com\/fr-be\/produit\/abanico\/#primaryimage","url":"https:\/\/www.durocdolives.com\/wp-content\/uploads\/2022\/02\/Abanico.jpg","contentUrl":"https:\/\/www.durocdolives.com\/wp-content\/uploads\/2022\/02\/Abanico.jpg","width":1300,"height":1300,"caption":"abanico"},{"@type":"BreadcrumbList","@id":"https:\/\/www.durocdolives.com\/fr-be\/produit\/abanico\/#breadcrumb","itemListElement":[{"@type":"ListItem","position":1,"name":"Home","item":"https:\/\/www.durocdolives.com\/nl\/"},{"@type":"ListItem","position":2,"name":"Boutique en ligne","item":"https:\/\/www.durocdolives.com\/fr\/boutique-en-ligne\/"},{"@type":"ListItem","position":3,"name":"Abanico"}]},{"@type":"WebSite","@id":"https:\/\/www.durocdolives.com\/nl\/#website","url":"https:\/\/www.durocdolives.com\/nl\/","name":"Duroc d&#039;Olives","description":"Heerlijk, kwalitatief varkensvlees","publisher":{"@id":"https:\/\/www.durocdolives.com\/nl\/#organization"},"potentialAction":[{"@type":"SearchAction","target":{"@type":"EntryPoint","urlTemplate":"https:\/\/www.durocdolives.com\/nl\/?s={search_term_string}"},"query-input":{"@type":"PropertyValueSpecification","valueRequired":true,"valueName":"search_term_string"}}],"inLanguage":"fr-FR"},{"@type":"Organization","@id":"https:\/\/www.durocdolives.com\/nl\/#organization","name":"durocdolives","url":"https:\/\/www.durocdolives.com\/nl\/","logo":{"@type":"ImageObject","inLanguage":"fr-FR","@id":"https:\/\/www.durocdolives.com\/nl\/#\/schema\/logo\/image\/","url":"https:\/\/www.durocdolives.com\/wp-content\/uploads\/2020\/10\/logo.svg","contentUrl":"https:\/\/www.durocdolives.com\/wp-content\/uploads\/2020\/10\/logo.svg","width":122,"height":122,"caption":"durocdolives"},"image":{"@id":"https:\/\/www.durocdolives.com\/nl\/#\/schema\/logo\/image\/"}}]}},"_links":{"self":[{"href":"https:\/\/www.durocdolives.com\/fr\/wp-json\/wp\/v2\/product\/14822","targetHints":{"allow":["GET"]}}],"collection":[{"href":"https:\/\/www.durocdolives.com\/fr\/wp-json\/wp\/v2\/product"}],"about":[{"href":"https:\/\/www.durocdolives.com\/fr\/wp-json\/wp\/v2\/types\/product"}],"wp:featuredmedia":[{"embeddable":true,"href":"https:\/\/www.durocdolives.com\/fr\/wp-json\/wp\/v2\/media\/14802"}],"wp:attachment":[{"href":"https:\/\/www.durocdolives.com\/fr\/wp-json\/wp\/v2\/media?parent=14822"}],"wp:term":[{"taxonomy":"product_brand","embeddable":true,"href":"https:\/\/www.durocdolives.com\/fr\/wp-json\/wp\/v2\/product_brand?post=14822"},{"taxonomy":"product_cat","embeddable":true,"href":"https:\/\/www.durocdolives.com\/fr\/wp-json\/wp\/v2\/product_cat?post=14822"},{"taxonomy":"product_tag","embeddable":true,"href":"https:\/\/www.durocdolives.com\/fr\/wp-json\/wp\/v2\/product_tag?post=14822"}],"curies":[{"name":"wp","href":"https:\/\/api.w.org\/{rel}","templated":true}]}}