{"id":8521,"date":"2021-03-10T14:48:58","date_gmt":"2021-03-10T14:48:58","guid":{"rendered":"https:\/\/www.durocdolives.com\/cookies\/"},"modified":"2021-03-10T14:48:58","modified_gmt":"2021-03-10T14:48:58","slug":"cookies","status":"publish","type":"page","link":"https:\/\/www.durocdolives.com\/fr\/cookies\/","title":{"rendered":"Cookies"},"content":{"rendered":"\t\t<div data-elementor-type=\"wp-page\" data-elementor-id=\"8521\" class=\"elementor elementor-8521 elementor-193\" data-elementor-post-type=\"page\">\n\t\t\t\t\t\t<section class=\"elementor-section elementor-top-section elementor-element elementor-element-f9d80cd elementor-section-boxed elementor-section-height-default elementor-section-height-default\" data-id=\"f9d80cd\" data-element_type=\"section\" data-e-type=\"section\">\n\t\t\t\t\t\t<div class=\"elementor-container elementor-column-gap-default\">\n\t\t\t\t\t<div class=\"elementor-column elementor-col-100 elementor-top-column elementor-element elementor-element-0e576eb\" data-id=\"0e576eb\" data-element_type=\"column\" data-e-type=\"column\">\n\t\t\t<div class=\"elementor-widget-wrap elementor-element-populated\">\n\t\t\t\t\t\t<div class=\"elementor-element elementor-element-1ecbe7d elementor-widget elementor-widget-text-editor\" data-id=\"1ecbe7d\" data-element_type=\"widget\" data-e-type=\"widget\" data-widget_type=\"text-editor.default\">\n\t\t\t\t<div class=\"elementor-widget-container\">\n\t\t\t\t\t\t\t\t\t<ol>\n<li><strong><u>COOKIES<\/u><\/strong><\/li>\n<\/ol>\n<p>Un cookie est un petit fichier texte qui est plac\u00e9 sur le disque dur de votre ordinateur ou de votre appareil mobile lorsque vous visitez un site web. Le cookie est plac\u00e9 sur votre appareil par le site web lui-m\u00eame (\u00ab\u00a0<em>first party cookies<\/em>\u00ab\u00a0) ou par des partenaires du site web (\u00ab\u00a0<em>third party cookies<\/em>\u00ab\u00a0). Le cookie utilise un num\u00e9ro d&rsquo;identification unique pour reconna\u00eetre votre appareil lorsque vous revenez sur le site web et recueille des informations sur vos habitudes de navigation.<\/p>\n<p>Il existe diff\u00e9rents types de cookies. Nous distinguons les cookies suivants en fonction de leur finalit\u00e9 : il y a les cookies essentiels ou strictement n\u00e9cessaires et les cookies non essentiels (cookies fonctionnels, analytiques et de ciblage).<\/p>\n<p>La loi belge sur les communications \u00e9lectroniques du 13 juin 2005 contient un certain nombre de dispositions relatives aux cookies et \u00e0 leur utilisation sur les sites web. Cette loi est une transposition de la directive europ\u00e9enne sur la vie priv\u00e9e et les communications \u00e9lectroniques, ce qui signifie que la l\u00e9gislation sur les cookies peut \u00eatre mise en \u0153uvre diff\u00e9remment dans d&rsquo;autres \u00c9tats membres europ\u00e9ens. DUROC D&rsquo;OLIVES est situ\u00e9 en Belgique et suit donc la l\u00e9gislation belge et europ\u00e9enne sur les cookies.<\/p>\n<ol start=\"2\">\n<li><strong><u>OBJECTIF ET UTILIT\u00c9 DES COOKIES <\/u><\/strong><\/li>\n<\/ol>\n<p>En visitant le site web, vous pouvez accepter l&rsquo;installation de cookies. Les cookies aident DUROC D&rsquo;OLIVES \u00e0 optimiser votre visite sur le site et \u00e0 vous offrir une exp\u00e9rience utilisateur optimale. Toutefois, vous \u00eates libre de supprimer ou de limiter les cookies \u00e0 tout moment en modifiant les param\u00e8tres de votre navigateur (voir \u00ab\u00a0Gestion des cookies\u00a0\u00bb).<\/p>\n<p>La d\u00e9sactivation des cookies peut affecter le fonctionnement du site web. Certaines fonctions du site peuvent \u00eatre limit\u00e9es ou inaccessibles. Si vous d\u00e9cidez de d\u00e9sactiver les cookies, nous ne pouvons pas vous garantir une visite optimale et sans heurts de notre site web.<\/p>\n<ol start=\"3\">\n<li><strong><u>TYPES DE BISCUITS UTILIS\u00c9S PAR LE DUROC D&rsquo;OLIVES<\/u><\/strong><\/li>\n<\/ol>\n<p>Nous faisons la distinction entre les types de cookies suivants :<\/p>\n<ul>\n<li><strong>Cookies strictement n\u00e9cessaires : <\/strong><\/li>\n<\/ul>\n<p>Ces cookies sont n\u00e9cessaires au fonctionnement du site web et ne peuvent pas \u00eatre d\u00e9sactiv\u00e9s dans nos syst\u00e8mes. Ils ne sont g\u00e9n\u00e9ralement d\u00e9finis qu&rsquo;en r\u00e9ponse \u00e0 des actions que vous avez entreprises, telles que la d\u00e9finition de vos pr\u00e9f\u00e9rences en mati\u00e8re de protection de la vie priv\u00e9e, la connexion ou le remplissage de formulaires.<\/p>\n<ul>\n<li><strong>Cookies non essentiels :<\/strong><\/li>\n<\/ul>\n<p>Ces cookies ne sont pas n\u00e9cessaires en soi pour le fonctionnement du site web, mais ils nous aident \u00e0 fournir un site web am\u00e9lior\u00e9 et personnalis\u00e9.<\/p>\n<ul>\n<li><strong>Cookies fonctionnels :<\/strong><\/li>\n<\/ul>\n<p>Ces cookies permettent au site web de fournir une fonctionnalit\u00e9 et une personnalisation am\u00e9lior\u00e9es. Ils peuvent \u00eatre d\u00e9finis par nous ou par des fournisseurs tiers dont nous avons ajout\u00e9 les services \u00e0 nos pages.<\/p>\n<ul>\n<li><strong>Cookies analytiques :<\/strong><\/li>\n<\/ul>\n<p>Ces cookies nous permettent de suivre les visites et le trafic afin de pouvoir mesurer et am\u00e9liorer les performances de notre site. Ils nous aident \u00e0 savoir quelles sont les pages les plus et les moins populaires et comment les visiteurs se d\u00e9placent sur le site.<strong>\u00a0<\/strong><\/p>\n<ul>\n<li><strong>Targeting cookies :<\/strong><\/li>\n<\/ul>\n<p>Ces cookies peuvent \u00eatre plac\u00e9s par nos partenaires publicitaires par l&rsquo;interm\u00e9diaire de notre site. Elles peuvent \u00eatre utilis\u00e9es par ces entreprises pour \u00e9tablir un profil de vos int\u00e9r\u00eats et vous montrer des publicit\u00e9s pertinentes sur d&rsquo;autres sites.<\/p>\n<p>Nous utilisons \u00e0 la fois nos propres cookies (\u00ab\u00a0<em>first party cookies<\/em>\u00ab\u00a0) et des cookies provenant de partenaires soigneusement s\u00e9lectionn\u00e9s avec lesquels nous travaillons (\u00ab\u00a0<em>third party cookies<\/em>\u00ab\u00a0).<\/p>\n<p><strong>First Party Cookies : <\/strong><\/p>\n<p><strong>Nom de domaine: <\/strong><\/p>\n<table width=\"568\">\n<tbody>\n<tr>\n<td width=\"142\"><strong>Nom du cookie<\/strong><\/td>\n<td width=\"224\"><strong>Type de cookie<\/strong><\/td>\n<td width=\"201\"><strong>Periode de conservation<\/strong><\/td>\n<\/tr>\n<tr>\n<td width=\"142\">&nbsp;<\/p>\n<p>&nbsp;<\/td>\n<td width=\"224\">&nbsp;<\/p>\n<p>&nbsp;<\/td>\n<td width=\"201\">&nbsp;<\/p>\n<p>&nbsp;<\/td>\n<\/tr>\n<tr>\n<td width=\"142\">&nbsp;<\/p>\n<p><strong>\u00a0<\/strong><\/td>\n<td width=\"224\"><\/td>\n<td width=\"201\"><\/td>\n<\/tr>\n<tr>\n<td width=\"142\"><\/td>\n<td width=\"224\"><\/td>\n<td width=\"201\"><\/td>\n<\/tr>\n<tr>\n<td width=\"142\"><\/td>\n<td width=\"224\"><\/td>\n<td width=\"201\"><\/td>\n<\/tr>\n<tr>\n<td width=\"142\"><\/td>\n<td width=\"224\"><\/td>\n<td width=\"201\"><\/td>\n<\/tr>\n<\/tbody>\n<\/table>\n<p><strong>\u00a0<\/strong><\/p>\n<p><strong>Third party cookies: <\/strong><\/p>\n<p><strong>Nom de domaine: <\/strong><\/p>\n<table>\n<tbody>\n<tr>\n<td width=\"142\"><strong>Nom du cookie<\/strong><\/td>\n<td width=\"226\"><strong>Type de cookie<\/strong><\/td>\n<td width=\"197\"><strong>Periode de conservation<\/strong><\/td>\n<\/tr>\n<tr>\n<td width=\"142\"><\/td>\n<td width=\"226\">&nbsp;<\/p>\n<p>&nbsp;<\/td>\n<td width=\"197\">&nbsp;<\/p>\n<p>&nbsp;<\/td>\n<\/tr>\n<tr>\n<td width=\"142\">&nbsp;<\/p>\n<p>&nbsp;<\/td>\n<td width=\"226\">&nbsp;<\/p>\n<p>&nbsp;<\/td>\n<td width=\"197\">&nbsp;<\/p>\n<p>&nbsp;<\/td>\n<\/tr>\n<tr>\n<td width=\"142\"><\/td>\n<td width=\"226\">&nbsp;<\/p>\n<p>&nbsp;<\/td>\n<td width=\"197\">&nbsp;<\/p>\n<p>&nbsp;<\/td>\n<\/tr>\n<\/tbody>\n<\/table>\n<p><strong>Nom de domaine: <\/strong><\/p>\n<table>\n<tbody>\n<tr>\n<td width=\"145\"><strong>Nom du cookie<\/strong><\/td>\n<td width=\"215\"><strong>Type de cookie<\/strong><\/td>\n<td width=\"192\"><strong>Periode de conservation<\/strong><\/td>\n<\/tr>\n<tr>\n<td width=\"145\"><strong>\u00a0<\/strong><\/p>\n<p>&nbsp;<\/td>\n<td width=\"215\"><\/td>\n<td width=\"192\">&nbsp;<\/p>\n<p>&nbsp;<\/td>\n<\/tr>\n<tr>\n<td width=\"145\"><strong>\u00a0<\/strong><\/p>\n<p>&nbsp;<\/td>\n<td width=\"215\">&nbsp;<\/p>\n<p>&nbsp;<\/td>\n<td width=\"192\">&nbsp;<\/p>\n<p>&nbsp;<\/td>\n<\/tr>\n<tr>\n<td width=\"145\"><strong>\u00a0<\/strong><\/p>\n<p>&nbsp;<\/td>\n<td width=\"215\">&nbsp;<\/p>\n<p>&nbsp;<\/td>\n<td width=\"192\">&nbsp;<\/p>\n<p>&nbsp;<\/td>\n<\/tr>\n<tr>\n<td width=\"145\"><strong>\u00a0<\/strong><\/p>\n<p>&nbsp;<\/td>\n<td width=\"215\">&nbsp;<\/p>\n<p>&nbsp;<\/td>\n<td width=\"192\">&nbsp;<\/p>\n<p>&nbsp;<\/td>\n<\/tr>\n<\/tbody>\n<\/table>\n<p><strong>\u00a0<\/strong><\/p>\n<p>Pour plus d&rsquo;informations sur le traitement des donn\u00e9es personnelles par DUROC D&rsquo;OLIVES, veuillez lire notre d\u00e9claration vie priv\u00e9e [URL].<\/p>\n<ol start=\"4\">\n<li><strong><u>GESTION DES COOKIES<\/u><\/strong><\/li>\n<\/ol>\n<p>Assurez-vous que les cookies sont activ\u00e9s dans votre navigateur web. Si vous souhaitez consulter le site DUROC D&rsquo;OLIVES, nous vous recommandons d&rsquo;activer les cookies. Toutefois, vous \u00eates libre de d\u00e9sactiver les cookies si vous le souhaitez via les param\u00e8tres de votre navigateur.<\/p>\n<p>Pour activer ou d\u00e9sactiver les cookies, vous devez modifier les param\u00e8tres de votre navigateur (via l&rsquo;onglet \u00ab\u00a0Pr\u00e9f\u00e9rences\u00a0\u00bb ou \u00ab\u00a0Options\u00a0\u00bb).<\/p>\n<ol start=\"5\">\n<li><strong><u>DROITS DES VISITEURS <\/u><\/strong><\/li>\n<\/ol>\n<p>Comme les cookies peuvent constituer un traitement de donn\u00e9es \u00e0 caract\u00e8re personnel, vous avez droit, en tant que personne concern\u00e9e, \u00e0 un traitement l\u00e9gal et s\u00fbr des donn\u00e9es \u00e0 caract\u00e8re personnel. Vous trouverez de plus amples informations sur la mani\u00e8re dont nous recueillons et traitons vos donn\u00e9es personnelles et sur vos droits dans notre d\u00e9claration de confidentialit\u00e9.<\/p>\n<ol start=\"6\">\n<li><strong><u>CONTACT<\/u><\/strong><\/li>\n<\/ol>\n<p>Si vous avez encore des questions ou des remarques sur les cookies apr\u00e8s avoir lu notre politique en mati\u00e8re de cookies, vous pouvez toujours nous contacter via info@durocdolives.be.<\/p>\n\t\t\t\t\t\t\t\t<\/div>\n\t\t\t\t<\/div>\n\t\t\t\t\t<\/div>\n\t\t<\/div>\n\t\t\t\t\t<\/div>\n\t\t<\/section>\n\t\t\t\t<\/div>\n\t\t","protected":false},"excerpt":{"rendered":"<p>COOKIES Un cookie est un petit fichier texte qui est plac\u00e9 sur le disque dur de votre ordinateur ou de votre appareil mobile lorsque vous visitez un site web. Le cookie est plac\u00e9 sur votre appareil par le site web lui-m\u00eame (\u00ab\u00a0first party cookies\u00ab\u00a0) ou par des partenaires du site web (\u00ab\u00a0third party cookies\u00ab\u00a0). Le [&hellip;]<\/p>\n","protected":false},"author":3,"featured_media":0,"parent":0,"menu_order":0,"comment_status":"closed","ping_status":"closed","template":"","meta":{"_acf_changed":false,"inline_featured_image":false,"footnotes":""},"class_list":["post-8521","page","type-page","status-publish","hentry"],"acf":[],"yoast_head":"<!-- This site is optimized with the Yoast SEO plugin v27.4 - https:\/\/yoast.com\/product\/yoast-seo-wordpress\/ -->\n<title>Cookies - Duroc d&#039;Olives<\/title>\n<meta name=\"robots\" content=\"index, follow, max-snippet:-1, max-image-preview:large, max-video-preview:-1\" \/>\n<link rel=\"canonical\" href=\"https:\/\/www.durocdolives.com\/fr\/cookies\/\" \/>\n<meta property=\"og:locale\" content=\"fr_FR\" \/>\n<meta property=\"og:type\" content=\"article\" \/>\n<meta property=\"og:title\" content=\"Cookies - Duroc d&#039;Olives\" \/>\n<meta property=\"og:description\" content=\"COOKIES Un cookie est un petit fichier texte qui est plac\u00e9 sur le disque dur de votre ordinateur ou de votre appareil mobile lorsque vous visitez un site web. Le cookie est plac\u00e9 sur votre appareil par le site web lui-m\u00eame (\u00ab\u00a0first party cookies\u00ab\u00a0) ou par des partenaires du site web (\u00ab\u00a0third party cookies\u00ab\u00a0). Le [&hellip;]\" \/>\n<meta property=\"og:url\" content=\"https:\/\/www.durocdolives.com\/fr\/cookies\/\" \/>\n<meta property=\"og:site_name\" content=\"Duroc d&#039;Olives\" \/>\n<meta name=\"twitter:card\" content=\"summary_large_image\" \/>\n<meta name=\"twitter:label1\" content=\"Dur\u00e9e de lecture estim\u00e9e\" \/>\n\t<meta name=\"twitter:data1\" content=\"4 minutes\" \/>\n<script type=\"application\/ld+json\" class=\"yoast-schema-graph\">{\"@context\":\"https:\\\/\\\/schema.org\",\"@graph\":[{\"@type\":\"WebPage\",\"@id\":\"https:\\\/\\\/www.durocdolives.com\\\/fr\\\/cookies\\\/\",\"url\":\"https:\\\/\\\/www.durocdolives.com\\\/fr\\\/cookies\\\/\",\"name\":\"Cookies - Duroc d&#039;Olives\",\"isPartOf\":{\"@id\":\"https:\\\/\\\/www.durocdolives.com\\\/nl\\\/#website\"},\"datePublished\":\"2021-03-10T14:48:58+00:00\",\"breadcrumb\":{\"@id\":\"https:\\\/\\\/www.durocdolives.com\\\/fr\\\/cookies\\\/#breadcrumb\"},\"inLanguage\":\"fr-FR\",\"potentialAction\":[{\"@type\":\"ReadAction\",\"target\":[\"https:\\\/\\\/www.durocdolives.com\\\/fr\\\/cookies\\\/\"]}]},{\"@type\":\"BreadcrumbList\",\"@id\":\"https:\\\/\\\/www.durocdolives.com\\\/fr\\\/cookies\\\/#breadcrumb\",\"itemListElement\":[{\"@type\":\"ListItem\",\"position\":1,\"name\":\"Home\",\"item\":\"https:\\\/\\\/www.durocdolives.com\\\/nl\\\/\"},{\"@type\":\"ListItem\",\"position\":2,\"name\":\"Cookies\"}]},{\"@type\":\"WebSite\",\"@id\":\"https:\\\/\\\/www.durocdolives.com\\\/nl\\\/#website\",\"url\":\"https:\\\/\\\/www.durocdolives.com\\\/nl\\\/\",\"name\":\"Duroc d&#039;Olives\",\"description\":\"Heerlijk, kwalitatief varkensvlees\",\"publisher\":{\"@id\":\"https:\\\/\\\/www.durocdolives.com\\\/nl\\\/#organization\"},\"potentialAction\":[{\"@type\":\"SearchAction\",\"target\":{\"@type\":\"EntryPoint\",\"urlTemplate\":\"https:\\\/\\\/www.durocdolives.com\\\/nl\\\/?s={search_term_string}\"},\"query-input\":{\"@type\":\"PropertyValueSpecification\",\"valueRequired\":true,\"valueName\":\"search_term_string\"}}],\"inLanguage\":\"fr-FR\"},{\"@type\":\"Organization\",\"@id\":\"https:\\\/\\\/www.durocdolives.com\\\/nl\\\/#organization\",\"name\":\"durocdolives\",\"url\":\"https:\\\/\\\/www.durocdolives.com\\\/nl\\\/\",\"logo\":{\"@type\":\"ImageObject\",\"inLanguage\":\"fr-FR\",\"@id\":\"https:\\\/\\\/www.durocdolives.com\\\/nl\\\/#\\\/schema\\\/logo\\\/image\\\/\",\"url\":\"https:\\\/\\\/www.durocdolives.com\\\/wp-content\\\/uploads\\\/2020\\\/10\\\/logo.svg\",\"contentUrl\":\"https:\\\/\\\/www.durocdolives.com\\\/wp-content\\\/uploads\\\/2020\\\/10\\\/logo.svg\",\"width\":122,\"height\":122,\"caption\":\"durocdolives\"},\"image\":{\"@id\":\"https:\\\/\\\/www.durocdolives.com\\\/nl\\\/#\\\/schema\\\/logo\\\/image\\\/\"}}]}<\/script>\n<!-- \/ Yoast SEO plugin. -->","yoast_head_json":{"title":"Cookies - Duroc d&#039;Olives","robots":{"index":"index","follow":"follow","max-snippet":"max-snippet:-1","max-image-preview":"max-image-preview:large","max-video-preview":"max-video-preview:-1"},"canonical":"https:\/\/www.durocdolives.com\/fr\/cookies\/","og_locale":"fr_FR","og_type":"article","og_title":"Cookies - Duroc d&#039;Olives","og_description":"COOKIES Un cookie est un petit fichier texte qui est plac\u00e9 sur le disque dur de votre ordinateur ou de votre appareil mobile lorsque vous visitez un site web. Le cookie est plac\u00e9 sur votre appareil par le site web lui-m\u00eame (\u00ab\u00a0first party cookies\u00ab\u00a0) ou par des partenaires du site web (\u00ab\u00a0third party cookies\u00ab\u00a0). Le [&hellip;]","og_url":"https:\/\/www.durocdolives.com\/fr\/cookies\/","og_site_name":"Duroc d&#039;Olives","twitter_card":"summary_large_image","twitter_misc":{"Dur\u00e9e de lecture estim\u00e9e":"4 minutes"},"schema":{"@context":"https:\/\/schema.org","@graph":[{"@type":"WebPage","@id":"https:\/\/www.durocdolives.com\/fr\/cookies\/","url":"https:\/\/www.durocdolives.com\/fr\/cookies\/","name":"Cookies - Duroc d&#039;Olives","isPartOf":{"@id":"https:\/\/www.durocdolives.com\/nl\/#website"},"datePublished":"2021-03-10T14:48:58+00:00","breadcrumb":{"@id":"https:\/\/www.durocdolives.com\/fr\/cookies\/#breadcrumb"},"inLanguage":"fr-FR","potentialAction":[{"@type":"ReadAction","target":["https:\/\/www.durocdolives.com\/fr\/cookies\/"]}]},{"@type":"BreadcrumbList","@id":"https:\/\/www.durocdolives.com\/fr\/cookies\/#breadcrumb","itemListElement":[{"@type":"ListItem","position":1,"name":"Home","item":"https:\/\/www.durocdolives.com\/nl\/"},{"@type":"ListItem","position":2,"name":"Cookies"}]},{"@type":"WebSite","@id":"https:\/\/www.durocdolives.com\/nl\/#website","url":"https:\/\/www.durocdolives.com\/nl\/","name":"Duroc d&#039;Olives","description":"Heerlijk, kwalitatief varkensvlees","publisher":{"@id":"https:\/\/www.durocdolives.com\/nl\/#organization"},"potentialAction":[{"@type":"SearchAction","target":{"@type":"EntryPoint","urlTemplate":"https:\/\/www.durocdolives.com\/nl\/?s={search_term_string}"},"query-input":{"@type":"PropertyValueSpecification","valueRequired":true,"valueName":"search_term_string"}}],"inLanguage":"fr-FR"},{"@type":"Organization","@id":"https:\/\/www.durocdolives.com\/nl\/#organization","name":"durocdolives","url":"https:\/\/www.durocdolives.com\/nl\/","logo":{"@type":"ImageObject","inLanguage":"fr-FR","@id":"https:\/\/www.durocdolives.com\/nl\/#\/schema\/logo\/image\/","url":"https:\/\/www.durocdolives.com\/wp-content\/uploads\/2020\/10\/logo.svg","contentUrl":"https:\/\/www.durocdolives.com\/wp-content\/uploads\/2020\/10\/logo.svg","width":122,"height":122,"caption":"durocdolives"},"image":{"@id":"https:\/\/www.durocdolives.com\/nl\/#\/schema\/logo\/image\/"}}]}},"_links":{"self":[{"href":"https:\/\/www.durocdolives.com\/fr\/wp-json\/wp\/v2\/pages\/8521","targetHints":{"allow":["GET"]}}],"collection":[{"href":"https:\/\/www.durocdolives.com\/fr\/wp-json\/wp\/v2\/pages"}],"about":[{"href":"https:\/\/www.durocdolives.com\/fr\/wp-json\/wp\/v2\/types\/page"}],"author":[{"embeddable":true,"href":"https:\/\/www.durocdolives.com\/fr\/wp-json\/wp\/v2\/users\/3"}],"replies":[{"embeddable":true,"href":"https:\/\/www.durocdolives.com\/fr\/wp-json\/wp\/v2\/comments?post=8521"}],"version-history":[{"count":0,"href":"https:\/\/www.durocdolives.com\/fr\/wp-json\/wp\/v2\/pages\/8521\/revisions"}],"wp:attachment":[{"href":"https:\/\/www.durocdolives.com\/fr\/wp-json\/wp\/v2\/media?parent=8521"}],"curies":[{"name":"wp","href":"https:\/\/api.w.org\/{rel}","templated":true}]}}