{"id":7111,"date":"2021-02-05T13:20:17","date_gmt":"2021-02-05T13:20:17","guid":{"rendered":"https:\/\/www.durocdolives.com\/durabilite-innovation\/formation-et-education\/"},"modified":"2021-04-20T12:51:12","modified_gmt":"2021-04-20T12:51:12","slug":"formation-et-education","status":"publish","type":"page","link":"https:\/\/www.durocdolives.com\/fr\/durabilite-innovation\/formation-et-education\/","title":{"rendered":"Formation et \u00e9ducation"},"content":{"rendered":"\t\t<div data-elementor-type=\"wp-page\" data-elementor-id=\"7111\" class=\"elementor elementor-7111 elementor-7091\" data-elementor-post-type=\"page\">\n\t\t\t\t\t\t<section class=\"elementor-section elementor-top-section elementor-element elementor-element-92e78e6 elementor-section-boxed elementor-section-height-default elementor-section-height-default\" data-id=\"92e78e6\" data-element_type=\"section\">\n\t\t\t\t\t\t<div class=\"elementor-container elementor-column-gap-default\">\n\t\t\t\t\t<div class=\"elementor-column elementor-col-100 elementor-top-column elementor-element elementor-element-298bf333\" data-id=\"298bf333\" data-element_type=\"column\">\n\t\t\t<div class=\"elementor-widget-wrap elementor-element-populated\">\n\t\t\t\t\t\t<div class=\"elementor-element elementor-element-5b35d9fa elementor-widget elementor-widget-heading\" data-id=\"5b35d9fa\" data-element_type=\"widget\" data-widget_type=\"heading.default\">\n\t\t\t\t<div class=\"elementor-widget-container\">\n\t\t\t\t\t<h2 class=\"elementor-heading-title elementor-size-default\">Formation et \u00e9ducation<\/h2>\t\t\t\t<\/div>\n\t\t\t\t<\/div>\n\t\t\t\t<div class=\"elementor-element elementor-element-770d55c4 elementor-widget elementor-widget-text-editor\" data-id=\"770d55c4\" data-element_type=\"widget\" data-widget_type=\"text-editor.default\">\n\t\t\t\t<div class=\"elementor-widget-container\">\n\t\t\t\t\t\t\t\t\tLa qualit\u00e9 de notre viande de porc est une pr\u00e9occupation partag\u00e9e par tous les collaborateurs de Duroc d&rsquo;Olives. Nous avons \u00e9galement \u00e0 c\u0153ur de sensibiliser les visiteurs \u00e0 notre vision et \u00e0 notre approche.\t\t\t\t\t\t\t\t<\/div>\n\t\t\t\t<\/div>\n\t\t\t\t<div class=\"elementor-element elementor-element-f4b37eb elementor-widget elementor-widget-spacer\" data-id=\"f4b37eb\" data-element_type=\"widget\" data-widget_type=\"spacer.default\">\n\t\t\t\t<div class=\"elementor-widget-container\">\n\t\t\t\t\t\t\t<div class=\"elementor-spacer\">\n\t\t\t<div class=\"elementor-spacer-inner\"><\/div>\n\t\t<\/div>\n\t\t\t\t\t\t<\/div>\n\t\t\t\t<\/div>\n\t\t\t\t\t<\/div>\n\t\t<\/div>\n\t\t\t\t\t<\/div>\n\t\t<\/section>\n\t\t\t\t<section class=\"elementor-section elementor-top-section elementor-element elementor-element-305fbe18 elementor-section-boxed elementor-section-height-default elementor-section-height-default\" data-id=\"305fbe18\" data-element_type=\"section\">\n\t\t\t\t\t\t<div class=\"elementor-container elementor-column-gap-default\">\n\t\t\t\t\t<div class=\"elementor-column elementor-col-50 elementor-top-column elementor-element elementor-element-1ccd9ee5\" data-id=\"1ccd9ee5\" data-element_type=\"column\">\n\t\t\t<div class=\"elementor-widget-wrap elementor-element-populated\">\n\t\t\t\t\t\t<div class=\"elementor-element elementor-element-32b6b1c1 elementor-widget elementor-widget-image\" data-id=\"32b6b1c1\" data-element_type=\"widget\" data-widget_type=\"image.default\">\n\t\t\t\t<div class=\"elementor-widget-container\">\n\t\t\t\t\t\t\t\t\t\t\t\t\t\t\t<img fetchpriority=\"high\" decoding=\"async\" width=\"1024\" height=\"683\" src=\"https:\/\/www.durocdolives.com\/wp-content\/uploads\/2021\/04\/DSC9684_LR-Vorming-en-opleiding-1024x683.jpg\" class=\"attachment-large size-large wp-image-11281\" alt=\"\" srcset=\"https:\/\/www.durocdolives.com\/wp-content\/uploads\/2021\/04\/DSC9684_LR-Vorming-en-opleiding-1024x683.jpg 1024w, https:\/\/www.durocdolives.com\/wp-content\/uploads\/2021\/04\/DSC9684_LR-Vorming-en-opleiding-250x167.jpg 250w, https:\/\/www.durocdolives.com\/wp-content\/uploads\/2021\/04\/DSC9684_LR-Vorming-en-opleiding-600x400.jpg 600w, https:\/\/www.durocdolives.com\/wp-content\/uploads\/2021\/04\/DSC9684_LR-Vorming-en-opleiding-300x200.jpg 300w, https:\/\/www.durocdolives.com\/wp-content\/uploads\/2021\/04\/DSC9684_LR-Vorming-en-opleiding-768x512.jpg 768w, https:\/\/www.durocdolives.com\/wp-content\/uploads\/2021\/04\/DSC9684_LR-Vorming-en-opleiding.jpg 1200w\" sizes=\"(max-width: 1024px) 100vw, 1024px\" \/>\t\t\t\t\t\t\t\t\t\t\t\t\t\t\t<\/div>\n\t\t\t\t<\/div>\n\t\t\t\t<div class=\"elementor-element elementor-element-76f70fd9 elementor-widget elementor-widget-heading\" data-id=\"76f70fd9\" data-element_type=\"widget\" data-widget_type=\"heading.default\">\n\t\t\t\t<div class=\"elementor-widget-container\">\n\t\t\t\t\t<h3 class=\"elementor-heading-title elementor-size-default\">Investir dans la formation<\/h3>\t\t\t\t<\/div>\n\t\t\t\t<\/div>\n\t\t\t\t<div class=\"elementor-element elementor-element-1c1f3a97 elementor-widget elementor-widget-text-editor\" data-id=\"1c1f3a97\" data-element_type=\"widget\" data-widget_type=\"text-editor.default\">\n\t\t\t\t<div class=\"elementor-widget-container\">\n\t\t\t\t\t\t\t\t\tDuroc d\u2019Olives est une ferme familiale qui emploie des collaborateurs fixes. Cela nous permet d\u2019investir dans leur formation et dans les connaissances de base requises. De cette fa\u00e7on, chacun peut contribuer \u00e0 notre label de qualit\u00e9.\t\t\t\t\t\t\t\t<\/div>\n\t\t\t\t<\/div>\n\t\t\t\t\t<\/div>\n\t\t<\/div>\n\t\t\t\t<div class=\"elementor-column elementor-col-50 elementor-top-column elementor-element elementor-element-76ddf57b\" data-id=\"76ddf57b\" data-element_type=\"column\">\n\t\t\t<div class=\"elementor-widget-wrap elementor-element-populated\">\n\t\t\t\t\t\t<div class=\"elementor-element elementor-element-22586f05 elementor-widget elementor-widget-image\" data-id=\"22586f05\" data-element_type=\"widget\" data-widget_type=\"image.default\">\n\t\t\t\t<div class=\"elementor-widget-container\">\n\t\t\t\t\t\t\t\t\t\t\t\t\t\t\t<img decoding=\"async\" width=\"1024\" height=\"680\" src=\"https:\/\/www.durocdolives.com\/wp-content\/uploads\/2021\/02\/Inhuldiging-loopweide-055-Large.jpg\" class=\"attachment-large size-large wp-image-7280\" alt=\"\" srcset=\"https:\/\/www.durocdolives.com\/wp-content\/uploads\/2021\/02\/Inhuldiging-loopweide-055-Large.jpg 1024w, https:\/\/www.durocdolives.com\/wp-content\/uploads\/2021\/02\/Inhuldiging-loopweide-055-Large-250x166.jpg 250w, https:\/\/www.durocdolives.com\/wp-content\/uploads\/2021\/02\/Inhuldiging-loopweide-055-Large-600x398.jpg 600w, https:\/\/www.durocdolives.com\/wp-content\/uploads\/2021\/02\/Inhuldiging-loopweide-055-Large-300x199.jpg 300w, https:\/\/www.durocdolives.com\/wp-content\/uploads\/2021\/02\/Inhuldiging-loopweide-055-Large-768x510.jpg 768w\" sizes=\"(max-width: 1024px) 100vw, 1024px\" \/>\t\t\t\t\t\t\t\t\t\t\t\t\t\t\t<\/div>\n\t\t\t\t<\/div>\n\t\t\t\t<div class=\"elementor-element elementor-element-39a013f2 elementor-widget elementor-widget-heading\" data-id=\"39a013f2\" data-element_type=\"widget\" data-widget_type=\"heading.default\">\n\t\t\t\t<div class=\"elementor-widget-container\">\n\t\t\t\t\t<h3 class=\"elementor-heading-title elementor-size-default\">Prairie de promenade<\/h3>\t\t\t\t<\/div>\n\t\t\t\t<\/div>\n\t\t\t\t<div class=\"elementor-element elementor-element-6176524 elementor-widget elementor-widget-text-editor\" data-id=\"6176524\" data-element_type=\"widget\" data-widget_type=\"text-editor.default\">\n\t\t\t\t<div class=\"elementor-widget-container\">\n\t\t\t\t\t\t\t\t\tNous aimons impliquer les visiteurs et les consommateurs dans notre vision et leur faire d\u00e9couvrir ce qui rend les porcs de Duroc d&rsquo;Olives si sp\u00e9ciaux. \u00c0 cette fin, nous avons am\u00e9nag\u00e9 une prairie de promenade le long de notre entreprise. Les cyclistes, les promeneurs et les visiteurs peuvent observer nos porcs Duroc d&rsquo;Olives dans un environnement verdoyant et nous demander des informations.\t\t\t\t\t\t\t\t<\/div>\n\t\t\t\t<\/div>\n\t\t\t\t\t<\/div>\n\t\t<\/div>\n\t\t\t\t\t<\/div>\n\t\t<\/section>\n\t\t\t\t<section class=\"elementor-section elementor-top-section elementor-element elementor-element-11b2887 elementor-section-boxed elementor-section-height-default elementor-section-height-default\" data-id=\"11b2887\" data-element_type=\"section\">\n\t\t\t\t\t\t<div class=\"elementor-container elementor-column-gap-default\">\n\t\t\t\t\t<div class=\"elementor-column elementor-col-100 elementor-top-column elementor-element elementor-element-cfe3390\" data-id=\"cfe3390\" data-element_type=\"column\">\n\t\t\t<div class=\"elementor-widget-wrap elementor-element-populated\">\n\t\t\t\t\t\t<div class=\"elementor-element elementor-element-1c20dc9 elementor-widget elementor-widget-spacer\" data-id=\"1c20dc9\" data-element_type=\"widget\" data-widget_type=\"spacer.default\">\n\t\t\t\t<div class=\"elementor-widget-container\">\n\t\t\t\t\t\t\t<div class=\"elementor-spacer\">\n\t\t\t<div class=\"elementor-spacer-inner\"><\/div>\n\t\t<\/div>\n\t\t\t\t\t\t<\/div>\n\t\t\t\t<\/div>\n\t\t\t\t<div class=\"elementor-element elementor-element-40384f3 elementor-align-center elementor-widget elementor-widget-button\" data-id=\"40384f3\" data-element_type=\"widget\" data-widget_type=\"button.default\">\n\t\t\t\t<div class=\"elementor-widget-container\">\n\t\t\t\t\t\t\t\t\t<div class=\"elementor-button-wrapper\">\n\t\t\t\t\t<a class=\"elementor-button elementor-button-link elementor-size-md\" href=\"https:\/\/www.durocdolives.com\/fr\/durabilite-innovation\/\">\n\t\t\t\t\t\t<span class=\"elementor-button-content-wrapper\">\n\t\t\t\t\t\t<span class=\"elementor-button-icon\">\n\t\t\t\t<i aria-hidden=\"true\" class=\"fas fa-long-arrow-alt-left\"><\/i>\t\t\t<\/span>\n\t\t\t\t\t\t\t\t\t<span class=\"elementor-button-text\">En savoir plus sur \u00abdurabilit\u00e9 et innovation\u00bb<\/span>\n\t\t\t\t\t<\/span>\n\t\t\t\t\t<\/a>\n\t\t\t\t<\/div>\n\t\t\t\t\t\t\t\t<\/div>\n\t\t\t\t<\/div>\n\t\t\t\t<div class=\"elementor-element elementor-element-f2bde2b elementor-widget elementor-widget-spacer\" data-id=\"f2bde2b\" data-element_type=\"widget\" data-widget_type=\"spacer.default\">\n\t\t\t\t<div class=\"elementor-widget-container\">\n\t\t\t\t\t\t\t<div class=\"elementor-spacer\">\n\t\t\t<div class=\"elementor-spacer-inner\"><\/div>\n\t\t<\/div>\n\t\t\t\t\t\t<\/div>\n\t\t\t\t<\/div>\n\t\t\t\t\t<\/div>\n\t\t<\/div>\n\t\t\t\t\t<\/div>\n\t\t<\/section>\n\t\t\t\t<\/div>\n\t\t","protected":false},"excerpt":{"rendered":"<p>Formation et \u00e9ducation La qualit\u00e9 de notre viande de porc est une pr\u00e9occupation partag\u00e9e par tous les collaborateurs de Duroc d&rsquo;Olives. Nous avons \u00e9galement \u00e0 c\u0153ur de sensibiliser les visiteurs \u00e0 notre vision et \u00e0 notre approche. Investir dans la formation Duroc d\u2019Olives est une ferme familiale qui emploie des collaborateurs fixes. Cela nous permet [&hellip;]<\/p>\n","protected":false},"author":5,"featured_media":0,"parent":7044,"menu_order":0,"comment_status":"closed","ping_status":"closed","template":"elementor_header_footer","meta":{"_acf_changed":false,"inline_featured_image":false,"footnotes":""},"class_list":["post-7111","page","type-page","status-publish","hentry"],"acf":[],"yoast_head":"<!-- This site is optimized with the Yoast SEO plugin v25.0 - https:\/\/yoast.com\/wordpress\/plugins\/seo\/ -->\n<title>Formation et \u00e9ducation - Duroc d&#039;Olives<\/title>\n<meta name=\"robots\" content=\"index, follow, max-snippet:-1, max-image-preview:large, max-video-preview:-1\" \/>\n<link rel=\"canonical\" href=\"https:\/\/www.durocdolives.com\/nl\/duurzaamheid-innovatie\/vorming-en-opleiding\/\" \/>\n<meta property=\"og:locale\" content=\"fr_FR\" \/>\n<meta property=\"og:type\" content=\"article\" \/>\n<meta property=\"og:title\" content=\"Formation et \u00e9ducation - Duroc d&#039;Olives\" \/>\n<meta property=\"og:description\" content=\"Formation et \u00e9ducation La qualit\u00e9 de notre viande de porc est une pr\u00e9occupation partag\u00e9e par tous les collaborateurs de Duroc d&rsquo;Olives. Nous avons \u00e9galement \u00e0 c\u0153ur de sensibiliser les visiteurs \u00e0 notre vision et \u00e0 notre approche. Investir dans la formation Duroc d\u2019Olives est une ferme familiale qui emploie des collaborateurs fixes. Cela nous permet [&hellip;]\" \/>\n<meta property=\"og:url\" content=\"https:\/\/www.durocdolives.com\/nl\/duurzaamheid-innovatie\/vorming-en-opleiding\/\" \/>\n<meta property=\"og:site_name\" content=\"Duroc d&#039;Olives\" \/>\n<meta property=\"article:modified_time\" content=\"2021-04-20T12:51:12+00:00\" \/>\n<meta property=\"og:image\" content=\"https:\/\/www.durocdolives.com\/wp-content\/uploads\/2021\/04\/DSC9684_LR-Vorming-en-opleiding-1024x683.jpg\" \/>\n<meta name=\"twitter:card\" content=\"summary_large_image\" \/>\n<meta name=\"twitter:label1\" content=\"Dur\u00e9e de lecture estim\u00e9e\" \/>\n\t<meta name=\"twitter:data1\" content=\"2 minutes\" \/>\n<script type=\"application\/ld+json\" class=\"yoast-schema-graph\">{\"@context\":\"https:\/\/schema.org\",\"@graph\":[{\"@type\":\"WebPage\",\"@id\":\"https:\/\/www.durocdolives.com\/nl\/duurzaamheid-innovatie\/vorming-en-opleiding\/\",\"url\":\"https:\/\/www.durocdolives.com\/nl\/duurzaamheid-innovatie\/vorming-en-opleiding\/\",\"name\":\"Formation et \u00e9ducation - Duroc d&#039;Olives\",\"isPartOf\":{\"@id\":\"https:\/\/www.durocdolives.com\/nl\/#website\"},\"primaryImageOfPage\":{\"@id\":\"https:\/\/www.durocdolives.com\/nl\/duurzaamheid-innovatie\/vorming-en-opleiding\/#primaryimage\"},\"image\":{\"@id\":\"https:\/\/www.durocdolives.com\/nl\/duurzaamheid-innovatie\/vorming-en-opleiding\/#primaryimage\"},\"thumbnailUrl\":\"https:\/\/www.durocdolives.com\/wp-content\/uploads\/2021\/04\/DSC9684_LR-Vorming-en-opleiding-1024x683.jpg\",\"datePublished\":\"2021-02-05T13:20:17+00:00\",\"dateModified\":\"2021-04-20T12:51:12+00:00\",\"breadcrumb\":{\"@id\":\"https:\/\/www.durocdolives.com\/nl\/duurzaamheid-innovatie\/vorming-en-opleiding\/#breadcrumb\"},\"inLanguage\":\"fr-FR\",\"potentialAction\":[{\"@type\":\"ReadAction\",\"target\":[\"https:\/\/www.durocdolives.com\/nl\/duurzaamheid-innovatie\/vorming-en-opleiding\/\"]}]},{\"@type\":\"ImageObject\",\"inLanguage\":\"fr-FR\",\"@id\":\"https:\/\/www.durocdolives.com\/nl\/duurzaamheid-innovatie\/vorming-en-opleiding\/#primaryimage\",\"url\":\"https:\/\/www.durocdolives.com\/wp-content\/uploads\/2021\/04\/DSC9684_LR-Vorming-en-opleiding-1024x683.jpg\",\"contentUrl\":\"https:\/\/www.durocdolives.com\/wp-content\/uploads\/2021\/04\/DSC9684_LR-Vorming-en-opleiding-1024x683.jpg\"},{\"@type\":\"BreadcrumbList\",\"@id\":\"https:\/\/www.durocdolives.com\/nl\/duurzaamheid-innovatie\/vorming-en-opleiding\/#breadcrumb\",\"itemListElement\":[{\"@type\":\"ListItem\",\"position\":1,\"name\":\"Home\",\"item\":\"https:\/\/www.durocdolives.com\/nl\/\"},{\"@type\":\"ListItem\",\"position\":2,\"name\":\"Durabilit\u00e9 &amp; Innovation\",\"item\":\"https:\/\/www.durocdolives.com\/nl\/duurzaamheid-innovatie\/\"},{\"@type\":\"ListItem\",\"position\":3,\"name\":\"Formation et \u00e9ducation\"}]},{\"@type\":\"WebSite\",\"@id\":\"https:\/\/www.durocdolives.com\/nl\/#website\",\"url\":\"https:\/\/www.durocdolives.com\/nl\/\",\"name\":\"Duroc d&#039;Olives\",\"description\":\"Heerlijk, kwalitatief varkensvlees\",\"publisher\":{\"@id\":\"https:\/\/www.durocdolives.com\/nl\/#organization\"},\"potentialAction\":[{\"@type\":\"SearchAction\",\"target\":{\"@type\":\"EntryPoint\",\"urlTemplate\":\"https:\/\/www.durocdolives.com\/nl\/?s={search_term_string}\"},\"query-input\":{\"@type\":\"PropertyValueSpecification\",\"valueRequired\":true,\"valueName\":\"search_term_string\"}}],\"inLanguage\":\"fr-FR\"},{\"@type\":\"Organization\",\"@id\":\"https:\/\/www.durocdolives.com\/nl\/#organization\",\"name\":\"durocdolives\",\"url\":\"https:\/\/www.durocdolives.com\/nl\/\",\"logo\":{\"@type\":\"ImageObject\",\"inLanguage\":\"fr-FR\",\"@id\":\"https:\/\/www.durocdolives.com\/nl\/#\/schema\/logo\/image\/\",\"url\":\"https:\/\/www.durocdolives.com\/wp-content\/uploads\/2020\/10\/logo.svg\",\"contentUrl\":\"https:\/\/www.durocdolives.com\/wp-content\/uploads\/2020\/10\/logo.svg\",\"width\":122,\"height\":122,\"caption\":\"durocdolives\"},\"image\":{\"@id\":\"https:\/\/www.durocdolives.com\/nl\/#\/schema\/logo\/image\/\"}}]}<\/script>\n<!-- \/ Yoast SEO plugin. -->","yoast_head_json":{"title":"Formation et \u00e9ducation - Duroc d&#039;Olives","robots":{"index":"index","follow":"follow","max-snippet":"max-snippet:-1","max-image-preview":"max-image-preview:large","max-video-preview":"max-video-preview:-1"},"canonical":"https:\/\/www.durocdolives.com\/nl\/duurzaamheid-innovatie\/vorming-en-opleiding\/","og_locale":"fr_FR","og_type":"article","og_title":"Formation et \u00e9ducation - Duroc d&#039;Olives","og_description":"Formation et \u00e9ducation La qualit\u00e9 de notre viande de porc est une pr\u00e9occupation partag\u00e9e par tous les collaborateurs de Duroc d&rsquo;Olives. Nous avons \u00e9galement \u00e0 c\u0153ur de sensibiliser les visiteurs \u00e0 notre vision et \u00e0 notre approche. Investir dans la formation Duroc d\u2019Olives est une ferme familiale qui emploie des collaborateurs fixes. Cela nous permet [&hellip;]","og_url":"https:\/\/www.durocdolives.com\/nl\/duurzaamheid-innovatie\/vorming-en-opleiding\/","og_site_name":"Duroc d&#039;Olives","article_modified_time":"2021-04-20T12:51:12+00:00","og_image":[{"url":"https:\/\/www.durocdolives.com\/wp-content\/uploads\/2021\/04\/DSC9684_LR-Vorming-en-opleiding-1024x683.jpg","type":"","width":"","height":""}],"twitter_card":"summary_large_image","twitter_misc":{"Dur\u00e9e de lecture estim\u00e9e":"2 minutes"},"schema":{"@context":"https:\/\/schema.org","@graph":[{"@type":"WebPage","@id":"https:\/\/www.durocdolives.com\/nl\/duurzaamheid-innovatie\/vorming-en-opleiding\/","url":"https:\/\/www.durocdolives.com\/nl\/duurzaamheid-innovatie\/vorming-en-opleiding\/","name":"Formation et \u00e9ducation - Duroc d&#039;Olives","isPartOf":{"@id":"https:\/\/www.durocdolives.com\/nl\/#website"},"primaryImageOfPage":{"@id":"https:\/\/www.durocdolives.com\/nl\/duurzaamheid-innovatie\/vorming-en-opleiding\/#primaryimage"},"image":{"@id":"https:\/\/www.durocdolives.com\/nl\/duurzaamheid-innovatie\/vorming-en-opleiding\/#primaryimage"},"thumbnailUrl":"https:\/\/www.durocdolives.com\/wp-content\/uploads\/2021\/04\/DSC9684_LR-Vorming-en-opleiding-1024x683.jpg","datePublished":"2021-02-05T13:20:17+00:00","dateModified":"2021-04-20T12:51:12+00:00","breadcrumb":{"@id":"https:\/\/www.durocdolives.com\/nl\/duurzaamheid-innovatie\/vorming-en-opleiding\/#breadcrumb"},"inLanguage":"fr-FR","potentialAction":[{"@type":"ReadAction","target":["https:\/\/www.durocdolives.com\/nl\/duurzaamheid-innovatie\/vorming-en-opleiding\/"]}]},{"@type":"ImageObject","inLanguage":"fr-FR","@id":"https:\/\/www.durocdolives.com\/nl\/duurzaamheid-innovatie\/vorming-en-opleiding\/#primaryimage","url":"https:\/\/www.durocdolives.com\/wp-content\/uploads\/2021\/04\/DSC9684_LR-Vorming-en-opleiding-1024x683.jpg","contentUrl":"https:\/\/www.durocdolives.com\/wp-content\/uploads\/2021\/04\/DSC9684_LR-Vorming-en-opleiding-1024x683.jpg"},{"@type":"BreadcrumbList","@id":"https:\/\/www.durocdolives.com\/nl\/duurzaamheid-innovatie\/vorming-en-opleiding\/#breadcrumb","itemListElement":[{"@type":"ListItem","position":1,"name":"Home","item":"https:\/\/www.durocdolives.com\/nl\/"},{"@type":"ListItem","position":2,"name":"Durabilit\u00e9 &amp; Innovation","item":"https:\/\/www.durocdolives.com\/nl\/duurzaamheid-innovatie\/"},{"@type":"ListItem","position":3,"name":"Formation et \u00e9ducation"}]},{"@type":"WebSite","@id":"https:\/\/www.durocdolives.com\/nl\/#website","url":"https:\/\/www.durocdolives.com\/nl\/","name":"Duroc d&#039;Olives","description":"Heerlijk, kwalitatief varkensvlees","publisher":{"@id":"https:\/\/www.durocdolives.com\/nl\/#organization"},"potentialAction":[{"@type":"SearchAction","target":{"@type":"EntryPoint","urlTemplate":"https:\/\/www.durocdolives.com\/nl\/?s={search_term_string}"},"query-input":{"@type":"PropertyValueSpecification","valueRequired":true,"valueName":"search_term_string"}}],"inLanguage":"fr-FR"},{"@type":"Organization","@id":"https:\/\/www.durocdolives.com\/nl\/#organization","name":"durocdolives","url":"https:\/\/www.durocdolives.com\/nl\/","logo":{"@type":"ImageObject","inLanguage":"fr-FR","@id":"https:\/\/www.durocdolives.com\/nl\/#\/schema\/logo\/image\/","url":"https:\/\/www.durocdolives.com\/wp-content\/uploads\/2020\/10\/logo.svg","contentUrl":"https:\/\/www.durocdolives.com\/wp-content\/uploads\/2020\/10\/logo.svg","width":122,"height":122,"caption":"durocdolives"},"image":{"@id":"https:\/\/www.durocdolives.com\/nl\/#\/schema\/logo\/image\/"}}]}},"_links":{"self":[{"href":"https:\/\/www.durocdolives.com\/fr\/wp-json\/wp\/v2\/pages\/7111","targetHints":{"allow":["GET"]}}],"collection":[{"href":"https:\/\/www.durocdolives.com\/fr\/wp-json\/wp\/v2\/pages"}],"about":[{"href":"https:\/\/www.durocdolives.com\/fr\/wp-json\/wp\/v2\/types\/page"}],"author":[{"embeddable":true,"href":"https:\/\/www.durocdolives.com\/fr\/wp-json\/wp\/v2\/users\/5"}],"replies":[{"embeddable":true,"href":"https:\/\/www.durocdolives.com\/fr\/wp-json\/wp\/v2\/comments?post=7111"}],"version-history":[{"count":0,"href":"https:\/\/www.durocdolives.com\/fr\/wp-json\/wp\/v2\/pages\/7111\/revisions"}],"up":[{"embeddable":true,"href":"https:\/\/www.durocdolives.com\/fr\/wp-json\/wp\/v2\/pages\/7044"}],"wp:attachment":[{"href":"https:\/\/www.durocdolives.com\/fr\/wp-json\/wp\/v2\/media?parent=7111"}],"curies":[{"name":"wp","href":"https:\/\/api.w.org\/{rel}","templated":true}]}}