{"id":7107,"date":"2021-02-05T13:01:42","date_gmt":"2021-02-05T13:01:42","guid":{"rendered":"https:\/\/www.durocdolives.com\/durabilite-innovation\/la-securite-alimentaire\/"},"modified":"2021-02-19T10:12:30","modified_gmt":"2021-02-19T10:12:30","slug":"la-securite-alimentaire","status":"publish","type":"page","link":"https:\/\/www.durocdolives.com\/fr\/durabilite-innovation\/la-securite-alimentaire\/","title":{"rendered":"La s\u00e9curit\u00e9 alimentaire"},"content":{"rendered":"\t\t<div data-elementor-type=\"wp-page\" data-elementor-id=\"7107\" class=\"elementor elementor-7107 elementor-7049\" data-elementor-post-type=\"page\">\n\t\t\t\t\t\t<section class=\"elementor-section elementor-top-section elementor-element elementor-element-296c9c9 elementor-section-boxed elementor-section-height-default elementor-section-height-default\" data-id=\"296c9c9\" data-element_type=\"section\">\n\t\t\t\t\t\t<div class=\"elementor-container elementor-column-gap-default\">\n\t\t\t\t\t<div class=\"elementor-column elementor-col-100 elementor-top-column elementor-element elementor-element-2e1b8e5\" data-id=\"2e1b8e5\" data-element_type=\"column\">\n\t\t\t<div class=\"elementor-widget-wrap elementor-element-populated\">\n\t\t\t\t\t\t<div class=\"elementor-element elementor-element-183f328 elementor-widget elementor-widget-heading\" data-id=\"183f328\" data-element_type=\"widget\" data-widget_type=\"heading.default\">\n\t\t\t\t<div class=\"elementor-widget-container\">\n\t\t\t\t\t<h2 class=\"elementor-heading-title elementor-size-default\">La s\u00e9curit\u00e9 alimentaire<\/h2>\t\t\t\t<\/div>\n\t\t\t\t<\/div>\n\t\t\t\t<div class=\"elementor-element elementor-element-0a4e35a elementor-widget elementor-widget-text-editor\" data-id=\"0a4e35a\" data-element_type=\"widget\" data-widget_type=\"text-editor.default\">\n\t\t\t\t<div class=\"elementor-widget-container\">\n\t\t\t\t\t\t\t\t\t<p><span style=\"font-weight: 400;\">Comme dans tous les pays europ\u00e9ens, la Belgique dispose d&rsquo;une l\u00e9gislation stricte en mati\u00e8re de s\u00e9curit\u00e9 alimentaire. Nous suivons les normes de BePork. Il s&rsquo;agit du label de qualit\u00e9 belge, supervis\u00e9 par l&rsquo;Agence F\u00e9d\u00e9rale Pour La S\u00e9curit\u00e9 Alimentaire.<\/span><\/p>\n\t\t\t\t\t\t\t\t<\/div>\n\t\t\t\t<\/div>\n\t\t\t\t<div class=\"elementor-element elementor-element-3c4a083 elementor-widget elementor-widget-spacer\" data-id=\"3c4a083\" data-element_type=\"widget\" data-widget_type=\"spacer.default\">\n\t\t\t\t<div class=\"elementor-widget-container\">\n\t\t\t\t\t\t\t<div class=\"elementor-spacer\">\n\t\t\t<div class=\"elementor-spacer-inner\"><\/div>\n\t\t<\/div>\n\t\t\t\t\t\t<\/div>\n\t\t\t\t<\/div>\n\t\t\t\t\t<\/div>\n\t\t<\/div>\n\t\t\t\t\t<\/div>\n\t\t<\/section>\n\t\t\t\t<section class=\"elementor-section elementor-top-section elementor-element elementor-element-f60348d elementor-section-boxed elementor-section-height-default elementor-section-height-default\" data-id=\"f60348d\" data-element_type=\"section\">\n\t\t\t\t\t\t<div class=\"elementor-container elementor-column-gap-default\">\n\t\t\t\t\t<div class=\"elementor-column elementor-col-33 elementor-top-column elementor-element elementor-element-52cbd34\" data-id=\"52cbd34\" data-element_type=\"column\">\n\t\t\t<div class=\"elementor-widget-wrap elementor-element-populated\">\n\t\t\t\t\t\t<div class=\"elementor-element elementor-element-9019c28 elementor-widget elementor-widget-image\" data-id=\"9019c28\" data-element_type=\"widget\" data-widget_type=\"image.default\">\n\t\t\t\t<div class=\"elementor-widget-container\">\n\t\t\t\t\t\t\t\t\t\t\t\t\t\t\t<img fetchpriority=\"high\" decoding=\"async\" width=\"500\" height=\"500\" src=\"https:\/\/www.durocdolives.com\/wp-content\/uploads\/2021\/02\/patricia-big-500x500.jpg\" class=\"attachment-woocommerce_thumbnail size-woocommerce_thumbnail wp-image-7757\" alt=\"\" srcset=\"https:\/\/www.durocdolives.com\/wp-content\/uploads\/2021\/02\/patricia-big-500x500.jpg 500w, https:\/\/www.durocdolives.com\/wp-content\/uploads\/2021\/02\/patricia-big-150x150.jpg 150w, https:\/\/www.durocdolives.com\/wp-content\/uploads\/2021\/02\/patricia-big-39x39.jpg 39w, https:\/\/www.durocdolives.com\/wp-content\/uploads\/2021\/02\/patricia-big-18x18.jpg 18w, https:\/\/www.durocdolives.com\/wp-content\/uploads\/2021\/02\/patricia-big-25x25.jpg 25w, https:\/\/www.durocdolives.com\/wp-content\/uploads\/2021\/02\/patricia-big-32x32.jpg 32w\" sizes=\"(max-width: 500px) 100vw, 500px\" \/>\t\t\t\t\t\t\t\t\t\t\t\t\t\t\t<\/div>\n\t\t\t\t<\/div>\n\t\t\t\t<div class=\"elementor-element elementor-element-cd443c2 elementor-widget elementor-widget-heading\" data-id=\"cd443c2\" data-element_type=\"widget\" data-widget_type=\"heading.default\">\n\t\t\t\t<div class=\"elementor-widget-container\">\n\t\t\t\t\t<h3 class=\"elementor-heading-title elementor-size-default\">Soin et qualit\u00e9<\/h3>\t\t\t\t<\/div>\n\t\t\t\t<\/div>\n\t\t\t\t<div class=\"elementor-element elementor-element-1b0c991 elementor-widget elementor-widget-text-editor\" data-id=\"1b0c991\" data-element_type=\"widget\" data-widget_type=\"text-editor.default\">\n\t\t\t\t<div class=\"elementor-widget-container\">\n\t\t\t\t\t\t\t\t\t<p><span style=\"font-weight: 400;\">Nous ne pouvons garantir une viande de porc savoureuse et d\u00e9licieuse que si nous traitons les animaux avec soin et qualit\u00e9\u2009!<\/span><\/p>\n\t\t\t\t\t\t\t\t<\/div>\n\t\t\t\t<\/div>\n\t\t\t\t\t<\/div>\n\t\t<\/div>\n\t\t\t\t<div class=\"elementor-column elementor-col-33 elementor-top-column elementor-element elementor-element-94f3fd8\" data-id=\"94f3fd8\" data-element_type=\"column\">\n\t\t\t<div class=\"elementor-widget-wrap elementor-element-populated\">\n\t\t\t\t\t\t<div class=\"elementor-element elementor-element-12d3541 elementor-widget elementor-widget-image\" data-id=\"12d3541\" data-element_type=\"widget\" data-widget_type=\"image.default\">\n\t\t\t\t<div class=\"elementor-widget-container\">\n\t\t\t\t\t\t\t\t\t\t\t\t\t\t\t<img decoding=\"async\" width=\"500\" height=\"500\" src=\"https:\/\/www.durocdolives.com\/wp-content\/uploads\/2020\/10\/about-img5-500x500.png\" class=\"attachment-woocommerce_thumbnail size-woocommerce_thumbnail wp-image-1031\" alt=\"Graan\" srcset=\"https:\/\/www.durocdolives.com\/wp-content\/uploads\/2020\/10\/about-img5-500x500.png 500w, https:\/\/www.durocdolives.com\/wp-content\/uploads\/2020\/10\/about-img5-150x150.png 150w, https:\/\/www.durocdolives.com\/wp-content\/uploads\/2020\/10\/about-img5-39x39.png 39w, https:\/\/www.durocdolives.com\/wp-content\/uploads\/2020\/10\/about-img5-18x18.png 18w, https:\/\/www.durocdolives.com\/wp-content\/uploads\/2020\/10\/about-img5-25x25.png 25w, https:\/\/www.durocdolives.com\/wp-content\/uploads\/2020\/10\/about-img5-32x32.png 32w\" sizes=\"(max-width: 500px) 100vw, 500px\" \/>\t\t\t\t\t\t\t\t\t\t\t\t\t\t\t<\/div>\n\t\t\t\t<\/div>\n\t\t\t\t<div class=\"elementor-element elementor-element-d003ba1 elementor-widget elementor-widget-heading\" data-id=\"d003ba1\" data-element_type=\"widget\" data-widget_type=\"heading.default\">\n\t\t\t\t<div class=\"elementor-widget-container\">\n\t\t\t\t\t<h3 class=\"elementor-heading-title elementor-size-default\">Nourriture pure<\/h3>\t\t\t\t<\/div>\n\t\t\t\t<\/div>\n\t\t\t\t<div class=\"elementor-element elementor-element-731ba5e elementor-widget elementor-widget-text-editor\" data-id=\"731ba5e\" data-element_type=\"widget\" data-widget_type=\"text-editor.default\">\n\t\t\t\t<div class=\"elementor-widget-container\">\n\t\t\t\t\t\t\t\t\t<p><span style=\"font-weight: 400;\">Nous nourrissons nos animaux exclusivement avec des c\u00e9r\u00e9ales pures et naturelles, issues de notre production personnelle, et avec de l\u2019huile d\u2019olive de haute qualit\u00e9 comme unique source de graisse. Jamais nous ne les alimentons avec les exc\u00e9dents de l&rsquo;industrie alimentaire.<\/span><\/p>\n\t\t\t\t\t\t\t\t<\/div>\n\t\t\t\t<\/div>\n\t\t\t\t\t<\/div>\n\t\t<\/div>\n\t\t\t\t<div class=\"elementor-column elementor-col-33 elementor-top-column elementor-element elementor-element-4b1b8d2\" data-id=\"4b1b8d2\" data-element_type=\"column\">\n\t\t\t<div class=\"elementor-widget-wrap elementor-element-populated\">\n\t\t\t\t\t\t<div class=\"elementor-element elementor-element-b4a8d51 elementor-widget elementor-widget-image\" data-id=\"b4a8d51\" data-element_type=\"widget\" data-widget_type=\"image.default\">\n\t\t\t\t<div class=\"elementor-widget-container\">\n\t\t\t\t\t\t\t\t\t\t\t\t\t\t\t<img decoding=\"async\" width=\"500\" height=\"500\" src=\"https:\/\/www.durocdolives.com\/wp-content\/uploads\/2021\/02\/MG_4572-500x500.jpg\" class=\"attachment-woocommerce_thumbnail size-woocommerce_thumbnail wp-image-7762\" alt=\"\" srcset=\"https:\/\/www.durocdolives.com\/wp-content\/uploads\/2021\/02\/MG_4572-500x500.jpg 500w, https:\/\/www.durocdolives.com\/wp-content\/uploads\/2021\/02\/MG_4572-150x150.jpg 150w, https:\/\/www.durocdolives.com\/wp-content\/uploads\/2021\/02\/MG_4572-39x39.jpg 39w, https:\/\/www.durocdolives.com\/wp-content\/uploads\/2021\/02\/MG_4572-18x18.jpg 18w, https:\/\/www.durocdolives.com\/wp-content\/uploads\/2021\/02\/MG_4572-25x25.jpg 25w, https:\/\/www.durocdolives.com\/wp-content\/uploads\/2021\/02\/MG_4572-32x32.jpg 32w\" sizes=\"(max-width: 500px) 100vw, 500px\" \/>\t\t\t\t\t\t\t\t\t\t\t\t\t\t\t<\/div>\n\t\t\t\t<\/div>\n\t\t\t\t<div class=\"elementor-element elementor-element-b7d75c2 elementor-widget elementor-widget-heading\" data-id=\"b7d75c2\" data-element_type=\"widget\" data-widget_type=\"heading.default\">\n\t\t\t\t<div class=\"elementor-widget-container\">\n\t\t\t\t\t<h3 class=\"elementor-heading-title elementor-size-default\">Sant\u00e9<\/h3>\t\t\t\t<\/div>\n\t\t\t\t<\/div>\n\t\t\t\t<div class=\"elementor-element elementor-element-fda8a29 elementor-widget elementor-widget-text-editor\" data-id=\"fda8a29\" data-element_type=\"widget\" data-widget_type=\"text-editor.default\">\n\t\t\t\t<div class=\"elementor-widget-container\">\n\t\t\t\t\t\t\t\t\t<p><span style=\"font-weight: 400;\">Nous travaillons selon des normes d&rsquo;hygi\u00e8ne \u00e9lev\u00e9es et strictes. Personne ne p\u00e9n\u00e8tre dans nos porcheries sans avoir pr\u00e9alablement pris une douche compl\u00e8te et enfil\u00e9 des v\u00eatements appropri\u00e9s. <\/span><\/p>\n\t\t\t\t\t\t\t\t<\/div>\n\t\t\t\t<\/div>\n\t\t\t\t\t<\/div>\n\t\t<\/div>\n\t\t\t\t\t<\/div>\n\t\t<\/section>\n\t\t\t\t<section class=\"elementor-section elementor-top-section elementor-element elementor-element-19417d5f elementor-section-boxed elementor-section-height-default elementor-section-height-default\" data-id=\"19417d5f\" data-element_type=\"section\">\n\t\t\t\t\t\t<div class=\"elementor-container elementor-column-gap-default\">\n\t\t\t\t\t<div class=\"elementor-column elementor-col-100 elementor-top-column elementor-element elementor-element-4427da98\" data-id=\"4427da98\" data-element_type=\"column\">\n\t\t\t<div class=\"elementor-widget-wrap elementor-element-populated\">\n\t\t\t\t\t\t<div class=\"elementor-element elementor-element-527a29b9 elementor-widget elementor-widget-spacer\" data-id=\"527a29b9\" data-element_type=\"widget\" data-widget_type=\"spacer.default\">\n\t\t\t\t<div class=\"elementor-widget-container\">\n\t\t\t\t\t\t\t<div class=\"elementor-spacer\">\n\t\t\t<div class=\"elementor-spacer-inner\"><\/div>\n\t\t<\/div>\n\t\t\t\t\t\t<\/div>\n\t\t\t\t<\/div>\n\t\t\t\t<div class=\"elementor-element elementor-element-31872eff elementor-align-center elementor-widget elementor-widget-button\" data-id=\"31872eff\" data-element_type=\"widget\" data-widget_type=\"button.default\">\n\t\t\t\t<div class=\"elementor-widget-container\">\n\t\t\t\t\t\t\t\t\t<div class=\"elementor-button-wrapper\">\n\t\t\t\t\t<a class=\"elementor-button elementor-button-link elementor-size-md\" href=\"https:\/\/www.durocdolives.com\/fr\/durabilite-innovation\/\">\n\t\t\t\t\t\t<span class=\"elementor-button-content-wrapper\">\n\t\t\t\t\t\t<span class=\"elementor-button-icon\">\n\t\t\t\t<i aria-hidden=\"true\" class=\"fas fa-long-arrow-alt-left\"><\/i>\t\t\t<\/span>\n\t\t\t\t\t\t\t\t\t<span class=\"elementor-button-text\">En savoir plus sur \u00abdurabilit\u00e9 et innovation\u00bb<\/span>\n\t\t\t\t\t<\/span>\n\t\t\t\t\t<\/a>\n\t\t\t\t<\/div>\n\t\t\t\t\t\t\t\t<\/div>\n\t\t\t\t<\/div>\n\t\t\t\t<div class=\"elementor-element elementor-element-c69cac0 elementor-widget elementor-widget-spacer\" data-id=\"c69cac0\" data-element_type=\"widget\" data-widget_type=\"spacer.default\">\n\t\t\t\t<div class=\"elementor-widget-container\">\n\t\t\t\t\t\t\t<div class=\"elementor-spacer\">\n\t\t\t<div class=\"elementor-spacer-inner\"><\/div>\n\t\t<\/div>\n\t\t\t\t\t\t<\/div>\n\t\t\t\t<\/div>\n\t\t\t\t\t<\/div>\n\t\t<\/div>\n\t\t\t\t\t<\/div>\n\t\t<\/section>\n\t\t\t\t<\/div>\n\t\t","protected":false},"excerpt":{"rendered":"<p>La s\u00e9curit\u00e9 alimentaire Comme dans tous les pays europ\u00e9ens, la Belgique dispose d&rsquo;une l\u00e9gislation stricte en mati\u00e8re de s\u00e9curit\u00e9 alimentaire. Nous suivons les normes de BePork. Il s&rsquo;agit du label de qualit\u00e9 belge, supervis\u00e9 par l&rsquo;Agence F\u00e9d\u00e9rale Pour La S\u00e9curit\u00e9 Alimentaire. Soin et qualit\u00e9 Nous ne pouvons garantir une viande de porc savoureuse et d\u00e9licieuse [&hellip;]<\/p>\n","protected":false},"author":5,"featured_media":0,"parent":7044,"menu_order":0,"comment_status":"closed","ping_status":"closed","template":"elementor_header_footer","meta":{"_acf_changed":false,"inline_featured_image":false,"footnotes":""},"class_list":["post-7107","page","type-page","status-publish","hentry"],"acf":[],"yoast_head":"<!-- This site is optimized with the Yoast SEO plugin v25.0 - https:\/\/yoast.com\/wordpress\/plugins\/seo\/ -->\n<title>La s\u00e9curit\u00e9 alimentaire - Duroc d&#039;Olives<\/title>\n<meta name=\"robots\" content=\"index, follow, max-snippet:-1, max-image-preview:large, max-video-preview:-1\" \/>\n<link rel=\"canonical\" href=\"https:\/\/www.durocdolives.com\/nl\/duurzaamheid-innovatie\/voedselveiligheid\/\" \/>\n<meta property=\"og:locale\" content=\"fr_FR\" \/>\n<meta property=\"og:type\" content=\"article\" \/>\n<meta property=\"og:title\" content=\"La s\u00e9curit\u00e9 alimentaire - Duroc d&#039;Olives\" \/>\n<meta property=\"og:description\" content=\"La s\u00e9curit\u00e9 alimentaire Comme dans tous les pays europ\u00e9ens, la Belgique dispose d&rsquo;une l\u00e9gislation stricte en mati\u00e8re de s\u00e9curit\u00e9 alimentaire. Nous suivons les normes de BePork. Il s&rsquo;agit du label de qualit\u00e9 belge, supervis\u00e9 par l&rsquo;Agence F\u00e9d\u00e9rale Pour La S\u00e9curit\u00e9 Alimentaire. Soin et qualit\u00e9 Nous ne pouvons garantir une viande de porc savoureuse et d\u00e9licieuse [&hellip;]\" \/>\n<meta property=\"og:url\" content=\"https:\/\/www.durocdolives.com\/nl\/duurzaamheid-innovatie\/voedselveiligheid\/\" \/>\n<meta property=\"og:site_name\" content=\"Duroc d&#039;Olives\" \/>\n<meta property=\"article:modified_time\" content=\"2021-02-19T10:12:30+00:00\" \/>\n<meta property=\"og:image\" content=\"https:\/\/www.durocdolives.com\/wp-content\/uploads\/2021\/02\/patricia-big-500x500.jpg\" \/>\n<meta name=\"twitter:card\" content=\"summary_large_image\" \/>\n<meta name=\"twitter:label1\" content=\"Dur\u00e9e de lecture estim\u00e9e\" \/>\n\t<meta name=\"twitter:data1\" content=\"1 minute\" \/>\n<script type=\"application\/ld+json\" class=\"yoast-schema-graph\">{\"@context\":\"https:\/\/schema.org\",\"@graph\":[{\"@type\":\"WebPage\",\"@id\":\"https:\/\/www.durocdolives.com\/nl\/duurzaamheid-innovatie\/voedselveiligheid\/\",\"url\":\"https:\/\/www.durocdolives.com\/nl\/duurzaamheid-innovatie\/voedselveiligheid\/\",\"name\":\"La s\u00e9curit\u00e9 alimentaire - Duroc d&#039;Olives\",\"isPartOf\":{\"@id\":\"https:\/\/www.durocdolives.com\/nl\/#website\"},\"primaryImageOfPage\":{\"@id\":\"https:\/\/www.durocdolives.com\/nl\/duurzaamheid-innovatie\/voedselveiligheid\/#primaryimage\"},\"image\":{\"@id\":\"https:\/\/www.durocdolives.com\/nl\/duurzaamheid-innovatie\/voedselveiligheid\/#primaryimage\"},\"thumbnailUrl\":\"https:\/\/www.durocdolives.com\/wp-content\/uploads\/2021\/02\/patricia-big-500x500.jpg\",\"datePublished\":\"2021-02-05T13:01:42+00:00\",\"dateModified\":\"2021-02-19T10:12:30+00:00\",\"breadcrumb\":{\"@id\":\"https:\/\/www.durocdolives.com\/nl\/duurzaamheid-innovatie\/voedselveiligheid\/#breadcrumb\"},\"inLanguage\":\"fr-FR\",\"potentialAction\":[{\"@type\":\"ReadAction\",\"target\":[\"https:\/\/www.durocdolives.com\/nl\/duurzaamheid-innovatie\/voedselveiligheid\/\"]}]},{\"@type\":\"ImageObject\",\"inLanguage\":\"fr-FR\",\"@id\":\"https:\/\/www.durocdolives.com\/nl\/duurzaamheid-innovatie\/voedselveiligheid\/#primaryimage\",\"url\":\"https:\/\/www.durocdolives.com\/wp-content\/uploads\/2021\/02\/patricia-big-500x500.jpg\",\"contentUrl\":\"https:\/\/www.durocdolives.com\/wp-content\/uploads\/2021\/02\/patricia-big-500x500.jpg\"},{\"@type\":\"BreadcrumbList\",\"@id\":\"https:\/\/www.durocdolives.com\/nl\/duurzaamheid-innovatie\/voedselveiligheid\/#breadcrumb\",\"itemListElement\":[{\"@type\":\"ListItem\",\"position\":1,\"name\":\"Home\",\"item\":\"https:\/\/www.durocdolives.com\/nl\/\"},{\"@type\":\"ListItem\",\"position\":2,\"name\":\"Durabilit\u00e9 &amp; Innovation\",\"item\":\"https:\/\/www.durocdolives.com\/nl\/duurzaamheid-innovatie\/\"},{\"@type\":\"ListItem\",\"position\":3,\"name\":\"La s\u00e9curit\u00e9 alimentaire\"}]},{\"@type\":\"WebSite\",\"@id\":\"https:\/\/www.durocdolives.com\/nl\/#website\",\"url\":\"https:\/\/www.durocdolives.com\/nl\/\",\"name\":\"Duroc d&#039;Olives\",\"description\":\"Heerlijk, kwalitatief varkensvlees\",\"publisher\":{\"@id\":\"https:\/\/www.durocdolives.com\/nl\/#organization\"},\"potentialAction\":[{\"@type\":\"SearchAction\",\"target\":{\"@type\":\"EntryPoint\",\"urlTemplate\":\"https:\/\/www.durocdolives.com\/nl\/?s={search_term_string}\"},\"query-input\":{\"@type\":\"PropertyValueSpecification\",\"valueRequired\":true,\"valueName\":\"search_term_string\"}}],\"inLanguage\":\"fr-FR\"},{\"@type\":\"Organization\",\"@id\":\"https:\/\/www.durocdolives.com\/nl\/#organization\",\"name\":\"durocdolives\",\"url\":\"https:\/\/www.durocdolives.com\/nl\/\",\"logo\":{\"@type\":\"ImageObject\",\"inLanguage\":\"fr-FR\",\"@id\":\"https:\/\/www.durocdolives.com\/nl\/#\/schema\/logo\/image\/\",\"url\":\"https:\/\/www.durocdolives.com\/wp-content\/uploads\/2020\/10\/logo.svg\",\"contentUrl\":\"https:\/\/www.durocdolives.com\/wp-content\/uploads\/2020\/10\/logo.svg\",\"width\":122,\"height\":122,\"caption\":\"durocdolives\"},\"image\":{\"@id\":\"https:\/\/www.durocdolives.com\/nl\/#\/schema\/logo\/image\/\"}}]}<\/script>\n<!-- \/ Yoast SEO plugin. -->","yoast_head_json":{"title":"La s\u00e9curit\u00e9 alimentaire - Duroc d&#039;Olives","robots":{"index":"index","follow":"follow","max-snippet":"max-snippet:-1","max-image-preview":"max-image-preview:large","max-video-preview":"max-video-preview:-1"},"canonical":"https:\/\/www.durocdolives.com\/nl\/duurzaamheid-innovatie\/voedselveiligheid\/","og_locale":"fr_FR","og_type":"article","og_title":"La s\u00e9curit\u00e9 alimentaire - Duroc d&#039;Olives","og_description":"La s\u00e9curit\u00e9 alimentaire Comme dans tous les pays europ\u00e9ens, la Belgique dispose d&rsquo;une l\u00e9gislation stricte en mati\u00e8re de s\u00e9curit\u00e9 alimentaire. Nous suivons les normes de BePork. Il s&rsquo;agit du label de qualit\u00e9 belge, supervis\u00e9 par l&rsquo;Agence F\u00e9d\u00e9rale Pour La S\u00e9curit\u00e9 Alimentaire. Soin et qualit\u00e9 Nous ne pouvons garantir une viande de porc savoureuse et d\u00e9licieuse [&hellip;]","og_url":"https:\/\/www.durocdolives.com\/nl\/duurzaamheid-innovatie\/voedselveiligheid\/","og_site_name":"Duroc d&#039;Olives","article_modified_time":"2021-02-19T10:12:30+00:00","og_image":[{"url":"https:\/\/www.durocdolives.com\/wp-content\/uploads\/2021\/02\/patricia-big-500x500.jpg","type":"","width":"","height":""}],"twitter_card":"summary_large_image","twitter_misc":{"Dur\u00e9e de lecture estim\u00e9e":"1 minute"},"schema":{"@context":"https:\/\/schema.org","@graph":[{"@type":"WebPage","@id":"https:\/\/www.durocdolives.com\/nl\/duurzaamheid-innovatie\/voedselveiligheid\/","url":"https:\/\/www.durocdolives.com\/nl\/duurzaamheid-innovatie\/voedselveiligheid\/","name":"La s\u00e9curit\u00e9 alimentaire - Duroc d&#039;Olives","isPartOf":{"@id":"https:\/\/www.durocdolives.com\/nl\/#website"},"primaryImageOfPage":{"@id":"https:\/\/www.durocdolives.com\/nl\/duurzaamheid-innovatie\/voedselveiligheid\/#primaryimage"},"image":{"@id":"https:\/\/www.durocdolives.com\/nl\/duurzaamheid-innovatie\/voedselveiligheid\/#primaryimage"},"thumbnailUrl":"https:\/\/www.durocdolives.com\/wp-content\/uploads\/2021\/02\/patricia-big-500x500.jpg","datePublished":"2021-02-05T13:01:42+00:00","dateModified":"2021-02-19T10:12:30+00:00","breadcrumb":{"@id":"https:\/\/www.durocdolives.com\/nl\/duurzaamheid-innovatie\/voedselveiligheid\/#breadcrumb"},"inLanguage":"fr-FR","potentialAction":[{"@type":"ReadAction","target":["https:\/\/www.durocdolives.com\/nl\/duurzaamheid-innovatie\/voedselveiligheid\/"]}]},{"@type":"ImageObject","inLanguage":"fr-FR","@id":"https:\/\/www.durocdolives.com\/nl\/duurzaamheid-innovatie\/voedselveiligheid\/#primaryimage","url":"https:\/\/www.durocdolives.com\/wp-content\/uploads\/2021\/02\/patricia-big-500x500.jpg","contentUrl":"https:\/\/www.durocdolives.com\/wp-content\/uploads\/2021\/02\/patricia-big-500x500.jpg"},{"@type":"BreadcrumbList","@id":"https:\/\/www.durocdolives.com\/nl\/duurzaamheid-innovatie\/voedselveiligheid\/#breadcrumb","itemListElement":[{"@type":"ListItem","position":1,"name":"Home","item":"https:\/\/www.durocdolives.com\/nl\/"},{"@type":"ListItem","position":2,"name":"Durabilit\u00e9 &amp; Innovation","item":"https:\/\/www.durocdolives.com\/nl\/duurzaamheid-innovatie\/"},{"@type":"ListItem","position":3,"name":"La s\u00e9curit\u00e9 alimentaire"}]},{"@type":"WebSite","@id":"https:\/\/www.durocdolives.com\/nl\/#website","url":"https:\/\/www.durocdolives.com\/nl\/","name":"Duroc d&#039;Olives","description":"Heerlijk, kwalitatief varkensvlees","publisher":{"@id":"https:\/\/www.durocdolives.com\/nl\/#organization"},"potentialAction":[{"@type":"SearchAction","target":{"@type":"EntryPoint","urlTemplate":"https:\/\/www.durocdolives.com\/nl\/?s={search_term_string}"},"query-input":{"@type":"PropertyValueSpecification","valueRequired":true,"valueName":"search_term_string"}}],"inLanguage":"fr-FR"},{"@type":"Organization","@id":"https:\/\/www.durocdolives.com\/nl\/#organization","name":"durocdolives","url":"https:\/\/www.durocdolives.com\/nl\/","logo":{"@type":"ImageObject","inLanguage":"fr-FR","@id":"https:\/\/www.durocdolives.com\/nl\/#\/schema\/logo\/image\/","url":"https:\/\/www.durocdolives.com\/wp-content\/uploads\/2020\/10\/logo.svg","contentUrl":"https:\/\/www.durocdolives.com\/wp-content\/uploads\/2020\/10\/logo.svg","width":122,"height":122,"caption":"durocdolives"},"image":{"@id":"https:\/\/www.durocdolives.com\/nl\/#\/schema\/logo\/image\/"}}]}},"_links":{"self":[{"href":"https:\/\/www.durocdolives.com\/fr\/wp-json\/wp\/v2\/pages\/7107","targetHints":{"allow":["GET"]}}],"collection":[{"href":"https:\/\/www.durocdolives.com\/fr\/wp-json\/wp\/v2\/pages"}],"about":[{"href":"https:\/\/www.durocdolives.com\/fr\/wp-json\/wp\/v2\/types\/page"}],"author":[{"embeddable":true,"href":"https:\/\/www.durocdolives.com\/fr\/wp-json\/wp\/v2\/users\/5"}],"replies":[{"embeddable":true,"href":"https:\/\/www.durocdolives.com\/fr\/wp-json\/wp\/v2\/comments?post=7107"}],"version-history":[{"count":0,"href":"https:\/\/www.durocdolives.com\/fr\/wp-json\/wp\/v2\/pages\/7107\/revisions"}],"up":[{"embeddable":true,"href":"https:\/\/www.durocdolives.com\/fr\/wp-json\/wp\/v2\/pages\/7044"}],"wp:attachment":[{"href":"https:\/\/www.durocdolives.com\/fr\/wp-json\/wp\/v2\/media?parent=7107"}],"curies":[{"name":"wp","href":"https:\/\/api.w.org\/{rel}","templated":true}]}}