{"id":4988,"date":"2021-01-05T12:33:35","date_gmt":"2021-01-05T12:33:35","guid":{"rendered":"https:\/\/www.durocdolives.com\/le-porc-duroc-une-race-a-part\/"},"modified":"2021-04-29T11:55:06","modified_gmt":"2021-04-29T11:55:06","slug":"le-porc-duroc-une-race-a-part","status":"publish","type":"page","link":"https:\/\/www.durocdolives.com\/fr\/a-propos-de-nous\/le-porc-duroc-une-race-a-part\/","title":{"rendered":"Le porc Duroc :  une race \u00e0 part"},"content":{"rendered":"\t\t<div data-elementor-type=\"wp-page\" data-elementor-id=\"4988\" class=\"elementor elementor-4988 elementor-4965\" data-elementor-post-type=\"page\">\n\t\t\t\t\t\t<section class=\"elementor-section elementor-top-section elementor-element elementor-element-2c95197 elementor-section-boxed elementor-section-height-default elementor-section-height-default\" data-id=\"2c95197\" data-element_type=\"section\" data-e-type=\"section\">\n\t\t\t\t\t\t<div class=\"elementor-container elementor-column-gap-default\">\n\t\t\t\t\t<div class=\"elementor-column elementor-col-100 elementor-top-column elementor-element elementor-element-d5cfd6e\" data-id=\"d5cfd6e\" data-element_type=\"column\" data-e-type=\"column\">\n\t\t\t<div class=\"elementor-widget-wrap elementor-element-populated\">\n\t\t\t\t\t\t<div class=\"elementor-element elementor-element-c7ca5cf elementor-widget elementor-widget-heading\" data-id=\"c7ca5cf\" data-element_type=\"widget\" data-e-type=\"widget\" data-widget_type=\"heading.default\">\n\t\t\t\t<div class=\"elementor-widget-container\">\n\t\t\t\t\t<h1 class=\"elementor-heading-title elementor-size-default\">Le porc Duroc, une race \u00e0 part.<\/h1>\t\t\t\t<\/div>\n\t\t\t\t<\/div>\n\t\t\t\t<div class=\"elementor-element elementor-element-967373c elementor-widget elementor-widget-spacer\" data-id=\"967373c\" data-element_type=\"widget\" data-e-type=\"widget\" data-widget_type=\"spacer.default\">\n\t\t\t\t<div class=\"elementor-widget-container\">\n\t\t\t\t\t\t\t<div class=\"elementor-spacer\">\n\t\t\t<div class=\"elementor-spacer-inner\"><\/div>\n\t\t<\/div>\n\t\t\t\t\t\t<\/div>\n\t\t\t\t<\/div>\n\t\t\t\t<section class=\"elementor-section elementor-inner-section elementor-element elementor-element-ff8a220 elementor-section-boxed elementor-section-height-default elementor-section-height-default\" data-id=\"ff8a220\" data-element_type=\"section\" data-e-type=\"section\">\n\t\t\t\t\t\t<div class=\"elementor-container elementor-column-gap-default\">\n\t\t\t\t\t<div class=\"elementor-column elementor-col-50 elementor-inner-column elementor-element elementor-element-7592c6b\" data-id=\"7592c6b\" data-element_type=\"column\" data-e-type=\"column\">\n\t\t\t<div class=\"elementor-widget-wrap elementor-element-populated\">\n\t\t\t\t\t\t<div class=\"elementor-element elementor-element-c925499 elementor-widget elementor-widget-image\" data-id=\"c925499\" data-element_type=\"widget\" data-e-type=\"widget\" data-settings=\"{&quot;sticky&quot;:&quot;top&quot;,&quot;sticky_on&quot;:[&quot;desktop&quot;],&quot;sticky_parent&quot;:&quot;yes&quot;,&quot;sticky_offset&quot;:0,&quot;sticky_effects_offset&quot;:0,&quot;sticky_anchor_link_offset&quot;:0}\" data-widget_type=\"image.default\">\n\t\t\t\t<div class=\"elementor-widget-container\">\n\t\t\t\t\t\t\t\t\t\t\t\t\t\t\t<img fetchpriority=\"high\" decoding=\"async\" width=\"807\" height=\"934\" src=\"https:\/\/www.durocdolives.com\/wp-content\/uploads\/2020\/10\/news-lg-img.jpg\" class=\"attachment-large size-large wp-image-346\" alt=\"Duroc d&#039;Olives Porc\" srcset=\"https:\/\/www.durocdolives.com\/wp-content\/uploads\/2020\/10\/news-lg-img.jpg 807w, https:\/\/www.durocdolives.com\/wp-content\/uploads\/2020\/10\/news-lg-img-216x250.jpg 216w, https:\/\/www.durocdolives.com\/wp-content\/uploads\/2020\/10\/news-lg-img-600x694.jpg 600w, https:\/\/www.durocdolives.com\/wp-content\/uploads\/2020\/10\/news-lg-img-259x300.jpg 259w, https:\/\/www.durocdolives.com\/wp-content\/uploads\/2020\/10\/news-lg-img-768x889.jpg 768w\" sizes=\"(max-width: 807px) 100vw, 807px\" \/>\t\t\t\t\t\t\t\t\t\t\t\t\t\t\t<\/div>\n\t\t\t\t<\/div>\n\t\t\t\t\t<\/div>\n\t\t<\/div>\n\t\t\t\t<div class=\"elementor-column elementor-col-50 elementor-inner-column elementor-element elementor-element-76c1a7f\" data-id=\"76c1a7f\" data-element_type=\"column\" data-e-type=\"column\">\n\t\t\t<div class=\"elementor-widget-wrap elementor-element-populated\">\n\t\t\t\t\t\t<div class=\"elementor-element elementor-element-c8d4b45 elementor-widget elementor-widget-text-editor\" data-id=\"c8d4b45\" data-element_type=\"widget\" data-e-type=\"widget\" data-widget_type=\"text-editor.default\">\n\t\t\t\t<div class=\"elementor-widget-container\">\n\t\t\t\t\t\t\t\t\t<h4>Reconnaissable au premier coup d\u2019\u0153il<\/h4><p>Le porc Duroc se distingue de ses cong\u00e9n\u00e8res par son pelage rouge et ses oreilles tombantes. Pour autant, tous les porcs Duroc n\u2019ont pas le pelage rouge : celui-ci varie d\u2019un jaune clair dor\u00e9 \u00e0 un brun acajou tr\u00e8s fonc\u00e9. On ne retrouve pas cette palette de couleurs chez les autres races de porc. Et c\u2019est ce qui les rend pour le moins particuliers!<\/p><h4>Des origines intrigantes<\/h4><p>Mais d\u2019o\u00f9 vient le porc Duroc ? Diverses th\u00e9ories circulent \u00e0 ce propos. Certaines sources racontent que cette race viendrait d\u2019Afrique et aurait \u00e9t\u00e9 introduite en Am\u00e9rique par le biais de la traite des esclaves. Une autre th\u00e9orie pr\u00e9tend que Christophe Colomb ramena la race d\u2019Am\u00e9rique en Nouvelle \u00c9cosse. Ce dont nous sommes s\u00fbrs, c\u2019est que nos porcs Duroc descendent des Red Durocs de New York et des Jersey Reds du New Jersey. Voil\u00e0 en tout cas une histoire qui nous semble plausible\u2026<\/p><h4>Une race c\u00e9l\u00e8bre \u00e0 la conqu\u00eate du monde<\/h4><p>Au 19e si\u00e8cle, le porc Duroc faisait d\u00e9j\u00e0 fureur : un v\u00e9ritable show Duroc eut lieu lors de l\u2019Exposition Universelle de 1893. Ces animaux y rencontr\u00e8rent un franc succ\u00e8s qui ne se d\u00e9mentira plus par la suite. Car depuis lors, la popularit\u00e9 de la race n\u2019a fait que cro\u00eetre dans le monde entier.<\/p><h4>Duroc d&rsquo;Olives : un croisement imaginatif<\/h4><p>L\u2019excellente qualit\u00e9 de la viande Duroc d\u2019Olives que vous trouvez chez votre boucher est due au croisement de deux animaux de caract\u00e8re. Nous croisons une truie rustique blanche, connue pour sa viande de qualit\u00e9 exceptionnelle, avec un verrat Duroc brun-rouge. Les porcs Duroc ont davantage de graisse intramusculaire et une viande plus fonc\u00e9e, plus tendre et plus go\u00fbteuse. Le r\u00e9sultat ? Un croisement brun-rouge clair qui garantit une viande d\u00e9licieuse, tendre et juteuse.<\/p><p>\u00a0<\/p>\t\t\t\t\t\t\t\t<\/div>\n\t\t\t\t<\/div>\n\t\t\t\t\t<\/div>\n\t\t<\/div>\n\t\t\t\t\t<\/div>\n\t\t<\/section>\n\t\t\t\t\t<\/div>\n\t\t<\/div>\n\t\t\t\t\t<\/div>\n\t\t<\/section>\n\t\t\t\t<section class=\"elementor-section elementor-top-section elementor-element elementor-element-69bceb6 elementor-section-boxed elementor-section-height-default elementor-section-height-default elementor-invisible\" data-id=\"69bceb6\" data-element_type=\"section\" data-e-type=\"section\" data-settings=\"{&quot;animation&quot;:&quot;fadeInUp&quot;}\">\n\t\t\t\t\t\t<div class=\"elementor-container elementor-column-gap-default\">\n\t\t\t\t\t<div class=\"elementor-column elementor-col-100 elementor-top-column elementor-element elementor-element-607a893\" data-id=\"607a893\" data-element_type=\"column\" data-e-type=\"column\">\n\t\t\t<div class=\"elementor-widget-wrap elementor-element-populated\">\n\t\t\t\t\t\t<section class=\"elementor-section elementor-inner-section elementor-element elementor-element-e1ea13d elementor-section-height-min-height elementor-reverse-mobile elementor-section-boxed elementor-section-height-default\" data-id=\"e1ea13d\" data-element_type=\"section\" data-e-type=\"section\">\n\t\t\t\t\t\t<div class=\"elementor-container elementor-column-gap-default\">\n\t\t\t\t\t<div class=\"elementor-column elementor-col-50 elementor-inner-column elementor-element elementor-element-65c97dc\" data-id=\"65c97dc\" data-element_type=\"column\" data-e-type=\"column\" data-settings=\"{&quot;background_background&quot;:&quot;classic&quot;}\">\n\t\t\t<div class=\"elementor-widget-wrap elementor-element-populated\">\n\t\t\t\t\t\t<div class=\"elementor-element elementor-element-068d150 elementor-widget elementor-widget-heading\" data-id=\"068d150\" data-element_type=\"widget\" data-e-type=\"widget\" data-widget_type=\"heading.default\">\n\t\t\t\t<div class=\"elementor-widget-container\">\n\t\t\t\t\t<h3 class=\"elementor-heading-title elementor-size-default\">Duroc d'Olives Rouge\n<\/h3>\t\t\t\t<\/div>\n\t\t\t\t<\/div>\n\t\t\t\t<div class=\"elementor-element elementor-element-53c1d1d elementor-widget elementor-widget-heading\" data-id=\"53c1d1d\" data-element_type=\"widget\" data-e-type=\"widget\" data-widget_type=\"heading.default\">\n\t\t\t\t<div class=\"elementor-widget-container\">\n\t\t\t\t\t<h4 class=\"elementor-heading-title elementor-size-default\">Le go\u00fbt ultime de la race pure Duroc<\/h4>\t\t\t\t<\/div>\n\t\t\t\t<\/div>\n\t\t\t\t<div class=\"elementor-element elementor-element-2ce27e9 elementor-widget-divider--view-line elementor-widget elementor-widget-divider\" data-id=\"2ce27e9\" data-element_type=\"widget\" data-e-type=\"widget\" data-widget_type=\"divider.default\">\n\t\t\t\t<div class=\"elementor-widget-container\">\n\t\t\t\t\t\t\t<div class=\"elementor-divider\">\n\t\t\t<span class=\"elementor-divider-separator\">\n\t\t\t\t\t\t<\/span>\n\t\t<\/div>\n\t\t\t\t\t\t<\/div>\n\t\t\t\t<\/div>\n\t\t\t\t<div class=\"elementor-element elementor-element-3011c63 elementor-widget elementor-widget-text-editor\" data-id=\"3011c63\" data-element_type=\"widget\" data-e-type=\"widget\" data-widget_type=\"text-editor.default\">\n\t\t\t\t<div class=\"elementor-widget-container\">\n\t\t\t\t\t\t\t\t\t<p>Pour les amateurs de viande aux ambitions de gastronomes, nous avons lanc\u00e9 le label Rouge : une viande provenant \u00e0 cent pour cent de porcs de race pure Duroc. De quoi profiter du meilleur de la race. Ici le \u2018Rouge\u2019 se r\u00e9f\u00e8re \u00e0 la fois au pelage brun-rouge fonc\u00e9 des animaux et \u00e0 la couleur sombre de la viande. Pure Duroc a plus de graisse intramusculaire et cela se go\u00fbte dans l\u2019assiette : un go\u00fbt encore plus puissant, plus intense. Il n\u2019est donc pas \u00e9tonnant de rencontrer cette viande de porc dans les cuisines de chefs belges de plus en plus nombreux. Vous trouverez Duroc d\u2019Olives Rouge chez nos bouchers sp\u00e9cialis\u00e9s.<\/p>\t\t\t\t\t\t\t\t<\/div>\n\t\t\t\t<\/div>\n\t\t\t\t<div class=\"elementor-element elementor-element-fe6b6c2 elementor-widget elementor-widget-image\" data-id=\"fe6b6c2\" data-element_type=\"widget\" data-e-type=\"widget\" data-widget_type=\"image.default\">\n\t\t\t\t<div class=\"elementor-widget-container\">\n\t\t\t\t\t\t\t\t\t\t\t\t\t\t\t<img decoding=\"async\" width=\"150\" height=\"150\" src=\"https:\/\/www.durocdolives.com\/wp-content\/uploads\/2021\/03\/DD_rouge-01-150x150.png\" class=\"attachment-thumbnail size-thumbnail wp-image-8330\" alt=\"\" srcset=\"https:\/\/www.durocdolives.com\/wp-content\/uploads\/2021\/03\/DD_rouge-01-150x150.png 150w, https:\/\/www.durocdolives.com\/wp-content\/uploads\/2021\/03\/DD_rouge-01-500x500.png 500w, https:\/\/www.durocdolives.com\/wp-content\/uploads\/2021\/03\/DD_rouge-01-39x39.png 39w, https:\/\/www.durocdolives.com\/wp-content\/uploads\/2021\/03\/DD_rouge-01-18x18.png 18w, https:\/\/www.durocdolives.com\/wp-content\/uploads\/2021\/03\/DD_rouge-01-25x25.png 25w, https:\/\/www.durocdolives.com\/wp-content\/uploads\/2021\/03\/DD_rouge-01-32x32.png 32w\" sizes=\"(max-width: 150px) 100vw, 150px\" \/>\t\t\t\t\t\t\t\t\t\t\t\t\t\t\t<\/div>\n\t\t\t\t<\/div>\n\t\t\t\t\t<\/div>\n\t\t<\/div>\n\t\t\t\t<div class=\"elementor-column elementor-col-50 elementor-inner-column elementor-element elementor-element-1bae868\" data-id=\"1bae868\" data-element_type=\"column\" data-e-type=\"column\" data-settings=\"{&quot;background_background&quot;:&quot;classic&quot;}\">\n\t\t\t<div class=\"elementor-widget-wrap elementor-element-populated\">\n\t\t\t\t\t\t<div class=\"elementor-element elementor-element-d83d615 elementor-widget elementor-widget-spacer\" data-id=\"d83d615\" data-element_type=\"widget\" data-e-type=\"widget\" data-widget_type=\"spacer.default\">\n\t\t\t\t<div class=\"elementor-widget-container\">\n\t\t\t\t\t\t\t<div class=\"elementor-spacer\">\n\t\t\t<div class=\"elementor-spacer-inner\"><\/div>\n\t\t<\/div>\n\t\t\t\t\t\t<\/div>\n\t\t\t\t<\/div>\n\t\t\t\t\t<\/div>\n\t\t<\/div>\n\t\t\t\t\t<\/div>\n\t\t<\/section>\n\t\t\t\t\t<\/div>\n\t\t<\/div>\n\t\t\t\t\t<\/div>\n\t\t<\/section>\n\t\t\t\t<\/div>\n\t\t","protected":false},"excerpt":{"rendered":"<p>Le porc Duroc, une race \u00e0 part. Reconnaissable au premier coup d\u2019\u0153il Le porc Duroc se distingue de ses cong\u00e9n\u00e8res par son pelage rouge et ses oreilles tombantes. Pour autant, tous les porcs Duroc n\u2019ont pas le pelage rouge : celui-ci varie d\u2019un jaune clair dor\u00e9 \u00e0 un brun acajou tr\u00e8s fonc\u00e9. On ne retrouve [&hellip;]<\/p>\n","protected":false},"author":5,"featured_media":0,"parent":7447,"menu_order":0,"comment_status":"closed","ping_status":"closed","template":"elementor_header_footer","meta":{"_acf_changed":false,"inline_featured_image":false,"footnotes":""},"class_list":["post-4988","page","type-page","status-publish","hentry"],"acf":[],"yoast_head":"<!-- This site is optimized with the Yoast SEO plugin v27.4 - https:\/\/yoast.com\/product\/yoast-seo-wordpress\/ -->\n<title>Le porc Duroc : une race \u00e0 part - Duroc d&#039;Olives<\/title>\n<meta name=\"robots\" content=\"index, follow, max-snippet:-1, max-image-preview:large, max-video-preview:-1\" \/>\n<link rel=\"canonical\" href=\"https:\/\/www.durocdolives.com\/nl\/over-duroc-dolives\/het-duroc-varken-een-ras-apart\/\" \/>\n<meta property=\"og:locale\" content=\"fr_FR\" \/>\n<meta property=\"og:type\" content=\"article\" \/>\n<meta property=\"og:title\" content=\"Le porc Duroc : une race \u00e0 part - Duroc d&#039;Olives\" \/>\n<meta property=\"og:description\" content=\"Le porc Duroc, une race \u00e0 part. Reconnaissable au premier coup d\u2019\u0153il Le porc Duroc se distingue de ses cong\u00e9n\u00e8res par son pelage rouge et ses oreilles tombantes. Pour autant, tous les porcs Duroc n\u2019ont pas le pelage rouge : celui-ci varie d\u2019un jaune clair dor\u00e9 \u00e0 un brun acajou tr\u00e8s fonc\u00e9. On ne retrouve [&hellip;]\" \/>\n<meta property=\"og:url\" content=\"https:\/\/www.durocdolives.com\/nl\/over-duroc-dolives\/het-duroc-varken-een-ras-apart\/\" \/>\n<meta property=\"og:site_name\" content=\"Duroc d&#039;Olives\" \/>\n<meta property=\"article:modified_time\" content=\"2021-04-29T11:55:06+00:00\" \/>\n<meta property=\"og:image\" content=\"https:\/\/www.durocdolives.com\/wp-content\/uploads\/2020\/10\/news-lg-img.jpg\" \/>\n<meta name=\"twitter:card\" content=\"summary_large_image\" \/>\n<meta name=\"twitter:label1\" content=\"Dur\u00e9e de lecture estim\u00e9e\" \/>\n\t<meta name=\"twitter:data1\" content=\"3 minutes\" \/>\n<script type=\"application\/ld+json\" class=\"yoast-schema-graph\">{\"@context\":\"https:\\\/\\\/schema.org\",\"@graph\":[{\"@type\":\"WebPage\",\"@id\":\"https:\\\/\\\/www.durocdolives.com\\\/nl\\\/over-duroc-dolives\\\/het-duroc-varken-een-ras-apart\\\/\",\"url\":\"https:\\\/\\\/www.durocdolives.com\\\/nl\\\/over-duroc-dolives\\\/het-duroc-varken-een-ras-apart\\\/\",\"name\":\"Le porc Duroc : une race \u00e0 part - Duroc d&#039;Olives\",\"isPartOf\":{\"@id\":\"https:\\\/\\\/www.durocdolives.com\\\/nl\\\/#website\"},\"primaryImageOfPage\":{\"@id\":\"https:\\\/\\\/www.durocdolives.com\\\/nl\\\/over-duroc-dolives\\\/het-duroc-varken-een-ras-apart\\\/#primaryimage\"},\"image\":{\"@id\":\"https:\\\/\\\/www.durocdolives.com\\\/nl\\\/over-duroc-dolives\\\/het-duroc-varken-een-ras-apart\\\/#primaryimage\"},\"thumbnailUrl\":\"https:\\\/\\\/www.durocdolives.com\\\/wp-content\\\/uploads\\\/2020\\\/10\\\/news-lg-img.jpg\",\"datePublished\":\"2021-01-05T12:33:35+00:00\",\"dateModified\":\"2021-04-29T11:55:06+00:00\",\"breadcrumb\":{\"@id\":\"https:\\\/\\\/www.durocdolives.com\\\/nl\\\/over-duroc-dolives\\\/het-duroc-varken-een-ras-apart\\\/#breadcrumb\"},\"inLanguage\":\"fr-FR\",\"potentialAction\":[{\"@type\":\"ReadAction\",\"target\":[\"https:\\\/\\\/www.durocdolives.com\\\/nl\\\/over-duroc-dolives\\\/het-duroc-varken-een-ras-apart\\\/\"]}]},{\"@type\":\"ImageObject\",\"inLanguage\":\"fr-FR\",\"@id\":\"https:\\\/\\\/www.durocdolives.com\\\/nl\\\/over-duroc-dolives\\\/het-duroc-varken-een-ras-apart\\\/#primaryimage\",\"url\":\"https:\\\/\\\/www.durocdolives.com\\\/wp-content\\\/uploads\\\/2020\\\/10\\\/news-lg-img.jpg\",\"contentUrl\":\"https:\\\/\\\/www.durocdolives.com\\\/wp-content\\\/uploads\\\/2020\\\/10\\\/news-lg-img.jpg\"},{\"@type\":\"BreadcrumbList\",\"@id\":\"https:\\\/\\\/www.durocdolives.com\\\/nl\\\/over-duroc-dolives\\\/het-duroc-varken-een-ras-apart\\\/#breadcrumb\",\"itemListElement\":[{\"@type\":\"ListItem\",\"position\":1,\"name\":\"Home\",\"item\":\"https:\\\/\\\/www.durocdolives.com\\\/nl\\\/\"},{\"@type\":\"ListItem\",\"position\":2,\"name\":\"\u00c0 propos de nous\",\"item\":\"https:\\\/\\\/www.durocdolives.com\\\/nl\\\/over-duroc-dolives\\\/\"},{\"@type\":\"ListItem\",\"position\":3,\"name\":\"Le porc Duroc : une race \u00e0 part\"}]},{\"@type\":\"WebSite\",\"@id\":\"https:\\\/\\\/www.durocdolives.com\\\/nl\\\/#website\",\"url\":\"https:\\\/\\\/www.durocdolives.com\\\/nl\\\/\",\"name\":\"Duroc d&#039;Olives\",\"description\":\"Heerlijk, kwalitatief varkensvlees\",\"publisher\":{\"@id\":\"https:\\\/\\\/www.durocdolives.com\\\/nl\\\/#organization\"},\"potentialAction\":[{\"@type\":\"SearchAction\",\"target\":{\"@type\":\"EntryPoint\",\"urlTemplate\":\"https:\\\/\\\/www.durocdolives.com\\\/nl\\\/?s={search_term_string}\"},\"query-input\":{\"@type\":\"PropertyValueSpecification\",\"valueRequired\":true,\"valueName\":\"search_term_string\"}}],\"inLanguage\":\"fr-FR\"},{\"@type\":\"Organization\",\"@id\":\"https:\\\/\\\/www.durocdolives.com\\\/nl\\\/#organization\",\"name\":\"durocdolives\",\"url\":\"https:\\\/\\\/www.durocdolives.com\\\/nl\\\/\",\"logo\":{\"@type\":\"ImageObject\",\"inLanguage\":\"fr-FR\",\"@id\":\"https:\\\/\\\/www.durocdolives.com\\\/nl\\\/#\\\/schema\\\/logo\\\/image\\\/\",\"url\":\"https:\\\/\\\/www.durocdolives.com\\\/wp-content\\\/uploads\\\/2020\\\/10\\\/logo.svg\",\"contentUrl\":\"https:\\\/\\\/www.durocdolives.com\\\/wp-content\\\/uploads\\\/2020\\\/10\\\/logo.svg\",\"width\":122,\"height\":122,\"caption\":\"durocdolives\"},\"image\":{\"@id\":\"https:\\\/\\\/www.durocdolives.com\\\/nl\\\/#\\\/schema\\\/logo\\\/image\\\/\"}}]}<\/script>\n<!-- \/ Yoast SEO plugin. -->","yoast_head_json":{"title":"Le porc Duroc : une race \u00e0 part - Duroc d&#039;Olives","robots":{"index":"index","follow":"follow","max-snippet":"max-snippet:-1","max-image-preview":"max-image-preview:large","max-video-preview":"max-video-preview:-1"},"canonical":"https:\/\/www.durocdolives.com\/nl\/over-duroc-dolives\/het-duroc-varken-een-ras-apart\/","og_locale":"fr_FR","og_type":"article","og_title":"Le porc Duroc : une race \u00e0 part - Duroc d&#039;Olives","og_description":"Le porc Duroc, une race \u00e0 part. Reconnaissable au premier coup d\u2019\u0153il Le porc Duroc se distingue de ses cong\u00e9n\u00e8res par son pelage rouge et ses oreilles tombantes. Pour autant, tous les porcs Duroc n\u2019ont pas le pelage rouge : celui-ci varie d\u2019un jaune clair dor\u00e9 \u00e0 un brun acajou tr\u00e8s fonc\u00e9. On ne retrouve [&hellip;]","og_url":"https:\/\/www.durocdolives.com\/nl\/over-duroc-dolives\/het-duroc-varken-een-ras-apart\/","og_site_name":"Duroc d&#039;Olives","article_modified_time":"2021-04-29T11:55:06+00:00","og_image":[{"url":"https:\/\/www.durocdolives.com\/wp-content\/uploads\/2020\/10\/news-lg-img.jpg","type":"","width":"","height":""}],"twitter_card":"summary_large_image","twitter_misc":{"Dur\u00e9e de lecture estim\u00e9e":"3 minutes"},"schema":{"@context":"https:\/\/schema.org","@graph":[{"@type":"WebPage","@id":"https:\/\/www.durocdolives.com\/nl\/over-duroc-dolives\/het-duroc-varken-een-ras-apart\/","url":"https:\/\/www.durocdolives.com\/nl\/over-duroc-dolives\/het-duroc-varken-een-ras-apart\/","name":"Le porc Duroc : une race \u00e0 part - Duroc d&#039;Olives","isPartOf":{"@id":"https:\/\/www.durocdolives.com\/nl\/#website"},"primaryImageOfPage":{"@id":"https:\/\/www.durocdolives.com\/nl\/over-duroc-dolives\/het-duroc-varken-een-ras-apart\/#primaryimage"},"image":{"@id":"https:\/\/www.durocdolives.com\/nl\/over-duroc-dolives\/het-duroc-varken-een-ras-apart\/#primaryimage"},"thumbnailUrl":"https:\/\/www.durocdolives.com\/wp-content\/uploads\/2020\/10\/news-lg-img.jpg","datePublished":"2021-01-05T12:33:35+00:00","dateModified":"2021-04-29T11:55:06+00:00","breadcrumb":{"@id":"https:\/\/www.durocdolives.com\/nl\/over-duroc-dolives\/het-duroc-varken-een-ras-apart\/#breadcrumb"},"inLanguage":"fr-FR","potentialAction":[{"@type":"ReadAction","target":["https:\/\/www.durocdolives.com\/nl\/over-duroc-dolives\/het-duroc-varken-een-ras-apart\/"]}]},{"@type":"ImageObject","inLanguage":"fr-FR","@id":"https:\/\/www.durocdolives.com\/nl\/over-duroc-dolives\/het-duroc-varken-een-ras-apart\/#primaryimage","url":"https:\/\/www.durocdolives.com\/wp-content\/uploads\/2020\/10\/news-lg-img.jpg","contentUrl":"https:\/\/www.durocdolives.com\/wp-content\/uploads\/2020\/10\/news-lg-img.jpg"},{"@type":"BreadcrumbList","@id":"https:\/\/www.durocdolives.com\/nl\/over-duroc-dolives\/het-duroc-varken-een-ras-apart\/#breadcrumb","itemListElement":[{"@type":"ListItem","position":1,"name":"Home","item":"https:\/\/www.durocdolives.com\/nl\/"},{"@type":"ListItem","position":2,"name":"\u00c0 propos de nous","item":"https:\/\/www.durocdolives.com\/nl\/over-duroc-dolives\/"},{"@type":"ListItem","position":3,"name":"Le porc Duroc : une race \u00e0 part"}]},{"@type":"WebSite","@id":"https:\/\/www.durocdolives.com\/nl\/#website","url":"https:\/\/www.durocdolives.com\/nl\/","name":"Duroc d&#039;Olives","description":"Heerlijk, kwalitatief varkensvlees","publisher":{"@id":"https:\/\/www.durocdolives.com\/nl\/#organization"},"potentialAction":[{"@type":"SearchAction","target":{"@type":"EntryPoint","urlTemplate":"https:\/\/www.durocdolives.com\/nl\/?s={search_term_string}"},"query-input":{"@type":"PropertyValueSpecification","valueRequired":true,"valueName":"search_term_string"}}],"inLanguage":"fr-FR"},{"@type":"Organization","@id":"https:\/\/www.durocdolives.com\/nl\/#organization","name":"durocdolives","url":"https:\/\/www.durocdolives.com\/nl\/","logo":{"@type":"ImageObject","inLanguage":"fr-FR","@id":"https:\/\/www.durocdolives.com\/nl\/#\/schema\/logo\/image\/","url":"https:\/\/www.durocdolives.com\/wp-content\/uploads\/2020\/10\/logo.svg","contentUrl":"https:\/\/www.durocdolives.com\/wp-content\/uploads\/2020\/10\/logo.svg","width":122,"height":122,"caption":"durocdolives"},"image":{"@id":"https:\/\/www.durocdolives.com\/nl\/#\/schema\/logo\/image\/"}}]}},"_links":{"self":[{"href":"https:\/\/www.durocdolives.com\/fr\/wp-json\/wp\/v2\/pages\/4988","targetHints":{"allow":["GET"]}}],"collection":[{"href":"https:\/\/www.durocdolives.com\/fr\/wp-json\/wp\/v2\/pages"}],"about":[{"href":"https:\/\/www.durocdolives.com\/fr\/wp-json\/wp\/v2\/types\/page"}],"author":[{"embeddable":true,"href":"https:\/\/www.durocdolives.com\/fr\/wp-json\/wp\/v2\/users\/5"}],"replies":[{"embeddable":true,"href":"https:\/\/www.durocdolives.com\/fr\/wp-json\/wp\/v2\/comments?post=4988"}],"version-history":[{"count":0,"href":"https:\/\/www.durocdolives.com\/fr\/wp-json\/wp\/v2\/pages\/4988\/revisions"}],"up":[{"embeddable":true,"href":"https:\/\/www.durocdolives.com\/fr\/wp-json\/wp\/v2\/pages\/7447"}],"wp:attachment":[{"href":"https:\/\/www.durocdolives.com\/fr\/wp-json\/wp\/v2\/media?parent=4988"}],"curies":[{"name":"wp","href":"https:\/\/api.w.org\/{rel}","templated":true}]}}