{"id":22669,"date":"2025-03-20T10:30:32","date_gmt":"2025-03-20T10:30:32","guid":{"rendered":"https:\/\/www.durocdolives.com\/duroc-dolives-days\/"},"modified":"2026-04-13T17:40:06","modified_gmt":"2026-04-13T17:40:06","slug":"duroc-dolives-days","status":"publish","type":"page","link":"https:\/\/www.durocdolives.com\/fr\/duroc-dolives-days\/","title":{"rendered":"Duroc d\u2019Olives Farm Days"},"content":{"rendered":"\t\t<div data-elementor-type=\"wp-page\" data-elementor-id=\"22669\" class=\"elementor elementor-22669 elementor-22261\" data-elementor-post-type=\"page\">\n\t\t\t\t<div class=\"elementor-element elementor-element-7f61030 e-flex e-con-boxed e-con e-parent\" data-id=\"7f61030\" data-element_type=\"container\">\n\t\t\t\t\t<div class=\"e-con-inner\">\n\t\t\t\t<div class=\"elementor-element elementor-element-530cbae elementor-widget elementor-widget-heading\" data-id=\"530cbae\" data-element_type=\"widget\" data-widget_type=\"heading.default\">\n\t\t\t\t<div class=\"elementor-widget-container\">\n\t\t\t\t\t<h1 class=\"elementor-heading-title elementor-size-default\">Duroc d\u2019Olives Farm Days<\/h1>\t\t\t\t<\/div>\n\t\t\t\t<\/div>\n\t\t\t\t<div class=\"elementor-element elementor-element-3c5fb1e elementor-widget elementor-widget-text-editor\" data-id=\"3c5fb1e\" data-element_type=\"widget\" data-widget_type=\"text-editor.default\">\n\t\t\t\t<div class=\"elementor-widget-container\">\n\t\t\t\t\t\t\t\t\t<p>Qu\u2019est-ce qui rend notre viande de porc si exceptionnelle ? D\u00e9couvrez-le lors d\u2019une visite exclusive dans l\u2019une de nos fermes Duroc d\u2019Olives, \u00e0 la pointe de la technologie. Nous vous accueillerons avec plaisir dans notre exploitation familiale, o\u00f9 nous exer\u00e7ons notre m\u00e9tier avec passion chaque jour. Vous apprendrez comment nous maintenons notre viande de porc \u00e0 un niveau d\u2019excellence, afin que vous puissiez offrir encore plus de qualit\u00e9 et de saveur dans votre boucherie ou restaurant. Notre chef Lieven vous fera d\u00e9guster quelques cr\u00e9ations originales pr\u00e9par\u00e9es avec notre large gamme de viandes fra\u00eeches et de charcuteries. Une visite enrichissante qui stimulera votre inspiration culinaire !<\/p>\n\t\t\t\t\t\t\t\t<\/div>\n\t\t\t\t<\/div>\n\t\t\t\t<div class=\"elementor-element elementor-element-50925b8 elementor-widget elementor-widget-heading\" data-id=\"50925b8\" data-element_type=\"widget\" data-widget_type=\"heading.default\">\n\t\t\t\t<div class=\"elementor-widget-container\">\n\t\t\t\t\t<h2 class=\"elementor-heading-title elementor-size-default\">Programme \u00e0 partir de 16h00 :<\/h2>\t\t\t\t<\/div>\n\t\t\t\t<\/div>\n\t\t\t\t<div class=\"elementor-element elementor-element-a0b5536 elementor-align-center elementor-icon-list--layout-traditional elementor-list-item-link-full_width elementor-widget elementor-widget-icon-list\" data-id=\"a0b5536\" data-element_type=\"widget\" data-widget_type=\"icon-list.default\">\n\t\t\t\t<div class=\"elementor-widget-container\">\n\t\t\t\t\t\t\t<ul class=\"elementor-icon-list-items\">\n\t\t\t\t\t\t\t<li class=\"elementor-icon-list-item\">\n\t\t\t\t\t\t\t\t\t\t\t<span class=\"elementor-icon-list-icon\">\n\t\t\t\t\t\t\t<i aria-hidden=\"true\" class=\"fas fa-check\"><\/i>\t\t\t\t\t\t<\/span>\n\t\t\t\t\t\t\t\t\t\t<span class=\"elementor-icon-list-text\">Pr\u00e9sentation et d\u00e9gustation de charcuteries fines<\/span>\n\t\t\t\t\t\t\t\t\t<\/li>\n\t\t\t\t\t\t\t\t<li class=\"elementor-icon-list-item\">\n\t\t\t\t\t\t\t\t\t\t\t<span class=\"elementor-icon-list-icon\">\n\t\t\t\t\t\t\t<i aria-hidden=\"true\" class=\"fas fa-check\"><\/i>\t\t\t\t\t\t<\/span>\n\t\t\t\t\t\t\t\t\t\t<span class=\"elementor-icon-list-text\">Visite guid\u00e9e de la ferme Duroc d\u2019Olives<\/span>\n\t\t\t\t\t\t\t\t\t<\/li>\n\t\t\t\t\t\t\t\t<li class=\"elementor-icon-list-item\">\n\t\t\t\t\t\t\t\t\t\t\t<span class=\"elementor-icon-list-icon\">\n\t\t\t\t\t\t\t<i aria-hidden=\"true\" class=\"fas fa-check\"><\/i>\t\t\t\t\t\t<\/span>\n\t\t\t\t\t\t\t\t\t\t<span class=\"elementor-icon-list-text\">R\u00e9ception avec de savoureuses bouch\u00e9es Duroc d\u2019Olives accompagn\u00e9es de boissons<\/span>\n\t\t\t\t\t\t\t\t\t<\/li>\n\t\t\t\t\t\t<\/ul>\n\t\t\t\t\t\t<\/div>\n\t\t\t\t<\/div>\n\t\t\t\t<div class=\"elementor-element elementor-element-521825c elementor-widget elementor-widget-heading\" data-id=\"521825c\" data-element_type=\"widget\" data-widget_type=\"heading.default\">\n\t\t\t\t<div class=\"elementor-widget-container\">\n\t\t\t\t\t<h2 class=\"elementor-heading-title elementor-size-default\">Formulaire d'inscription<\/h2>\t\t\t\t<\/div>\n\t\t\t\t<\/div>\n\t\t\t\t<div class=\"elementor-element elementor-element-40918db elementor-widget elementor-widget-shortcode\" data-id=\"40918db\" data-element_type=\"widget\" data-widget_type=\"shortcode.default\">\n\t\t\t\t<div class=\"elementor-widget-container\">\n\t\t\t\t\t\t\t<div class=\"elementor-shortcode\">\n<div class=\"wpcf7 no-js\" id=\"wpcf7-f22667-o1\" lang=\"fr-FR\" dir=\"ltr\" data-wpcf7-id=\"22667\">\n<div class=\"screen-reader-response\"><p role=\"status\" aria-live=\"polite\" aria-atomic=\"true\"><\/p> <ul><\/ul><\/div>\n<form action=\"\/fr\/wp-json\/wp\/v2\/pages\/22669#wpcf7-f22667-o1\" method=\"post\" class=\"wpcf7-form init\" aria-label=\"Formulaire de contact\" novalidate=\"novalidate\" data-status=\"init\">\n<div style=\"display: none;\">\n<input type=\"hidden\" name=\"_wpcf7\" value=\"22667\" \/>\n<input type=\"hidden\" name=\"_wpcf7_version\" value=\"6.0.6\" \/>\n<input type=\"hidden\" name=\"_wpcf7_locale\" value=\"fr_FR\" \/>\n<input type=\"hidden\" name=\"_wpcf7_unit_tag\" value=\"wpcf7-f22667-o1\" \/>\n<input type=\"hidden\" name=\"_wpcf7_container_post\" value=\"0\" \/>\n<input type=\"hidden\" name=\"_wpcf7_posted_data_hash\" value=\"\" \/>\n<input type=\"hidden\" name=\"_wpcf7dtx_version\" value=\"5.0.3\" \/>\n<input type=\"hidden\" name=\"_wpcf7_recaptcha_response\" value=\"\" \/>\n<\/div>\n<div class=\"days-form-wrap\">\n\t<div class=\"days-form-inner\">\n\t\t<div class=\"days-form-bl\">\n\t\t\t<div class=\"days-form-l\">\n\t\t\t\t<p><span class=\"days-form-label\">Nombre de participants :<\/span><br \/>\n<span class=\"wpcf7-form-control-wrap\" data-name=\"days-aantal-deelnemers\"><input size=\"40\" maxlength=\"400\" class=\"wpcf7-form-control wpcf7-text wpcf7-validates-as-required\" aria-required=\"true\" aria-invalid=\"false\" value=\"\" type=\"text\" name=\"days-aantal-deelnemers\" \/><\/span>\n\t\t\t\t<\/p>\n\t\t\t<\/div>\n\t\t\t<div class=\"days-form-r\">\n\t\t\t\t<p><span class=\"days-form-label\">Entreprise:<\/span><br \/>\n<span class=\"wpcf7-form-control-wrap\" data-name=\"days-bedrijf\"><input size=\"40\" maxlength=\"400\" class=\"wpcf7-form-control wpcf7-text wpcf7-validates-as-required\" aria-required=\"true\" aria-invalid=\"false\" value=\"\" type=\"text\" name=\"days-bedrijf\" \/><\/span>\n\t\t\t\t<\/p>\n\t\t\t<\/div>\n\t\t<\/div>\n\t\t<div class=\"days-form-bl\">\n\t\t\t<div class=\"days-form-l\">\n\t\t\t\t<p><span class=\"days-form-label\">E-mail:<\/span><br \/>\n<span class=\"wpcf7-form-control-wrap\" data-name=\"days-email\"><input size=\"40\" maxlength=\"400\" class=\"wpcf7-form-control wpcf7-email wpcf7-validates-as-required wpcf7-text wpcf7-validates-as-email\" aria-required=\"true\" aria-invalid=\"false\" value=\"\" type=\"email\" name=\"days-email\" \/><\/span>\n\t\t\t\t<\/p>\n\t\t\t<\/div>\n\t\t\t<div class=\"days-form-r\">\n\t\t\t\t<p><span class=\"days-form-label\">T\u00e9l\u00e9phone:<\/span><br \/>\n<span class=\"wpcf7-form-control-wrap\" data-name=\"days-telefoon\"><input size=\"40\" maxlength=\"400\" class=\"wpcf7-form-control wpcf7-text wpcf7-validates-as-required\" aria-required=\"true\" aria-invalid=\"false\" value=\"\" type=\"text\" name=\"days-telefoon\" \/><\/span>\n\t\t\t\t<\/p>\n\t\t\t<\/div>\n\t\t<\/div>\n\t\t<div class=\"days-form-bl\">\n\t\t\t<div class=\"days-form-l\">\n\t\t\t\t<p><span class=\"days-form-label\">Noms des participants :<\/span><br \/>\n<span class=\"wpcf7-form-control-wrap\" data-name=\"days-namen-deelnemers\"><textarea cols=\"40\" rows=\"10\" maxlength=\"2000\" class=\"wpcf7-form-control wpcf7-textarea wpcf7-validates-as-required\" aria-required=\"true\" aria-invalid=\"false\" name=\"days-namen-deelnemers\"><\/textarea><\/span>\n\t\t\t\t<\/p>\n\t\t\t<\/div>\n\t\t\t<div class=\"days-form-r\">\n\t\t\t\t<p><span class=\"days-form-label\">Message (facultatif)\u00a0:<\/span><br \/>\n<span class=\"wpcf7-form-control-wrap\" data-name=\"days-bericht\"><textarea cols=\"40\" rows=\"10\" maxlength=\"2000\" class=\"wpcf7-form-control wpcf7-textarea\" aria-invalid=\"false\" name=\"days-bericht\"><\/textarea><\/span>\n\t\t\t\t<\/p>\n\t\t\t<\/div>\n\t\t<\/div>\n\t\t<div class=\"days-form-bl\">\n\t\t\t<div class=\"days-form-l\">\n\t\t\t\t<p><span class=\"days-form-label\">Cat\u00e9gorie:<\/span><br \/>\n<span class=\"wpcf7-form-control-wrap\" data-name=\"days-categorie\"><span class=\"wpcf7-form-control wpcf7-radio\"><span class=\"wpcf7-list-item first\"><label><input type=\"radio\" name=\"days-categorie\" value=\"Boucher\" \/><span class=\"wpcf7-list-item-label\">Boucher<\/span><\/label><\/span><span class=\"wpcf7-list-item\"><label><input type=\"radio\" name=\"days-categorie\" value=\"Hospitalit\u00e9\" \/><span class=\"wpcf7-list-item-label\">Hospitalit\u00e9<\/span><\/label><\/span><span class=\"wpcf7-list-item last\"><label><input type=\"radio\" name=\"days-categorie\" value=\"Autre\" \/><span class=\"wpcf7-list-item-label\">Autre<\/span><\/label><\/span><\/span><\/span>\n\t\t\t\t<\/p>\n\t\t\t<\/div>\n\t\t\t<div class=\"days-form-r\">\n\t\t\t\t<p><span class=\"days-form-label\">Date:<\/span><br \/>\n<span class=\"wpcf7-form-control-wrap dynamic_radio_dates\" data-name=\"dynamic_radio_dates\"><span class=\"wpcf7-list-item wpcf7-list-item-1 first\"><label><input value=\"21\/06\/2026 (Kruishoutem)\" type=\"radio\" id=\"dynamic_radio_dates_69e37675d71c9_1_1\" name=\"dynamic_radio_dates\" class=\"wpcf7-form-control wpcf7-radio wpcf7dtx wpcf7dtx-radio\" aria-invalid=\"false\"><span class=\"wpcf7-list-item-label\">21 June 2026 (Kruishoutem)<\/span><\/label><\/span><span class=\"wpcf7-list-item wpcf7-list-item-2\"><label><input value=\"22\/06\/2026 (Kruishoutem)\" type=\"radio\" id=\"dynamic_radio_dates_69e37675d71c9_1_2\" name=\"dynamic_radio_dates\" class=\"wpcf7-form-control wpcf7-radio wpcf7dtx wpcf7dtx-radio\" aria-invalid=\"false\"><span class=\"wpcf7-list-item-label\">22 June 2026 (Kruishoutem)<\/span><\/label><\/span><span class=\"wpcf7-list-item wpcf7-list-item-3\"><label><input value=\"13\/09\/2026 (Lochristi)\" type=\"radio\" id=\"dynamic_radio_dates_69e37675d71c9_1_3\" name=\"dynamic_radio_dates\" class=\"wpcf7-form-control wpcf7-radio wpcf7dtx wpcf7dtx-radio\" aria-invalid=\"false\"><span class=\"wpcf7-list-item-label\">13 September 2026 (Lochristi)<\/span><\/label><\/span><span class=\"wpcf7-list-item wpcf7-list-item-4\"><label><input value=\"23\/11\/2026 (Lochristi)\" type=\"radio\" id=\"dynamic_radio_dates_69e37675d71c9_1_4\" name=\"dynamic_radio_dates\" class=\"wpcf7-form-control wpcf7-radio wpcf7dtx wpcf7dtx-radio\" aria-invalid=\"false\"><span class=\"wpcf7-list-item-label\">23 November 2026 (Lochristi)<\/span><\/label><\/span><span class=\"wpcf7-list-item wpcf7-list-item-5 last\"><label><input value=\"24\/11\/2026 (Lochristi)\" type=\"radio\" id=\"dynamic_radio_dates_69e37675d71c9_1_5\" name=\"dynamic_radio_dates\" class=\"wpcf7-form-control wpcf7-radio wpcf7dtx wpcf7dtx-radio\" aria-invalid=\"false\"><span class=\"wpcf7-list-item-label\">24 November 2026 (Lochristi)<\/span><\/label><\/span><\/span>\n\t\t\t\t<\/p>\n\t\t\t<\/div>\n\t\t<\/div>\n\t\t<div class=\"days-form-bl days-form-bl-center\">\n\t\t\t<p><input class=\"wpcf7-form-control wpcf7-submit has-spinner\" type=\"submit\" value=\"Envoyer\" \/>\n\t\t\t<\/p>\n\t\t<\/div>\n\t<\/div>\n<\/div><div class=\"wpcf7-response-output\" aria-hidden=\"true\"><\/div>\n<\/form>\n<\/div>\n<\/div>\n\t\t\t\t\t\t<\/div>\n\t\t\t\t<\/div>\n\t\t\t\t\t<\/div>\n\t\t\t\t<\/div>\n\t\t\t\t<\/div>\n\t\t","protected":false},"excerpt":{"rendered":"<p>Duroc d\u2019Olives Farm Days Qu\u2019est-ce qui rend notre viande de porc si exceptionnelle ? D\u00e9couvrez-le lors d\u2019une visite exclusive dans l\u2019une de nos fermes Duroc d\u2019Olives, \u00e0 la pointe de la technologie. Nous vous accueillerons avec plaisir dans notre exploitation familiale, o\u00f9 nous exer\u00e7ons notre m\u00e9tier avec passion chaque jour. Vous apprendrez comment nous maintenons [&hellip;]<\/p>\n","protected":false},"author":3,"featured_media":0,"parent":0,"menu_order":0,"comment_status":"closed","ping_status":"closed","template":"elementor_header_footer","meta":{"_acf_changed":false,"inline_featured_image":false,"footnotes":""},"class_list":["post-22669","page","type-page","status-publish","hentry"],"acf":[],"yoast_head":"<!-- This site is optimized with the Yoast SEO plugin v25.0 - https:\/\/yoast.com\/wordpress\/plugins\/seo\/ -->\n<title>Duroc d\u2019Olives Farm Days - Duroc d&#039;Olives<\/title>\n<meta name=\"robots\" content=\"index, follow, max-snippet:-1, max-image-preview:large, max-video-preview:-1\" \/>\n<link rel=\"canonical\" href=\"https:\/\/www.durocdolives.com\/fr\/duroc-dolives-days\/\" \/>\n<meta property=\"og:locale\" content=\"fr_FR\" \/>\n<meta property=\"og:type\" content=\"article\" \/>\n<meta property=\"og:title\" content=\"Duroc d\u2019Olives Farm Days - Duroc d&#039;Olives\" \/>\n<meta property=\"og:description\" content=\"Duroc d\u2019Olives Farm Days Qu\u2019est-ce qui rend notre viande de porc si exceptionnelle ? D\u00e9couvrez-le lors d\u2019une visite exclusive dans l\u2019une de nos fermes Duroc d\u2019Olives, \u00e0 la pointe de la technologie. Nous vous accueillerons avec plaisir dans notre exploitation familiale, o\u00f9 nous exer\u00e7ons notre m\u00e9tier avec passion chaque jour. Vous apprendrez comment nous maintenons [&hellip;]\" \/>\n<meta property=\"og:url\" content=\"https:\/\/www.durocdolives.com\/fr\/duroc-dolives-days\/\" \/>\n<meta property=\"og:site_name\" content=\"Duroc d&#039;Olives\" \/>\n<meta property=\"article:modified_time\" content=\"2026-04-13T17:40:06+00:00\" \/>\n<meta name=\"twitter:card\" content=\"summary_large_image\" \/>\n<meta name=\"twitter:label1\" content=\"Dur\u00e9e de lecture estim\u00e9e\" \/>\n\t<meta name=\"twitter:data1\" content=\"1 minute\" \/>\n<script type=\"application\/ld+json\" class=\"yoast-schema-graph\">{\"@context\":\"https:\/\/schema.org\",\"@graph\":[{\"@type\":\"WebPage\",\"@id\":\"https:\/\/www.durocdolives.com\/fr\/duroc-dolives-days\/\",\"url\":\"https:\/\/www.durocdolives.com\/fr\/duroc-dolives-days\/\",\"name\":\"Duroc d\u2019Olives Farm Days - Duroc d&#039;Olives\",\"isPartOf\":{\"@id\":\"https:\/\/www.durocdolives.com\/nl\/#website\"},\"datePublished\":\"2025-03-20T10:30:32+00:00\",\"dateModified\":\"2026-04-13T17:40:06+00:00\",\"breadcrumb\":{\"@id\":\"https:\/\/www.durocdolives.com\/fr\/duroc-dolives-days\/#breadcrumb\"},\"inLanguage\":\"fr-FR\",\"potentialAction\":[{\"@type\":\"ReadAction\",\"target\":[\"https:\/\/www.durocdolives.com\/fr\/duroc-dolives-days\/\"]}]},{\"@type\":\"BreadcrumbList\",\"@id\":\"https:\/\/www.durocdolives.com\/fr\/duroc-dolives-days\/#breadcrumb\",\"itemListElement\":[{\"@type\":\"ListItem\",\"position\":1,\"name\":\"Home\",\"item\":\"https:\/\/www.durocdolives.com\/nl\/\"},{\"@type\":\"ListItem\",\"position\":2,\"name\":\"Duroc d\u2019Olives Farm Days\"}]},{\"@type\":\"WebSite\",\"@id\":\"https:\/\/www.durocdolives.com\/nl\/#website\",\"url\":\"https:\/\/www.durocdolives.com\/nl\/\",\"name\":\"Duroc d&#039;Olives\",\"description\":\"Heerlijk, kwalitatief varkensvlees\",\"publisher\":{\"@id\":\"https:\/\/www.durocdolives.com\/nl\/#organization\"},\"potentialAction\":[{\"@type\":\"SearchAction\",\"target\":{\"@type\":\"EntryPoint\",\"urlTemplate\":\"https:\/\/www.durocdolives.com\/nl\/?s={search_term_string}\"},\"query-input\":{\"@type\":\"PropertyValueSpecification\",\"valueRequired\":true,\"valueName\":\"search_term_string\"}}],\"inLanguage\":\"fr-FR\"},{\"@type\":\"Organization\",\"@id\":\"https:\/\/www.durocdolives.com\/nl\/#organization\",\"name\":\"durocdolives\",\"url\":\"https:\/\/www.durocdolives.com\/nl\/\",\"logo\":{\"@type\":\"ImageObject\",\"inLanguage\":\"fr-FR\",\"@id\":\"https:\/\/www.durocdolives.com\/nl\/#\/schema\/logo\/image\/\",\"url\":\"https:\/\/www.durocdolives.com\/wp-content\/uploads\/2020\/10\/logo.svg\",\"contentUrl\":\"https:\/\/www.durocdolives.com\/wp-content\/uploads\/2020\/10\/logo.svg\",\"width\":122,\"height\":122,\"caption\":\"durocdolives\"},\"image\":{\"@id\":\"https:\/\/www.durocdolives.com\/nl\/#\/schema\/logo\/image\/\"}}]}<\/script>\n<!-- \/ Yoast SEO plugin. -->","yoast_head_json":{"title":"Duroc d\u2019Olives Farm Days - Duroc d&#039;Olives","robots":{"index":"index","follow":"follow","max-snippet":"max-snippet:-1","max-image-preview":"max-image-preview:large","max-video-preview":"max-video-preview:-1"},"canonical":"https:\/\/www.durocdolives.com\/fr\/duroc-dolives-days\/","og_locale":"fr_FR","og_type":"article","og_title":"Duroc d\u2019Olives Farm Days - Duroc d&#039;Olives","og_description":"Duroc d\u2019Olives Farm Days Qu\u2019est-ce qui rend notre viande de porc si exceptionnelle ? D\u00e9couvrez-le lors d\u2019une visite exclusive dans l\u2019une de nos fermes Duroc d\u2019Olives, \u00e0 la pointe de la technologie. Nous vous accueillerons avec plaisir dans notre exploitation familiale, o\u00f9 nous exer\u00e7ons notre m\u00e9tier avec passion chaque jour. Vous apprendrez comment nous maintenons [&hellip;]","og_url":"https:\/\/www.durocdolives.com\/fr\/duroc-dolives-days\/","og_site_name":"Duroc d&#039;Olives","article_modified_time":"2026-04-13T17:40:06+00:00","twitter_card":"summary_large_image","twitter_misc":{"Dur\u00e9e de lecture estim\u00e9e":"1 minute"},"schema":{"@context":"https:\/\/schema.org","@graph":[{"@type":"WebPage","@id":"https:\/\/www.durocdolives.com\/fr\/duroc-dolives-days\/","url":"https:\/\/www.durocdolives.com\/fr\/duroc-dolives-days\/","name":"Duroc d\u2019Olives Farm Days - Duroc d&#039;Olives","isPartOf":{"@id":"https:\/\/www.durocdolives.com\/nl\/#website"},"datePublished":"2025-03-20T10:30:32+00:00","dateModified":"2026-04-13T17:40:06+00:00","breadcrumb":{"@id":"https:\/\/www.durocdolives.com\/fr\/duroc-dolives-days\/#breadcrumb"},"inLanguage":"fr-FR","potentialAction":[{"@type":"ReadAction","target":["https:\/\/www.durocdolives.com\/fr\/duroc-dolives-days\/"]}]},{"@type":"BreadcrumbList","@id":"https:\/\/www.durocdolives.com\/fr\/duroc-dolives-days\/#breadcrumb","itemListElement":[{"@type":"ListItem","position":1,"name":"Home","item":"https:\/\/www.durocdolives.com\/nl\/"},{"@type":"ListItem","position":2,"name":"Duroc d\u2019Olives Farm Days"}]},{"@type":"WebSite","@id":"https:\/\/www.durocdolives.com\/nl\/#website","url":"https:\/\/www.durocdolives.com\/nl\/","name":"Duroc d&#039;Olives","description":"Heerlijk, kwalitatief varkensvlees","publisher":{"@id":"https:\/\/www.durocdolives.com\/nl\/#organization"},"potentialAction":[{"@type":"SearchAction","target":{"@type":"EntryPoint","urlTemplate":"https:\/\/www.durocdolives.com\/nl\/?s={search_term_string}"},"query-input":{"@type":"PropertyValueSpecification","valueRequired":true,"valueName":"search_term_string"}}],"inLanguage":"fr-FR"},{"@type":"Organization","@id":"https:\/\/www.durocdolives.com\/nl\/#organization","name":"durocdolives","url":"https:\/\/www.durocdolives.com\/nl\/","logo":{"@type":"ImageObject","inLanguage":"fr-FR","@id":"https:\/\/www.durocdolives.com\/nl\/#\/schema\/logo\/image\/","url":"https:\/\/www.durocdolives.com\/wp-content\/uploads\/2020\/10\/logo.svg","contentUrl":"https:\/\/www.durocdolives.com\/wp-content\/uploads\/2020\/10\/logo.svg","width":122,"height":122,"caption":"durocdolives"},"image":{"@id":"https:\/\/www.durocdolives.com\/nl\/#\/schema\/logo\/image\/"}}]}},"_links":{"self":[{"href":"https:\/\/www.durocdolives.com\/fr\/wp-json\/wp\/v2\/pages\/22669","targetHints":{"allow":["GET"]}}],"collection":[{"href":"https:\/\/www.durocdolives.com\/fr\/wp-json\/wp\/v2\/pages"}],"about":[{"href":"https:\/\/www.durocdolives.com\/fr\/wp-json\/wp\/v2\/types\/page"}],"author":[{"embeddable":true,"href":"https:\/\/www.durocdolives.com\/fr\/wp-json\/wp\/v2\/users\/3"}],"replies":[{"embeddable":true,"href":"https:\/\/www.durocdolives.com\/fr\/wp-json\/wp\/v2\/comments?post=22669"}],"version-history":[{"count":7,"href":"https:\/\/www.durocdolives.com\/fr\/wp-json\/wp\/v2\/pages\/22669\/revisions"}],"predecessor-version":[{"id":24320,"href":"https:\/\/www.durocdolives.com\/fr\/wp-json\/wp\/v2\/pages\/22669\/revisions\/24320"}],"wp:attachment":[{"href":"https:\/\/www.durocdolives.com\/fr\/wp-json\/wp\/v2\/media?parent=22669"}],"curies":[{"name":"wp","href":"https:\/\/api.w.org\/{rel}","templated":true}]}}