{"id":9906,"date":"2020-11-24T16:10:15","date_gmt":"2020-11-24T16:10:15","guid":{"rendered":"https:\/\/www.durocdolives.com\/product\/lhuile-dolives\/"},"modified":"2024-10-01T12:07:00","modified_gmt":"2024-10-01T12:07:00","slug":"lhuile-dolives","status":"publish","type":"product","link":"https:\/\/www.durocdolives.com\/fr-be\/produit\/lhuile-dolives\/","title":{"rendered":"L&rsquo;huile d&rsquo;olive"},"content":{"rendered":"<p>Pour donner encore plus de go\u00fbt \u00e0 vos pr\u00e9parations, vous pouvez d\u00e9sormais confectionner de bons petits plats avec l\u2019huile d\u2019olive Duroc d\u2019Olives.<\/p>\n","protected":false},"excerpt":{"rendered":"<p>Duroc d\u2019Olives met la barre tr\u00e8s haut. Vous pouvez ainsi profiter de la viande de porc la plus exquise : tendre et savoureuse, comme il se doit. Le secret ? Une esp\u00e8ce porcine sup\u00e9rieure et une alimentation naturelle de grande qualit\u00e9. Pour donner encore plus de go\u00fbt \u00e0 vos pr\u00e9parations, vous pouvez d\u00e9sormais confectionner de bons petits plats avec l\u2019huile d\u2019olive Duroc d\u2019Olives. L\u2019huile d\u2019olive 100 % extra vierge Arbequina qui a notre pr\u00e9f\u00e9rence est une huile d\u2019olive de premi\u00e8re pression \u00e0 froid. C\u2019est un produit de premi\u00e8re qualit\u00e9, pur et au go\u00fbt tendre.<\/p>\n","protected":false},"featured_media":9485,"template":"","meta":{"_acf_changed":false,"inline_featured_image":false},"product_brand":[],"product_cat":[275],"product_tag":[],"class_list":{"0":"post-9906","1":"product","2":"type-product","3":"status-publish","4":"has-post-thumbnail","6":"product_cat-charcuterie","8":"first","9":"instock","10":"taxable","11":"shipping-taxable","12":"purchasable","13":"product-type-simple"},"acf":[],"yoast_head":"<!-- This site is optimized with the Yoast SEO plugin v27.4 - https:\/\/yoast.com\/product\/yoast-seo-wordpress\/ -->\n<title>L&#039;huile d&#039;olive - Duroc d&#039;Olives<\/title>\n<meta name=\"robots\" content=\"index, follow, max-snippet:-1, max-image-preview:large, max-video-preview:-1\" \/>\n<link rel=\"canonical\" href=\"https:\/\/www.durocdolives.com\/fr-be\/produit\/lhuile-dolives\/\" \/>\n<meta property=\"og:locale\" content=\"fr_FR\" \/>\n<meta property=\"og:type\" content=\"article\" \/>\n<meta property=\"og:title\" content=\"L&#039;huile d&#039;olive - Duroc d&#039;Olives\" \/>\n<meta property=\"og:description\" content=\"Duroc d\u2019Olives met la barre tr\u00e8s haut. Vous pouvez ainsi profiter de la viande de porc la plus exquise : tendre et savoureuse, comme il se doit. Le secret ? Une esp\u00e8ce porcine sup\u00e9rieure et une alimentation naturelle de grande qualit\u00e9. Pour donner encore plus de go\u00fbt \u00e0 vos pr\u00e9parations, vous pouvez d\u00e9sormais confectionner de bons petits plats avec l\u2019huile d\u2019olive Duroc d\u2019Olives. L\u2019huile d\u2019olive 100 % extra vierge Arbequina qui a notre pr\u00e9f\u00e9rence est une huile d\u2019olive de premi\u00e8re pression \u00e0 froid. C\u2019est un produit de premi\u00e8re qualit\u00e9, pur et au go\u00fbt tendre.\" \/>\n<meta property=\"og:url\" content=\"https:\/\/www.durocdolives.com\/fr-be\/produit\/lhuile-dolives\/\" \/>\n<meta property=\"og:site_name\" content=\"Duroc d&#039;Olives\" \/>\n<meta property=\"article:modified_time\" content=\"2024-10-01T12:07:00+00:00\" \/>\n<meta property=\"og:image\" content=\"https:\/\/www.durocdolives.com\/wp-content\/uploads\/2021\/01\/Olijfolie-PS.jpg\" \/>\n\t<meta property=\"og:image:width\" content=\"1200\" \/>\n\t<meta property=\"og:image:height\" content=\"1200\" \/>\n\t<meta property=\"og:image:type\" content=\"image\/jpeg\" \/>\n<meta name=\"twitter:card\" content=\"summary_large_image\" \/>\n<meta name=\"twitter:label1\" content=\"Dur\u00e9e de lecture est.\" \/>\n\t<meta name=\"twitter:data1\" content=\"1 minute\" \/>\n<script type=\"application\/ld+json\" class=\"yoast-schema-graph\">{\"@context\":\"https:\\\/\\\/schema.org\",\"@graph\":[{\"@type\":\"WebPage\",\"@id\":\"https:\\\/\\\/www.durocdolives.com\\\/fr-be\\\/produit\\\/lhuile-dolives\\\/\",\"url\":\"https:\\\/\\\/www.durocdolives.com\\\/fr-be\\\/produit\\\/lhuile-dolives\\\/\",\"name\":\"L'huile d'olive - Duroc d&#039;Olives\",\"isPartOf\":{\"@id\":\"https:\\\/\\\/www.durocdolives.com\\\/nl\\\/#website\"},\"primaryImageOfPage\":{\"@id\":\"https:\\\/\\\/www.durocdolives.com\\\/fr-be\\\/produit\\\/lhuile-dolives\\\/#primaryimage\"},\"image\":{\"@id\":\"https:\\\/\\\/www.durocdolives.com\\\/fr-be\\\/produit\\\/lhuile-dolives\\\/#primaryimage\"},\"thumbnailUrl\":\"https:\\\/\\\/www.durocdolives.com\\\/wp-content\\\/uploads\\\/2021\\\/01\\\/Olijfolie-PS.jpg\",\"datePublished\":\"2020-11-24T16:10:15+00:00\",\"dateModified\":\"2024-10-01T12:07:00+00:00\",\"breadcrumb\":{\"@id\":\"https:\\\/\\\/www.durocdolives.com\\\/fr-be\\\/produit\\\/lhuile-dolives\\\/#breadcrumb\"},\"inLanguage\":\"fr-BE\",\"potentialAction\":[{\"@type\":\"ReadAction\",\"target\":[\"https:\\\/\\\/www.durocdolives.com\\\/fr-be\\\/produit\\\/lhuile-dolives\\\/\"]}]},{\"@type\":\"ImageObject\",\"inLanguage\":\"fr-BE\",\"@id\":\"https:\\\/\\\/www.durocdolives.com\\\/fr-be\\\/produit\\\/lhuile-dolives\\\/#primaryimage\",\"url\":\"https:\\\/\\\/www.durocdolives.com\\\/wp-content\\\/uploads\\\/2021\\\/01\\\/Olijfolie-PS.jpg\",\"contentUrl\":\"https:\\\/\\\/www.durocdolives.com\\\/wp-content\\\/uploads\\\/2021\\\/01\\\/Olijfolie-PS.jpg\",\"width\":1200,\"height\":1200},{\"@type\":\"BreadcrumbList\",\"@id\":\"https:\\\/\\\/www.durocdolives.com\\\/fr-be\\\/produit\\\/lhuile-dolives\\\/#breadcrumb\",\"itemListElement\":[{\"@type\":\"ListItem\",\"position\":1,\"name\":\"Home\",\"item\":\"https:\\\/\\\/www.durocdolives.com\\\/nl\\\/\"},{\"@type\":\"ListItem\",\"position\":2,\"name\":\"Boutique\",\"item\":\"https:\\\/\\\/www.durocdolives.com\\\/fr-be\\\/boutique\\\/\"},{\"@type\":\"ListItem\",\"position\":3,\"name\":\"L&#8217;huile d&#8217;olive\"}]},{\"@type\":\"WebSite\",\"@id\":\"https:\\\/\\\/www.durocdolives.com\\\/nl\\\/#website\",\"url\":\"https:\\\/\\\/www.durocdolives.com\\\/nl\\\/\",\"name\":\"Duroc d&#039;Olives\",\"description\":\"Heerlijk, kwalitatief varkensvlees\",\"publisher\":{\"@id\":\"https:\\\/\\\/www.durocdolives.com\\\/nl\\\/#organization\"},\"potentialAction\":[{\"@type\":\"SearchAction\",\"target\":{\"@type\":\"EntryPoint\",\"urlTemplate\":\"https:\\\/\\\/www.durocdolives.com\\\/nl\\\/?s={search_term_string}\"},\"query-input\":{\"@type\":\"PropertyValueSpecification\",\"valueRequired\":true,\"valueName\":\"search_term_string\"}}],\"inLanguage\":\"fr-BE\"},{\"@type\":\"Organization\",\"@id\":\"https:\\\/\\\/www.durocdolives.com\\\/nl\\\/#organization\",\"name\":\"durocdolives\",\"url\":\"https:\\\/\\\/www.durocdolives.com\\\/nl\\\/\",\"logo\":{\"@type\":\"ImageObject\",\"inLanguage\":\"fr-BE\",\"@id\":\"https:\\\/\\\/www.durocdolives.com\\\/nl\\\/#\\\/schema\\\/logo\\\/image\\\/\",\"url\":\"https:\\\/\\\/www.durocdolives.com\\\/wp-content\\\/uploads\\\/2020\\\/10\\\/logo.svg\",\"contentUrl\":\"https:\\\/\\\/www.durocdolives.com\\\/wp-content\\\/uploads\\\/2020\\\/10\\\/logo.svg\",\"width\":122,\"height\":122,\"caption\":\"durocdolives\"},\"image\":{\"@id\":\"https:\\\/\\\/www.durocdolives.com\\\/nl\\\/#\\\/schema\\\/logo\\\/image\\\/\"}}]}<\/script>\n<!-- \/ Yoast SEO plugin. -->","yoast_head_json":{"title":"L'huile d'olive - Duroc d&#039;Olives","robots":{"index":"index","follow":"follow","max-snippet":"max-snippet:-1","max-image-preview":"max-image-preview:large","max-video-preview":"max-video-preview:-1"},"canonical":"https:\/\/www.durocdolives.com\/fr-be\/produit\/lhuile-dolives\/","og_locale":"fr_FR","og_type":"article","og_title":"L'huile d'olive - Duroc d&#039;Olives","og_description":"Duroc d\u2019Olives met la barre tr\u00e8s haut. Vous pouvez ainsi profiter de la viande de porc la plus exquise : tendre et savoureuse, comme il se doit. Le secret ? Une esp\u00e8ce porcine sup\u00e9rieure et une alimentation naturelle de grande qualit\u00e9. Pour donner encore plus de go\u00fbt \u00e0 vos pr\u00e9parations, vous pouvez d\u00e9sormais confectionner de bons petits plats avec l\u2019huile d\u2019olive Duroc d\u2019Olives. L\u2019huile d\u2019olive 100 % extra vierge Arbequina qui a notre pr\u00e9f\u00e9rence est une huile d\u2019olive de premi\u00e8re pression \u00e0 froid. C\u2019est un produit de premi\u00e8re qualit\u00e9, pur et au go\u00fbt tendre.","og_url":"https:\/\/www.durocdolives.com\/fr-be\/produit\/lhuile-dolives\/","og_site_name":"Duroc d&#039;Olives","article_modified_time":"2024-10-01T12:07:00+00:00","og_image":[{"width":1200,"height":1200,"url":"https:\/\/www.durocdolives.com\/wp-content\/uploads\/2021\/01\/Olijfolie-PS.jpg","type":"image\/jpeg"}],"twitter_card":"summary_large_image","twitter_misc":{"Dur\u00e9e de lecture est.":"1 minute"},"schema":{"@context":"https:\/\/schema.org","@graph":[{"@type":"WebPage","@id":"https:\/\/www.durocdolives.com\/fr-be\/produit\/lhuile-dolives\/","url":"https:\/\/www.durocdolives.com\/fr-be\/produit\/lhuile-dolives\/","name":"L'huile d'olive - Duroc d&#039;Olives","isPartOf":{"@id":"https:\/\/www.durocdolives.com\/nl\/#website"},"primaryImageOfPage":{"@id":"https:\/\/www.durocdolives.com\/fr-be\/produit\/lhuile-dolives\/#primaryimage"},"image":{"@id":"https:\/\/www.durocdolives.com\/fr-be\/produit\/lhuile-dolives\/#primaryimage"},"thumbnailUrl":"https:\/\/www.durocdolives.com\/wp-content\/uploads\/2021\/01\/Olijfolie-PS.jpg","datePublished":"2020-11-24T16:10:15+00:00","dateModified":"2024-10-01T12:07:00+00:00","breadcrumb":{"@id":"https:\/\/www.durocdolives.com\/fr-be\/produit\/lhuile-dolives\/#breadcrumb"},"inLanguage":"fr-BE","potentialAction":[{"@type":"ReadAction","target":["https:\/\/www.durocdolives.com\/fr-be\/produit\/lhuile-dolives\/"]}]},{"@type":"ImageObject","inLanguage":"fr-BE","@id":"https:\/\/www.durocdolives.com\/fr-be\/produit\/lhuile-dolives\/#primaryimage","url":"https:\/\/www.durocdolives.com\/wp-content\/uploads\/2021\/01\/Olijfolie-PS.jpg","contentUrl":"https:\/\/www.durocdolives.com\/wp-content\/uploads\/2021\/01\/Olijfolie-PS.jpg","width":1200,"height":1200},{"@type":"BreadcrumbList","@id":"https:\/\/www.durocdolives.com\/fr-be\/produit\/lhuile-dolives\/#breadcrumb","itemListElement":[{"@type":"ListItem","position":1,"name":"Home","item":"https:\/\/www.durocdolives.com\/nl\/"},{"@type":"ListItem","position":2,"name":"Boutique","item":"https:\/\/www.durocdolives.com\/fr-be\/boutique\/"},{"@type":"ListItem","position":3,"name":"L&#8217;huile d&#8217;olive"}]},{"@type":"WebSite","@id":"https:\/\/www.durocdolives.com\/nl\/#website","url":"https:\/\/www.durocdolives.com\/nl\/","name":"Duroc d&#039;Olives","description":"Heerlijk, kwalitatief varkensvlees","publisher":{"@id":"https:\/\/www.durocdolives.com\/nl\/#organization"},"potentialAction":[{"@type":"SearchAction","target":{"@type":"EntryPoint","urlTemplate":"https:\/\/www.durocdolives.com\/nl\/?s={search_term_string}"},"query-input":{"@type":"PropertyValueSpecification","valueRequired":true,"valueName":"search_term_string"}}],"inLanguage":"fr-BE"},{"@type":"Organization","@id":"https:\/\/www.durocdolives.com\/nl\/#organization","name":"durocdolives","url":"https:\/\/www.durocdolives.com\/nl\/","logo":{"@type":"ImageObject","inLanguage":"fr-BE","@id":"https:\/\/www.durocdolives.com\/nl\/#\/schema\/logo\/image\/","url":"https:\/\/www.durocdolives.com\/wp-content\/uploads\/2020\/10\/logo.svg","contentUrl":"https:\/\/www.durocdolives.com\/wp-content\/uploads\/2020\/10\/logo.svg","width":122,"height":122,"caption":"durocdolives"},"image":{"@id":"https:\/\/www.durocdolives.com\/nl\/#\/schema\/logo\/image\/"}}]}},"_links":{"self":[{"href":"https:\/\/www.durocdolives.com\/fr-be\/wp-json\/wp\/v2\/product\/9906","targetHints":{"allow":["GET"]}}],"collection":[{"href":"https:\/\/www.durocdolives.com\/fr-be\/wp-json\/wp\/v2\/product"}],"about":[{"href":"https:\/\/www.durocdolives.com\/fr-be\/wp-json\/wp\/v2\/types\/product"}],"wp:featuredmedia":[{"embeddable":true,"href":"https:\/\/www.durocdolives.com\/fr-be\/wp-json\/wp\/v2\/media\/9485"}],"wp:attachment":[{"href":"https:\/\/www.durocdolives.com\/fr-be\/wp-json\/wp\/v2\/media?parent=9906"}],"wp:term":[{"taxonomy":"product_brand","embeddable":true,"href":"https:\/\/www.durocdolives.com\/fr-be\/wp-json\/wp\/v2\/product_brand?post=9906"},{"taxonomy":"product_cat","embeddable":true,"href":"https:\/\/www.durocdolives.com\/fr-be\/wp-json\/wp\/v2\/product_cat?post=9906"},{"taxonomy":"product_tag","embeddable":true,"href":"https:\/\/www.durocdolives.com\/fr-be\/wp-json\/wp\/v2\/product_tag?post=9906"}],"curies":[{"name":"wp","href":"https:\/\/api.w.org\/{rel}","templated":true}]}}