{"id":9875,"date":"2020-12-02T09:21:05","date_gmt":"2020-12-02T09:21:05","guid":{"rendered":"https:\/\/www.durocdolives.com\/product\/du-lard-de-poitrine-en-cuisson-lente\/"},"modified":"2024-06-27T15:08:46","modified_gmt":"2024-06-27T15:08:46","slug":"du-lard-de-poitrine-en-cuisson-lente","status":"publish","type":"product","link":"https:\/\/www.durocdolives.com\/fr-be\/produit\/du-lard-de-poitrine-en-cuisson-lente\/","title":{"rendered":"Du lard de poitrine en cuisson lente"},"content":{"rendered":"<p>Un v\u00e9ritable d\u00e9lice pour les fins gourmets !<\/p>\n","protected":false},"excerpt":{"rendered":"<p>L\u2019odeur du lard. Quel amateur de viande peut y r\u00e9sister ? Le lard de poitrine en cuisson lente de Duroc d\u2019Olives vous procure une sensation gustative qui vous envahit totalement. Nous pr\u00e9parons cette d\u00e9licatesse en enrobant la viande de poitrine d\u2019une marinade d\u2019herbes s\u00e9lectionn\u00e9es avec soin et de gros sel. Apr\u00e8s l\u2019avoir laiss\u00e9 reposer le temps n\u00e9cessaire, nous faisons cuire le lard pendant 24h \u00e0 basse temp\u00e9rature. Les graisses insatur\u00e9es du porc Duroc d\u2019Olives et la cuisson lente rendent ce lard de poitrine encore plus tendre et onctueux. Un v\u00e9ritable d\u00e9lice pour les fins gourmets !<\/p>\n","protected":false},"featured_media":9476,"template":"","meta":{"_acf_changed":false,"inline_featured_image":false},"product_brand":[],"product_cat":[275],"product_tag":[373],"class_list":{"0":"post-9875","1":"product","2":"type-product","3":"status-publish","4":"has-post-thumbnail","6":"product_cat-charcuterie","7":"product_tag-bbq-fr-be","9":"first","10":"instock","11":"taxable","12":"shipping-taxable","13":"purchasable","14":"product-type-simple"},"acf":[],"yoast_head":"<!-- This site is optimized with the Yoast SEO plugin v27.4 - https:\/\/yoast.com\/product\/yoast-seo-wordpress\/ -->\n<title>Du lard de poitrine en cuisson lente - Duroc d&#039;Olives<\/title>\n<meta name=\"robots\" content=\"index, follow, max-snippet:-1, max-image-preview:large, max-video-preview:-1\" \/>\n<link rel=\"canonical\" href=\"https:\/\/www.durocdolives.com\/fr-be\/produit\/du-lard-de-poitrine-en-cuisson-lente\/\" \/>\n<meta property=\"og:locale\" content=\"fr_FR\" \/>\n<meta property=\"og:type\" content=\"article\" \/>\n<meta property=\"og:title\" content=\"Du lard de poitrine en cuisson lente - Duroc d&#039;Olives\" \/>\n<meta property=\"og:description\" content=\"L\u2019odeur du lard. Quel amateur de viande peut y r\u00e9sister ? Le lard de poitrine en cuisson lente de Duroc d\u2019Olives vous procure une sensation gustative qui vous envahit totalement. Nous pr\u00e9parons cette d\u00e9licatesse en enrobant la viande de poitrine d\u2019une marinade d\u2019herbes s\u00e9lectionn\u00e9es avec soin et de gros sel. Apr\u00e8s l\u2019avoir laiss\u00e9 reposer le temps n\u00e9cessaire, nous faisons cuire le lard pendant 24h \u00e0 basse temp\u00e9rature. Les graisses insatur\u00e9es du porc Duroc d\u2019Olives et la cuisson lente rendent ce lard de poitrine encore plus tendre et onctueux. Un v\u00e9ritable d\u00e9lice pour les fins gourmets !\" \/>\n<meta property=\"og:url\" content=\"https:\/\/www.durocdolives.com\/fr-be\/produit\/du-lard-de-poitrine-en-cuisson-lente\/\" \/>\n<meta property=\"og:site_name\" content=\"Duroc d&#039;Olives\" \/>\n<meta property=\"article:modified_time\" content=\"2024-06-27T15:08:46+00:00\" \/>\n<meta property=\"og:image\" content=\"https:\/\/www.durocdolives.com\/wp-content\/uploads\/2021\/01\/Traag-gegaard-buikspek-PS.jpg\" \/>\n\t<meta property=\"og:image:width\" content=\"1200\" \/>\n\t<meta property=\"og:image:height\" content=\"1200\" \/>\n\t<meta property=\"og:image:type\" content=\"image\/jpeg\" \/>\n<meta name=\"twitter:card\" content=\"summary_large_image\" \/>\n<meta name=\"twitter:label1\" content=\"Dur\u00e9e de lecture est.\" \/>\n\t<meta name=\"twitter:data1\" content=\"1 minute\" \/>\n<script type=\"application\/ld+json\" class=\"yoast-schema-graph\">{\"@context\":\"https:\\\/\\\/schema.org\",\"@graph\":[{\"@type\":\"WebPage\",\"@id\":\"https:\\\/\\\/www.durocdolives.com\\\/fr-be\\\/produit\\\/du-lard-de-poitrine-en-cuisson-lente\\\/\",\"url\":\"https:\\\/\\\/www.durocdolives.com\\\/fr-be\\\/produit\\\/du-lard-de-poitrine-en-cuisson-lente\\\/\",\"name\":\"Du lard de poitrine en cuisson lente - Duroc d&#039;Olives\",\"isPartOf\":{\"@id\":\"https:\\\/\\\/www.durocdolives.com\\\/nl\\\/#website\"},\"primaryImageOfPage\":{\"@id\":\"https:\\\/\\\/www.durocdolives.com\\\/fr-be\\\/produit\\\/du-lard-de-poitrine-en-cuisson-lente\\\/#primaryimage\"},\"image\":{\"@id\":\"https:\\\/\\\/www.durocdolives.com\\\/fr-be\\\/produit\\\/du-lard-de-poitrine-en-cuisson-lente\\\/#primaryimage\"},\"thumbnailUrl\":\"https:\\\/\\\/www.durocdolives.com\\\/wp-content\\\/uploads\\\/2021\\\/01\\\/Traag-gegaard-buikspek-PS.jpg\",\"datePublished\":\"2020-12-02T09:21:05+00:00\",\"dateModified\":\"2024-06-27T15:08:46+00:00\",\"breadcrumb\":{\"@id\":\"https:\\\/\\\/www.durocdolives.com\\\/fr-be\\\/produit\\\/du-lard-de-poitrine-en-cuisson-lente\\\/#breadcrumb\"},\"inLanguage\":\"fr-BE\",\"potentialAction\":[{\"@type\":\"ReadAction\",\"target\":[\"https:\\\/\\\/www.durocdolives.com\\\/fr-be\\\/produit\\\/du-lard-de-poitrine-en-cuisson-lente\\\/\"]}]},{\"@type\":\"ImageObject\",\"inLanguage\":\"fr-BE\",\"@id\":\"https:\\\/\\\/www.durocdolives.com\\\/fr-be\\\/produit\\\/du-lard-de-poitrine-en-cuisson-lente\\\/#primaryimage\",\"url\":\"https:\\\/\\\/www.durocdolives.com\\\/wp-content\\\/uploads\\\/2021\\\/01\\\/Traag-gegaard-buikspek-PS.jpg\",\"contentUrl\":\"https:\\\/\\\/www.durocdolives.com\\\/wp-content\\\/uploads\\\/2021\\\/01\\\/Traag-gegaard-buikspek-PS.jpg\",\"width\":1200,\"height\":1200,\"caption\":\"Duroc d'Olives traag gegaard buikspek\"},{\"@type\":\"BreadcrumbList\",\"@id\":\"https:\\\/\\\/www.durocdolives.com\\\/fr-be\\\/produit\\\/du-lard-de-poitrine-en-cuisson-lente\\\/#breadcrumb\",\"itemListElement\":[{\"@type\":\"ListItem\",\"position\":1,\"name\":\"Home\",\"item\":\"https:\\\/\\\/www.durocdolives.com\\\/nl\\\/\"},{\"@type\":\"ListItem\",\"position\":2,\"name\":\"Boutique\",\"item\":\"https:\\\/\\\/www.durocdolives.com\\\/fr-be\\\/boutique\\\/\"},{\"@type\":\"ListItem\",\"position\":3,\"name\":\"Du lard de poitrine en cuisson lente\"}]},{\"@type\":\"WebSite\",\"@id\":\"https:\\\/\\\/www.durocdolives.com\\\/nl\\\/#website\",\"url\":\"https:\\\/\\\/www.durocdolives.com\\\/nl\\\/\",\"name\":\"Duroc d&#039;Olives\",\"description\":\"Heerlijk, kwalitatief varkensvlees\",\"publisher\":{\"@id\":\"https:\\\/\\\/www.durocdolives.com\\\/nl\\\/#organization\"},\"potentialAction\":[{\"@type\":\"SearchAction\",\"target\":{\"@type\":\"EntryPoint\",\"urlTemplate\":\"https:\\\/\\\/www.durocdolives.com\\\/nl\\\/?s={search_term_string}\"},\"query-input\":{\"@type\":\"PropertyValueSpecification\",\"valueRequired\":true,\"valueName\":\"search_term_string\"}}],\"inLanguage\":\"fr-BE\"},{\"@type\":\"Organization\",\"@id\":\"https:\\\/\\\/www.durocdolives.com\\\/nl\\\/#organization\",\"name\":\"durocdolives\",\"url\":\"https:\\\/\\\/www.durocdolives.com\\\/nl\\\/\",\"logo\":{\"@type\":\"ImageObject\",\"inLanguage\":\"fr-BE\",\"@id\":\"https:\\\/\\\/www.durocdolives.com\\\/nl\\\/#\\\/schema\\\/logo\\\/image\\\/\",\"url\":\"https:\\\/\\\/www.durocdolives.com\\\/wp-content\\\/uploads\\\/2020\\\/10\\\/logo.svg\",\"contentUrl\":\"https:\\\/\\\/www.durocdolives.com\\\/wp-content\\\/uploads\\\/2020\\\/10\\\/logo.svg\",\"width\":122,\"height\":122,\"caption\":\"durocdolives\"},\"image\":{\"@id\":\"https:\\\/\\\/www.durocdolives.com\\\/nl\\\/#\\\/schema\\\/logo\\\/image\\\/\"}}]}<\/script>\n<!-- \/ Yoast SEO plugin. -->","yoast_head_json":{"title":"Du lard de poitrine en cuisson lente - Duroc d&#039;Olives","robots":{"index":"index","follow":"follow","max-snippet":"max-snippet:-1","max-image-preview":"max-image-preview:large","max-video-preview":"max-video-preview:-1"},"canonical":"https:\/\/www.durocdolives.com\/fr-be\/produit\/du-lard-de-poitrine-en-cuisson-lente\/","og_locale":"fr_FR","og_type":"article","og_title":"Du lard de poitrine en cuisson lente - Duroc d&#039;Olives","og_description":"L\u2019odeur du lard. Quel amateur de viande peut y r\u00e9sister ? Le lard de poitrine en cuisson lente de Duroc d\u2019Olives vous procure une sensation gustative qui vous envahit totalement. Nous pr\u00e9parons cette d\u00e9licatesse en enrobant la viande de poitrine d\u2019une marinade d\u2019herbes s\u00e9lectionn\u00e9es avec soin et de gros sel. Apr\u00e8s l\u2019avoir laiss\u00e9 reposer le temps n\u00e9cessaire, nous faisons cuire le lard pendant 24h \u00e0 basse temp\u00e9rature. Les graisses insatur\u00e9es du porc Duroc d\u2019Olives et la cuisson lente rendent ce lard de poitrine encore plus tendre et onctueux. Un v\u00e9ritable d\u00e9lice pour les fins gourmets !","og_url":"https:\/\/www.durocdolives.com\/fr-be\/produit\/du-lard-de-poitrine-en-cuisson-lente\/","og_site_name":"Duroc d&#039;Olives","article_modified_time":"2024-06-27T15:08:46+00:00","og_image":[{"width":1200,"height":1200,"url":"https:\/\/www.durocdolives.com\/wp-content\/uploads\/2021\/01\/Traag-gegaard-buikspek-PS.jpg","type":"image\/jpeg"}],"twitter_card":"summary_large_image","twitter_misc":{"Dur\u00e9e de lecture est.":"1 minute"},"schema":{"@context":"https:\/\/schema.org","@graph":[{"@type":"WebPage","@id":"https:\/\/www.durocdolives.com\/fr-be\/produit\/du-lard-de-poitrine-en-cuisson-lente\/","url":"https:\/\/www.durocdolives.com\/fr-be\/produit\/du-lard-de-poitrine-en-cuisson-lente\/","name":"Du lard de poitrine en cuisson lente - Duroc d&#039;Olives","isPartOf":{"@id":"https:\/\/www.durocdolives.com\/nl\/#website"},"primaryImageOfPage":{"@id":"https:\/\/www.durocdolives.com\/fr-be\/produit\/du-lard-de-poitrine-en-cuisson-lente\/#primaryimage"},"image":{"@id":"https:\/\/www.durocdolives.com\/fr-be\/produit\/du-lard-de-poitrine-en-cuisson-lente\/#primaryimage"},"thumbnailUrl":"https:\/\/www.durocdolives.com\/wp-content\/uploads\/2021\/01\/Traag-gegaard-buikspek-PS.jpg","datePublished":"2020-12-02T09:21:05+00:00","dateModified":"2024-06-27T15:08:46+00:00","breadcrumb":{"@id":"https:\/\/www.durocdolives.com\/fr-be\/produit\/du-lard-de-poitrine-en-cuisson-lente\/#breadcrumb"},"inLanguage":"fr-BE","potentialAction":[{"@type":"ReadAction","target":["https:\/\/www.durocdolives.com\/fr-be\/produit\/du-lard-de-poitrine-en-cuisson-lente\/"]}]},{"@type":"ImageObject","inLanguage":"fr-BE","@id":"https:\/\/www.durocdolives.com\/fr-be\/produit\/du-lard-de-poitrine-en-cuisson-lente\/#primaryimage","url":"https:\/\/www.durocdolives.com\/wp-content\/uploads\/2021\/01\/Traag-gegaard-buikspek-PS.jpg","contentUrl":"https:\/\/www.durocdolives.com\/wp-content\/uploads\/2021\/01\/Traag-gegaard-buikspek-PS.jpg","width":1200,"height":1200,"caption":"Duroc d'Olives traag gegaard buikspek"},{"@type":"BreadcrumbList","@id":"https:\/\/www.durocdolives.com\/fr-be\/produit\/du-lard-de-poitrine-en-cuisson-lente\/#breadcrumb","itemListElement":[{"@type":"ListItem","position":1,"name":"Home","item":"https:\/\/www.durocdolives.com\/nl\/"},{"@type":"ListItem","position":2,"name":"Boutique","item":"https:\/\/www.durocdolives.com\/fr-be\/boutique\/"},{"@type":"ListItem","position":3,"name":"Du lard de poitrine en cuisson lente"}]},{"@type":"WebSite","@id":"https:\/\/www.durocdolives.com\/nl\/#website","url":"https:\/\/www.durocdolives.com\/nl\/","name":"Duroc d&#039;Olives","description":"Heerlijk, kwalitatief varkensvlees","publisher":{"@id":"https:\/\/www.durocdolives.com\/nl\/#organization"},"potentialAction":[{"@type":"SearchAction","target":{"@type":"EntryPoint","urlTemplate":"https:\/\/www.durocdolives.com\/nl\/?s={search_term_string}"},"query-input":{"@type":"PropertyValueSpecification","valueRequired":true,"valueName":"search_term_string"}}],"inLanguage":"fr-BE"},{"@type":"Organization","@id":"https:\/\/www.durocdolives.com\/nl\/#organization","name":"durocdolives","url":"https:\/\/www.durocdolives.com\/nl\/","logo":{"@type":"ImageObject","inLanguage":"fr-BE","@id":"https:\/\/www.durocdolives.com\/nl\/#\/schema\/logo\/image\/","url":"https:\/\/www.durocdolives.com\/wp-content\/uploads\/2020\/10\/logo.svg","contentUrl":"https:\/\/www.durocdolives.com\/wp-content\/uploads\/2020\/10\/logo.svg","width":122,"height":122,"caption":"durocdolives"},"image":{"@id":"https:\/\/www.durocdolives.com\/nl\/#\/schema\/logo\/image\/"}}]}},"_links":{"self":[{"href":"https:\/\/www.durocdolives.com\/fr-be\/wp-json\/wp\/v2\/product\/9875","targetHints":{"allow":["GET"]}}],"collection":[{"href":"https:\/\/www.durocdolives.com\/fr-be\/wp-json\/wp\/v2\/product"}],"about":[{"href":"https:\/\/www.durocdolives.com\/fr-be\/wp-json\/wp\/v2\/types\/product"}],"wp:featuredmedia":[{"embeddable":true,"href":"https:\/\/www.durocdolives.com\/fr-be\/wp-json\/wp\/v2\/media\/9476"}],"wp:attachment":[{"href":"https:\/\/www.durocdolives.com\/fr-be\/wp-json\/wp\/v2\/media?parent=9875"}],"wp:term":[{"taxonomy":"product_brand","embeddable":true,"href":"https:\/\/www.durocdolives.com\/fr-be\/wp-json\/wp\/v2\/product_brand?post=9875"},{"taxonomy":"product_cat","embeddable":true,"href":"https:\/\/www.durocdolives.com\/fr-be\/wp-json\/wp\/v2\/product_cat?post=9875"},{"taxonomy":"product_tag","embeddable":true,"href":"https:\/\/www.durocdolives.com\/fr-be\/wp-json\/wp\/v2\/product_tag?post=9875"}],"curies":[{"name":"wp","href":"https:\/\/api.w.org\/{rel}","templated":true}]}}