{"id":9851,"date":"2020-11-25T09:25:26","date_gmt":"2020-11-25T09:25:26","guid":{"rendered":"https:\/\/www.durocdolives.com\/product\/rillettes-aux-olives-noires\/"},"modified":"2023-11-13T10:52:36","modified_gmt":"2023-11-13T10:52:36","slug":"rillettes-aux-olives-noires","status":"publish","type":"product","link":"https:\/\/www.durocdolives.com\/fr-be\/produit\/rillettes-aux-olives-noires\/","title":{"rendered":"Rillettes aux olives noires"},"content":{"rendered":"<p>Notre bouquet secret d&rsquo;herbes et les olives noires grossi\u00e8rement hach\u00e9es compl\u00e8tent cette recette. Cette rillette vous donnera des frissons de plaisir !<\/p>\n","protected":false},"excerpt":{"rendered":"<div class=\"page\" title=\"Page 13\">\n<div class=\"section\">\n<div class=\"layoutArea\">\n<div class=\"column\">\n<p>Ce qui caracte\u0301rise la viande de porc Duroc d\u2019Olives, c\u2019est qu\u2019elle contient davantage de graisse insature\u0301e. Cette graisse rend la viande plus tendre et surtout plus savoureuse. Un atout essentiel pour qui veut faire des rillettes. Les rillettes se pre\u0301parent avec de la graisse ou du saindoux et la viande cuite extre\u0302mement tendre de l\u2019e\u0301chine et de l\u2019e\u0301paule. Apre\u0300s une longue cuisson, la viande devient filandreuse. Le saindoux cre\u0301meux rend le tout aise\u0301ment tartinable. Notre bouquet d\u2019e\u0301pices secre\u0300tes et les olives noires grossie\u0300rement hache\u0301es comple\u0300tent cette recette. Des rillettes qui vous feront frissonner de plaisir !<\/p>\n<p>Le prix inclut le pot.<\/p>\n<\/div>\n<\/div>\n<\/div>\n<\/div>\n","protected":false},"featured_media":12770,"template":"","meta":{"_acf_changed":false,"inline_featured_image":false},"product_brand":[],"product_cat":[275],"product_tag":[353],"class_list":{"0":"post-9851","1":"product","2":"type-product","3":"status-publish","4":"has-post-thumbnail","6":"product_cat-charcuterie","7":"product_tag-tapas-fr-be","9":"first","10":"outofstock","11":"taxable","12":"shipping-taxable","13":"purchasable","14":"product-type-variable"},"acf":[],"yoast_head":"<!-- This site is optimized with the Yoast SEO plugin v27.4 - https:\/\/yoast.com\/product\/yoast-seo-wordpress\/ -->\n<title>Rillettes aux olives noires - Duroc d&#039;Olives<\/title>\n<meta name=\"robots\" content=\"index, follow, max-snippet:-1, max-image-preview:large, max-video-preview:-1\" \/>\n<link rel=\"canonical\" href=\"https:\/\/www.durocdolives.com\/product\/rillettes-aux-olives-noires\/\" \/>\n<meta property=\"og:locale\" content=\"fr_FR\" \/>\n<meta property=\"og:type\" content=\"article\" \/>\n<meta property=\"og:title\" content=\"Rillettes aux olives noires - Duroc d&#039;Olives\" \/>\n<meta property=\"og:description\" content=\"Ce qui caracte\u0301rise la viande de porc Duroc d\u2019Olives, c\u2019est qu\u2019elle contient davantage de graisse insature\u0301e. Cette graisse rend la viande plus tendre et surtout plus savoureuse. Un atout essentiel pour qui veut faire des rillettes. Les rillettes se pre\u0301parent avec de la graisse ou du saindoux et la viande cuite extre\u0302mement tendre de l\u2019e\u0301chine et de l\u2019e\u0301paule. Apre\u0300s une longue cuisson, la viande devient filandreuse. Le saindoux cre\u0301meux rend le tout aise\u0301ment tartinable. Notre bouquet d\u2019e\u0301pices secre\u0300tes et les olives noires grossie\u0300rement hache\u0301es comple\u0300tent cette recette. Des rillettes qui vous feront frissonner de plaisir !  Le prix inclut le pot.\" \/>\n<meta property=\"og:url\" content=\"https:\/\/www.durocdolives.com\/product\/rillettes-aux-olives-noires\/\" \/>\n<meta property=\"og:site_name\" content=\"Duroc d&#039;Olives\" \/>\n<meta property=\"article:modified_time\" content=\"2023-11-13T10:52:36+00:00\" \/>\n<meta property=\"og:image\" content=\"https:\/\/www.durocdolives.com\/wp-content\/uploads\/2020\/11\/rillette-met-olijven.jpg\" \/>\n\t<meta property=\"og:image:width\" content=\"1200\" \/>\n\t<meta property=\"og:image:height\" content=\"1200\" \/>\n\t<meta property=\"og:image:type\" content=\"image\/jpeg\" \/>\n<meta name=\"twitter:card\" content=\"summary_large_image\" \/>\n<script type=\"application\/ld+json\" class=\"yoast-schema-graph\">{\"@context\":\"https:\\\/\\\/schema.org\",\"@graph\":[{\"@type\":\"WebPage\",\"@id\":\"https:\\\/\\\/www.durocdolives.com\\\/product\\\/rillettes-aux-olives-noires\\\/\",\"url\":\"https:\\\/\\\/www.durocdolives.com\\\/product\\\/rillettes-aux-olives-noires\\\/\",\"name\":\"Rillettes aux olives noires - Duroc d&#039;Olives\",\"isPartOf\":{\"@id\":\"https:\\\/\\\/www.durocdolives.com\\\/nl\\\/#website\"},\"primaryImageOfPage\":{\"@id\":\"https:\\\/\\\/www.durocdolives.com\\\/product\\\/rillettes-aux-olives-noires\\\/#primaryimage\"},\"image\":{\"@id\":\"https:\\\/\\\/www.durocdolives.com\\\/product\\\/rillettes-aux-olives-noires\\\/#primaryimage\"},\"thumbnailUrl\":\"https:\\\/\\\/www.durocdolives.com\\\/wp-content\\\/uploads\\\/2020\\\/11\\\/rillette-met-olijven.jpg\",\"datePublished\":\"2020-11-25T09:25:26+00:00\",\"dateModified\":\"2023-11-13T10:52:36+00:00\",\"breadcrumb\":{\"@id\":\"https:\\\/\\\/www.durocdolives.com\\\/product\\\/rillettes-aux-olives-noires\\\/#breadcrumb\"},\"inLanguage\":\"fr-BE\",\"potentialAction\":[{\"@type\":\"ReadAction\",\"target\":[\"https:\\\/\\\/www.durocdolives.com\\\/product\\\/rillettes-aux-olives-noires\\\/\"]}]},{\"@type\":\"ImageObject\",\"inLanguage\":\"fr-BE\",\"@id\":\"https:\\\/\\\/www.durocdolives.com\\\/product\\\/rillettes-aux-olives-noires\\\/#primaryimage\",\"url\":\"https:\\\/\\\/www.durocdolives.com\\\/wp-content\\\/uploads\\\/2020\\\/11\\\/rillette-met-olijven.jpg\",\"contentUrl\":\"https:\\\/\\\/www.durocdolives.com\\\/wp-content\\\/uploads\\\/2020\\\/11\\\/rillette-met-olijven.jpg\",\"width\":1200,\"height\":1200},{\"@type\":\"BreadcrumbList\",\"@id\":\"https:\\\/\\\/www.durocdolives.com\\\/product\\\/rillettes-aux-olives-noires\\\/#breadcrumb\",\"itemListElement\":[{\"@type\":\"ListItem\",\"position\":1,\"name\":\"Home\",\"item\":\"https:\\\/\\\/www.durocdolives.com\\\/nl\\\/\"},{\"@type\":\"ListItem\",\"position\":2,\"name\":\"Boutique\",\"item\":\"https:\\\/\\\/www.durocdolives.com\\\/fr-be\\\/boutique\\\/\"},{\"@type\":\"ListItem\",\"position\":3,\"name\":\"Rillettes aux olives noires\"}]},{\"@type\":\"WebSite\",\"@id\":\"https:\\\/\\\/www.durocdolives.com\\\/nl\\\/#website\",\"url\":\"https:\\\/\\\/www.durocdolives.com\\\/nl\\\/\",\"name\":\"Duroc d&#039;Olives\",\"description\":\"Heerlijk, kwalitatief varkensvlees\",\"publisher\":{\"@id\":\"https:\\\/\\\/www.durocdolives.com\\\/nl\\\/#organization\"},\"potentialAction\":[{\"@type\":\"SearchAction\",\"target\":{\"@type\":\"EntryPoint\",\"urlTemplate\":\"https:\\\/\\\/www.durocdolives.com\\\/nl\\\/?s={search_term_string}\"},\"query-input\":{\"@type\":\"PropertyValueSpecification\",\"valueRequired\":true,\"valueName\":\"search_term_string\"}}],\"inLanguage\":\"fr-BE\"},{\"@type\":\"Organization\",\"@id\":\"https:\\\/\\\/www.durocdolives.com\\\/nl\\\/#organization\",\"name\":\"durocdolives\",\"url\":\"https:\\\/\\\/www.durocdolives.com\\\/nl\\\/\",\"logo\":{\"@type\":\"ImageObject\",\"inLanguage\":\"fr-BE\",\"@id\":\"https:\\\/\\\/www.durocdolives.com\\\/nl\\\/#\\\/schema\\\/logo\\\/image\\\/\",\"url\":\"https:\\\/\\\/www.durocdolives.com\\\/wp-content\\\/uploads\\\/2020\\\/10\\\/logo.svg\",\"contentUrl\":\"https:\\\/\\\/www.durocdolives.com\\\/wp-content\\\/uploads\\\/2020\\\/10\\\/logo.svg\",\"width\":122,\"height\":122,\"caption\":\"durocdolives\"},\"image\":{\"@id\":\"https:\\\/\\\/www.durocdolives.com\\\/nl\\\/#\\\/schema\\\/logo\\\/image\\\/\"}}]}<\/script>\n<!-- \/ Yoast SEO plugin. -->","yoast_head_json":{"title":"Rillettes aux olives noires - Duroc d&#039;Olives","robots":{"index":"index","follow":"follow","max-snippet":"max-snippet:-1","max-image-preview":"max-image-preview:large","max-video-preview":"max-video-preview:-1"},"canonical":"https:\/\/www.durocdolives.com\/product\/rillettes-aux-olives-noires\/","og_locale":"fr_FR","og_type":"article","og_title":"Rillettes aux olives noires - Duroc d&#039;Olives","og_description":"Ce qui caracte\u0301rise la viande de porc Duroc d\u2019Olives, c\u2019est qu\u2019elle contient davantage de graisse insature\u0301e. Cette graisse rend la viande plus tendre et surtout plus savoureuse. Un atout essentiel pour qui veut faire des rillettes. Les rillettes se pre\u0301parent avec de la graisse ou du saindoux et la viande cuite extre\u0302mement tendre de l\u2019e\u0301chine et de l\u2019e\u0301paule. Apre\u0300s une longue cuisson, la viande devient filandreuse. Le saindoux cre\u0301meux rend le tout aise\u0301ment tartinable. Notre bouquet d\u2019e\u0301pices secre\u0300tes et les olives noires grossie\u0300rement hache\u0301es comple\u0300tent cette recette. Des rillettes qui vous feront frissonner de plaisir !  Le prix inclut le pot.","og_url":"https:\/\/www.durocdolives.com\/product\/rillettes-aux-olives-noires\/","og_site_name":"Duroc d&#039;Olives","article_modified_time":"2023-11-13T10:52:36+00:00","og_image":[{"width":1200,"height":1200,"url":"https:\/\/www.durocdolives.com\/wp-content\/uploads\/2020\/11\/rillette-met-olijven.jpg","type":"image\/jpeg"}],"twitter_card":"summary_large_image","schema":{"@context":"https:\/\/schema.org","@graph":[{"@type":"WebPage","@id":"https:\/\/www.durocdolives.com\/product\/rillettes-aux-olives-noires\/","url":"https:\/\/www.durocdolives.com\/product\/rillettes-aux-olives-noires\/","name":"Rillettes aux olives noires - Duroc d&#039;Olives","isPartOf":{"@id":"https:\/\/www.durocdolives.com\/nl\/#website"},"primaryImageOfPage":{"@id":"https:\/\/www.durocdolives.com\/product\/rillettes-aux-olives-noires\/#primaryimage"},"image":{"@id":"https:\/\/www.durocdolives.com\/product\/rillettes-aux-olives-noires\/#primaryimage"},"thumbnailUrl":"https:\/\/www.durocdolives.com\/wp-content\/uploads\/2020\/11\/rillette-met-olijven.jpg","datePublished":"2020-11-25T09:25:26+00:00","dateModified":"2023-11-13T10:52:36+00:00","breadcrumb":{"@id":"https:\/\/www.durocdolives.com\/product\/rillettes-aux-olives-noires\/#breadcrumb"},"inLanguage":"fr-BE","potentialAction":[{"@type":"ReadAction","target":["https:\/\/www.durocdolives.com\/product\/rillettes-aux-olives-noires\/"]}]},{"@type":"ImageObject","inLanguage":"fr-BE","@id":"https:\/\/www.durocdolives.com\/product\/rillettes-aux-olives-noires\/#primaryimage","url":"https:\/\/www.durocdolives.com\/wp-content\/uploads\/2020\/11\/rillette-met-olijven.jpg","contentUrl":"https:\/\/www.durocdolives.com\/wp-content\/uploads\/2020\/11\/rillette-met-olijven.jpg","width":1200,"height":1200},{"@type":"BreadcrumbList","@id":"https:\/\/www.durocdolives.com\/product\/rillettes-aux-olives-noires\/#breadcrumb","itemListElement":[{"@type":"ListItem","position":1,"name":"Home","item":"https:\/\/www.durocdolives.com\/nl\/"},{"@type":"ListItem","position":2,"name":"Boutique","item":"https:\/\/www.durocdolives.com\/fr-be\/boutique\/"},{"@type":"ListItem","position":3,"name":"Rillettes aux olives noires"}]},{"@type":"WebSite","@id":"https:\/\/www.durocdolives.com\/nl\/#website","url":"https:\/\/www.durocdolives.com\/nl\/","name":"Duroc d&#039;Olives","description":"Heerlijk, kwalitatief varkensvlees","publisher":{"@id":"https:\/\/www.durocdolives.com\/nl\/#organization"},"potentialAction":[{"@type":"SearchAction","target":{"@type":"EntryPoint","urlTemplate":"https:\/\/www.durocdolives.com\/nl\/?s={search_term_string}"},"query-input":{"@type":"PropertyValueSpecification","valueRequired":true,"valueName":"search_term_string"}}],"inLanguage":"fr-BE"},{"@type":"Organization","@id":"https:\/\/www.durocdolives.com\/nl\/#organization","name":"durocdolives","url":"https:\/\/www.durocdolives.com\/nl\/","logo":{"@type":"ImageObject","inLanguage":"fr-BE","@id":"https:\/\/www.durocdolives.com\/nl\/#\/schema\/logo\/image\/","url":"https:\/\/www.durocdolives.com\/wp-content\/uploads\/2020\/10\/logo.svg","contentUrl":"https:\/\/www.durocdolives.com\/wp-content\/uploads\/2020\/10\/logo.svg","width":122,"height":122,"caption":"durocdolives"},"image":{"@id":"https:\/\/www.durocdolives.com\/nl\/#\/schema\/logo\/image\/"}}]}},"_links":{"self":[{"href":"https:\/\/www.durocdolives.com\/fr-be\/wp-json\/wp\/v2\/product\/9851","targetHints":{"allow":["GET"]}}],"collection":[{"href":"https:\/\/www.durocdolives.com\/fr-be\/wp-json\/wp\/v2\/product"}],"about":[{"href":"https:\/\/www.durocdolives.com\/fr-be\/wp-json\/wp\/v2\/types\/product"}],"wp:featuredmedia":[{"embeddable":true,"href":"https:\/\/www.durocdolives.com\/fr-be\/wp-json\/wp\/v2\/media\/12770"}],"wp:attachment":[{"href":"https:\/\/www.durocdolives.com\/fr-be\/wp-json\/wp\/v2\/media?parent=9851"}],"wp:term":[{"taxonomy":"product_brand","embeddable":true,"href":"https:\/\/www.durocdolives.com\/fr-be\/wp-json\/wp\/v2\/product_brand?post=9851"},{"taxonomy":"product_cat","embeddable":true,"href":"https:\/\/www.durocdolives.com\/fr-be\/wp-json\/wp\/v2\/product_cat?post=9851"},{"taxonomy":"product_tag","embeddable":true,"href":"https:\/\/www.durocdolives.com\/fr-be\/wp-json\/wp\/v2\/product_tag?post=9851"}],"curies":[{"name":"wp","href":"https:\/\/api.w.org\/{rel}","templated":true}]}}