{"id":9830,"date":"2020-12-02T07:45:01","date_gmt":"2020-12-02T07:45:01","guid":{"rendered":"https:\/\/www.durocdolives.com\/product\/salami\/"},"modified":"2023-08-09T15:49:26","modified_gmt":"2023-08-09T15:49:26","slug":"salami","status":"publish","type":"product","link":"https:\/\/www.durocdolives.com\/fr-be\/produit\/salami\/","title":{"rendered":"Salami"},"content":{"rendered":"","protected":false},"excerpt":{"rendered":"<p>Ce salami doit avant tout son go\u00fbt sup\u00e9rieur \u00e0 l\u2019une des caract\u00e9ristiques sp\u00e9cifiques de la viande de porc Duroc d\u2019Olives. Celle-ci contient davantage de graisse intramusculaire, ce qui la rend particuli\u00e8rement go\u00fbteuse. Id\u00e9al pour le salami ! Nous hachons finement la viande d\u2019\u00e9paule et de poitrine ainsi que la graisse ferme de la longe, et nous y adjoignons du sel et de subtiles \u00e9pices. Les ferments ajout\u00e9s conf\u00e8rent au salami sa couleur, sa consistance et son go\u00fbt. Apr\u00e8s un temps de s\u00e9chage long de 5 \u00e0 6 semaines, le salami est pr\u00eat. Un vrai plaisir pour vos papilles gustatives !<\/p>\n","protected":false},"featured_media":9832,"template":"","meta":{"_acf_changed":false,"inline_featured_image":false},"product_brand":[],"product_cat":[275],"product_tag":[],"class_list":{"0":"post-9830","1":"product","2":"type-product","3":"status-publish","4":"has-post-thumbnail","6":"product_cat-charcuterie","8":"first","9":"instock","10":"taxable","11":"shipping-taxable","12":"purchasable","13":"product-type-simple"},"acf":[],"yoast_head":"<!-- This site is optimized with the Yoast SEO plugin v27.4 - https:\/\/yoast.com\/product\/yoast-seo-wordpress\/ -->\n<title>Salami - Duroc d&#039;Olives<\/title>\n<meta name=\"robots\" content=\"index, follow, max-snippet:-1, max-image-preview:large, max-video-preview:-1\" \/>\n<link rel=\"canonical\" href=\"https:\/\/www.durocdolives.com\/product\/salami\/\" \/>\n<meta property=\"og:locale\" content=\"fr_FR\" \/>\n<meta property=\"og:type\" content=\"article\" \/>\n<meta property=\"og:title\" content=\"Salami - Duroc d&#039;Olives\" \/>\n<meta property=\"og:description\" content=\"Ce salami doit avant tout son go\u00fbt sup\u00e9rieur \u00e0 l\u2019une des caract\u00e9ristiques sp\u00e9cifiques de la viande de porc Duroc d\u2019Olives. Celle-ci contient davantage de graisse intramusculaire, ce qui la rend particuli\u00e8rement go\u00fbteuse. Id\u00e9al pour le salami ! Nous hachons finement la viande d\u2019\u00e9paule et de poitrine ainsi que la graisse ferme de la longe, et nous y adjoignons du sel et de subtiles \u00e9pices. Les ferments ajout\u00e9s conf\u00e8rent au salami sa couleur, sa consistance et son go\u00fbt. Apr\u00e8s un temps de s\u00e9chage long de 5 \u00e0 6 semaines, le salami est pr\u00eat. Un vrai plaisir pour vos papilles gustatives !\" \/>\n<meta property=\"og:url\" content=\"https:\/\/www.durocdolives.com\/product\/salami\/\" \/>\n<meta property=\"og:site_name\" content=\"Duroc d&#039;Olives\" \/>\n<meta property=\"article:modified_time\" content=\"2023-08-09T15:49:26+00:00\" \/>\n<meta property=\"og:image\" content=\"https:\/\/www.durocdolives.com\/wp-content\/uploads\/2021\/01\/Salami-PS.jpg\" \/>\n\t<meta property=\"og:image:width\" content=\"1200\" \/>\n\t<meta property=\"og:image:height\" content=\"1200\" \/>\n\t<meta property=\"og:image:type\" content=\"image\/jpeg\" \/>\n<meta name=\"twitter:card\" content=\"summary_large_image\" \/>\n<script type=\"application\/ld+json\" class=\"yoast-schema-graph\">{\"@context\":\"https:\\\/\\\/schema.org\",\"@graph\":[{\"@type\":\"WebPage\",\"@id\":\"https:\\\/\\\/www.durocdolives.com\\\/product\\\/salami\\\/\",\"url\":\"https:\\\/\\\/www.durocdolives.com\\\/product\\\/salami\\\/\",\"name\":\"Salami - Duroc d&#039;Olives\",\"isPartOf\":{\"@id\":\"https:\\\/\\\/www.durocdolives.com\\\/nl\\\/#website\"},\"primaryImageOfPage\":{\"@id\":\"https:\\\/\\\/www.durocdolives.com\\\/product\\\/salami\\\/#primaryimage\"},\"image\":{\"@id\":\"https:\\\/\\\/www.durocdolives.com\\\/product\\\/salami\\\/#primaryimage\"},\"thumbnailUrl\":\"https:\\\/\\\/www.durocdolives.com\\\/wp-content\\\/uploads\\\/2021\\\/01\\\/Salami-PS.jpg\",\"datePublished\":\"2020-12-02T07:45:01+00:00\",\"dateModified\":\"2023-08-09T15:49:26+00:00\",\"breadcrumb\":{\"@id\":\"https:\\\/\\\/www.durocdolives.com\\\/product\\\/salami\\\/#breadcrumb\"},\"inLanguage\":\"fr-BE\",\"potentialAction\":[{\"@type\":\"ReadAction\",\"target\":[\"https:\\\/\\\/www.durocdolives.com\\\/product\\\/salami\\\/\"]}]},{\"@type\":\"ImageObject\",\"inLanguage\":\"fr-BE\",\"@id\":\"https:\\\/\\\/www.durocdolives.com\\\/product\\\/salami\\\/#primaryimage\",\"url\":\"https:\\\/\\\/www.durocdolives.com\\\/wp-content\\\/uploads\\\/2021\\\/01\\\/Salami-PS.jpg\",\"contentUrl\":\"https:\\\/\\\/www.durocdolives.com\\\/wp-content\\\/uploads\\\/2021\\\/01\\\/Salami-PS.jpg\",\"width\":1200,\"height\":1200,\"caption\":\"Duroc d'Olives salami\"},{\"@type\":\"BreadcrumbList\",\"@id\":\"https:\\\/\\\/www.durocdolives.com\\\/product\\\/salami\\\/#breadcrumb\",\"itemListElement\":[{\"@type\":\"ListItem\",\"position\":1,\"name\":\"Home\",\"item\":\"https:\\\/\\\/www.durocdolives.com\\\/nl\\\/\"},{\"@type\":\"ListItem\",\"position\":2,\"name\":\"Boutique\",\"item\":\"https:\\\/\\\/www.durocdolives.com\\\/fr-be\\\/boutique\\\/\"},{\"@type\":\"ListItem\",\"position\":3,\"name\":\"Salami\"}]},{\"@type\":\"WebSite\",\"@id\":\"https:\\\/\\\/www.durocdolives.com\\\/nl\\\/#website\",\"url\":\"https:\\\/\\\/www.durocdolives.com\\\/nl\\\/\",\"name\":\"Duroc d&#039;Olives\",\"description\":\"Heerlijk, kwalitatief varkensvlees\",\"publisher\":{\"@id\":\"https:\\\/\\\/www.durocdolives.com\\\/nl\\\/#organization\"},\"potentialAction\":[{\"@type\":\"SearchAction\",\"target\":{\"@type\":\"EntryPoint\",\"urlTemplate\":\"https:\\\/\\\/www.durocdolives.com\\\/nl\\\/?s={search_term_string}\"},\"query-input\":{\"@type\":\"PropertyValueSpecification\",\"valueRequired\":true,\"valueName\":\"search_term_string\"}}],\"inLanguage\":\"fr-BE\"},{\"@type\":\"Organization\",\"@id\":\"https:\\\/\\\/www.durocdolives.com\\\/nl\\\/#organization\",\"name\":\"durocdolives\",\"url\":\"https:\\\/\\\/www.durocdolives.com\\\/nl\\\/\",\"logo\":{\"@type\":\"ImageObject\",\"inLanguage\":\"fr-BE\",\"@id\":\"https:\\\/\\\/www.durocdolives.com\\\/nl\\\/#\\\/schema\\\/logo\\\/image\\\/\",\"url\":\"https:\\\/\\\/www.durocdolives.com\\\/wp-content\\\/uploads\\\/2020\\\/10\\\/logo.svg\",\"contentUrl\":\"https:\\\/\\\/www.durocdolives.com\\\/wp-content\\\/uploads\\\/2020\\\/10\\\/logo.svg\",\"width\":122,\"height\":122,\"caption\":\"durocdolives\"},\"image\":{\"@id\":\"https:\\\/\\\/www.durocdolives.com\\\/nl\\\/#\\\/schema\\\/logo\\\/image\\\/\"}}]}<\/script>\n<!-- \/ Yoast SEO plugin. -->","yoast_head_json":{"title":"Salami - Duroc d&#039;Olives","robots":{"index":"index","follow":"follow","max-snippet":"max-snippet:-1","max-image-preview":"max-image-preview:large","max-video-preview":"max-video-preview:-1"},"canonical":"https:\/\/www.durocdolives.com\/product\/salami\/","og_locale":"fr_FR","og_type":"article","og_title":"Salami - Duroc d&#039;Olives","og_description":"Ce salami doit avant tout son go\u00fbt sup\u00e9rieur \u00e0 l\u2019une des caract\u00e9ristiques sp\u00e9cifiques de la viande de porc Duroc d\u2019Olives. Celle-ci contient davantage de graisse intramusculaire, ce qui la rend particuli\u00e8rement go\u00fbteuse. Id\u00e9al pour le salami ! Nous hachons finement la viande d\u2019\u00e9paule et de poitrine ainsi que la graisse ferme de la longe, et nous y adjoignons du sel et de subtiles \u00e9pices. Les ferments ajout\u00e9s conf\u00e8rent au salami sa couleur, sa consistance et son go\u00fbt. Apr\u00e8s un temps de s\u00e9chage long de 5 \u00e0 6 semaines, le salami est pr\u00eat. Un vrai plaisir pour vos papilles gustatives !","og_url":"https:\/\/www.durocdolives.com\/product\/salami\/","og_site_name":"Duroc d&#039;Olives","article_modified_time":"2023-08-09T15:49:26+00:00","og_image":[{"width":1200,"height":1200,"url":"https:\/\/www.durocdolives.com\/wp-content\/uploads\/2021\/01\/Salami-PS.jpg","type":"image\/jpeg"}],"twitter_card":"summary_large_image","schema":{"@context":"https:\/\/schema.org","@graph":[{"@type":"WebPage","@id":"https:\/\/www.durocdolives.com\/product\/salami\/","url":"https:\/\/www.durocdolives.com\/product\/salami\/","name":"Salami - Duroc d&#039;Olives","isPartOf":{"@id":"https:\/\/www.durocdolives.com\/nl\/#website"},"primaryImageOfPage":{"@id":"https:\/\/www.durocdolives.com\/product\/salami\/#primaryimage"},"image":{"@id":"https:\/\/www.durocdolives.com\/product\/salami\/#primaryimage"},"thumbnailUrl":"https:\/\/www.durocdolives.com\/wp-content\/uploads\/2021\/01\/Salami-PS.jpg","datePublished":"2020-12-02T07:45:01+00:00","dateModified":"2023-08-09T15:49:26+00:00","breadcrumb":{"@id":"https:\/\/www.durocdolives.com\/product\/salami\/#breadcrumb"},"inLanguage":"fr-BE","potentialAction":[{"@type":"ReadAction","target":["https:\/\/www.durocdolives.com\/product\/salami\/"]}]},{"@type":"ImageObject","inLanguage":"fr-BE","@id":"https:\/\/www.durocdolives.com\/product\/salami\/#primaryimage","url":"https:\/\/www.durocdolives.com\/wp-content\/uploads\/2021\/01\/Salami-PS.jpg","contentUrl":"https:\/\/www.durocdolives.com\/wp-content\/uploads\/2021\/01\/Salami-PS.jpg","width":1200,"height":1200,"caption":"Duroc d'Olives salami"},{"@type":"BreadcrumbList","@id":"https:\/\/www.durocdolives.com\/product\/salami\/#breadcrumb","itemListElement":[{"@type":"ListItem","position":1,"name":"Home","item":"https:\/\/www.durocdolives.com\/nl\/"},{"@type":"ListItem","position":2,"name":"Boutique","item":"https:\/\/www.durocdolives.com\/fr-be\/boutique\/"},{"@type":"ListItem","position":3,"name":"Salami"}]},{"@type":"WebSite","@id":"https:\/\/www.durocdolives.com\/nl\/#website","url":"https:\/\/www.durocdolives.com\/nl\/","name":"Duroc d&#039;Olives","description":"Heerlijk, kwalitatief varkensvlees","publisher":{"@id":"https:\/\/www.durocdolives.com\/nl\/#organization"},"potentialAction":[{"@type":"SearchAction","target":{"@type":"EntryPoint","urlTemplate":"https:\/\/www.durocdolives.com\/nl\/?s={search_term_string}"},"query-input":{"@type":"PropertyValueSpecification","valueRequired":true,"valueName":"search_term_string"}}],"inLanguage":"fr-BE"},{"@type":"Organization","@id":"https:\/\/www.durocdolives.com\/nl\/#organization","name":"durocdolives","url":"https:\/\/www.durocdolives.com\/nl\/","logo":{"@type":"ImageObject","inLanguage":"fr-BE","@id":"https:\/\/www.durocdolives.com\/nl\/#\/schema\/logo\/image\/","url":"https:\/\/www.durocdolives.com\/wp-content\/uploads\/2020\/10\/logo.svg","contentUrl":"https:\/\/www.durocdolives.com\/wp-content\/uploads\/2020\/10\/logo.svg","width":122,"height":122,"caption":"durocdolives"},"image":{"@id":"https:\/\/www.durocdolives.com\/nl\/#\/schema\/logo\/image\/"}}]}},"_links":{"self":[{"href":"https:\/\/www.durocdolives.com\/fr-be\/wp-json\/wp\/v2\/product\/9830","targetHints":{"allow":["GET"]}}],"collection":[{"href":"https:\/\/www.durocdolives.com\/fr-be\/wp-json\/wp\/v2\/product"}],"about":[{"href":"https:\/\/www.durocdolives.com\/fr-be\/wp-json\/wp\/v2\/types\/product"}],"wp:featuredmedia":[{"embeddable":true,"href":"https:\/\/www.durocdolives.com\/fr-be\/wp-json\/wp\/v2\/media\/9832"}],"wp:attachment":[{"href":"https:\/\/www.durocdolives.com\/fr-be\/wp-json\/wp\/v2\/media?parent=9830"}],"wp:term":[{"taxonomy":"product_brand","embeddable":true,"href":"https:\/\/www.durocdolives.com\/fr-be\/wp-json\/wp\/v2\/product_brand?post=9830"},{"taxonomy":"product_cat","embeddable":true,"href":"https:\/\/www.durocdolives.com\/fr-be\/wp-json\/wp\/v2\/product_cat?post=9830"},{"taxonomy":"product_tag","embeddable":true,"href":"https:\/\/www.durocdolives.com\/fr-be\/wp-json\/wp\/v2\/product_tag?post=9830"}],"curies":[{"name":"wp","href":"https:\/\/api.w.org\/{rel}","templated":true}]}}