{"id":23799,"date":"2025-11-07T14:58:26","date_gmt":"2025-11-07T14:58:26","guid":{"rendered":"https:\/\/www.durocdolives.com\/product\/a-sen-lecher-les-babines\/"},"modified":"2025-11-10T11:36:00","modified_gmt":"2025-11-10T11:36:00","slug":"a-sen-lecher-les-babines","status":"publish","type":"product","link":"https:\/\/www.durocdolives.com\/fr-be\/produit\/a-sen-lecher-les-babines\/","title":{"rendered":"A s\u2019en l\u00e9cher les babines"},"content":{"rendered":"","protected":false},"excerpt":{"rendered":"<p>Visite surprise ? Gr\u00e2ce \u00e0 ce savoureux coffret, vous aurez toujours de quoi r\u00e9galer vos invit\u00e9s.<\/p>\n<ul>\n<li>1 petit pot de rillettes 180 g<\/li>\n<li>Guanciale (joue de porc s\u00e9ch\u00e9e)<\/li>\n<li>1 paquet de b\u00e2tonnets de Duroc<\/li>\n<li>1 petite bouteille d\u2019huile d\u2019olive<\/li>\n<\/ul>\n","protected":false},"featured_media":23782,"template":"","meta":{"_acf_changed":false,"inline_featured_image":false},"product_brand":[],"product_cat":[356],"product_tag":[353],"class_list":{"0":"post-23799","1":"product","2":"type-product","3":"status-publish","4":"has-post-thumbnail","6":"product_cat-coffrets","7":"product_tag-tapas-fr-be","9":"first","10":"instock","11":"taxable","12":"shipping-taxable","13":"purchasable","14":"product-type-simple"},"acf":[],"yoast_head":"<!-- This site is optimized with the Yoast SEO plugin v27.4 - https:\/\/yoast.com\/product\/yoast-seo-wordpress\/ -->\n<title>A s\u2019en l\u00e9cher les babines - Duroc d&#039;Olives<\/title>\n<meta name=\"robots\" content=\"index, follow, max-snippet:-1, max-image-preview:large, max-video-preview:-1\" \/>\n<link rel=\"canonical\" href=\"https:\/\/www.durocdolives.com\/fr-be\/produit\/a-sen-lecher-les-babines\/\" \/>\n<meta property=\"og:locale\" content=\"fr_FR\" \/>\n<meta property=\"og:type\" content=\"article\" \/>\n<meta property=\"og:title\" content=\"A s\u2019en l\u00e9cher les babines - Duroc d&#039;Olives\" \/>\n<meta property=\"og:description\" content=\"Visite surprise ? Gr\u00e2ce \u00e0 ce savoureux coffret, vous aurez toujours de quoi r\u00e9galer vos invit\u00e9s.   1 petit pot de rillettes 180 g  Guanciale (joue de porc s\u00e9ch\u00e9e)  1 paquet de b\u00e2tonnets de Duroc  1 petite bouteille d\u2019huile d\u2019olive\" \/>\n<meta property=\"og:url\" content=\"https:\/\/www.durocdolives.com\/fr-be\/produit\/a-sen-lecher-les-babines\/\" \/>\n<meta property=\"og:site_name\" content=\"Duroc d&#039;Olives\" \/>\n<meta property=\"article:modified_time\" content=\"2025-11-10T11:36:00+00:00\" \/>\n<meta property=\"og:image\" content=\"https:\/\/www.durocdolives.com\/wp-content\/uploads\/2025\/11\/Van-lek-mn-liptje.jpg\" \/>\n\t<meta property=\"og:image:width\" content=\"1200\" \/>\n\t<meta property=\"og:image:height\" content=\"1200\" \/>\n\t<meta property=\"og:image:type\" content=\"image\/jpeg\" \/>\n<meta name=\"twitter:card\" content=\"summary_large_image\" \/>\n<meta name=\"twitter:label1\" content=\"Dur\u00e9e de lecture est.\" \/>\n\t<meta name=\"twitter:data1\" content=\"1 minute\" \/>\n<script type=\"application\/ld+json\" class=\"yoast-schema-graph\">{\"@context\":\"https:\\\/\\\/schema.org\",\"@graph\":[{\"@type\":\"WebPage\",\"@id\":\"https:\\\/\\\/www.durocdolives.com\\\/fr-be\\\/produit\\\/a-sen-lecher-les-babines\\\/\",\"url\":\"https:\\\/\\\/www.durocdolives.com\\\/fr-be\\\/produit\\\/a-sen-lecher-les-babines\\\/\",\"name\":\"A s\u2019en l\u00e9cher les babines - Duroc d&#039;Olives\",\"isPartOf\":{\"@id\":\"https:\\\/\\\/www.durocdolives.com\\\/nl\\\/#website\"},\"primaryImageOfPage\":{\"@id\":\"https:\\\/\\\/www.durocdolives.com\\\/fr-be\\\/produit\\\/a-sen-lecher-les-babines\\\/#primaryimage\"},\"image\":{\"@id\":\"https:\\\/\\\/www.durocdolives.com\\\/fr-be\\\/produit\\\/a-sen-lecher-les-babines\\\/#primaryimage\"},\"thumbnailUrl\":\"https:\\\/\\\/www.durocdolives.com\\\/wp-content\\\/uploads\\\/2025\\\/11\\\/Van-lek-mn-liptje.jpg\",\"datePublished\":\"2025-11-07T14:58:26+00:00\",\"dateModified\":\"2025-11-10T11:36:00+00:00\",\"breadcrumb\":{\"@id\":\"https:\\\/\\\/www.durocdolives.com\\\/fr-be\\\/produit\\\/a-sen-lecher-les-babines\\\/#breadcrumb\"},\"inLanguage\":\"fr-BE\",\"potentialAction\":[{\"@type\":\"ReadAction\",\"target\":[\"https:\\\/\\\/www.durocdolives.com\\\/fr-be\\\/produit\\\/a-sen-lecher-les-babines\\\/\"]}]},{\"@type\":\"ImageObject\",\"inLanguage\":\"fr-BE\",\"@id\":\"https:\\\/\\\/www.durocdolives.com\\\/fr-be\\\/produit\\\/a-sen-lecher-les-babines\\\/#primaryimage\",\"url\":\"https:\\\/\\\/www.durocdolives.com\\\/wp-content\\\/uploads\\\/2025\\\/11\\\/Van-lek-mn-liptje.jpg\",\"contentUrl\":\"https:\\\/\\\/www.durocdolives.com\\\/wp-content\\\/uploads\\\/2025\\\/11\\\/Van-lek-mn-liptje.jpg\",\"width\":1200,\"height\":1200},{\"@type\":\"BreadcrumbList\",\"@id\":\"https:\\\/\\\/www.durocdolives.com\\\/fr-be\\\/produit\\\/a-sen-lecher-les-babines\\\/#breadcrumb\",\"itemListElement\":[{\"@type\":\"ListItem\",\"position\":1,\"name\":\"Home\",\"item\":\"https:\\\/\\\/www.durocdolives.com\\\/nl\\\/\"},{\"@type\":\"ListItem\",\"position\":2,\"name\":\"Boutique\",\"item\":\"https:\\\/\\\/www.durocdolives.com\\\/fr-be\\\/boutique\\\/\"},{\"@type\":\"ListItem\",\"position\":3,\"name\":\"A s\u2019en l\u00e9cher les babines\"}]},{\"@type\":\"WebSite\",\"@id\":\"https:\\\/\\\/www.durocdolives.com\\\/nl\\\/#website\",\"url\":\"https:\\\/\\\/www.durocdolives.com\\\/nl\\\/\",\"name\":\"Duroc d&#039;Olives\",\"description\":\"Heerlijk, kwalitatief varkensvlees\",\"publisher\":{\"@id\":\"https:\\\/\\\/www.durocdolives.com\\\/nl\\\/#organization\"},\"potentialAction\":[{\"@type\":\"SearchAction\",\"target\":{\"@type\":\"EntryPoint\",\"urlTemplate\":\"https:\\\/\\\/www.durocdolives.com\\\/nl\\\/?s={search_term_string}\"},\"query-input\":{\"@type\":\"PropertyValueSpecification\",\"valueRequired\":true,\"valueName\":\"search_term_string\"}}],\"inLanguage\":\"fr-BE\"},{\"@type\":\"Organization\",\"@id\":\"https:\\\/\\\/www.durocdolives.com\\\/nl\\\/#organization\",\"name\":\"durocdolives\",\"url\":\"https:\\\/\\\/www.durocdolives.com\\\/nl\\\/\",\"logo\":{\"@type\":\"ImageObject\",\"inLanguage\":\"fr-BE\",\"@id\":\"https:\\\/\\\/www.durocdolives.com\\\/nl\\\/#\\\/schema\\\/logo\\\/image\\\/\",\"url\":\"https:\\\/\\\/www.durocdolives.com\\\/wp-content\\\/uploads\\\/2020\\\/10\\\/logo.svg\",\"contentUrl\":\"https:\\\/\\\/www.durocdolives.com\\\/wp-content\\\/uploads\\\/2020\\\/10\\\/logo.svg\",\"width\":122,\"height\":122,\"caption\":\"durocdolives\"},\"image\":{\"@id\":\"https:\\\/\\\/www.durocdolives.com\\\/nl\\\/#\\\/schema\\\/logo\\\/image\\\/\"}}]}<\/script>\n<!-- \/ Yoast SEO plugin. -->","yoast_head_json":{"title":"A s\u2019en l\u00e9cher les babines - Duroc d&#039;Olives","robots":{"index":"index","follow":"follow","max-snippet":"max-snippet:-1","max-image-preview":"max-image-preview:large","max-video-preview":"max-video-preview:-1"},"canonical":"https:\/\/www.durocdolives.com\/fr-be\/produit\/a-sen-lecher-les-babines\/","og_locale":"fr_FR","og_type":"article","og_title":"A s\u2019en l\u00e9cher les babines - Duroc d&#039;Olives","og_description":"Visite surprise ? Gr\u00e2ce \u00e0 ce savoureux coffret, vous aurez toujours de quoi r\u00e9galer vos invit\u00e9s.   1 petit pot de rillettes 180 g  Guanciale (joue de porc s\u00e9ch\u00e9e)  1 paquet de b\u00e2tonnets de Duroc  1 petite bouteille d\u2019huile d\u2019olive","og_url":"https:\/\/www.durocdolives.com\/fr-be\/produit\/a-sen-lecher-les-babines\/","og_site_name":"Duroc d&#039;Olives","article_modified_time":"2025-11-10T11:36:00+00:00","og_image":[{"width":1200,"height":1200,"url":"https:\/\/www.durocdolives.com\/wp-content\/uploads\/2025\/11\/Van-lek-mn-liptje.jpg","type":"image\/jpeg"}],"twitter_card":"summary_large_image","twitter_misc":{"Dur\u00e9e de lecture est.":"1 minute"},"schema":{"@context":"https:\/\/schema.org","@graph":[{"@type":"WebPage","@id":"https:\/\/www.durocdolives.com\/fr-be\/produit\/a-sen-lecher-les-babines\/","url":"https:\/\/www.durocdolives.com\/fr-be\/produit\/a-sen-lecher-les-babines\/","name":"A s\u2019en l\u00e9cher les babines - Duroc d&#039;Olives","isPartOf":{"@id":"https:\/\/www.durocdolives.com\/nl\/#website"},"primaryImageOfPage":{"@id":"https:\/\/www.durocdolives.com\/fr-be\/produit\/a-sen-lecher-les-babines\/#primaryimage"},"image":{"@id":"https:\/\/www.durocdolives.com\/fr-be\/produit\/a-sen-lecher-les-babines\/#primaryimage"},"thumbnailUrl":"https:\/\/www.durocdolives.com\/wp-content\/uploads\/2025\/11\/Van-lek-mn-liptje.jpg","datePublished":"2025-11-07T14:58:26+00:00","dateModified":"2025-11-10T11:36:00+00:00","breadcrumb":{"@id":"https:\/\/www.durocdolives.com\/fr-be\/produit\/a-sen-lecher-les-babines\/#breadcrumb"},"inLanguage":"fr-BE","potentialAction":[{"@type":"ReadAction","target":["https:\/\/www.durocdolives.com\/fr-be\/produit\/a-sen-lecher-les-babines\/"]}]},{"@type":"ImageObject","inLanguage":"fr-BE","@id":"https:\/\/www.durocdolives.com\/fr-be\/produit\/a-sen-lecher-les-babines\/#primaryimage","url":"https:\/\/www.durocdolives.com\/wp-content\/uploads\/2025\/11\/Van-lek-mn-liptje.jpg","contentUrl":"https:\/\/www.durocdolives.com\/wp-content\/uploads\/2025\/11\/Van-lek-mn-liptje.jpg","width":1200,"height":1200},{"@type":"BreadcrumbList","@id":"https:\/\/www.durocdolives.com\/fr-be\/produit\/a-sen-lecher-les-babines\/#breadcrumb","itemListElement":[{"@type":"ListItem","position":1,"name":"Home","item":"https:\/\/www.durocdolives.com\/nl\/"},{"@type":"ListItem","position":2,"name":"Boutique","item":"https:\/\/www.durocdolives.com\/fr-be\/boutique\/"},{"@type":"ListItem","position":3,"name":"A s\u2019en l\u00e9cher les babines"}]},{"@type":"WebSite","@id":"https:\/\/www.durocdolives.com\/nl\/#website","url":"https:\/\/www.durocdolives.com\/nl\/","name":"Duroc d&#039;Olives","description":"Heerlijk, kwalitatief varkensvlees","publisher":{"@id":"https:\/\/www.durocdolives.com\/nl\/#organization"},"potentialAction":[{"@type":"SearchAction","target":{"@type":"EntryPoint","urlTemplate":"https:\/\/www.durocdolives.com\/nl\/?s={search_term_string}"},"query-input":{"@type":"PropertyValueSpecification","valueRequired":true,"valueName":"search_term_string"}}],"inLanguage":"fr-BE"},{"@type":"Organization","@id":"https:\/\/www.durocdolives.com\/nl\/#organization","name":"durocdolives","url":"https:\/\/www.durocdolives.com\/nl\/","logo":{"@type":"ImageObject","inLanguage":"fr-BE","@id":"https:\/\/www.durocdolives.com\/nl\/#\/schema\/logo\/image\/","url":"https:\/\/www.durocdolives.com\/wp-content\/uploads\/2020\/10\/logo.svg","contentUrl":"https:\/\/www.durocdolives.com\/wp-content\/uploads\/2020\/10\/logo.svg","width":122,"height":122,"caption":"durocdolives"},"image":{"@id":"https:\/\/www.durocdolives.com\/nl\/#\/schema\/logo\/image\/"}}]}},"_links":{"self":[{"href":"https:\/\/www.durocdolives.com\/fr-be\/wp-json\/wp\/v2\/product\/23799","targetHints":{"allow":["GET"]}}],"collection":[{"href":"https:\/\/www.durocdolives.com\/fr-be\/wp-json\/wp\/v2\/product"}],"about":[{"href":"https:\/\/www.durocdolives.com\/fr-be\/wp-json\/wp\/v2\/types\/product"}],"wp:featuredmedia":[{"embeddable":true,"href":"https:\/\/www.durocdolives.com\/fr-be\/wp-json\/wp\/v2\/media\/23782"}],"wp:attachment":[{"href":"https:\/\/www.durocdolives.com\/fr-be\/wp-json\/wp\/v2\/media?parent=23799"}],"wp:term":[{"taxonomy":"product_brand","embeddable":true,"href":"https:\/\/www.durocdolives.com\/fr-be\/wp-json\/wp\/v2\/product_brand?post=23799"},{"taxonomy":"product_cat","embeddable":true,"href":"https:\/\/www.durocdolives.com\/fr-be\/wp-json\/wp\/v2\/product_cat?post=23799"},{"taxonomy":"product_tag","embeddable":true,"href":"https:\/\/www.durocdolives.com\/fr-be\/wp-json\/wp\/v2\/product_tag?post=23799"}],"curies":[{"name":"wp","href":"https:\/\/api.w.org\/{rel}","templated":true}]}}