{"id":18433,"date":"2023-06-05T09:20:20","date_gmt":"2023-06-05T09:21:09","guid":{"rendered":"https:\/\/www.durocdolives.com\/?post_type=product&#038;p=18433"},"modified":"2024-08-28T11:52:19","modified_gmt":"2024-08-28T11:52:19","slug":"effiloche-de-porc","status":"publish","type":"product","link":"https:\/\/www.durocdolives.com\/fr-be\/produit\/effiloche-de-porc\/","title":{"rendered":"Effiloch\u00e9 de porc"},"content":{"rendered":"<p>Cette savoureuse pr\u00e9paration \u201cstreet food\u201d est compos\u00e9e d&rsquo;\u00e9paules de porc Duroc d&rsquo;Olives mijot\u00e9es avec une sauce barbecue l\u00e9g\u00e8rement sucr\u00e9e. Gr\u00e2ce \u00e0 la cuisson lente, la d\u00e9licieuse viande se d\u00e9fait parfaitement. Une pr\u00e9paration authentique et accueillante.<\/p>\n","protected":false},"excerpt":{"rendered":"<p>Cette savoureuse pr\u00e9paration \u201cstreet food\u201d est compos\u00e9e d&rsquo;\u00e9paules de porc Duroc d&rsquo;Olives mijot\u00e9es avec une sauce barbecue l\u00e9g\u00e8rement sucr\u00e9e. Gr\u00e2ce \u00e0 la cuisson lente, la d\u00e9licieuse viande se d\u00e9fait parfaitement. Une pr\u00e9paration authentique et accueillante.<\/p>\n","protected":false},"featured_media":18598,"template":"","meta":{"_acf_changed":false,"inline_featured_image":false},"product_brand":[],"product_cat":[275],"product_tag":[353],"class_list":{"0":"post-18433","1":"product","2":"type-product","3":"status-publish","4":"has-post-thumbnail","6":"product_cat-charcuterie","7":"product_tag-tapas-fr-be","9":"first","10":"instock","11":"taxable","12":"shipping-taxable","13":"purchasable","14":"product-type-simple"},"acf":[],"yoast_head":"<!-- This site is optimized with the Yoast SEO plugin v27.4 - https:\/\/yoast.com\/product\/yoast-seo-wordpress\/ -->\n<title>Effiloch\u00e9 de porc - Duroc d&#039;Olives<\/title>\n<meta name=\"robots\" content=\"index, follow, max-snippet:-1, max-image-preview:large, max-video-preview:-1\" \/>\n<link rel=\"canonical\" href=\"https:\/\/www.durocdolives.com\/fr-be\/produit\/effiloche-de-porc\/\" \/>\n<meta property=\"og:locale\" content=\"fr_FR\" \/>\n<meta property=\"og:type\" content=\"article\" \/>\n<meta property=\"og:title\" content=\"Effiloch\u00e9 de porc - Duroc d&#039;Olives\" \/>\n<meta property=\"og:description\" content=\"Cette savoureuse pr\u00e9paration \u201cstreet food\u201d est compos\u00e9e d&#039;\u00e9paules de porc Duroc d&#039;Olives mijot\u00e9es avec une sauce barbecue l\u00e9g\u00e8rement sucr\u00e9e. Gr\u00e2ce \u00e0 la cuisson lente, la d\u00e9licieuse viande se d\u00e9fait parfaitement. Une pr\u00e9paration authentique et accueillante.\" \/>\n<meta property=\"og:url\" content=\"https:\/\/www.durocdolives.com\/fr-be\/produit\/effiloche-de-porc\/\" \/>\n<meta property=\"og:site_name\" content=\"Duroc d&#039;Olives\" \/>\n<meta property=\"article:modified_time\" content=\"2024-08-28T11:52:19+00:00\" \/>\n<meta property=\"og:image\" content=\"https:\/\/www.durocdolives.com\/wp-content\/uploads\/2023\/06\/pulled-pork-verpakt-donker-zwarte-achtergrond.jpg\" \/>\n\t<meta property=\"og:image:width\" content=\"1500\" \/>\n\t<meta property=\"og:image:height\" content=\"1500\" \/>\n\t<meta property=\"og:image:type\" content=\"image\/jpeg\" \/>\n<meta name=\"twitter:card\" content=\"summary_large_image\" \/>\n<meta name=\"twitter:label1\" content=\"Dur\u00e9e de lecture est.\" \/>\n\t<meta name=\"twitter:data1\" content=\"1 minute\" \/>\n<script type=\"application\/ld+json\" class=\"yoast-schema-graph\">{\"@context\":\"https:\\\/\\\/schema.org\",\"@graph\":[{\"@type\":\"WebPage\",\"@id\":\"https:\\\/\\\/www.durocdolives.com\\\/fr-be\\\/produit\\\/effiloche-de-porc\\\/\",\"url\":\"https:\\\/\\\/www.durocdolives.com\\\/fr-be\\\/produit\\\/effiloche-de-porc\\\/\",\"name\":\"Effiloch\u00e9 de porc - Duroc d&#039;Olives\",\"isPartOf\":{\"@id\":\"https:\\\/\\\/www.durocdolives.com\\\/nl\\\/#website\"},\"primaryImageOfPage\":{\"@id\":\"https:\\\/\\\/www.durocdolives.com\\\/fr-be\\\/produit\\\/effiloche-de-porc\\\/#primaryimage\"},\"image\":{\"@id\":\"https:\\\/\\\/www.durocdolives.com\\\/fr-be\\\/produit\\\/effiloche-de-porc\\\/#primaryimage\"},\"thumbnailUrl\":\"https:\\\/\\\/www.durocdolives.com\\\/wp-content\\\/uploads\\\/2023\\\/06\\\/pulled-pork-verpakt-donker-zwarte-achtergrond.jpg\",\"datePublished\":\"2023-06-05T09:21:09+00:00\",\"dateModified\":\"2024-08-28T11:52:19+00:00\",\"breadcrumb\":{\"@id\":\"https:\\\/\\\/www.durocdolives.com\\\/fr-be\\\/produit\\\/effiloche-de-porc\\\/#breadcrumb\"},\"inLanguage\":\"fr-BE\",\"potentialAction\":[{\"@type\":\"ReadAction\",\"target\":[\"https:\\\/\\\/www.durocdolives.com\\\/fr-be\\\/produit\\\/effiloche-de-porc\\\/\"]}]},{\"@type\":\"ImageObject\",\"inLanguage\":\"fr-BE\",\"@id\":\"https:\\\/\\\/www.durocdolives.com\\\/fr-be\\\/produit\\\/effiloche-de-porc\\\/#primaryimage\",\"url\":\"https:\\\/\\\/www.durocdolives.com\\\/wp-content\\\/uploads\\\/2023\\\/06\\\/pulled-pork-verpakt-donker-zwarte-achtergrond.jpg\",\"contentUrl\":\"https:\\\/\\\/www.durocdolives.com\\\/wp-content\\\/uploads\\\/2023\\\/06\\\/pulled-pork-verpakt-donker-zwarte-achtergrond.jpg\",\"width\":1500,\"height\":1500,\"caption\":\"productfoto pulled pork\"},{\"@type\":\"BreadcrumbList\",\"@id\":\"https:\\\/\\\/www.durocdolives.com\\\/fr-be\\\/produit\\\/effiloche-de-porc\\\/#breadcrumb\",\"itemListElement\":[{\"@type\":\"ListItem\",\"position\":1,\"name\":\"Home\",\"item\":\"https:\\\/\\\/www.durocdolives.com\\\/nl\\\/\"},{\"@type\":\"ListItem\",\"position\":2,\"name\":\"Boutique\",\"item\":\"https:\\\/\\\/www.durocdolives.com\\\/fr-be\\\/boutique\\\/\"},{\"@type\":\"ListItem\",\"position\":3,\"name\":\"Effiloch\u00e9 de porc\"}]},{\"@type\":\"WebSite\",\"@id\":\"https:\\\/\\\/www.durocdolives.com\\\/nl\\\/#website\",\"url\":\"https:\\\/\\\/www.durocdolives.com\\\/nl\\\/\",\"name\":\"Duroc d&#039;Olives\",\"description\":\"Heerlijk, kwalitatief varkensvlees\",\"publisher\":{\"@id\":\"https:\\\/\\\/www.durocdolives.com\\\/nl\\\/#organization\"},\"potentialAction\":[{\"@type\":\"SearchAction\",\"target\":{\"@type\":\"EntryPoint\",\"urlTemplate\":\"https:\\\/\\\/www.durocdolives.com\\\/nl\\\/?s={search_term_string}\"},\"query-input\":{\"@type\":\"PropertyValueSpecification\",\"valueRequired\":true,\"valueName\":\"search_term_string\"}}],\"inLanguage\":\"fr-BE\"},{\"@type\":\"Organization\",\"@id\":\"https:\\\/\\\/www.durocdolives.com\\\/nl\\\/#organization\",\"name\":\"durocdolives\",\"url\":\"https:\\\/\\\/www.durocdolives.com\\\/nl\\\/\",\"logo\":{\"@type\":\"ImageObject\",\"inLanguage\":\"fr-BE\",\"@id\":\"https:\\\/\\\/www.durocdolives.com\\\/nl\\\/#\\\/schema\\\/logo\\\/image\\\/\",\"url\":\"https:\\\/\\\/www.durocdolives.com\\\/wp-content\\\/uploads\\\/2020\\\/10\\\/logo.svg\",\"contentUrl\":\"https:\\\/\\\/www.durocdolives.com\\\/wp-content\\\/uploads\\\/2020\\\/10\\\/logo.svg\",\"width\":122,\"height\":122,\"caption\":\"durocdolives\"},\"image\":{\"@id\":\"https:\\\/\\\/www.durocdolives.com\\\/nl\\\/#\\\/schema\\\/logo\\\/image\\\/\"}}]}<\/script>\n<!-- \/ Yoast SEO plugin. -->","yoast_head_json":{"title":"Effiloch\u00e9 de porc - Duroc d&#039;Olives","robots":{"index":"index","follow":"follow","max-snippet":"max-snippet:-1","max-image-preview":"max-image-preview:large","max-video-preview":"max-video-preview:-1"},"canonical":"https:\/\/www.durocdolives.com\/fr-be\/produit\/effiloche-de-porc\/","og_locale":"fr_FR","og_type":"article","og_title":"Effiloch\u00e9 de porc - Duroc d&#039;Olives","og_description":"Cette savoureuse pr\u00e9paration \u201cstreet food\u201d est compos\u00e9e d'\u00e9paules de porc Duroc d'Olives mijot\u00e9es avec une sauce barbecue l\u00e9g\u00e8rement sucr\u00e9e. Gr\u00e2ce \u00e0 la cuisson lente, la d\u00e9licieuse viande se d\u00e9fait parfaitement. Une pr\u00e9paration authentique et accueillante.","og_url":"https:\/\/www.durocdolives.com\/fr-be\/produit\/effiloche-de-porc\/","og_site_name":"Duroc d&#039;Olives","article_modified_time":"2024-08-28T11:52:19+00:00","og_image":[{"width":1500,"height":1500,"url":"https:\/\/www.durocdolives.com\/wp-content\/uploads\/2023\/06\/pulled-pork-verpakt-donker-zwarte-achtergrond.jpg","type":"image\/jpeg"}],"twitter_card":"summary_large_image","twitter_misc":{"Dur\u00e9e de lecture est.":"1 minute"},"schema":{"@context":"https:\/\/schema.org","@graph":[{"@type":"WebPage","@id":"https:\/\/www.durocdolives.com\/fr-be\/produit\/effiloche-de-porc\/","url":"https:\/\/www.durocdolives.com\/fr-be\/produit\/effiloche-de-porc\/","name":"Effiloch\u00e9 de porc - Duroc d&#039;Olives","isPartOf":{"@id":"https:\/\/www.durocdolives.com\/nl\/#website"},"primaryImageOfPage":{"@id":"https:\/\/www.durocdolives.com\/fr-be\/produit\/effiloche-de-porc\/#primaryimage"},"image":{"@id":"https:\/\/www.durocdolives.com\/fr-be\/produit\/effiloche-de-porc\/#primaryimage"},"thumbnailUrl":"https:\/\/www.durocdolives.com\/wp-content\/uploads\/2023\/06\/pulled-pork-verpakt-donker-zwarte-achtergrond.jpg","datePublished":"2023-06-05T09:21:09+00:00","dateModified":"2024-08-28T11:52:19+00:00","breadcrumb":{"@id":"https:\/\/www.durocdolives.com\/fr-be\/produit\/effiloche-de-porc\/#breadcrumb"},"inLanguage":"fr-BE","potentialAction":[{"@type":"ReadAction","target":["https:\/\/www.durocdolives.com\/fr-be\/produit\/effiloche-de-porc\/"]}]},{"@type":"ImageObject","inLanguage":"fr-BE","@id":"https:\/\/www.durocdolives.com\/fr-be\/produit\/effiloche-de-porc\/#primaryimage","url":"https:\/\/www.durocdolives.com\/wp-content\/uploads\/2023\/06\/pulled-pork-verpakt-donker-zwarte-achtergrond.jpg","contentUrl":"https:\/\/www.durocdolives.com\/wp-content\/uploads\/2023\/06\/pulled-pork-verpakt-donker-zwarte-achtergrond.jpg","width":1500,"height":1500,"caption":"productfoto pulled pork"},{"@type":"BreadcrumbList","@id":"https:\/\/www.durocdolives.com\/fr-be\/produit\/effiloche-de-porc\/#breadcrumb","itemListElement":[{"@type":"ListItem","position":1,"name":"Home","item":"https:\/\/www.durocdolives.com\/nl\/"},{"@type":"ListItem","position":2,"name":"Boutique","item":"https:\/\/www.durocdolives.com\/fr-be\/boutique\/"},{"@type":"ListItem","position":3,"name":"Effiloch\u00e9 de porc"}]},{"@type":"WebSite","@id":"https:\/\/www.durocdolives.com\/nl\/#website","url":"https:\/\/www.durocdolives.com\/nl\/","name":"Duroc d&#039;Olives","description":"Heerlijk, kwalitatief varkensvlees","publisher":{"@id":"https:\/\/www.durocdolives.com\/nl\/#organization"},"potentialAction":[{"@type":"SearchAction","target":{"@type":"EntryPoint","urlTemplate":"https:\/\/www.durocdolives.com\/nl\/?s={search_term_string}"},"query-input":{"@type":"PropertyValueSpecification","valueRequired":true,"valueName":"search_term_string"}}],"inLanguage":"fr-BE"},{"@type":"Organization","@id":"https:\/\/www.durocdolives.com\/nl\/#organization","name":"durocdolives","url":"https:\/\/www.durocdolives.com\/nl\/","logo":{"@type":"ImageObject","inLanguage":"fr-BE","@id":"https:\/\/www.durocdolives.com\/nl\/#\/schema\/logo\/image\/","url":"https:\/\/www.durocdolives.com\/wp-content\/uploads\/2020\/10\/logo.svg","contentUrl":"https:\/\/www.durocdolives.com\/wp-content\/uploads\/2020\/10\/logo.svg","width":122,"height":122,"caption":"durocdolives"},"image":{"@id":"https:\/\/www.durocdolives.com\/nl\/#\/schema\/logo\/image\/"}}]}},"_links":{"self":[{"href":"https:\/\/www.durocdolives.com\/fr-be\/wp-json\/wp\/v2\/product\/18433","targetHints":{"allow":["GET"]}}],"collection":[{"href":"https:\/\/www.durocdolives.com\/fr-be\/wp-json\/wp\/v2\/product"}],"about":[{"href":"https:\/\/www.durocdolives.com\/fr-be\/wp-json\/wp\/v2\/types\/product"}],"wp:featuredmedia":[{"embeddable":true,"href":"https:\/\/www.durocdolives.com\/fr-be\/wp-json\/wp\/v2\/media\/18598"}],"wp:attachment":[{"href":"https:\/\/www.durocdolives.com\/fr-be\/wp-json\/wp\/v2\/media?parent=18433"}],"wp:term":[{"taxonomy":"product_brand","embeddable":true,"href":"https:\/\/www.durocdolives.com\/fr-be\/wp-json\/wp\/v2\/product_brand?post=18433"},{"taxonomy":"product_cat","embeddable":true,"href":"https:\/\/www.durocdolives.com\/fr-be\/wp-json\/wp\/v2\/product_cat?post=18433"},{"taxonomy":"product_tag","embeddable":true,"href":"https:\/\/www.durocdolives.com\/fr-be\/wp-json\/wp\/v2\/product_tag?post=18433"}],"curies":[{"name":"wp","href":"https:\/\/api.w.org\/{rel}","templated":true}]}}