{"id":18431,"date":"2023-05-12T08:24:43","date_gmt":"2023-05-12T08:24:43","guid":{"rendered":"https:\/\/www.durocdolives.com\/?post_type=product&#038;p=18431"},"modified":"2024-08-28T11:56:16","modified_gmt":"2024-08-28T11:56:16","slug":"noix-de-jambon-fumee","status":"publish","type":"product","link":"https:\/\/www.durocdolives.com\/fr-be\/produit\/noix-de-jambon-fumee\/","title":{"rendered":"Noix de jambon fum\u00e9e"},"content":{"rendered":"<p>Ce savoureux jambon Duroc d&rsquo;Olives est l\u00e9g\u00e8rement sal\u00e9, cuit, puis bri\u00e8vement fum\u00e9 aux copeaux de bois de h\u00eatre. C&rsquo;est ainsi qu&rsquo;il obtient son go\u00fbt typique. Id\u00e9al en charcuterie sur un sandwich ou dans une pr\u00e9paration chaude.<\/p>\n","protected":false},"excerpt":{"rendered":"<p>Ce savoureux jambon Duroc d&rsquo;Olives est l\u00e9g\u00e8rement sal\u00e9, cuit, puis bri\u00e8vement fum\u00e9 aux copeaux de bois de h\u00eatre. C&rsquo;est ainsi qu&rsquo;il obtient son go\u00fbt typique. Id\u00e9al en charcuterie sur un sandwich ou dans une pr\u00e9paration chaude.<\/p>\n","protected":false},"featured_media":18576,"template":"","meta":{"_acf_changed":false,"inline_featured_image":false},"product_brand":[],"product_cat":[275],"product_tag":[],"class_list":{"0":"post-18431","1":"product","2":"type-product","3":"status-publish","4":"has-post-thumbnail","6":"product_cat-charcuterie","8":"first","9":"outofstock","10":"taxable","11":"shipping-taxable","12":"purchasable","13":"product-type-simple"},"acf":[],"yoast_head":"<!-- This site is optimized with the Yoast SEO plugin v27.4 - https:\/\/yoast.com\/product\/yoast-seo-wordpress\/ -->\n<title>Noix de jambon fum\u00e9e - Duroc d&#039;Olives<\/title>\n<meta name=\"robots\" content=\"index, follow, max-snippet:-1, max-image-preview:large, max-video-preview:-1\" \/>\n<link rel=\"canonical\" href=\"https:\/\/www.durocdolives.com\/nl\/?post_type=product&p=18423\" \/>\n<meta property=\"og:locale\" content=\"fr_FR\" \/>\n<meta property=\"og:type\" content=\"article\" \/>\n<meta property=\"og:title\" content=\"Noix de jambon fum\u00e9e - Duroc d&#039;Olives\" \/>\n<meta property=\"og:description\" content=\"Ce savoureux jambon Duroc d&#039;Olives est l\u00e9g\u00e8rement sal\u00e9, cuit, puis bri\u00e8vement fum\u00e9 aux copeaux de bois de h\u00eatre. C&#039;est ainsi qu&#039;il obtient son go\u00fbt typique. Id\u00e9al en charcuterie sur un sandwich ou dans une pr\u00e9paration chaude.\" \/>\n<meta property=\"og:url\" content=\"https:\/\/www.durocdolives.com\/nl\/?post_type=product&amp;p=18423\" \/>\n<meta property=\"og:site_name\" content=\"Duroc d&#039;Olives\" \/>\n<meta property=\"article:modified_time\" content=\"2024-08-28T11:56:16+00:00\" \/>\n<meta property=\"og:image\" content=\"https:\/\/www.durocdolives.com\/wp-content\/uploads\/2023\/05\/nootham-donker-zwarte-achtergrond.jpg\" \/>\n\t<meta property=\"og:image:width\" content=\"1500\" \/>\n\t<meta property=\"og:image:height\" content=\"1500\" \/>\n\t<meta property=\"og:image:type\" content=\"image\/jpeg\" \/>\n<meta name=\"twitter:card\" content=\"summary_large_image\" \/>\n<meta name=\"twitter:label1\" content=\"Dur\u00e9e de lecture est.\" \/>\n\t<meta name=\"twitter:data1\" content=\"1 minute\" \/>\n<script type=\"application\/ld+json\" class=\"yoast-schema-graph\">{\"@context\":\"https:\\\/\\\/schema.org\",\"@graph\":[{\"@type\":\"WebPage\",\"@id\":\"https:\\\/\\\/www.durocdolives.com\\\/nl\\\/?post_type=product&p=18423\",\"url\":\"https:\\\/\\\/www.durocdolives.com\\\/nl\\\/?post_type=product&p=18423\",\"name\":\"Noix de jambon fum\u00e9e - Duroc d&#039;Olives\",\"isPartOf\":{\"@id\":\"https:\\\/\\\/www.durocdolives.com\\\/nl\\\/#website\"},\"primaryImageOfPage\":{\"@id\":\"https:\\\/\\\/www.durocdolives.com\\\/nl\\\/?post_type=product&p=18423#primaryimage\"},\"image\":{\"@id\":\"https:\\\/\\\/www.durocdolives.com\\\/nl\\\/?post_type=product&p=18423#primaryimage\"},\"thumbnailUrl\":\"https:\\\/\\\/www.durocdolives.com\\\/wp-content\\\/uploads\\\/2023\\\/05\\\/nootham-donker-zwarte-achtergrond.jpg\",\"datePublished\":\"2023-05-12T08:24:43+00:00\",\"dateModified\":\"2024-08-28T11:56:16+00:00\",\"breadcrumb\":{\"@id\":\"https:\\\/\\\/www.durocdolives.com\\\/nl\\\/?post_type=product&p=18423#breadcrumb\"},\"inLanguage\":\"fr-BE\",\"potentialAction\":[{\"@type\":\"ReadAction\",\"target\":[\"https:\\\/\\\/www.durocdolives.com\\\/nl\\\/?post_type=product&p=18423\"]}]},{\"@type\":\"ImageObject\",\"inLanguage\":\"fr-BE\",\"@id\":\"https:\\\/\\\/www.durocdolives.com\\\/nl\\\/?post_type=product&p=18423#primaryimage\",\"url\":\"https:\\\/\\\/www.durocdolives.com\\\/wp-content\\\/uploads\\\/2023\\\/05\\\/nootham-donker-zwarte-achtergrond.jpg\",\"contentUrl\":\"https:\\\/\\\/www.durocdolives.com\\\/wp-content\\\/uploads\\\/2023\\\/05\\\/nootham-donker-zwarte-achtergrond.jpg\",\"width\":1500,\"height\":1500,\"caption\":\"productfoto gerookt noothammetje\"},{\"@type\":\"BreadcrumbList\",\"@id\":\"https:\\\/\\\/www.durocdolives.com\\\/nl\\\/?post_type=product&p=18423#breadcrumb\",\"itemListElement\":[{\"@type\":\"ListItem\",\"position\":1,\"name\":\"Home\",\"item\":\"https:\\\/\\\/www.durocdolives.com\\\/nl\\\/\"},{\"@type\":\"ListItem\",\"position\":2,\"name\":\"Boutique\",\"item\":\"https:\\\/\\\/www.durocdolives.com\\\/fr-be\\\/boutique\\\/\"},{\"@type\":\"ListItem\",\"position\":3,\"name\":\"Noix de jambon fum\u00e9e\"}]},{\"@type\":\"WebSite\",\"@id\":\"https:\\\/\\\/www.durocdolives.com\\\/nl\\\/#website\",\"url\":\"https:\\\/\\\/www.durocdolives.com\\\/nl\\\/\",\"name\":\"Duroc d&#039;Olives\",\"description\":\"Heerlijk, kwalitatief varkensvlees\",\"publisher\":{\"@id\":\"https:\\\/\\\/www.durocdolives.com\\\/nl\\\/#organization\"},\"potentialAction\":[{\"@type\":\"SearchAction\",\"target\":{\"@type\":\"EntryPoint\",\"urlTemplate\":\"https:\\\/\\\/www.durocdolives.com\\\/nl\\\/?s={search_term_string}\"},\"query-input\":{\"@type\":\"PropertyValueSpecification\",\"valueRequired\":true,\"valueName\":\"search_term_string\"}}],\"inLanguage\":\"fr-BE\"},{\"@type\":\"Organization\",\"@id\":\"https:\\\/\\\/www.durocdolives.com\\\/nl\\\/#organization\",\"name\":\"durocdolives\",\"url\":\"https:\\\/\\\/www.durocdolives.com\\\/nl\\\/\",\"logo\":{\"@type\":\"ImageObject\",\"inLanguage\":\"fr-BE\",\"@id\":\"https:\\\/\\\/www.durocdolives.com\\\/nl\\\/#\\\/schema\\\/logo\\\/image\\\/\",\"url\":\"https:\\\/\\\/www.durocdolives.com\\\/wp-content\\\/uploads\\\/2020\\\/10\\\/logo.svg\",\"contentUrl\":\"https:\\\/\\\/www.durocdolives.com\\\/wp-content\\\/uploads\\\/2020\\\/10\\\/logo.svg\",\"width\":122,\"height\":122,\"caption\":\"durocdolives\"},\"image\":{\"@id\":\"https:\\\/\\\/www.durocdolives.com\\\/nl\\\/#\\\/schema\\\/logo\\\/image\\\/\"}}]}<\/script>\n<!-- \/ Yoast SEO plugin. -->","yoast_head_json":{"title":"Noix de jambon fum\u00e9e - Duroc d&#039;Olives","robots":{"index":"index","follow":"follow","max-snippet":"max-snippet:-1","max-image-preview":"max-image-preview:large","max-video-preview":"max-video-preview:-1"},"canonical":"https:\/\/www.durocdolives.com\/nl\/?post_type=product&p=18423","og_locale":"fr_FR","og_type":"article","og_title":"Noix de jambon fum\u00e9e - Duroc d&#039;Olives","og_description":"Ce savoureux jambon Duroc d'Olives est l\u00e9g\u00e8rement sal\u00e9, cuit, puis bri\u00e8vement fum\u00e9 aux copeaux de bois de h\u00eatre. C'est ainsi qu'il obtient son go\u00fbt typique. Id\u00e9al en charcuterie sur un sandwich ou dans une pr\u00e9paration chaude.","og_url":"https:\/\/www.durocdolives.com\/nl\/?post_type=product&p=18423","og_site_name":"Duroc d&#039;Olives","article_modified_time":"2024-08-28T11:56:16+00:00","og_image":[{"width":1500,"height":1500,"url":"https:\/\/www.durocdolives.com\/wp-content\/uploads\/2023\/05\/nootham-donker-zwarte-achtergrond.jpg","type":"image\/jpeg"}],"twitter_card":"summary_large_image","twitter_misc":{"Dur\u00e9e de lecture est.":"1 minute"},"schema":{"@context":"https:\/\/schema.org","@graph":[{"@type":"WebPage","@id":"https:\/\/www.durocdolives.com\/nl\/?post_type=product&p=18423","url":"https:\/\/www.durocdolives.com\/nl\/?post_type=product&p=18423","name":"Noix de jambon fum\u00e9e - Duroc d&#039;Olives","isPartOf":{"@id":"https:\/\/www.durocdolives.com\/nl\/#website"},"primaryImageOfPage":{"@id":"https:\/\/www.durocdolives.com\/nl\/?post_type=product&p=18423#primaryimage"},"image":{"@id":"https:\/\/www.durocdolives.com\/nl\/?post_type=product&p=18423#primaryimage"},"thumbnailUrl":"https:\/\/www.durocdolives.com\/wp-content\/uploads\/2023\/05\/nootham-donker-zwarte-achtergrond.jpg","datePublished":"2023-05-12T08:24:43+00:00","dateModified":"2024-08-28T11:56:16+00:00","breadcrumb":{"@id":"https:\/\/www.durocdolives.com\/nl\/?post_type=product&p=18423#breadcrumb"},"inLanguage":"fr-BE","potentialAction":[{"@type":"ReadAction","target":["https:\/\/www.durocdolives.com\/nl\/?post_type=product&p=18423"]}]},{"@type":"ImageObject","inLanguage":"fr-BE","@id":"https:\/\/www.durocdolives.com\/nl\/?post_type=product&p=18423#primaryimage","url":"https:\/\/www.durocdolives.com\/wp-content\/uploads\/2023\/05\/nootham-donker-zwarte-achtergrond.jpg","contentUrl":"https:\/\/www.durocdolives.com\/wp-content\/uploads\/2023\/05\/nootham-donker-zwarte-achtergrond.jpg","width":1500,"height":1500,"caption":"productfoto gerookt noothammetje"},{"@type":"BreadcrumbList","@id":"https:\/\/www.durocdolives.com\/nl\/?post_type=product&p=18423#breadcrumb","itemListElement":[{"@type":"ListItem","position":1,"name":"Home","item":"https:\/\/www.durocdolives.com\/nl\/"},{"@type":"ListItem","position":2,"name":"Boutique","item":"https:\/\/www.durocdolives.com\/fr-be\/boutique\/"},{"@type":"ListItem","position":3,"name":"Noix de jambon fum\u00e9e"}]},{"@type":"WebSite","@id":"https:\/\/www.durocdolives.com\/nl\/#website","url":"https:\/\/www.durocdolives.com\/nl\/","name":"Duroc d&#039;Olives","description":"Heerlijk, kwalitatief varkensvlees","publisher":{"@id":"https:\/\/www.durocdolives.com\/nl\/#organization"},"potentialAction":[{"@type":"SearchAction","target":{"@type":"EntryPoint","urlTemplate":"https:\/\/www.durocdolives.com\/nl\/?s={search_term_string}"},"query-input":{"@type":"PropertyValueSpecification","valueRequired":true,"valueName":"search_term_string"}}],"inLanguage":"fr-BE"},{"@type":"Organization","@id":"https:\/\/www.durocdolives.com\/nl\/#organization","name":"durocdolives","url":"https:\/\/www.durocdolives.com\/nl\/","logo":{"@type":"ImageObject","inLanguage":"fr-BE","@id":"https:\/\/www.durocdolives.com\/nl\/#\/schema\/logo\/image\/","url":"https:\/\/www.durocdolives.com\/wp-content\/uploads\/2020\/10\/logo.svg","contentUrl":"https:\/\/www.durocdolives.com\/wp-content\/uploads\/2020\/10\/logo.svg","width":122,"height":122,"caption":"durocdolives"},"image":{"@id":"https:\/\/www.durocdolives.com\/nl\/#\/schema\/logo\/image\/"}}]}},"_links":{"self":[{"href":"https:\/\/www.durocdolives.com\/fr-be\/wp-json\/wp\/v2\/product\/18431","targetHints":{"allow":["GET"]}}],"collection":[{"href":"https:\/\/www.durocdolives.com\/fr-be\/wp-json\/wp\/v2\/product"}],"about":[{"href":"https:\/\/www.durocdolives.com\/fr-be\/wp-json\/wp\/v2\/types\/product"}],"wp:featuredmedia":[{"embeddable":true,"href":"https:\/\/www.durocdolives.com\/fr-be\/wp-json\/wp\/v2\/media\/18576"}],"wp:attachment":[{"href":"https:\/\/www.durocdolives.com\/fr-be\/wp-json\/wp\/v2\/media?parent=18431"}],"wp:term":[{"taxonomy":"product_brand","embeddable":true,"href":"https:\/\/www.durocdolives.com\/fr-be\/wp-json\/wp\/v2\/product_brand?post=18431"},{"taxonomy":"product_cat","embeddable":true,"href":"https:\/\/www.durocdolives.com\/fr-be\/wp-json\/wp\/v2\/product_cat?post=18431"},{"taxonomy":"product_tag","embeddable":true,"href":"https:\/\/www.durocdolives.com\/fr-be\/wp-json\/wp\/v2\/product_tag?post=18431"}],"curies":[{"name":"wp","href":"https:\/\/api.w.org\/{rel}","templated":true}]}}