{"id":16894,"date":"2022-09-23T09:27:27","date_gmt":"2022-09-23T09:27:27","guid":{"rendered":"https:\/\/www.durocdolives.com\/product\/support-de-%e2%80%afluxe%e2%80%af-pour-le-prosciutto-crudo\/"},"modified":"2024-08-28T11:58:13","modified_gmt":"2024-08-28T11:58:13","slug":"support-de-%e2%80%afluxe%e2%80%af-pour-le-prosciutto-crudo","status":"publish","type":"product","link":"https:\/\/www.durocdolives.com\/fr-be\/produit\/support-de-%e2%80%afluxe%e2%80%af-pour-le-prosciutto-crudo\/","title":{"rendered":"Support de \u00ab\u202fLuxe\u202f\u00bb pour le prosciutto crudo"},"content":{"rendered":"<p><span data-contrast=\"auto\">Ce support \u00e0 jambon de \u00abLuxe\u00bb est en acier inoxydable d&rsquo;Arcos. <\/span><span data-contrast=\"auto\">Il est un compl\u00e9ment parfait <\/span><span data-contrast=\"auto\">\u00e0 notre<\/span><span data-contrast=\"auto\"> Duroc d&rsquo;Olives proscuitto crudo (compris). <\/span><span data-contrast=\"auto\">Pour tirer le meilleur parti de votre jambon, avez-vous besoin d&rsquo;un bon support ?\u00a0<\/span> <span data-contrast=\"auto\">Avec ce support vous pourrez couper facilement et en toute s\u00e9curit\u00e9 votre jambon.\u00a0<\/span><span data-contrast=\"auto\">Ce porte-jambon est con\u00e7u pour couper les morceaux de viande difficilement accessibles tout en tenant votre jambon fermement et en toute s\u00e9curit\u00e9<\/span><span data-ccp-props=\"{&quot;201341983&quot;:0,&quot;335559739&quot;:160,&quot;335559740&quot;:259}\">\u00a0<\/span><\/p>\n","protected":false},"excerpt":{"rendered":"<p><span data-contrast=\"auto\">Ce support \u00e0 jambon de \u00abLuxe\u00bb est en acier inoxydable d&rsquo;Arcos. <\/span><span data-contrast=\"auto\">Il est un compl\u00e9ment parfait <\/span><span data-contrast=\"auto\">\u00e0 notre<\/span><span data-contrast=\"auto\"> Duroc d&rsquo;Olives proscuitto crudo (compris). <\/span><span data-contrast=\"auto\">Pour tirer le meilleur parti de votre jambon, avez-vous besoin d&rsquo;un bon support ?\u00a0<\/span> <span data-contrast=\"auto\">Avec ce support vous pourrez couper facilement et en toute s\u00e9curit\u00e9 votre jambon.\u00a0<\/span><span data-contrast=\"auto\">Ce porte-jambon est con\u00e7u pour couper les morceaux de viande difficilement accessibles tout en tenant votre jambon fermement et en toute s\u00e9curit\u00e9<\/span><span data-ccp-props=\"{&quot;201341983&quot;:0,&quot;335559739&quot;:160,&quot;335559740&quot;:259}\">\u00a0<\/span><\/p>\n","protected":false},"featured_media":16414,"template":"","meta":{"_acf_changed":false,"inline_featured_image":false},"product_brand":[],"product_cat":[275,274],"product_tag":[],"class_list":{"0":"post-16894","1":"product","2":"type-product","3":"status-publish","4":"has-post-thumbnail","6":"product_cat-charcuterie","7":"product_cat-gadgets","9":"first","10":"instock","11":"taxable","12":"shipping-taxable","13":"purchasable","14":"product-type-simple"},"acf":[],"yoast_head":"<!-- This site is optimized with the Yoast SEO plugin v27.4 - https:\/\/yoast.com\/product\/yoast-seo-wordpress\/ -->\n<title>Support de \u00ab\u202fLuxe\u202f\u00bb pour le prosciutto crudo - Duroc d&#039;Olives<\/title>\n<meta name=\"robots\" content=\"index, follow, max-snippet:-1, max-image-preview:large, max-video-preview:-1\" \/>\n<link rel=\"canonical\" href=\"https:\/\/www.durocdolives.com\/fr-be\/produit\/support-de-\u202fluxe\u202f-pour-le-prosciutto-crudo\/\" \/>\n<meta property=\"og:locale\" content=\"fr_FR\" \/>\n<meta property=\"og:type\" content=\"article\" \/>\n<meta property=\"og:title\" content=\"Support de \u00ab\u202fLuxe\u202f\u00bb pour le prosciutto crudo - Duroc d&#039;Olives\" \/>\n<meta property=\"og:description\" content=\"Ce support \u00e0 jambon de \u00abLuxe\u00bb est en acier inoxydable d&#039;Arcos. Il est un compl\u00e9ment parfait \u00e0 notre Duroc d&#039;Olives proscuitto crudo (compris). Pour tirer le meilleur parti de votre jambon, avez-vous besoin d&#039;un bon support ?\u00a0 Avec ce support vous pourrez couper facilement et en toute s\u00e9curit\u00e9 votre jambon.\u00a0Ce porte-jambon est con\u00e7u pour couper les morceaux de viande difficilement accessibles tout en tenant votre jambon fermement et en toute s\u00e9curit\u00e9\u00a0\" \/>\n<meta property=\"og:url\" content=\"https:\/\/www.durocdolives.com\/fr-be\/produit\/support-de-\u202fluxe\u202f-pour-le-prosciutto-crudo\/\" \/>\n<meta property=\"og:site_name\" content=\"Duroc d&#039;Olives\" \/>\n<meta property=\"article:modified_time\" content=\"2024-08-28T11:58:13+00:00\" \/>\n<meta property=\"og:image\" content=\"https:\/\/www.durocdolives.com\/wp-content\/uploads\/2022\/09\/Beenhamhouder.jpg\" \/>\n\t<meta property=\"og:image:width\" content=\"1500\" \/>\n\t<meta property=\"og:image:height\" content=\"1500\" \/>\n\t<meta property=\"og:image:type\" content=\"image\/jpeg\" \/>\n<meta name=\"twitter:card\" content=\"summary_large_image\" \/>\n<meta name=\"twitter:label1\" content=\"Dur\u00e9e de lecture est.\" \/>\n\t<meta name=\"twitter:data1\" content=\"1 minute\" \/>\n<script type=\"application\/ld+json\" class=\"yoast-schema-graph\">{\"@context\":\"https:\\\/\\\/schema.org\",\"@graph\":[{\"@type\":\"WebPage\",\"@id\":\"https:\\\/\\\/www.durocdolives.com\\\/fr-be\\\/produit\\\/support-de-%e2%80%afluxe%e2%80%af-pour-le-prosciutto-crudo\\\/\",\"url\":\"https:\\\/\\\/www.durocdolives.com\\\/fr-be\\\/produit\\\/support-de-%e2%80%afluxe%e2%80%af-pour-le-prosciutto-crudo\\\/\",\"name\":\"Support de \u00ab\u202fLuxe\u202f\u00bb pour le prosciutto crudo - Duroc d&#039;Olives\",\"isPartOf\":{\"@id\":\"https:\\\/\\\/www.durocdolives.com\\\/nl\\\/#website\"},\"primaryImageOfPage\":{\"@id\":\"https:\\\/\\\/www.durocdolives.com\\\/fr-be\\\/produit\\\/support-de-%e2%80%afluxe%e2%80%af-pour-le-prosciutto-crudo\\\/#primaryimage\"},\"image\":{\"@id\":\"https:\\\/\\\/www.durocdolives.com\\\/fr-be\\\/produit\\\/support-de-%e2%80%afluxe%e2%80%af-pour-le-prosciutto-crudo\\\/#primaryimage\"},\"thumbnailUrl\":\"https:\\\/\\\/www.durocdolives.com\\\/wp-content\\\/uploads\\\/2022\\\/09\\\/Beenhamhouder.jpg\",\"datePublished\":\"2022-09-23T09:27:27+00:00\",\"dateModified\":\"2024-08-28T11:58:13+00:00\",\"breadcrumb\":{\"@id\":\"https:\\\/\\\/www.durocdolives.com\\\/fr-be\\\/produit\\\/support-de-%e2%80%afluxe%e2%80%af-pour-le-prosciutto-crudo\\\/#breadcrumb\"},\"inLanguage\":\"fr-BE\",\"potentialAction\":[{\"@type\":\"ReadAction\",\"target\":[\"https:\\\/\\\/www.durocdolives.com\\\/fr-be\\\/produit\\\/support-de-%e2%80%afluxe%e2%80%af-pour-le-prosciutto-crudo\\\/\"]}]},{\"@type\":\"ImageObject\",\"inLanguage\":\"fr-BE\",\"@id\":\"https:\\\/\\\/www.durocdolives.com\\\/fr-be\\\/produit\\\/support-de-%e2%80%afluxe%e2%80%af-pour-le-prosciutto-crudo\\\/#primaryimage\",\"url\":\"https:\\\/\\\/www.durocdolives.com\\\/wp-content\\\/uploads\\\/2022\\\/09\\\/Beenhamhouder.jpg\",\"contentUrl\":\"https:\\\/\\\/www.durocdolives.com\\\/wp-content\\\/uploads\\\/2022\\\/09\\\/Beenhamhouder.jpg\",\"width\":1500,\"height\":1500},{\"@type\":\"BreadcrumbList\",\"@id\":\"https:\\\/\\\/www.durocdolives.com\\\/fr-be\\\/produit\\\/support-de-%e2%80%afluxe%e2%80%af-pour-le-prosciutto-crudo\\\/#breadcrumb\",\"itemListElement\":[{\"@type\":\"ListItem\",\"position\":1,\"name\":\"Home\",\"item\":\"https:\\\/\\\/www.durocdolives.com\\\/nl\\\/\"},{\"@type\":\"ListItem\",\"position\":2,\"name\":\"Boutique\",\"item\":\"https:\\\/\\\/www.durocdolives.com\\\/fr-be\\\/boutique\\\/\"},{\"@type\":\"ListItem\",\"position\":3,\"name\":\"Support de \u00ab\u202fLuxe\u202f\u00bb pour le prosciutto crudo\"}]},{\"@type\":\"WebSite\",\"@id\":\"https:\\\/\\\/www.durocdolives.com\\\/nl\\\/#website\",\"url\":\"https:\\\/\\\/www.durocdolives.com\\\/nl\\\/\",\"name\":\"Duroc d&#039;Olives\",\"description\":\"Heerlijk, kwalitatief varkensvlees\",\"publisher\":{\"@id\":\"https:\\\/\\\/www.durocdolives.com\\\/nl\\\/#organization\"},\"potentialAction\":[{\"@type\":\"SearchAction\",\"target\":{\"@type\":\"EntryPoint\",\"urlTemplate\":\"https:\\\/\\\/www.durocdolives.com\\\/nl\\\/?s={search_term_string}\"},\"query-input\":{\"@type\":\"PropertyValueSpecification\",\"valueRequired\":true,\"valueName\":\"search_term_string\"}}],\"inLanguage\":\"fr-BE\"},{\"@type\":\"Organization\",\"@id\":\"https:\\\/\\\/www.durocdolives.com\\\/nl\\\/#organization\",\"name\":\"durocdolives\",\"url\":\"https:\\\/\\\/www.durocdolives.com\\\/nl\\\/\",\"logo\":{\"@type\":\"ImageObject\",\"inLanguage\":\"fr-BE\",\"@id\":\"https:\\\/\\\/www.durocdolives.com\\\/nl\\\/#\\\/schema\\\/logo\\\/image\\\/\",\"url\":\"https:\\\/\\\/www.durocdolives.com\\\/wp-content\\\/uploads\\\/2020\\\/10\\\/logo.svg\",\"contentUrl\":\"https:\\\/\\\/www.durocdolives.com\\\/wp-content\\\/uploads\\\/2020\\\/10\\\/logo.svg\",\"width\":122,\"height\":122,\"caption\":\"durocdolives\"},\"image\":{\"@id\":\"https:\\\/\\\/www.durocdolives.com\\\/nl\\\/#\\\/schema\\\/logo\\\/image\\\/\"}}]}<\/script>\n<!-- \/ Yoast SEO plugin. -->","yoast_head_json":{"title":"Support de \u00ab\u202fLuxe\u202f\u00bb pour le prosciutto crudo - Duroc d&#039;Olives","robots":{"index":"index","follow":"follow","max-snippet":"max-snippet:-1","max-image-preview":"max-image-preview:large","max-video-preview":"max-video-preview:-1"},"canonical":"https:\/\/www.durocdolives.com\/fr-be\/produit\/support-de-\u202fluxe\u202f-pour-le-prosciutto-crudo\/","og_locale":"fr_FR","og_type":"article","og_title":"Support de \u00ab\u202fLuxe\u202f\u00bb pour le prosciutto crudo - Duroc d&#039;Olives","og_description":"Ce support \u00e0 jambon de \u00abLuxe\u00bb est en acier inoxydable d'Arcos. Il est un compl\u00e9ment parfait \u00e0 notre Duroc d'Olives proscuitto crudo (compris). Pour tirer le meilleur parti de votre jambon, avez-vous besoin d'un bon support ?\u00a0 Avec ce support vous pourrez couper facilement et en toute s\u00e9curit\u00e9 votre jambon.\u00a0Ce porte-jambon est con\u00e7u pour couper les morceaux de viande difficilement accessibles tout en tenant votre jambon fermement et en toute s\u00e9curit\u00e9\u00a0","og_url":"https:\/\/www.durocdolives.com\/fr-be\/produit\/support-de-\u202fluxe\u202f-pour-le-prosciutto-crudo\/","og_site_name":"Duroc d&#039;Olives","article_modified_time":"2024-08-28T11:58:13+00:00","og_image":[{"width":1500,"height":1500,"url":"https:\/\/www.durocdolives.com\/wp-content\/uploads\/2022\/09\/Beenhamhouder.jpg","type":"image\/jpeg"}],"twitter_card":"summary_large_image","twitter_misc":{"Dur\u00e9e de lecture est.":"1 minute"},"schema":{"@context":"https:\/\/schema.org","@graph":[{"@type":"WebPage","@id":"https:\/\/www.durocdolives.com\/fr-be\/produit\/support-de-%e2%80%afluxe%e2%80%af-pour-le-prosciutto-crudo\/","url":"https:\/\/www.durocdolives.com\/fr-be\/produit\/support-de-%e2%80%afluxe%e2%80%af-pour-le-prosciutto-crudo\/","name":"Support de \u00ab\u202fLuxe\u202f\u00bb pour le prosciutto crudo - Duroc d&#039;Olives","isPartOf":{"@id":"https:\/\/www.durocdolives.com\/nl\/#website"},"primaryImageOfPage":{"@id":"https:\/\/www.durocdolives.com\/fr-be\/produit\/support-de-%e2%80%afluxe%e2%80%af-pour-le-prosciutto-crudo\/#primaryimage"},"image":{"@id":"https:\/\/www.durocdolives.com\/fr-be\/produit\/support-de-%e2%80%afluxe%e2%80%af-pour-le-prosciutto-crudo\/#primaryimage"},"thumbnailUrl":"https:\/\/www.durocdolives.com\/wp-content\/uploads\/2022\/09\/Beenhamhouder.jpg","datePublished":"2022-09-23T09:27:27+00:00","dateModified":"2024-08-28T11:58:13+00:00","breadcrumb":{"@id":"https:\/\/www.durocdolives.com\/fr-be\/produit\/support-de-%e2%80%afluxe%e2%80%af-pour-le-prosciutto-crudo\/#breadcrumb"},"inLanguage":"fr-BE","potentialAction":[{"@type":"ReadAction","target":["https:\/\/www.durocdolives.com\/fr-be\/produit\/support-de-%e2%80%afluxe%e2%80%af-pour-le-prosciutto-crudo\/"]}]},{"@type":"ImageObject","inLanguage":"fr-BE","@id":"https:\/\/www.durocdolives.com\/fr-be\/produit\/support-de-%e2%80%afluxe%e2%80%af-pour-le-prosciutto-crudo\/#primaryimage","url":"https:\/\/www.durocdolives.com\/wp-content\/uploads\/2022\/09\/Beenhamhouder.jpg","contentUrl":"https:\/\/www.durocdolives.com\/wp-content\/uploads\/2022\/09\/Beenhamhouder.jpg","width":1500,"height":1500},{"@type":"BreadcrumbList","@id":"https:\/\/www.durocdolives.com\/fr-be\/produit\/support-de-%e2%80%afluxe%e2%80%af-pour-le-prosciutto-crudo\/#breadcrumb","itemListElement":[{"@type":"ListItem","position":1,"name":"Home","item":"https:\/\/www.durocdolives.com\/nl\/"},{"@type":"ListItem","position":2,"name":"Boutique","item":"https:\/\/www.durocdolives.com\/fr-be\/boutique\/"},{"@type":"ListItem","position":3,"name":"Support de \u00ab\u202fLuxe\u202f\u00bb pour le prosciutto crudo"}]},{"@type":"WebSite","@id":"https:\/\/www.durocdolives.com\/nl\/#website","url":"https:\/\/www.durocdolives.com\/nl\/","name":"Duroc d&#039;Olives","description":"Heerlijk, kwalitatief varkensvlees","publisher":{"@id":"https:\/\/www.durocdolives.com\/nl\/#organization"},"potentialAction":[{"@type":"SearchAction","target":{"@type":"EntryPoint","urlTemplate":"https:\/\/www.durocdolives.com\/nl\/?s={search_term_string}"},"query-input":{"@type":"PropertyValueSpecification","valueRequired":true,"valueName":"search_term_string"}}],"inLanguage":"fr-BE"},{"@type":"Organization","@id":"https:\/\/www.durocdolives.com\/nl\/#organization","name":"durocdolives","url":"https:\/\/www.durocdolives.com\/nl\/","logo":{"@type":"ImageObject","inLanguage":"fr-BE","@id":"https:\/\/www.durocdolives.com\/nl\/#\/schema\/logo\/image\/","url":"https:\/\/www.durocdolives.com\/wp-content\/uploads\/2020\/10\/logo.svg","contentUrl":"https:\/\/www.durocdolives.com\/wp-content\/uploads\/2020\/10\/logo.svg","width":122,"height":122,"caption":"durocdolives"},"image":{"@id":"https:\/\/www.durocdolives.com\/nl\/#\/schema\/logo\/image\/"}}]}},"_links":{"self":[{"href":"https:\/\/www.durocdolives.com\/fr-be\/wp-json\/wp\/v2\/product\/16894","targetHints":{"allow":["GET"]}}],"collection":[{"href":"https:\/\/www.durocdolives.com\/fr-be\/wp-json\/wp\/v2\/product"}],"about":[{"href":"https:\/\/www.durocdolives.com\/fr-be\/wp-json\/wp\/v2\/types\/product"}],"wp:featuredmedia":[{"embeddable":true,"href":"https:\/\/www.durocdolives.com\/fr-be\/wp-json\/wp\/v2\/media\/16414"}],"wp:attachment":[{"href":"https:\/\/www.durocdolives.com\/fr-be\/wp-json\/wp\/v2\/media?parent=16894"}],"wp:term":[{"taxonomy":"product_brand","embeddable":true,"href":"https:\/\/www.durocdolives.com\/fr-be\/wp-json\/wp\/v2\/product_brand?post=16894"},{"taxonomy":"product_cat","embeddable":true,"href":"https:\/\/www.durocdolives.com\/fr-be\/wp-json\/wp\/v2\/product_cat?post=16894"},{"taxonomy":"product_tag","embeddable":true,"href":"https:\/\/www.durocdolives.com\/fr-be\/wp-json\/wp\/v2\/product_tag?post=16894"}],"curies":[{"name":"wp","href":"https:\/\/api.w.org\/{rel}","templated":true}]}}