{"id":15092,"date":"2021-10-26T09:30:09","date_gmt":"2021-10-26T09:30:09","guid":{"rendered":"https:\/\/www.durocdolives.com\/product\/boston-butt\/"},"modified":"2023-08-09T16:18:45","modified_gmt":"2023-08-09T16:18:45","slug":"boston-butt","status":"publish","type":"product","link":"https:\/\/www.durocdolives.com\/fr-be\/produit\/boston-butt\/","title":{"rendered":"Boston butt"},"content":{"rendered":"<p><span class=\"TextRun SCXW209786322 BCX0\" lang=\"FR-BE\" xml:lang=\"FR-BE\" data-contrast=\"none\"><span class=\"NormalTextRun SCXW209786322 BCX0\">Cette partie savoureuse de l&rsquo;\u00e9paule de porc &#8211; et non le jambon &#8211; est tr\u00e8s appr\u00e9ci\u00e9e des amateurs de barbecue et de grillades.<\/span><\/span><span class=\"EOP SCXW209786322 BCX0\" data-ccp-props=\"{}\">\u00a0<\/span><\/p>\n","protected":false},"excerpt":{"rendered":"<p><span class=\"TextRun SCXW33606296 BCX0\" lang=\"FR-BE\" xml:lang=\"FR-BE\" data-contrast=\"none\"><span class=\"NormalTextRun SCXW33606296 BCX0\">Le nom de cette pi\u00e8ce de viande \u00e9voque immanquablement le dos du porc. Le bas du dos\u2026\u00a0 Pourtant, il s&rsquo;agit bien de la partie sup\u00e9rieure de l&rsquo;\u00e9paule, tr\u00e8s appr\u00e9ci\u00e9e des amateurs de barbecue et autres grillades. Les Italiens ne s\u2019y trompent pas\u202f: ils ont baptis\u00e9 \u00ab\u202fcoppa\u202f\u00bb le savoureux morceau qui en provient. Mais d\u2019o\u00f9 vient ce nom, alors\u202f?\u00a0 De Boston o\u00f9 l\u2019on avait l&rsquo;habitude de saumurer et de conserver cette viande dans un tonneau en bois qu&rsquo;on appelait \u00ab\u00a0<\/span><span class=\"SpellingError SCXW33606296 BCX0\">butt<\/span><span class=\"NormalTextRun SCXW33606296 BCX0\">\u00ab\u00a0. D&rsquo;o\u00f9 le Boston Butt, tout simplement !<\/span><\/span><span class=\"EOP SCXW33606296 BCX0\" data-ccp-props=\"{}\">\u00a0<\/span><\/p>\n","protected":false},"featured_media":13760,"template":"","meta":{"_acf_changed":false,"inline_featured_image":false},"product_brand":[],"product_cat":[273],"product_tag":[],"class_list":{"0":"post-15092","1":"product","2":"type-product","3":"status-publish","4":"has-post-thumbnail","6":"product_cat-viande","8":"first","9":"instock","10":"taxable","11":"shipping-taxable","12":"purchasable","13":"product-type-simple"},"acf":[],"yoast_head":"<!-- This site is optimized with the Yoast SEO plugin v27.4 - https:\/\/yoast.com\/product\/yoast-seo-wordpress\/ -->\n<title>Boston butt - Duroc d&#039;Olives<\/title>\n<meta name=\"description\" content=\"Cette partie savoureuse de l&#039;\u00e9paule de porc - et non le jambon - est tr\u00e8s appr\u00e9ci\u00e9e des amateurs de barbecue et de grillades.\" \/>\n<meta name=\"robots\" content=\"index, follow, max-snippet:-1, max-image-preview:large, max-video-preview:-1\" \/>\n<link rel=\"canonical\" href=\"https:\/\/www.durocdolives.com\/product\/boston-butt\/\" \/>\n<meta property=\"og:locale\" content=\"fr_FR\" \/>\n<meta property=\"og:type\" content=\"article\" \/>\n<meta property=\"og:title\" content=\"Boston butt - Duroc d&#039;Olives\" \/>\n<meta property=\"og:description\" content=\"Cette partie savoureuse de l&#039;\u00e9paule de porc - et non le jambon - est tr\u00e8s appr\u00e9ci\u00e9e des amateurs de barbecue et de grillades.\" \/>\n<meta property=\"og:url\" content=\"https:\/\/www.durocdolives.com\/product\/boston-butt\/\" \/>\n<meta property=\"og:site_name\" content=\"Duroc d&#039;Olives\" \/>\n<meta property=\"article:modified_time\" content=\"2023-08-09T16:18:45+00:00\" \/>\n<meta property=\"og:image\" content=\"https:\/\/www.durocdolives.com\/wp-content\/uploads\/2021\/10\/Boston-butt.jpg\" \/>\n\t<meta property=\"og:image:width\" content=\"1200\" \/>\n\t<meta property=\"og:image:height\" content=\"1200\" \/>\n\t<meta property=\"og:image:type\" content=\"image\/jpeg\" \/>\n<meta name=\"twitter:card\" content=\"summary_large_image\" \/>\n<script type=\"application\/ld+json\" class=\"yoast-schema-graph\">{\"@context\":\"https:\\\/\\\/schema.org\",\"@graph\":[{\"@type\":\"WebPage\",\"@id\":\"https:\\\/\\\/www.durocdolives.com\\\/product\\\/boston-butt\\\/\",\"url\":\"https:\\\/\\\/www.durocdolives.com\\\/product\\\/boston-butt\\\/\",\"name\":\"Boston butt - Duroc d&#039;Olives\",\"isPartOf\":{\"@id\":\"https:\\\/\\\/www.durocdolives.com\\\/nl\\\/#website\"},\"primaryImageOfPage\":{\"@id\":\"https:\\\/\\\/www.durocdolives.com\\\/product\\\/boston-butt\\\/#primaryimage\"},\"image\":{\"@id\":\"https:\\\/\\\/www.durocdolives.com\\\/product\\\/boston-butt\\\/#primaryimage\"},\"thumbnailUrl\":\"https:\\\/\\\/www.durocdolives.com\\\/wp-content\\\/uploads\\\/2021\\\/10\\\/Boston-butt.jpg\",\"datePublished\":\"2021-10-26T09:30:09+00:00\",\"dateModified\":\"2023-08-09T16:18:45+00:00\",\"description\":\"Cette partie savoureuse de l'\u00e9paule de porc - et non le jambon - est tr\u00e8s appr\u00e9ci\u00e9e des amateurs de barbecue et de grillades.\",\"breadcrumb\":{\"@id\":\"https:\\\/\\\/www.durocdolives.com\\\/product\\\/boston-butt\\\/#breadcrumb\"},\"inLanguage\":\"fr-BE\",\"potentialAction\":[{\"@type\":\"ReadAction\",\"target\":[\"https:\\\/\\\/www.durocdolives.com\\\/product\\\/boston-butt\\\/\"]}]},{\"@type\":\"ImageObject\",\"inLanguage\":\"fr-BE\",\"@id\":\"https:\\\/\\\/www.durocdolives.com\\\/product\\\/boston-butt\\\/#primaryimage\",\"url\":\"https:\\\/\\\/www.durocdolives.com\\\/wp-content\\\/uploads\\\/2021\\\/10\\\/Boston-butt.jpg\",\"contentUrl\":\"https:\\\/\\\/www.durocdolives.com\\\/wp-content\\\/uploads\\\/2021\\\/10\\\/Boston-butt.jpg\",\"width\":1200,\"height\":1200,\"caption\":\"Duroc d'Olives Boston butt\"},{\"@type\":\"BreadcrumbList\",\"@id\":\"https:\\\/\\\/www.durocdolives.com\\\/product\\\/boston-butt\\\/#breadcrumb\",\"itemListElement\":[{\"@type\":\"ListItem\",\"position\":1,\"name\":\"Home\",\"item\":\"https:\\\/\\\/www.durocdolives.com\\\/nl\\\/\"},{\"@type\":\"ListItem\",\"position\":2,\"name\":\"Boutique\",\"item\":\"https:\\\/\\\/www.durocdolives.com\\\/fr-be\\\/boutique\\\/\"},{\"@type\":\"ListItem\",\"position\":3,\"name\":\"Boston butt\"}]},{\"@type\":\"WebSite\",\"@id\":\"https:\\\/\\\/www.durocdolives.com\\\/nl\\\/#website\",\"url\":\"https:\\\/\\\/www.durocdolives.com\\\/nl\\\/\",\"name\":\"Duroc d&#039;Olives\",\"description\":\"Heerlijk, kwalitatief varkensvlees\",\"publisher\":{\"@id\":\"https:\\\/\\\/www.durocdolives.com\\\/nl\\\/#organization\"},\"potentialAction\":[{\"@type\":\"SearchAction\",\"target\":{\"@type\":\"EntryPoint\",\"urlTemplate\":\"https:\\\/\\\/www.durocdolives.com\\\/nl\\\/?s={search_term_string}\"},\"query-input\":{\"@type\":\"PropertyValueSpecification\",\"valueRequired\":true,\"valueName\":\"search_term_string\"}}],\"inLanguage\":\"fr-BE\"},{\"@type\":\"Organization\",\"@id\":\"https:\\\/\\\/www.durocdolives.com\\\/nl\\\/#organization\",\"name\":\"durocdolives\",\"url\":\"https:\\\/\\\/www.durocdolives.com\\\/nl\\\/\",\"logo\":{\"@type\":\"ImageObject\",\"inLanguage\":\"fr-BE\",\"@id\":\"https:\\\/\\\/www.durocdolives.com\\\/nl\\\/#\\\/schema\\\/logo\\\/image\\\/\",\"url\":\"https:\\\/\\\/www.durocdolives.com\\\/wp-content\\\/uploads\\\/2020\\\/10\\\/logo.svg\",\"contentUrl\":\"https:\\\/\\\/www.durocdolives.com\\\/wp-content\\\/uploads\\\/2020\\\/10\\\/logo.svg\",\"width\":122,\"height\":122,\"caption\":\"durocdolives\"},\"image\":{\"@id\":\"https:\\\/\\\/www.durocdolives.com\\\/nl\\\/#\\\/schema\\\/logo\\\/image\\\/\"}}]}<\/script>\n<!-- \/ Yoast SEO plugin. -->","yoast_head_json":{"title":"Boston butt - Duroc d&#039;Olives","description":"Cette partie savoureuse de l'\u00e9paule de porc - et non le jambon - est tr\u00e8s appr\u00e9ci\u00e9e des amateurs de barbecue et de grillades.","robots":{"index":"index","follow":"follow","max-snippet":"max-snippet:-1","max-image-preview":"max-image-preview:large","max-video-preview":"max-video-preview:-1"},"canonical":"https:\/\/www.durocdolives.com\/product\/boston-butt\/","og_locale":"fr_FR","og_type":"article","og_title":"Boston butt - Duroc d&#039;Olives","og_description":"Cette partie savoureuse de l'\u00e9paule de porc - et non le jambon - est tr\u00e8s appr\u00e9ci\u00e9e des amateurs de barbecue et de grillades.","og_url":"https:\/\/www.durocdolives.com\/product\/boston-butt\/","og_site_name":"Duroc d&#039;Olives","article_modified_time":"2023-08-09T16:18:45+00:00","og_image":[{"width":1200,"height":1200,"url":"https:\/\/www.durocdolives.com\/wp-content\/uploads\/2021\/10\/Boston-butt.jpg","type":"image\/jpeg"}],"twitter_card":"summary_large_image","schema":{"@context":"https:\/\/schema.org","@graph":[{"@type":"WebPage","@id":"https:\/\/www.durocdolives.com\/product\/boston-butt\/","url":"https:\/\/www.durocdolives.com\/product\/boston-butt\/","name":"Boston butt - Duroc d&#039;Olives","isPartOf":{"@id":"https:\/\/www.durocdolives.com\/nl\/#website"},"primaryImageOfPage":{"@id":"https:\/\/www.durocdolives.com\/product\/boston-butt\/#primaryimage"},"image":{"@id":"https:\/\/www.durocdolives.com\/product\/boston-butt\/#primaryimage"},"thumbnailUrl":"https:\/\/www.durocdolives.com\/wp-content\/uploads\/2021\/10\/Boston-butt.jpg","datePublished":"2021-10-26T09:30:09+00:00","dateModified":"2023-08-09T16:18:45+00:00","description":"Cette partie savoureuse de l'\u00e9paule de porc - et non le jambon - est tr\u00e8s appr\u00e9ci\u00e9e des amateurs de barbecue et de grillades.","breadcrumb":{"@id":"https:\/\/www.durocdolives.com\/product\/boston-butt\/#breadcrumb"},"inLanguage":"fr-BE","potentialAction":[{"@type":"ReadAction","target":["https:\/\/www.durocdolives.com\/product\/boston-butt\/"]}]},{"@type":"ImageObject","inLanguage":"fr-BE","@id":"https:\/\/www.durocdolives.com\/product\/boston-butt\/#primaryimage","url":"https:\/\/www.durocdolives.com\/wp-content\/uploads\/2021\/10\/Boston-butt.jpg","contentUrl":"https:\/\/www.durocdolives.com\/wp-content\/uploads\/2021\/10\/Boston-butt.jpg","width":1200,"height":1200,"caption":"Duroc d'Olives Boston butt"},{"@type":"BreadcrumbList","@id":"https:\/\/www.durocdolives.com\/product\/boston-butt\/#breadcrumb","itemListElement":[{"@type":"ListItem","position":1,"name":"Home","item":"https:\/\/www.durocdolives.com\/nl\/"},{"@type":"ListItem","position":2,"name":"Boutique","item":"https:\/\/www.durocdolives.com\/fr-be\/boutique\/"},{"@type":"ListItem","position":3,"name":"Boston butt"}]},{"@type":"WebSite","@id":"https:\/\/www.durocdolives.com\/nl\/#website","url":"https:\/\/www.durocdolives.com\/nl\/","name":"Duroc d&#039;Olives","description":"Heerlijk, kwalitatief varkensvlees","publisher":{"@id":"https:\/\/www.durocdolives.com\/nl\/#organization"},"potentialAction":[{"@type":"SearchAction","target":{"@type":"EntryPoint","urlTemplate":"https:\/\/www.durocdolives.com\/nl\/?s={search_term_string}"},"query-input":{"@type":"PropertyValueSpecification","valueRequired":true,"valueName":"search_term_string"}}],"inLanguage":"fr-BE"},{"@type":"Organization","@id":"https:\/\/www.durocdolives.com\/nl\/#organization","name":"durocdolives","url":"https:\/\/www.durocdolives.com\/nl\/","logo":{"@type":"ImageObject","inLanguage":"fr-BE","@id":"https:\/\/www.durocdolives.com\/nl\/#\/schema\/logo\/image\/","url":"https:\/\/www.durocdolives.com\/wp-content\/uploads\/2020\/10\/logo.svg","contentUrl":"https:\/\/www.durocdolives.com\/wp-content\/uploads\/2020\/10\/logo.svg","width":122,"height":122,"caption":"durocdolives"},"image":{"@id":"https:\/\/www.durocdolives.com\/nl\/#\/schema\/logo\/image\/"}}]}},"_links":{"self":[{"href":"https:\/\/www.durocdolives.com\/fr-be\/wp-json\/wp\/v2\/product\/15092","targetHints":{"allow":["GET"]}}],"collection":[{"href":"https:\/\/www.durocdolives.com\/fr-be\/wp-json\/wp\/v2\/product"}],"about":[{"href":"https:\/\/www.durocdolives.com\/fr-be\/wp-json\/wp\/v2\/types\/product"}],"wp:featuredmedia":[{"embeddable":true,"href":"https:\/\/www.durocdolives.com\/fr-be\/wp-json\/wp\/v2\/media\/13760"}],"wp:attachment":[{"href":"https:\/\/www.durocdolives.com\/fr-be\/wp-json\/wp\/v2\/media?parent=15092"}],"wp:term":[{"taxonomy":"product_brand","embeddable":true,"href":"https:\/\/www.durocdolives.com\/fr-be\/wp-json\/wp\/v2\/product_brand?post=15092"},{"taxonomy":"product_cat","embeddable":true,"href":"https:\/\/www.durocdolives.com\/fr-be\/wp-json\/wp\/v2\/product_cat?post=15092"},{"taxonomy":"product_tag","embeddable":true,"href":"https:\/\/www.durocdolives.com\/fr-be\/wp-json\/wp\/v2\/product_tag?post=15092"}],"curies":[{"name":"wp","href":"https:\/\/api.w.org\/{rel}","templated":true}]}}