{"id":13660,"date":"2021-10-05T08:03:27","date_gmt":"2021-10-05T08:03:27","guid":{"rendered":"https:\/\/www.durocdolives.com\/product\/duroc-sticks\/"},"modified":"2023-08-09T15:47:39","modified_gmt":"2023-08-09T15:47:39","slug":"duroc-sticks","status":"publish","type":"product","link":"https:\/\/www.durocdolives.com\/fr-be\/produit\/duroc-sticks\/","title":{"rendered":"Duroc Sticks"},"content":{"rendered":"","protected":false},"excerpt":{"rendered":"<p>La finesse est ce qui caract\u00e9rise cette longue et belle saucisse s\u00e8che. La finesse de sa silhouette est un \u00e9cho \u00e0 la finesse de son go\u00fbt. Classique des ap\u00e9ritifs r\u00e9ussis, elle est \u00e9galement irr\u00e9sistible comme snack ou pour accompagner une bonne bi\u00e8re fra\u00eeche. Cet en-cas gourmand tire sa saveur des qualit\u00e9s uniques du porc Duroc d&rsquo;Olives. En effet, le porc Duroc d&rsquo;Olives comporte davantage de graisse intramusculaire, ce qui lui donne un go\u00fbt exceptionnel. Nous hachons la viande et la m\u00e9langeons avant de la saler et de la relever avec un m\u00e9lange d\u2019\u00e9pices sophistiqu\u00e9. Les saucisses sont ensuite suspendues pour s\u00e9cher pendant environ une semaine. Alors seulement, elles sont pr\u00eates \u00e0 \u00eatre d\u00e9gust\u00e9es. Un pur d\u00e9lice de tradition et toujours populaire !<\/p>\n","protected":false},"featured_media":13656,"template":"","meta":{"_acf_changed":false,"inline_featured_image":false},"product_brand":[],"product_cat":[275],"product_tag":[353],"class_list":{"0":"post-13660","1":"product","2":"type-product","3":"status-publish","4":"has-post-thumbnail","6":"product_cat-charcuterie","7":"product_tag-tapas-fr-be","9":"first","10":"instock","11":"taxable","12":"shipping-taxable","13":"purchasable","14":"product-type-simple"},"acf":[],"yoast_head":"<!-- This site is optimized with the Yoast SEO plugin v27.4 - https:\/\/yoast.com\/product\/yoast-seo-wordpress\/ -->\n<title>Duroc Sticks - Duroc d&#039;Olives<\/title>\n<meta name=\"robots\" content=\"index, follow, max-snippet:-1, max-image-preview:large, max-video-preview:-1\" \/>\n<link rel=\"canonical\" href=\"https:\/\/www.durocdolives.com\/product\/duroc-sticks\/\" \/>\n<meta property=\"og:locale\" content=\"fr_FR\" \/>\n<meta property=\"og:type\" content=\"article\" \/>\n<meta property=\"og:title\" content=\"Duroc Sticks - Duroc d&#039;Olives\" \/>\n<meta property=\"og:description\" content=\"La finesse est ce qui caract\u00e9rise cette longue et belle saucisse s\u00e8che. La finesse de sa silhouette est un \u00e9cho \u00e0 la finesse de son go\u00fbt. Classique des ap\u00e9ritifs r\u00e9ussis, elle est \u00e9galement irr\u00e9sistible comme snack ou pour accompagner une bonne bi\u00e8re fra\u00eeche. Cet en-cas gourmand tire sa saveur des qualit\u00e9s uniques du porc Duroc d&#039;Olives. En effet, le porc Duroc d&#039;Olives comporte davantage de graisse intramusculaire, ce qui lui donne un go\u00fbt exceptionnel. Nous hachons la viande et la m\u00e9langeons avant de la saler et de la relever avec un m\u00e9lange d\u2019\u00e9pices sophistiqu\u00e9. Les saucisses sont ensuite suspendues pour s\u00e9cher pendant environ une semaine. Alors seulement, elles sont pr\u00eates \u00e0 \u00eatre d\u00e9gust\u00e9es. Un pur d\u00e9lice de tradition et toujours populaire !\" \/>\n<meta property=\"og:url\" content=\"https:\/\/www.durocdolives.com\/product\/duroc-sticks\/\" \/>\n<meta property=\"og:site_name\" content=\"Duroc d&#039;Olives\" \/>\n<meta property=\"article:modified_time\" content=\"2023-08-09T15:47:39+00:00\" \/>\n<meta property=\"og:image\" content=\"https:\/\/www.durocdolives.com\/wp-content\/uploads\/2021\/10\/Duroc-sticks_RGB_LR.jpg\" \/>\n\t<meta property=\"og:image:width\" content=\"1200\" \/>\n\t<meta property=\"og:image:height\" content=\"1200\" \/>\n\t<meta property=\"og:image:type\" content=\"image\/jpeg\" \/>\n<meta name=\"twitter:card\" content=\"summary_large_image\" \/>\n<script type=\"application\/ld+json\" class=\"yoast-schema-graph\">{\"@context\":\"https:\\\/\\\/schema.org\",\"@graph\":[{\"@type\":\"WebPage\",\"@id\":\"https:\\\/\\\/www.durocdolives.com\\\/product\\\/duroc-sticks\\\/\",\"url\":\"https:\\\/\\\/www.durocdolives.com\\\/product\\\/duroc-sticks\\\/\",\"name\":\"Duroc Sticks - Duroc d&#039;Olives\",\"isPartOf\":{\"@id\":\"https:\\\/\\\/www.durocdolives.com\\\/nl\\\/#website\"},\"primaryImageOfPage\":{\"@id\":\"https:\\\/\\\/www.durocdolives.com\\\/product\\\/duroc-sticks\\\/#primaryimage\"},\"image\":{\"@id\":\"https:\\\/\\\/www.durocdolives.com\\\/product\\\/duroc-sticks\\\/#primaryimage\"},\"thumbnailUrl\":\"https:\\\/\\\/www.durocdolives.com\\\/wp-content\\\/uploads\\\/2021\\\/10\\\/Duroc-sticks_RGB_LR.jpg\",\"datePublished\":\"2021-10-05T08:03:27+00:00\",\"dateModified\":\"2023-08-09T15:47:39+00:00\",\"breadcrumb\":{\"@id\":\"https:\\\/\\\/www.durocdolives.com\\\/product\\\/duroc-sticks\\\/#breadcrumb\"},\"inLanguage\":\"fr-BE\",\"potentialAction\":[{\"@type\":\"ReadAction\",\"target\":[\"https:\\\/\\\/www.durocdolives.com\\\/product\\\/duroc-sticks\\\/\"]}]},{\"@type\":\"ImageObject\",\"inLanguage\":\"fr-BE\",\"@id\":\"https:\\\/\\\/www.durocdolives.com\\\/product\\\/duroc-sticks\\\/#primaryimage\",\"url\":\"https:\\\/\\\/www.durocdolives.com\\\/wp-content\\\/uploads\\\/2021\\\/10\\\/Duroc-sticks_RGB_LR.jpg\",\"contentUrl\":\"https:\\\/\\\/www.durocdolives.com\\\/wp-content\\\/uploads\\\/2021\\\/10\\\/Duroc-sticks_RGB_LR.jpg\",\"width\":1200,\"height\":1200},{\"@type\":\"BreadcrumbList\",\"@id\":\"https:\\\/\\\/www.durocdolives.com\\\/product\\\/duroc-sticks\\\/#breadcrumb\",\"itemListElement\":[{\"@type\":\"ListItem\",\"position\":1,\"name\":\"Home\",\"item\":\"https:\\\/\\\/www.durocdolives.com\\\/nl\\\/\"},{\"@type\":\"ListItem\",\"position\":2,\"name\":\"Boutique\",\"item\":\"https:\\\/\\\/www.durocdolives.com\\\/fr-be\\\/boutique\\\/\"},{\"@type\":\"ListItem\",\"position\":3,\"name\":\"Duroc Sticks\"}]},{\"@type\":\"WebSite\",\"@id\":\"https:\\\/\\\/www.durocdolives.com\\\/nl\\\/#website\",\"url\":\"https:\\\/\\\/www.durocdolives.com\\\/nl\\\/\",\"name\":\"Duroc d&#039;Olives\",\"description\":\"Heerlijk, kwalitatief varkensvlees\",\"publisher\":{\"@id\":\"https:\\\/\\\/www.durocdolives.com\\\/nl\\\/#organization\"},\"potentialAction\":[{\"@type\":\"SearchAction\",\"target\":{\"@type\":\"EntryPoint\",\"urlTemplate\":\"https:\\\/\\\/www.durocdolives.com\\\/nl\\\/?s={search_term_string}\"},\"query-input\":{\"@type\":\"PropertyValueSpecification\",\"valueRequired\":true,\"valueName\":\"search_term_string\"}}],\"inLanguage\":\"fr-BE\"},{\"@type\":\"Organization\",\"@id\":\"https:\\\/\\\/www.durocdolives.com\\\/nl\\\/#organization\",\"name\":\"durocdolives\",\"url\":\"https:\\\/\\\/www.durocdolives.com\\\/nl\\\/\",\"logo\":{\"@type\":\"ImageObject\",\"inLanguage\":\"fr-BE\",\"@id\":\"https:\\\/\\\/www.durocdolives.com\\\/nl\\\/#\\\/schema\\\/logo\\\/image\\\/\",\"url\":\"https:\\\/\\\/www.durocdolives.com\\\/wp-content\\\/uploads\\\/2020\\\/10\\\/logo.svg\",\"contentUrl\":\"https:\\\/\\\/www.durocdolives.com\\\/wp-content\\\/uploads\\\/2020\\\/10\\\/logo.svg\",\"width\":122,\"height\":122,\"caption\":\"durocdolives\"},\"image\":{\"@id\":\"https:\\\/\\\/www.durocdolives.com\\\/nl\\\/#\\\/schema\\\/logo\\\/image\\\/\"}}]}<\/script>\n<!-- \/ Yoast SEO plugin. -->","yoast_head_json":{"title":"Duroc Sticks - Duroc d&#039;Olives","robots":{"index":"index","follow":"follow","max-snippet":"max-snippet:-1","max-image-preview":"max-image-preview:large","max-video-preview":"max-video-preview:-1"},"canonical":"https:\/\/www.durocdolives.com\/product\/duroc-sticks\/","og_locale":"fr_FR","og_type":"article","og_title":"Duroc Sticks - Duroc d&#039;Olives","og_description":"La finesse est ce qui caract\u00e9rise cette longue et belle saucisse s\u00e8che. La finesse de sa silhouette est un \u00e9cho \u00e0 la finesse de son go\u00fbt. Classique des ap\u00e9ritifs r\u00e9ussis, elle est \u00e9galement irr\u00e9sistible comme snack ou pour accompagner une bonne bi\u00e8re fra\u00eeche. Cet en-cas gourmand tire sa saveur des qualit\u00e9s uniques du porc Duroc d'Olives. En effet, le porc Duroc d'Olives comporte davantage de graisse intramusculaire, ce qui lui donne un go\u00fbt exceptionnel. Nous hachons la viande et la m\u00e9langeons avant de la saler et de la relever avec un m\u00e9lange d\u2019\u00e9pices sophistiqu\u00e9. Les saucisses sont ensuite suspendues pour s\u00e9cher pendant environ une semaine. Alors seulement, elles sont pr\u00eates \u00e0 \u00eatre d\u00e9gust\u00e9es. Un pur d\u00e9lice de tradition et toujours populaire !","og_url":"https:\/\/www.durocdolives.com\/product\/duroc-sticks\/","og_site_name":"Duroc d&#039;Olives","article_modified_time":"2023-08-09T15:47:39+00:00","og_image":[{"width":1200,"height":1200,"url":"https:\/\/www.durocdolives.com\/wp-content\/uploads\/2021\/10\/Duroc-sticks_RGB_LR.jpg","type":"image\/jpeg"}],"twitter_card":"summary_large_image","schema":{"@context":"https:\/\/schema.org","@graph":[{"@type":"WebPage","@id":"https:\/\/www.durocdolives.com\/product\/duroc-sticks\/","url":"https:\/\/www.durocdolives.com\/product\/duroc-sticks\/","name":"Duroc Sticks - Duroc d&#039;Olives","isPartOf":{"@id":"https:\/\/www.durocdolives.com\/nl\/#website"},"primaryImageOfPage":{"@id":"https:\/\/www.durocdolives.com\/product\/duroc-sticks\/#primaryimage"},"image":{"@id":"https:\/\/www.durocdolives.com\/product\/duroc-sticks\/#primaryimage"},"thumbnailUrl":"https:\/\/www.durocdolives.com\/wp-content\/uploads\/2021\/10\/Duroc-sticks_RGB_LR.jpg","datePublished":"2021-10-05T08:03:27+00:00","dateModified":"2023-08-09T15:47:39+00:00","breadcrumb":{"@id":"https:\/\/www.durocdolives.com\/product\/duroc-sticks\/#breadcrumb"},"inLanguage":"fr-BE","potentialAction":[{"@type":"ReadAction","target":["https:\/\/www.durocdolives.com\/product\/duroc-sticks\/"]}]},{"@type":"ImageObject","inLanguage":"fr-BE","@id":"https:\/\/www.durocdolives.com\/product\/duroc-sticks\/#primaryimage","url":"https:\/\/www.durocdolives.com\/wp-content\/uploads\/2021\/10\/Duroc-sticks_RGB_LR.jpg","contentUrl":"https:\/\/www.durocdolives.com\/wp-content\/uploads\/2021\/10\/Duroc-sticks_RGB_LR.jpg","width":1200,"height":1200},{"@type":"BreadcrumbList","@id":"https:\/\/www.durocdolives.com\/product\/duroc-sticks\/#breadcrumb","itemListElement":[{"@type":"ListItem","position":1,"name":"Home","item":"https:\/\/www.durocdolives.com\/nl\/"},{"@type":"ListItem","position":2,"name":"Boutique","item":"https:\/\/www.durocdolives.com\/fr-be\/boutique\/"},{"@type":"ListItem","position":3,"name":"Duroc Sticks"}]},{"@type":"WebSite","@id":"https:\/\/www.durocdolives.com\/nl\/#website","url":"https:\/\/www.durocdolives.com\/nl\/","name":"Duroc d&#039;Olives","description":"Heerlijk, kwalitatief varkensvlees","publisher":{"@id":"https:\/\/www.durocdolives.com\/nl\/#organization"},"potentialAction":[{"@type":"SearchAction","target":{"@type":"EntryPoint","urlTemplate":"https:\/\/www.durocdolives.com\/nl\/?s={search_term_string}"},"query-input":{"@type":"PropertyValueSpecification","valueRequired":true,"valueName":"search_term_string"}}],"inLanguage":"fr-BE"},{"@type":"Organization","@id":"https:\/\/www.durocdolives.com\/nl\/#organization","name":"durocdolives","url":"https:\/\/www.durocdolives.com\/nl\/","logo":{"@type":"ImageObject","inLanguage":"fr-BE","@id":"https:\/\/www.durocdolives.com\/nl\/#\/schema\/logo\/image\/","url":"https:\/\/www.durocdolives.com\/wp-content\/uploads\/2020\/10\/logo.svg","contentUrl":"https:\/\/www.durocdolives.com\/wp-content\/uploads\/2020\/10\/logo.svg","width":122,"height":122,"caption":"durocdolives"},"image":{"@id":"https:\/\/www.durocdolives.com\/nl\/#\/schema\/logo\/image\/"}}]}},"_links":{"self":[{"href":"https:\/\/www.durocdolives.com\/fr-be\/wp-json\/wp\/v2\/product\/13660","targetHints":{"allow":["GET"]}}],"collection":[{"href":"https:\/\/www.durocdolives.com\/fr-be\/wp-json\/wp\/v2\/product"}],"about":[{"href":"https:\/\/www.durocdolives.com\/fr-be\/wp-json\/wp\/v2\/types\/product"}],"wp:featuredmedia":[{"embeddable":true,"href":"https:\/\/www.durocdolives.com\/fr-be\/wp-json\/wp\/v2\/media\/13656"}],"wp:attachment":[{"href":"https:\/\/www.durocdolives.com\/fr-be\/wp-json\/wp\/v2\/media?parent=13660"}],"wp:term":[{"taxonomy":"product_brand","embeddable":true,"href":"https:\/\/www.durocdolives.com\/fr-be\/wp-json\/wp\/v2\/product_brand?post=13660"},{"taxonomy":"product_cat","embeddable":true,"href":"https:\/\/www.durocdolives.com\/fr-be\/wp-json\/wp\/v2\/product_cat?post=13660"},{"taxonomy":"product_tag","embeddable":true,"href":"https:\/\/www.durocdolives.com\/fr-be\/wp-json\/wp\/v2\/product_tag?post=13660"}],"curies":[{"name":"wp","href":"https:\/\/api.w.org\/{rel}","templated":true}]}}