{"id":12348,"date":"2021-05-06T14:43:31","date_gmt":"2021-05-06T14:43:31","guid":{"rendered":"https:\/\/www.durocdolives.com\/product\/coffret-special-fete-des-peres\/"},"modified":"2025-11-07T16:12:23","modified_gmt":"2025-11-07T16:12:23","slug":"tapasbox-deluxe","status":"publish","type":"product","link":"https:\/\/www.durocdolives.com\/fr-be\/produit\/tapasbox-deluxe\/","title":{"rendered":"Tapasbox Deluxe"},"content":{"rendered":"","protected":false},"excerpt":{"rendered":"<p><span style=\"font-weight: 400;\">Vous cherchez une id\u00e9e originale pour l\u2019ap\u00e9ritif id\u00e9al ou une d\u00e9licieuse collation\u00a0? Ouvrez la Tapasbox Deluxe de Duroc d&rsquo;Olives et\u2026 bon app\u00e9tit\u00a0!\u00a0<\/span><\/p>\n<p>Le \u00ab Tapasbox Deluxe \u00bb de Duroc d&rsquo;Olives contient :<\/p>\n<ul>\n<li>1 pot de saindoux &#8211; 120 g<\/li>\n<li>1 pot de rillettes &#8211; 180 g<\/li>\n<li>1 pot de p\u00e2t\u00e9 &#8211; 180 g<\/li>\n<li>1 pot de t\u00eate press\u00e9e &#8211; 180 g<\/li>\n<li>\u00bc de prosciutto<\/li>\n<li>1 Salame Montagna Artigianale +\/-450 g<\/li>\n<li>1 bidon d&rsquo;huile d&rsquo;olive<\/li>\n<li>1 ap\u00e9ro dip nature 100 g<\/li>\n<\/ul>\n","protected":false},"featured_media":12250,"template":"","meta":{"_acf_changed":false,"inline_featured_image":false},"product_brand":[],"product_cat":[356],"product_tag":[353],"class_list":{"0":"post-12348","1":"product","2":"type-product","3":"status-publish","4":"has-post-thumbnail","6":"product_cat-coffrets","7":"product_tag-tapas-fr-be","9":"first","10":"instock","11":"taxable","12":"shipping-taxable","13":"purchasable","14":"product-type-simple"},"acf":[],"yoast_head":"<!-- This site is optimized with the Yoast SEO plugin v27.4 - https:\/\/yoast.com\/product\/yoast-seo-wordpress\/ -->\n<title>Tapasbox Deluxe - Duroc d&#039;Olives<\/title>\n<meta name=\"robots\" content=\"index, follow, max-snippet:-1, max-image-preview:large, max-video-preview:-1\" \/>\n<link rel=\"canonical\" href=\"https:\/\/www.durocdolives.com\/fr-be\/produit\/tapasbox-deluxe\/\" \/>\n<meta property=\"og:locale\" content=\"fr_FR\" \/>\n<meta property=\"og:type\" content=\"article\" \/>\n<meta property=\"og:title\" content=\"Tapasbox Deluxe - Duroc d&#039;Olives\" \/>\n<meta property=\"og:description\" content=\"Vous cherchez une id\u00e9e originale pour l\u2019ap\u00e9ritif id\u00e9al ou une d\u00e9licieuse collation\u00a0? Ouvrez la Tapasbox Deluxe de Duroc d&#039;Olives et\u2026 bon app\u00e9tit\u00a0!\u00a0  Le \u00ab Tapasbox Deluxe \u00bb de Duroc d&#039;Olives contient :   1 pot de saindoux - 120 g  1 pot de rillettes - 180 g  1 pot de p\u00e2t\u00e9 - 180 g  1 pot de t\u00eate press\u00e9e - 180 g  \u00bc de prosciutto  1 Salame Montagna Artigianale +\/-450 g  1 bidon d&#039;huile d&#039;olive  1 ap\u00e9ro dip nature 100 g\" \/>\n<meta property=\"og:url\" content=\"https:\/\/www.durocdolives.com\/fr-be\/produit\/tapasbox-deluxe\/\" \/>\n<meta property=\"og:site_name\" content=\"Duroc d&#039;Olives\" \/>\n<meta property=\"article:modified_time\" content=\"2025-11-07T16:12:23+00:00\" \/>\n<meta property=\"og:image\" content=\"https:\/\/www.durocdolives.com\/wp-content\/uploads\/2021\/05\/Duroc-dOlives-vaderdagbox.jpg\" \/>\n\t<meta property=\"og:image:width\" content=\"1000\" \/>\n\t<meta property=\"og:image:height\" content=\"1000\" \/>\n\t<meta property=\"og:image:type\" content=\"image\/jpeg\" \/>\n<meta name=\"twitter:card\" content=\"summary_large_image\" \/>\n<meta name=\"twitter:label1\" content=\"Dur\u00e9e de lecture est.\" \/>\n\t<meta name=\"twitter:data1\" content=\"1 minute\" \/>\n<script type=\"application\/ld+json\" class=\"yoast-schema-graph\">{\"@context\":\"https:\\\/\\\/schema.org\",\"@graph\":[{\"@type\":\"WebPage\",\"@id\":\"https:\\\/\\\/www.durocdolives.com\\\/fr-be\\\/produit\\\/tapasbox-deluxe\\\/\",\"url\":\"https:\\\/\\\/www.durocdolives.com\\\/fr-be\\\/produit\\\/tapasbox-deluxe\\\/\",\"name\":\"Tapasbox Deluxe - Duroc d&#039;Olives\",\"isPartOf\":{\"@id\":\"https:\\\/\\\/www.durocdolives.com\\\/nl\\\/#website\"},\"primaryImageOfPage\":{\"@id\":\"https:\\\/\\\/www.durocdolives.com\\\/fr-be\\\/produit\\\/tapasbox-deluxe\\\/#primaryimage\"},\"image\":{\"@id\":\"https:\\\/\\\/www.durocdolives.com\\\/fr-be\\\/produit\\\/tapasbox-deluxe\\\/#primaryimage\"},\"thumbnailUrl\":\"https:\\\/\\\/www.durocdolives.com\\\/wp-content\\\/uploads\\\/2021\\\/05\\\/Duroc-dOlives-vaderdagbox.jpg\",\"datePublished\":\"2021-05-06T14:43:31+00:00\",\"dateModified\":\"2025-11-07T16:12:23+00:00\",\"breadcrumb\":{\"@id\":\"https:\\\/\\\/www.durocdolives.com\\\/fr-be\\\/produit\\\/tapasbox-deluxe\\\/#breadcrumb\"},\"inLanguage\":\"fr-BE\",\"potentialAction\":[{\"@type\":\"ReadAction\",\"target\":[\"https:\\\/\\\/www.durocdolives.com\\\/fr-be\\\/produit\\\/tapasbox-deluxe\\\/\"]}]},{\"@type\":\"ImageObject\",\"inLanguage\":\"fr-BE\",\"@id\":\"https:\\\/\\\/www.durocdolives.com\\\/fr-be\\\/produit\\\/tapasbox-deluxe\\\/#primaryimage\",\"url\":\"https:\\\/\\\/www.durocdolives.com\\\/wp-content\\\/uploads\\\/2021\\\/05\\\/Duroc-dOlives-vaderdagbox.jpg\",\"contentUrl\":\"https:\\\/\\\/www.durocdolives.com\\\/wp-content\\\/uploads\\\/2021\\\/05\\\/Duroc-dOlives-vaderdagbox.jpg\",\"width\":1000,\"height\":1000,\"caption\":\"Duroc d'Olives tapasbox\"},{\"@type\":\"BreadcrumbList\",\"@id\":\"https:\\\/\\\/www.durocdolives.com\\\/fr-be\\\/produit\\\/tapasbox-deluxe\\\/#breadcrumb\",\"itemListElement\":[{\"@type\":\"ListItem\",\"position\":1,\"name\":\"Home\",\"item\":\"https:\\\/\\\/www.durocdolives.com\\\/nl\\\/\"},{\"@type\":\"ListItem\",\"position\":2,\"name\":\"Boutique\",\"item\":\"https:\\\/\\\/www.durocdolives.com\\\/fr-be\\\/boutique\\\/\"},{\"@type\":\"ListItem\",\"position\":3,\"name\":\"Tapasbox Deluxe\"}]},{\"@type\":\"WebSite\",\"@id\":\"https:\\\/\\\/www.durocdolives.com\\\/nl\\\/#website\",\"url\":\"https:\\\/\\\/www.durocdolives.com\\\/nl\\\/\",\"name\":\"Duroc d&#039;Olives\",\"description\":\"Heerlijk, kwalitatief varkensvlees\",\"publisher\":{\"@id\":\"https:\\\/\\\/www.durocdolives.com\\\/nl\\\/#organization\"},\"potentialAction\":[{\"@type\":\"SearchAction\",\"target\":{\"@type\":\"EntryPoint\",\"urlTemplate\":\"https:\\\/\\\/www.durocdolives.com\\\/nl\\\/?s={search_term_string}\"},\"query-input\":{\"@type\":\"PropertyValueSpecification\",\"valueRequired\":true,\"valueName\":\"search_term_string\"}}],\"inLanguage\":\"fr-BE\"},{\"@type\":\"Organization\",\"@id\":\"https:\\\/\\\/www.durocdolives.com\\\/nl\\\/#organization\",\"name\":\"durocdolives\",\"url\":\"https:\\\/\\\/www.durocdolives.com\\\/nl\\\/\",\"logo\":{\"@type\":\"ImageObject\",\"inLanguage\":\"fr-BE\",\"@id\":\"https:\\\/\\\/www.durocdolives.com\\\/nl\\\/#\\\/schema\\\/logo\\\/image\\\/\",\"url\":\"https:\\\/\\\/www.durocdolives.com\\\/wp-content\\\/uploads\\\/2020\\\/10\\\/logo.svg\",\"contentUrl\":\"https:\\\/\\\/www.durocdolives.com\\\/wp-content\\\/uploads\\\/2020\\\/10\\\/logo.svg\",\"width\":122,\"height\":122,\"caption\":\"durocdolives\"},\"image\":{\"@id\":\"https:\\\/\\\/www.durocdolives.com\\\/nl\\\/#\\\/schema\\\/logo\\\/image\\\/\"}}]}<\/script>\n<!-- \/ Yoast SEO plugin. -->","yoast_head_json":{"title":"Tapasbox Deluxe - Duroc d&#039;Olives","robots":{"index":"index","follow":"follow","max-snippet":"max-snippet:-1","max-image-preview":"max-image-preview:large","max-video-preview":"max-video-preview:-1"},"canonical":"https:\/\/www.durocdolives.com\/fr-be\/produit\/tapasbox-deluxe\/","og_locale":"fr_FR","og_type":"article","og_title":"Tapasbox Deluxe - Duroc d&#039;Olives","og_description":"Vous cherchez une id\u00e9e originale pour l\u2019ap\u00e9ritif id\u00e9al ou une d\u00e9licieuse collation\u00a0? Ouvrez la Tapasbox Deluxe de Duroc d'Olives et\u2026 bon app\u00e9tit\u00a0!\u00a0  Le \u00ab Tapasbox Deluxe \u00bb de Duroc d'Olives contient :   1 pot de saindoux - 120 g  1 pot de rillettes - 180 g  1 pot de p\u00e2t\u00e9 - 180 g  1 pot de t\u00eate press\u00e9e - 180 g  \u00bc de prosciutto  1 Salame Montagna Artigianale +\/-450 g  1 bidon d'huile d'olive  1 ap\u00e9ro dip nature 100 g","og_url":"https:\/\/www.durocdolives.com\/fr-be\/produit\/tapasbox-deluxe\/","og_site_name":"Duroc d&#039;Olives","article_modified_time":"2025-11-07T16:12:23+00:00","og_image":[{"width":1000,"height":1000,"url":"https:\/\/www.durocdolives.com\/wp-content\/uploads\/2021\/05\/Duroc-dOlives-vaderdagbox.jpg","type":"image\/jpeg"}],"twitter_card":"summary_large_image","twitter_misc":{"Dur\u00e9e de lecture est.":"1 minute"},"schema":{"@context":"https:\/\/schema.org","@graph":[{"@type":"WebPage","@id":"https:\/\/www.durocdolives.com\/fr-be\/produit\/tapasbox-deluxe\/","url":"https:\/\/www.durocdolives.com\/fr-be\/produit\/tapasbox-deluxe\/","name":"Tapasbox Deluxe - Duroc d&#039;Olives","isPartOf":{"@id":"https:\/\/www.durocdolives.com\/nl\/#website"},"primaryImageOfPage":{"@id":"https:\/\/www.durocdolives.com\/fr-be\/produit\/tapasbox-deluxe\/#primaryimage"},"image":{"@id":"https:\/\/www.durocdolives.com\/fr-be\/produit\/tapasbox-deluxe\/#primaryimage"},"thumbnailUrl":"https:\/\/www.durocdolives.com\/wp-content\/uploads\/2021\/05\/Duroc-dOlives-vaderdagbox.jpg","datePublished":"2021-05-06T14:43:31+00:00","dateModified":"2025-11-07T16:12:23+00:00","breadcrumb":{"@id":"https:\/\/www.durocdolives.com\/fr-be\/produit\/tapasbox-deluxe\/#breadcrumb"},"inLanguage":"fr-BE","potentialAction":[{"@type":"ReadAction","target":["https:\/\/www.durocdolives.com\/fr-be\/produit\/tapasbox-deluxe\/"]}]},{"@type":"ImageObject","inLanguage":"fr-BE","@id":"https:\/\/www.durocdolives.com\/fr-be\/produit\/tapasbox-deluxe\/#primaryimage","url":"https:\/\/www.durocdolives.com\/wp-content\/uploads\/2021\/05\/Duroc-dOlives-vaderdagbox.jpg","contentUrl":"https:\/\/www.durocdolives.com\/wp-content\/uploads\/2021\/05\/Duroc-dOlives-vaderdagbox.jpg","width":1000,"height":1000,"caption":"Duroc d'Olives tapasbox"},{"@type":"BreadcrumbList","@id":"https:\/\/www.durocdolives.com\/fr-be\/produit\/tapasbox-deluxe\/#breadcrumb","itemListElement":[{"@type":"ListItem","position":1,"name":"Home","item":"https:\/\/www.durocdolives.com\/nl\/"},{"@type":"ListItem","position":2,"name":"Boutique","item":"https:\/\/www.durocdolives.com\/fr-be\/boutique\/"},{"@type":"ListItem","position":3,"name":"Tapasbox Deluxe"}]},{"@type":"WebSite","@id":"https:\/\/www.durocdolives.com\/nl\/#website","url":"https:\/\/www.durocdolives.com\/nl\/","name":"Duroc d&#039;Olives","description":"Heerlijk, kwalitatief varkensvlees","publisher":{"@id":"https:\/\/www.durocdolives.com\/nl\/#organization"},"potentialAction":[{"@type":"SearchAction","target":{"@type":"EntryPoint","urlTemplate":"https:\/\/www.durocdolives.com\/nl\/?s={search_term_string}"},"query-input":{"@type":"PropertyValueSpecification","valueRequired":true,"valueName":"search_term_string"}}],"inLanguage":"fr-BE"},{"@type":"Organization","@id":"https:\/\/www.durocdolives.com\/nl\/#organization","name":"durocdolives","url":"https:\/\/www.durocdolives.com\/nl\/","logo":{"@type":"ImageObject","inLanguage":"fr-BE","@id":"https:\/\/www.durocdolives.com\/nl\/#\/schema\/logo\/image\/","url":"https:\/\/www.durocdolives.com\/wp-content\/uploads\/2020\/10\/logo.svg","contentUrl":"https:\/\/www.durocdolives.com\/wp-content\/uploads\/2020\/10\/logo.svg","width":122,"height":122,"caption":"durocdolives"},"image":{"@id":"https:\/\/www.durocdolives.com\/nl\/#\/schema\/logo\/image\/"}}]}},"_links":{"self":[{"href":"https:\/\/www.durocdolives.com\/fr-be\/wp-json\/wp\/v2\/product\/12348","targetHints":{"allow":["GET"]}}],"collection":[{"href":"https:\/\/www.durocdolives.com\/fr-be\/wp-json\/wp\/v2\/product"}],"about":[{"href":"https:\/\/www.durocdolives.com\/fr-be\/wp-json\/wp\/v2\/types\/product"}],"wp:featuredmedia":[{"embeddable":true,"href":"https:\/\/www.durocdolives.com\/fr-be\/wp-json\/wp\/v2\/media\/12250"}],"wp:attachment":[{"href":"https:\/\/www.durocdolives.com\/fr-be\/wp-json\/wp\/v2\/media?parent=12348"}],"wp:term":[{"taxonomy":"product_brand","embeddable":true,"href":"https:\/\/www.durocdolives.com\/fr-be\/wp-json\/wp\/v2\/product_brand?post=12348"},{"taxonomy":"product_cat","embeddable":true,"href":"https:\/\/www.durocdolives.com\/fr-be\/wp-json\/wp\/v2\/product_cat?post=12348"},{"taxonomy":"product_tag","embeddable":true,"href":"https:\/\/www.durocdolives.com\/fr-be\/wp-json\/wp\/v2\/product_tag?post=12348"}],"curies":[{"name":"wp","href":"https:\/\/api.w.org\/{rel}","templated":true}]}}