{"id":9414,"date":"2021-02-05T13:27:27","date_gmt":"2021-02-05T13:27:27","guid":{"rendered":"https:\/\/www.durocdolives.com\/environnement\/"},"modified":"2021-04-29T12:33:49","modified_gmt":"2021-04-29T12:33:49","slug":"environnement","status":"publish","type":"page","link":"https:\/\/www.durocdolives.com\/fr-be\/durabilite-innovation\/environnement\/","title":{"rendered":"Environnement"},"content":{"rendered":"\t\t<div data-elementor-type=\"wp-page\" data-elementor-id=\"9414\" class=\"elementor elementor-9414 elementor-7084\" data-elementor-post-type=\"page\">\n\t\t\t\t\t\t<section class=\"elementor-section elementor-top-section elementor-element elementor-element-3aade393 elementor-section-boxed elementor-section-height-default elementor-section-height-default\" data-id=\"3aade393\" data-element_type=\"section\">\n\t\t\t\t\t\t<div class=\"elementor-container elementor-column-gap-default\">\n\t\t\t\t\t<div class=\"elementor-column elementor-col-100 elementor-top-column elementor-element elementor-element-2da1e520\" data-id=\"2da1e520\" data-element_type=\"column\">\n\t\t\t<div class=\"elementor-widget-wrap elementor-element-populated\">\n\t\t\t\t\t\t<div class=\"elementor-element elementor-element-191a9c9c elementor-widget elementor-widget-heading\" data-id=\"191a9c9c\" data-element_type=\"widget\" data-widget_type=\"heading.default\">\n\t\t\t\t<div class=\"elementor-widget-container\">\n\t\t\t\t\t<h2 class=\"elementor-heading-title elementor-size-default\">Environnement<\/h2>\t\t\t\t<\/div>\n\t\t\t\t<\/div>\n\t\t\t\t<div class=\"elementor-element elementor-element-c37df54 elementor-widget elementor-widget-text-editor\" data-id=\"c37df54\" data-element_type=\"widget\" data-widget_type=\"text-editor.default\">\n\t\t\t\t<div class=\"elementor-widget-container\">\n\t\t\t\t\t\t\t\t\t<p>Au cours des dix derni\u00e8res ann\u00e9es, le secteur agricole europ\u00e9en a consenti \u00e0 faire des efforts consid\u00e9rables dans les \u00e9conomies d&rsquo;\u00e9nergie et d&rsquo;eau ainsi que dans la gestion du lisier. Duroc d&rsquo;Olives est fier de respecter les exigences environnementales les plus strictes.<\/p>\t\t\t\t\t\t\t\t<\/div>\n\t\t\t\t<\/div>\n\t\t\t\t<div class=\"elementor-element elementor-element-acf8dad elementor-widget elementor-widget-spacer\" data-id=\"acf8dad\" data-element_type=\"widget\" data-widget_type=\"spacer.default\">\n\t\t\t\t<div class=\"elementor-widget-container\">\n\t\t\t\t\t\t\t<div class=\"elementor-spacer\">\n\t\t\t<div class=\"elementor-spacer-inner\"><\/div>\n\t\t<\/div>\n\t\t\t\t\t\t<\/div>\n\t\t\t\t<\/div>\n\t\t\t\t\t<\/div>\n\t\t<\/div>\n\t\t\t\t\t<\/div>\n\t\t<\/section>\n\t\t\t\t<section class=\"elementor-section elementor-top-section elementor-element elementor-element-45770cd7 elementor-section-boxed elementor-section-height-default elementor-section-height-default\" data-id=\"45770cd7\" data-element_type=\"section\">\n\t\t\t\t\t\t<div class=\"elementor-container elementor-column-gap-default\">\n\t\t\t\t\t<div class=\"elementor-column elementor-col-33 elementor-top-column elementor-element elementor-element-2acdca0a\" data-id=\"2acdca0a\" data-element_type=\"column\">\n\t\t\t<div class=\"elementor-widget-wrap elementor-element-populated\">\n\t\t\t\t\t\t<div class=\"elementor-element elementor-element-28f7732a elementor-widget elementor-widget-image\" data-id=\"28f7732a\" data-element_type=\"widget\" data-widget_type=\"image.default\">\n\t\t\t\t<div class=\"elementor-widget-container\">\n\t\t\t\t\t\t\t\t\t\t\t\t\t\t\t<img fetchpriority=\"high\" decoding=\"async\" width=\"500\" height=\"500\" src=\"https:\/\/www.durocdolives.com\/wp-content\/uploads\/2021\/02\/rietveld-9-500x500.jpg\" class=\"attachment-woocommerce_thumbnail size-woocommerce_thumbnail wp-image-11410\" alt=\"\" srcset=\"https:\/\/www.durocdolives.com\/wp-content\/uploads\/2021\/02\/rietveld-9-500x500.jpg 500w, https:\/\/www.durocdolives.com\/wp-content\/uploads\/2021\/02\/rietveld-9-150x150.jpg 150w, https:\/\/www.durocdolives.com\/wp-content\/uploads\/2021\/02\/rietveld-9-39x39.jpg 39w, https:\/\/www.durocdolives.com\/wp-content\/uploads\/2021\/02\/rietveld-9-18x18.jpg 18w, https:\/\/www.durocdolives.com\/wp-content\/uploads\/2021\/02\/rietveld-9-25x25.jpg 25w, https:\/\/www.durocdolives.com\/wp-content\/uploads\/2021\/02\/rietveld-9-32x32.jpg 32w\" sizes=\"(max-width: 500px) 100vw, 500px\" \/>\t\t\t\t\t\t\t\t\t\t\t\t\t\t\t<\/div>\n\t\t\t\t<\/div>\n\t\t\t\t<div class=\"elementor-element elementor-element-55c38b3c elementor-widget elementor-widget-heading\" data-id=\"55c38b3c\" data-element_type=\"widget\" data-widget_type=\"heading.default\">\n\t\t\t\t<div class=\"elementor-widget-container\">\n\t\t\t\t\t<h3 class=\"elementor-heading-title elementor-size-default\">Eaux us\u00e9es<\/h3>\t\t\t\t<\/div>\n\t\t\t\t<\/div>\n\t\t\t\t<div class=\"elementor-element elementor-element-5c338977 elementor-widget elementor-widget-text-editor\" data-id=\"5c338977\" data-element_type=\"widget\" data-widget_type=\"text-editor.default\">\n\t\t\t\t<div class=\"elementor-widget-container\">\n\t\t\t\t\t\t\t\t\tAvant d\u2019\u00e9vacuer nos eaux us\u00e9es industrielles, nous les \u00e9purons par l\u2019interm\u00e9diaire d\u2019un champ de roseaux de percolation.\t\t\t\t\t\t\t\t<\/div>\n\t\t\t\t<\/div>\n\t\t\t\t\t<\/div>\n\t\t<\/div>\n\t\t\t\t<div class=\"elementor-column elementor-col-33 elementor-top-column elementor-element elementor-element-2b0e6398\" data-id=\"2b0e6398\" data-element_type=\"column\">\n\t\t\t<div class=\"elementor-widget-wrap elementor-element-populated\">\n\t\t\t\t\t\t<div class=\"elementor-element elementor-element-5b319b08 elementor-widget elementor-widget-image\" data-id=\"5b319b08\" data-element_type=\"widget\" data-widget_type=\"image.default\">\n\t\t\t\t<div class=\"elementor-widget-container\">\n\t\t\t\t\t\t\t\t\t\t\t\t\t\t\t<img decoding=\"async\" width=\"500\" height=\"500\" src=\"https:\/\/www.durocdolives.com\/wp-content\/uploads\/2021\/04\/DSC9722B_LR-Groene-energie-500x500.jpg\" class=\"attachment-woocommerce_thumbnail size-woocommerce_thumbnail wp-image-11310\" alt=\"\" srcset=\"https:\/\/www.durocdolives.com\/wp-content\/uploads\/2021\/04\/DSC9722B_LR-Groene-energie-500x500.jpg 500w, https:\/\/www.durocdolives.com\/wp-content\/uploads\/2021\/04\/DSC9722B_LR-Groene-energie-150x150.jpg 150w, https:\/\/www.durocdolives.com\/wp-content\/uploads\/2021\/04\/DSC9722B_LR-Groene-energie-39x39.jpg 39w, https:\/\/www.durocdolives.com\/wp-content\/uploads\/2021\/04\/DSC9722B_LR-Groene-energie-18x18.jpg 18w, https:\/\/www.durocdolives.com\/wp-content\/uploads\/2021\/04\/DSC9722B_LR-Groene-energie-25x25.jpg 25w, https:\/\/www.durocdolives.com\/wp-content\/uploads\/2021\/04\/DSC9722B_LR-Groene-energie-32x32.jpg 32w\" sizes=\"(max-width: 500px) 100vw, 500px\" \/>\t\t\t\t\t\t\t\t\t\t\t\t\t\t\t<\/div>\n\t\t\t\t<\/div>\n\t\t\t\t<div class=\"elementor-element elementor-element-5a5137bd elementor-widget elementor-widget-heading\" data-id=\"5a5137bd\" data-element_type=\"widget\" data-widget_type=\"heading.default\">\n\t\t\t\t<div class=\"elementor-widget-container\">\n\t\t\t\t\t<h3 class=\"elementor-heading-title elementor-size-default\">Energie verte<\/h3>\t\t\t\t<\/div>\n\t\t\t\t<\/div>\n\t\t\t\t<div class=\"elementor-element elementor-element-183b7443 elementor-widget elementor-widget-text-editor\" data-id=\"183b7443\" data-element_type=\"widget\" data-widget_type=\"text-editor.default\">\n\t\t\t\t<div class=\"elementor-widget-container\">\n\t\t\t\t\t\t\t\t\t<p>Nous utilisons de l&rsquo;\u00e9nergie verte pour chauffer les b\u00e2timents de notre entreprise. Les d\u00e9chets de coupe de nos noyers et autres arbres sont utilis\u00e9s comme biomasse. Compl\u00e8tement neutre en termes de CO2 ! Nous avons \u00e9galement install\u00e9 des panneaux solaires sur nos toits pour produire notre \u00e9lectricit\u00e9.<\/p>\n\t\t\t\t\t\t\t\t<\/div>\n\t\t\t\t<\/div>\n\t\t\t\t\t<\/div>\n\t\t<\/div>\n\t\t\t\t<div class=\"elementor-column elementor-col-33 elementor-top-column elementor-element elementor-element-2daaf214\" data-id=\"2daaf214\" data-element_type=\"column\">\n\t\t\t<div class=\"elementor-widget-wrap elementor-element-populated\">\n\t\t\t\t\t\t<div class=\"elementor-element elementor-element-f4cfe5b elementor-widget elementor-widget-image\" data-id=\"f4cfe5b\" data-element_type=\"widget\" data-widget_type=\"image.default\">\n\t\t\t\t<div class=\"elementor-widget-container\">\n\t\t\t\t\t\t\t\t\t\t\t\t\t\t\t<img decoding=\"async\" src=\"https:\/\/www.durocdolives.com\/wp-content\/uploads\/2021\/02\/MG_4256-2-scaled-500x500.jpg\" title=\"_MG_4256-2\" alt=\"_MG_4256-2\" loading=\"lazy\" \/>\t\t\t\t\t\t\t\t\t\t\t\t\t\t\t<\/div>\n\t\t\t\t<\/div>\n\t\t\t\t<div class=\"elementor-element elementor-element-16b208b4 elementor-widget elementor-widget-heading\" data-id=\"16b208b4\" data-element_type=\"widget\" data-widget_type=\"heading.default\">\n\t\t\t\t<div class=\"elementor-widget-container\">\n\t\t\t\t\t<h3 class=\"elementor-heading-title elementor-size-default\">Agroforesterie<\/h3>\t\t\t\t<\/div>\n\t\t\t\t<\/div>\n\t\t\t\t<div class=\"elementor-element elementor-element-6ad7afba elementor-widget elementor-widget-text-editor\" data-id=\"6ad7afba\" data-element_type=\"widget\" data-widget_type=\"text-editor.default\">\n\t\t\t\t<div class=\"elementor-widget-container\">\n\t\t\t\t\t\t\t\t\t<p>Duroc d&rsquo;Olives pratique l&rsquo;agroforesterie, qui est une combinaison astucieuse de l&rsquo;agriculture et de l&rsquo;\u00e9levage avec la foresterie. Nous avons donc plant\u00e9 3 rang\u00e9es de 160 noyers sur nos champs. Ces arbres procurent de l&rsquo;ombre aux animaux, ont un effet favorable sur la gestion de l&rsquo;eau de nos champs et entourent notre entreprise d\u2019une belle ceinture verte.<\/p>\t\t\t\t\t\t\t\t<\/div>\n\t\t\t\t<\/div>\n\t\t\t\t<div class=\"elementor-element elementor-element-6300a66 elementor-widget elementor-widget-spacer\" data-id=\"6300a66\" data-element_type=\"widget\" data-widget_type=\"spacer.default\">\n\t\t\t\t<div class=\"elementor-widget-container\">\n\t\t\t\t\t\t\t<div class=\"elementor-spacer\">\n\t\t\t<div class=\"elementor-spacer-inner\"><\/div>\n\t\t<\/div>\n\t\t\t\t\t\t<\/div>\n\t\t\t\t<\/div>\n\t\t\t\t\t<\/div>\n\t\t<\/div>\n\t\t\t\t\t<\/div>\n\t\t<\/section>\n\t\t\t\t<section class=\"elementor-section elementor-top-section elementor-element elementor-element-4f4c54b elementor-section-boxed elementor-section-height-default elementor-section-height-default\" data-id=\"4f4c54b\" data-element_type=\"section\">\n\t\t\t\t\t\t<div class=\"elementor-container elementor-column-gap-default\">\n\t\t\t\t\t<div class=\"elementor-column elementor-col-50 elementor-top-column elementor-element elementor-element-5678686\" data-id=\"5678686\" data-element_type=\"column\">\n\t\t\t<div class=\"elementor-widget-wrap elementor-element-populated\">\n\t\t\t\t\t\t<div class=\"elementor-element elementor-element-66232c7 elementor-widget elementor-widget-image\" data-id=\"66232c7\" data-element_type=\"widget\" data-widget_type=\"image.default\">\n\t\t\t\t<div class=\"elementor-widget-container\">\n\t\t\t\t\t\t\t\t\t\t\t\t\t\t\t<img decoding=\"async\" width=\"1024\" height=\"683\" src=\"https:\/\/www.durocdolives.com\/wp-content\/uploads\/2021\/02\/MG_4277-1024x683.jpg\" class=\"attachment-large size-large wp-image-11403\" alt=\"\" srcset=\"https:\/\/www.durocdolives.com\/wp-content\/uploads\/2021\/02\/MG_4277-1024x683.jpg 1024w, https:\/\/www.durocdolives.com\/wp-content\/uploads\/2021\/02\/MG_4277-scaled-250x167.jpg 250w, https:\/\/www.durocdolives.com\/wp-content\/uploads\/2021\/02\/MG_4277-scaled-600x400.jpg 600w, https:\/\/www.durocdolives.com\/wp-content\/uploads\/2021\/02\/MG_4277-300x200.jpg 300w, https:\/\/www.durocdolives.com\/wp-content\/uploads\/2021\/02\/MG_4277-768x512.jpg 768w, https:\/\/www.durocdolives.com\/wp-content\/uploads\/2021\/02\/MG_4277-1536x1024.jpg 1536w, https:\/\/www.durocdolives.com\/wp-content\/uploads\/2021\/02\/MG_4277-scaled.jpg 2048w\" sizes=\"(max-width: 1024px) 100vw, 1024px\" \/>\t\t\t\t\t\t\t\t\t\t\t\t\t\t\t<\/div>\n\t\t\t\t<\/div>\n\t\t\t\t\t<\/div>\n\t\t<\/div>\n\t\t\t\t<div class=\"elementor-column elementor-col-50 elementor-top-column elementor-element elementor-element-fb310fc\" data-id=\"fb310fc\" data-element_type=\"column\">\n\t\t\t<div class=\"elementor-widget-wrap elementor-element-populated\">\n\t\t\t\t\t\t<div class=\"elementor-element elementor-element-292e91a elementor-widget elementor-widget-heading\" data-id=\"292e91a\" data-element_type=\"widget\" data-widget_type=\"heading.default\">\n\t\t\t\t<div class=\"elementor-widget-container\">\n\t\t\t\t\t<h3 class=\"elementor-heading-title elementor-size-default\">Agriculture circulaire<\/h3>\t\t\t\t<\/div>\n\t\t\t\t<\/div>\n\t\t\t\t<div class=\"elementor-element elementor-element-da99f96 elementor-widget elementor-widget-text-editor\" data-id=\"da99f96\" data-element_type=\"widget\" data-widget_type=\"text-editor.default\">\n\t\t\t\t<div class=\"elementor-widget-container\">\n\t\t\t\t\t\t\t\t\tDans nos nouvelles installations, nous utilisons des \u00e9purateurs d&rsquo;air pour \u00e9liminer l&rsquo;ammoniac et les odeurs d\u00e9sagr\u00e9ables. \u00c0 l\u2019enti\u00e8re satisfaction de nos voisins\u00a0! En captant l&rsquo;ammoniac, nous \u00e9vitons les d\u00e9p\u00f4ts d&rsquo;azote et, par cons\u00e9quent, nous ne risquons pas d\u2019endommager les r\u00e9serves naturelles avoisinantes. Dans les porcheries, nous recueillons les d\u00e9jections des animaux et nous les stockons dans des cuves. Au printemps, nous les exploitons comme engrais animal pour fertiliser les champs o\u00f9 nous cultivons des c\u00e9r\u00e9ales et du ma\u00efs, qui entreront dans l&rsquo;alimentation des porcs. Avec cette agriculture circulaire, nous visons une durabilit\u00e9 optimale.\t\t\t\t\t\t\t\t<\/div>\n\t\t\t\t<\/div>\n\t\t\t\t\t<\/div>\n\t\t<\/div>\n\t\t\t\t\t<\/div>\n\t\t<\/section>\n\t\t\t\t<section class=\"elementor-section elementor-top-section elementor-element elementor-element-765d2c9d elementor-section-boxed elementor-section-height-default elementor-section-height-default\" data-id=\"765d2c9d\" data-element_type=\"section\">\n\t\t\t\t\t\t<div class=\"elementor-container elementor-column-gap-default\">\n\t\t\t\t\t<div class=\"elementor-column elementor-col-100 elementor-top-column elementor-element elementor-element-734aea40\" data-id=\"734aea40\" data-element_type=\"column\">\n\t\t\t<div class=\"elementor-widget-wrap elementor-element-populated\">\n\t\t\t\t\t\t<div class=\"elementor-element elementor-element-2a3717d1 elementor-widget elementor-widget-spacer\" data-id=\"2a3717d1\" data-element_type=\"widget\" data-widget_type=\"spacer.default\">\n\t\t\t\t<div class=\"elementor-widget-container\">\n\t\t\t\t\t\t\t<div class=\"elementor-spacer\">\n\t\t\t<div class=\"elementor-spacer-inner\"><\/div>\n\t\t<\/div>\n\t\t\t\t\t\t<\/div>\n\t\t\t\t<\/div>\n\t\t\t\t<div class=\"elementor-element elementor-element-59b74888 elementor-align-center elementor-widget elementor-widget-button\" data-id=\"59b74888\" data-element_type=\"widget\" data-widget_type=\"button.default\">\n\t\t\t\t<div class=\"elementor-widget-container\">\n\t\t\t\t\t\t\t\t\t<div class=\"elementor-button-wrapper\">\n\t\t\t\t\t<a class=\"elementor-button elementor-button-link elementor-size-md\" href=\"https:\/\/www.durocdolives.com\/fr-be\/durabilite-innovation\/\">\n\t\t\t\t\t\t<span class=\"elementor-button-content-wrapper\">\n\t\t\t\t\t\t<span class=\"elementor-button-icon\">\n\t\t\t\t<i aria-hidden=\"true\" class=\"fas fa-long-arrow-alt-left\"><\/i>\t\t\t<\/span>\n\t\t\t\t\t\t\t\t\t<span class=\"elementor-button-text\">En savoir plus sur \u00abdurabilit\u00e9 et innovation\u00bb<\/span>\n\t\t\t\t\t<\/span>\n\t\t\t\t\t<\/a>\n\t\t\t\t<\/div>\n\t\t\t\t\t\t\t\t<\/div>\n\t\t\t\t<\/div>\n\t\t\t\t<div class=\"elementor-element elementor-element-241620f7 elementor-widget elementor-widget-spacer\" data-id=\"241620f7\" data-element_type=\"widget\" data-widget_type=\"spacer.default\">\n\t\t\t\t<div class=\"elementor-widget-container\">\n\t\t\t\t\t\t\t<div class=\"elementor-spacer\">\n\t\t\t<div class=\"elementor-spacer-inner\"><\/div>\n\t\t<\/div>\n\t\t\t\t\t\t<\/div>\n\t\t\t\t<\/div>\n\t\t\t\t\t<\/div>\n\t\t<\/div>\n\t\t\t\t\t<\/div>\n\t\t<\/section>\n\t\t\t\t<\/div>\n\t\t","protected":false},"excerpt":{"rendered":"<p>Environnement Au cours des dix derni\u00e8res ann\u00e9es, le secteur agricole europ\u00e9en a consenti \u00e0 faire des efforts consid\u00e9rables dans les \u00e9conomies d&rsquo;\u00e9nergie et d&rsquo;eau ainsi que dans la gestion du lisier. Duroc d&rsquo;Olives est fier de respecter les exigences environnementales les plus strictes. Eaux us\u00e9es Avant d\u2019\u00e9vacuer nos eaux us\u00e9es industrielles, nous les \u00e9purons par [&hellip;]<\/p>\n","protected":false},"author":5,"featured_media":0,"parent":9422,"menu_order":0,"comment_status":"closed","ping_status":"closed","template":"elementor_header_footer","meta":{"_acf_changed":false,"inline_featured_image":false,"footnotes":""},"class_list":["post-9414","page","type-page","status-publish","hentry"],"acf":[],"yoast_head":"<!-- This site is optimized with the Yoast SEO plugin v25.0 - https:\/\/yoast.com\/wordpress\/plugins\/seo\/ -->\n<title>Environnement - Duroc d&#039;Olives<\/title>\n<meta name=\"robots\" content=\"index, follow, max-snippet:-1, max-image-preview:large, max-video-preview:-1\" \/>\n<link rel=\"canonical\" href=\"https:\/\/www.durocdolives.com\/nl\/duurzaamheid-innovatie\/milieu\/\" \/>\n<meta property=\"og:locale\" content=\"fr_FR\" \/>\n<meta property=\"og:type\" content=\"article\" \/>\n<meta property=\"og:title\" content=\"Environnement - Duroc d&#039;Olives\" \/>\n<meta property=\"og:description\" content=\"Environnement Au cours des dix derni\u00e8res ann\u00e9es, le secteur agricole europ\u00e9en a consenti \u00e0 faire des efforts consid\u00e9rables dans les \u00e9conomies d&rsquo;\u00e9nergie et d&rsquo;eau ainsi que dans la gestion du lisier. Duroc d&rsquo;Olives est fier de respecter les exigences environnementales les plus strictes. Eaux us\u00e9es Avant d\u2019\u00e9vacuer nos eaux us\u00e9es industrielles, nous les \u00e9purons par [&hellip;]\" \/>\n<meta property=\"og:url\" content=\"https:\/\/www.durocdolives.com\/nl\/duurzaamheid-innovatie\/milieu\/\" \/>\n<meta property=\"og:site_name\" content=\"Duroc d&#039;Olives\" \/>\n<meta property=\"article:modified_time\" content=\"2021-04-29T12:33:49+00:00\" \/>\n<meta property=\"og:image\" content=\"https:\/\/www.durocdolives.com\/wp-content\/uploads\/2021\/02\/rietveld-9-500x500.jpg\" \/>\n<meta name=\"twitter:card\" content=\"summary_large_image\" \/>\n<meta name=\"twitter:label1\" content=\"Dur\u00e9e de lecture est.\" \/>\n\t<meta name=\"twitter:data1\" content=\"2 minutes\" \/>\n<script type=\"application\/ld+json\" class=\"yoast-schema-graph\">{\"@context\":\"https:\/\/schema.org\",\"@graph\":[{\"@type\":\"WebPage\",\"@id\":\"https:\/\/www.durocdolives.com\/nl\/duurzaamheid-innovatie\/milieu\/\",\"url\":\"https:\/\/www.durocdolives.com\/nl\/duurzaamheid-innovatie\/milieu\/\",\"name\":\"Environnement - Duroc d&#039;Olives\",\"isPartOf\":{\"@id\":\"https:\/\/www.durocdolives.com\/nl\/#website\"},\"primaryImageOfPage\":{\"@id\":\"https:\/\/www.durocdolives.com\/nl\/duurzaamheid-innovatie\/milieu\/#primaryimage\"},\"image\":{\"@id\":\"https:\/\/www.durocdolives.com\/nl\/duurzaamheid-innovatie\/milieu\/#primaryimage\"},\"thumbnailUrl\":\"https:\/\/www.durocdolives.com\/wp-content\/uploads\/2021\/02\/rietveld-9-500x500.jpg\",\"datePublished\":\"2021-02-05T13:27:27+00:00\",\"dateModified\":\"2021-04-29T12:33:49+00:00\",\"breadcrumb\":{\"@id\":\"https:\/\/www.durocdolives.com\/nl\/duurzaamheid-innovatie\/milieu\/#breadcrumb\"},\"inLanguage\":\"fr-BE\",\"potentialAction\":[{\"@type\":\"ReadAction\",\"target\":[\"https:\/\/www.durocdolives.com\/nl\/duurzaamheid-innovatie\/milieu\/\"]}]},{\"@type\":\"ImageObject\",\"inLanguage\":\"fr-BE\",\"@id\":\"https:\/\/www.durocdolives.com\/nl\/duurzaamheid-innovatie\/milieu\/#primaryimage\",\"url\":\"https:\/\/www.durocdolives.com\/wp-content\/uploads\/2021\/02\/rietveld-9-500x500.jpg\",\"contentUrl\":\"https:\/\/www.durocdolives.com\/wp-content\/uploads\/2021\/02\/rietveld-9-500x500.jpg\"},{\"@type\":\"BreadcrumbList\",\"@id\":\"https:\/\/www.durocdolives.com\/nl\/duurzaamheid-innovatie\/milieu\/#breadcrumb\",\"itemListElement\":[{\"@type\":\"ListItem\",\"position\":1,\"name\":\"Home\",\"item\":\"https:\/\/www.durocdolives.com\/nl\/\"},{\"@type\":\"ListItem\",\"position\":2,\"name\":\"Durabilit\u00e9 &amp; Innovation\",\"item\":\"https:\/\/www.durocdolives.com\/nl\/duurzaamheid-innovatie\/\"},{\"@type\":\"ListItem\",\"position\":3,\"name\":\"Environnement\"}]},{\"@type\":\"WebSite\",\"@id\":\"https:\/\/www.durocdolives.com\/nl\/#website\",\"url\":\"https:\/\/www.durocdolives.com\/nl\/\",\"name\":\"Duroc d&#039;Olives\",\"description\":\"Heerlijk, kwalitatief varkensvlees\",\"publisher\":{\"@id\":\"https:\/\/www.durocdolives.com\/nl\/#organization\"},\"potentialAction\":[{\"@type\":\"SearchAction\",\"target\":{\"@type\":\"EntryPoint\",\"urlTemplate\":\"https:\/\/www.durocdolives.com\/nl\/?s={search_term_string}\"},\"query-input\":{\"@type\":\"PropertyValueSpecification\",\"valueRequired\":true,\"valueName\":\"search_term_string\"}}],\"inLanguage\":\"fr-BE\"},{\"@type\":\"Organization\",\"@id\":\"https:\/\/www.durocdolives.com\/nl\/#organization\",\"name\":\"durocdolives\",\"url\":\"https:\/\/www.durocdolives.com\/nl\/\",\"logo\":{\"@type\":\"ImageObject\",\"inLanguage\":\"fr-BE\",\"@id\":\"https:\/\/www.durocdolives.com\/nl\/#\/schema\/logo\/image\/\",\"url\":\"https:\/\/www.durocdolives.com\/wp-content\/uploads\/2020\/10\/logo.svg\",\"contentUrl\":\"https:\/\/www.durocdolives.com\/wp-content\/uploads\/2020\/10\/logo.svg\",\"width\":122,\"height\":122,\"caption\":\"durocdolives\"},\"image\":{\"@id\":\"https:\/\/www.durocdolives.com\/nl\/#\/schema\/logo\/image\/\"}}]}<\/script>\n<!-- \/ Yoast SEO plugin. -->","yoast_head_json":{"title":"Environnement - Duroc d&#039;Olives","robots":{"index":"index","follow":"follow","max-snippet":"max-snippet:-1","max-image-preview":"max-image-preview:large","max-video-preview":"max-video-preview:-1"},"canonical":"https:\/\/www.durocdolives.com\/nl\/duurzaamheid-innovatie\/milieu\/","og_locale":"fr_FR","og_type":"article","og_title":"Environnement - Duroc d&#039;Olives","og_description":"Environnement Au cours des dix derni\u00e8res ann\u00e9es, le secteur agricole europ\u00e9en a consenti \u00e0 faire des efforts consid\u00e9rables dans les \u00e9conomies d&rsquo;\u00e9nergie et d&rsquo;eau ainsi que dans la gestion du lisier. Duroc d&rsquo;Olives est fier de respecter les exigences environnementales les plus strictes. Eaux us\u00e9es Avant d\u2019\u00e9vacuer nos eaux us\u00e9es industrielles, nous les \u00e9purons par [&hellip;]","og_url":"https:\/\/www.durocdolives.com\/nl\/duurzaamheid-innovatie\/milieu\/","og_site_name":"Duroc d&#039;Olives","article_modified_time":"2021-04-29T12:33:49+00:00","og_image":[{"url":"https:\/\/www.durocdolives.com\/wp-content\/uploads\/2021\/02\/rietveld-9-500x500.jpg","type":"","width":"","height":""}],"twitter_card":"summary_large_image","twitter_misc":{"Dur\u00e9e de lecture est.":"2 minutes"},"schema":{"@context":"https:\/\/schema.org","@graph":[{"@type":"WebPage","@id":"https:\/\/www.durocdolives.com\/nl\/duurzaamheid-innovatie\/milieu\/","url":"https:\/\/www.durocdolives.com\/nl\/duurzaamheid-innovatie\/milieu\/","name":"Environnement - Duroc d&#039;Olives","isPartOf":{"@id":"https:\/\/www.durocdolives.com\/nl\/#website"},"primaryImageOfPage":{"@id":"https:\/\/www.durocdolives.com\/nl\/duurzaamheid-innovatie\/milieu\/#primaryimage"},"image":{"@id":"https:\/\/www.durocdolives.com\/nl\/duurzaamheid-innovatie\/milieu\/#primaryimage"},"thumbnailUrl":"https:\/\/www.durocdolives.com\/wp-content\/uploads\/2021\/02\/rietveld-9-500x500.jpg","datePublished":"2021-02-05T13:27:27+00:00","dateModified":"2021-04-29T12:33:49+00:00","breadcrumb":{"@id":"https:\/\/www.durocdolives.com\/nl\/duurzaamheid-innovatie\/milieu\/#breadcrumb"},"inLanguage":"fr-BE","potentialAction":[{"@type":"ReadAction","target":["https:\/\/www.durocdolives.com\/nl\/duurzaamheid-innovatie\/milieu\/"]}]},{"@type":"ImageObject","inLanguage":"fr-BE","@id":"https:\/\/www.durocdolives.com\/nl\/duurzaamheid-innovatie\/milieu\/#primaryimage","url":"https:\/\/www.durocdolives.com\/wp-content\/uploads\/2021\/02\/rietveld-9-500x500.jpg","contentUrl":"https:\/\/www.durocdolives.com\/wp-content\/uploads\/2021\/02\/rietveld-9-500x500.jpg"},{"@type":"BreadcrumbList","@id":"https:\/\/www.durocdolives.com\/nl\/duurzaamheid-innovatie\/milieu\/#breadcrumb","itemListElement":[{"@type":"ListItem","position":1,"name":"Home","item":"https:\/\/www.durocdolives.com\/nl\/"},{"@type":"ListItem","position":2,"name":"Durabilit\u00e9 &amp; Innovation","item":"https:\/\/www.durocdolives.com\/nl\/duurzaamheid-innovatie\/"},{"@type":"ListItem","position":3,"name":"Environnement"}]},{"@type":"WebSite","@id":"https:\/\/www.durocdolives.com\/nl\/#website","url":"https:\/\/www.durocdolives.com\/nl\/","name":"Duroc d&#039;Olives","description":"Heerlijk, kwalitatief varkensvlees","publisher":{"@id":"https:\/\/www.durocdolives.com\/nl\/#organization"},"potentialAction":[{"@type":"SearchAction","target":{"@type":"EntryPoint","urlTemplate":"https:\/\/www.durocdolives.com\/nl\/?s={search_term_string}"},"query-input":{"@type":"PropertyValueSpecification","valueRequired":true,"valueName":"search_term_string"}}],"inLanguage":"fr-BE"},{"@type":"Organization","@id":"https:\/\/www.durocdolives.com\/nl\/#organization","name":"durocdolives","url":"https:\/\/www.durocdolives.com\/nl\/","logo":{"@type":"ImageObject","inLanguage":"fr-BE","@id":"https:\/\/www.durocdolives.com\/nl\/#\/schema\/logo\/image\/","url":"https:\/\/www.durocdolives.com\/wp-content\/uploads\/2020\/10\/logo.svg","contentUrl":"https:\/\/www.durocdolives.com\/wp-content\/uploads\/2020\/10\/logo.svg","width":122,"height":122,"caption":"durocdolives"},"image":{"@id":"https:\/\/www.durocdolives.com\/nl\/#\/schema\/logo\/image\/"}}]}},"_links":{"self":[{"href":"https:\/\/www.durocdolives.com\/fr-be\/wp-json\/wp\/v2\/pages\/9414","targetHints":{"allow":["GET"]}}],"collection":[{"href":"https:\/\/www.durocdolives.com\/fr-be\/wp-json\/wp\/v2\/pages"}],"about":[{"href":"https:\/\/www.durocdolives.com\/fr-be\/wp-json\/wp\/v2\/types\/page"}],"author":[{"embeddable":true,"href":"https:\/\/www.durocdolives.com\/fr-be\/wp-json\/wp\/v2\/users\/5"}],"replies":[{"embeddable":true,"href":"https:\/\/www.durocdolives.com\/fr-be\/wp-json\/wp\/v2\/comments?post=9414"}],"version-history":[{"count":0,"href":"https:\/\/www.durocdolives.com\/fr-be\/wp-json\/wp\/v2\/pages\/9414\/revisions"}],"up":[{"embeddable":true,"href":"https:\/\/www.durocdolives.com\/fr-be\/wp-json\/wp\/v2\/pages\/9422"}],"wp:attachment":[{"href":"https:\/\/www.durocdolives.com\/fr-be\/wp-json\/wp\/v2\/media?parent=9414"}],"curies":[{"name":"wp","href":"https:\/\/api.w.org\/{rel}","templated":true}]}}