{"id":22672,"date":"2025-03-20T10:30:32","date_gmt":"2025-03-20T10:30:32","guid":{"rendered":"https:\/\/www.durocdolives.com\/duroc-dolives-days\/"},"modified":"2026-04-13T17:40:06","modified_gmt":"2026-04-13T17:40:06","slug":"duroc-dolives-days","status":"publish","type":"page","link":"https:\/\/www.durocdolives.com\/fr-be\/duroc-dolives-days\/","title":{"rendered":"Duroc d\u2019Olives Farm Days"},"content":{"rendered":"\t\t<div data-elementor-type=\"wp-page\" data-elementor-id=\"22672\" class=\"elementor elementor-22672 elementor-22261\" data-elementor-post-type=\"page\">\n\t\t\t\t<div class=\"elementor-element elementor-element-7f61030 e-flex e-con-boxed e-con e-parent\" data-id=\"7f61030\" data-element_type=\"container\" data-e-type=\"container\">\n\t\t\t\t\t<div class=\"e-con-inner\">\n\t\t\t\t<div class=\"elementor-element elementor-element-530cbae elementor-widget elementor-widget-heading\" data-id=\"530cbae\" data-element_type=\"widget\" data-e-type=\"widget\" data-widget_type=\"heading.default\">\n\t\t\t\t<div class=\"elementor-widget-container\">\n\t\t\t\t\t<h1 class=\"elementor-heading-title elementor-size-default\">Duroc d\u2019Olives Farm Days<\/h1>\t\t\t\t<\/div>\n\t\t\t\t<\/div>\n\t\t\t\t<div class=\"elementor-element elementor-element-3c5fb1e elementor-widget elementor-widget-text-editor\" data-id=\"3c5fb1e\" data-element_type=\"widget\" data-e-type=\"widget\" data-widget_type=\"text-editor.default\">\n\t\t\t\t<div class=\"elementor-widget-container\">\n\t\t\t\t\t\t\t\t\t<p>Qu\u2019est-ce qui rend notre viande de porc si exceptionnelle ? D\u00e9couvrez-le lors d\u2019une visite exclusive dans l\u2019une de nos fermes Duroc d\u2019Olives, \u00e0 la pointe de la technologie. Nous vous accueillerons avec plaisir dans notre exploitation familiale, o\u00f9 nous exer\u00e7ons notre m\u00e9tier avec passion chaque jour. Vous apprendrez comment nous maintenons notre viande de porc \u00e0 un niveau d\u2019excellence, afin que vous puissiez offrir encore plus de qualit\u00e9 et de saveur dans votre boucherie ou restaurant. Notre chef Lieven vous fera d\u00e9guster quelques cr\u00e9ations originales pr\u00e9par\u00e9es avec notre large gamme de viandes fra\u00eeches et de charcuteries. Une visite enrichissante qui stimulera votre inspiration culinaire !<\/p>\n\t\t\t\t\t\t\t\t<\/div>\n\t\t\t\t<\/div>\n\t\t\t\t<div class=\"elementor-element elementor-element-50925b8 elementor-widget elementor-widget-heading\" data-id=\"50925b8\" data-element_type=\"widget\" data-e-type=\"widget\" data-widget_type=\"heading.default\">\n\t\t\t\t<div class=\"elementor-widget-container\">\n\t\t\t\t\t<h2 class=\"elementor-heading-title elementor-size-default\">Programme \u00e0 partir de 16h00 :<\/h2>\t\t\t\t<\/div>\n\t\t\t\t<\/div>\n\t\t\t\t<div class=\"elementor-element elementor-element-a0b5536 elementor-align-center elementor-icon-list--layout-traditional elementor-list-item-link-full_width elementor-widget elementor-widget-icon-list\" data-id=\"a0b5536\" data-element_type=\"widget\" data-e-type=\"widget\" data-widget_type=\"icon-list.default\">\n\t\t\t\t<div class=\"elementor-widget-container\">\n\t\t\t\t\t\t\t<ul class=\"elementor-icon-list-items\">\n\t\t\t\t\t\t\t<li class=\"elementor-icon-list-item\">\n\t\t\t\t\t\t\t\t\t\t\t<span class=\"elementor-icon-list-icon\">\n\t\t\t\t\t\t\t<i aria-hidden=\"true\" class=\"fas fa-check\"><\/i>\t\t\t\t\t\t<\/span>\n\t\t\t\t\t\t\t\t\t\t<span class=\"elementor-icon-list-text\">Pr\u00e9sentation et d\u00e9gustation de charcuteries fines<\/span>\n\t\t\t\t\t\t\t\t\t<\/li>\n\t\t\t\t\t\t\t\t<li class=\"elementor-icon-list-item\">\n\t\t\t\t\t\t\t\t\t\t\t<span class=\"elementor-icon-list-icon\">\n\t\t\t\t\t\t\t<i aria-hidden=\"true\" class=\"fas fa-check\"><\/i>\t\t\t\t\t\t<\/span>\n\t\t\t\t\t\t\t\t\t\t<span class=\"elementor-icon-list-text\">Visite guid\u00e9e de la ferme Duroc d\u2019Olives<\/span>\n\t\t\t\t\t\t\t\t\t<\/li>\n\t\t\t\t\t\t\t\t<li class=\"elementor-icon-list-item\">\n\t\t\t\t\t\t\t\t\t\t\t<span class=\"elementor-icon-list-icon\">\n\t\t\t\t\t\t\t<i aria-hidden=\"true\" class=\"fas fa-check\"><\/i>\t\t\t\t\t\t<\/span>\n\t\t\t\t\t\t\t\t\t\t<span class=\"elementor-icon-list-text\">R\u00e9ception avec de savoureuses bouch\u00e9es Duroc d\u2019Olives accompagn\u00e9es de boissons<\/span>\n\t\t\t\t\t\t\t\t\t<\/li>\n\t\t\t\t\t\t<\/ul>\n\t\t\t\t\t\t<\/div>\n\t\t\t\t<\/div>\n\t\t\t\t<div class=\"elementor-element elementor-element-521825c elementor-widget elementor-widget-heading\" data-id=\"521825c\" data-element_type=\"widget\" data-e-type=\"widget\" data-widget_type=\"heading.default\">\n\t\t\t\t<div class=\"elementor-widget-container\">\n\t\t\t\t\t<h2 class=\"elementor-heading-title elementor-size-default\">Formulaire d'inscription<\/h2>\t\t\t\t<\/div>\n\t\t\t\t<\/div>\n\t\t\t\t<div class=\"elementor-element elementor-element-40918db elementor-widget elementor-widget-shortcode\" data-id=\"40918db\" data-element_type=\"widget\" data-e-type=\"widget\" data-widget_type=\"shortcode.default\">\n\t\t\t\t<div class=\"elementor-widget-container\">\n\t\t\t\t\t\t\t<div class=\"elementor-shortcode\"><p class=\"wpcf7-contact-form-not-found\"><strong>Error:<\/strong> Contact form not found.<\/p><\/div>\n\t\t\t\t\t\t<\/div>\n\t\t\t\t<\/div>\n\t\t\t\t\t<\/div>\n\t\t\t\t<\/div>\n\t\t\t\t<\/div>\n\t\t","protected":false},"excerpt":{"rendered":"<p>Duroc d\u2019Olives Farm Days Qu\u2019est-ce qui rend notre viande de porc si exceptionnelle ? D\u00e9couvrez-le lors d\u2019une visite exclusive dans l\u2019une de nos fermes Duroc d\u2019Olives, \u00e0 la pointe de la technologie. Nous vous accueillerons avec plaisir dans notre exploitation familiale, o\u00f9 nous exer\u00e7ons notre m\u00e9tier avec passion chaque jour. Vous apprendrez comment nous maintenons [&hellip;]<\/p>\n","protected":false},"author":3,"featured_media":0,"parent":0,"menu_order":0,"comment_status":"closed","ping_status":"closed","template":"elementor_header_footer","meta":{"_acf_changed":false,"inline_featured_image":false,"footnotes":""},"class_list":["post-22672","page","type-page","status-publish","hentry"],"acf":[],"yoast_head":"<!-- This site is optimized with the Yoast SEO plugin v27.4 - https:\/\/yoast.com\/product\/yoast-seo-wordpress\/ -->\n<title>Duroc d\u2019Olives Farm Days - Duroc d&#039;Olives<\/title>\n<meta name=\"robots\" content=\"index, follow, max-snippet:-1, max-image-preview:large, max-video-preview:-1\" \/>\n<link rel=\"canonical\" href=\"https:\/\/www.durocdolives.com\/fr-be\/duroc-dolives-days\/\" \/>\n<meta property=\"og:locale\" content=\"fr_FR\" \/>\n<meta property=\"og:type\" content=\"article\" \/>\n<meta property=\"og:title\" content=\"Duroc d\u2019Olives Farm Days - Duroc d&#039;Olives\" \/>\n<meta property=\"og:description\" content=\"Duroc d\u2019Olives Farm Days Qu\u2019est-ce qui rend notre viande de porc si exceptionnelle ? D\u00e9couvrez-le lors d\u2019une visite exclusive dans l\u2019une de nos fermes Duroc d\u2019Olives, \u00e0 la pointe de la technologie. Nous vous accueillerons avec plaisir dans notre exploitation familiale, o\u00f9 nous exer\u00e7ons notre m\u00e9tier avec passion chaque jour. Vous apprendrez comment nous maintenons [&hellip;]\" \/>\n<meta property=\"og:url\" content=\"https:\/\/www.durocdolives.com\/fr-be\/duroc-dolives-days\/\" \/>\n<meta property=\"og:site_name\" content=\"Duroc d&#039;Olives\" \/>\n<meta property=\"article:modified_time\" content=\"2026-04-13T17:40:06+00:00\" \/>\n<meta name=\"twitter:card\" content=\"summary_large_image\" \/>\n<meta name=\"twitter:label1\" content=\"Dur\u00e9e de lecture est.\" \/>\n\t<meta name=\"twitter:data1\" content=\"1 minute\" \/>\n<script type=\"application\/ld+json\" class=\"yoast-schema-graph\">{\"@context\":\"https:\\\/\\\/schema.org\",\"@graph\":[{\"@type\":\"WebPage\",\"@id\":\"https:\\\/\\\/www.durocdolives.com\\\/fr-be\\\/duroc-dolives-days\\\/\",\"url\":\"https:\\\/\\\/www.durocdolives.com\\\/fr-be\\\/duroc-dolives-days\\\/\",\"name\":\"Duroc d\u2019Olives Farm Days - Duroc d&#039;Olives\",\"isPartOf\":{\"@id\":\"https:\\\/\\\/www.durocdolives.com\\\/nl\\\/#website\"},\"datePublished\":\"2025-03-20T10:30:32+00:00\",\"dateModified\":\"2026-04-13T17:40:06+00:00\",\"breadcrumb\":{\"@id\":\"https:\\\/\\\/www.durocdolives.com\\\/fr-be\\\/duroc-dolives-days\\\/#breadcrumb\"},\"inLanguage\":\"fr-BE\",\"potentialAction\":[{\"@type\":\"ReadAction\",\"target\":[\"https:\\\/\\\/www.durocdolives.com\\\/fr-be\\\/duroc-dolives-days\\\/\"]}]},{\"@type\":\"BreadcrumbList\",\"@id\":\"https:\\\/\\\/www.durocdolives.com\\\/fr-be\\\/duroc-dolives-days\\\/#breadcrumb\",\"itemListElement\":[{\"@type\":\"ListItem\",\"position\":1,\"name\":\"Home\",\"item\":\"https:\\\/\\\/www.durocdolives.com\\\/nl\\\/\"},{\"@type\":\"ListItem\",\"position\":2,\"name\":\"Duroc d\u2019Olives Farm Days\"}]},{\"@type\":\"WebSite\",\"@id\":\"https:\\\/\\\/www.durocdolives.com\\\/nl\\\/#website\",\"url\":\"https:\\\/\\\/www.durocdolives.com\\\/nl\\\/\",\"name\":\"Duroc d&#039;Olives\",\"description\":\"Heerlijk, kwalitatief varkensvlees\",\"publisher\":{\"@id\":\"https:\\\/\\\/www.durocdolives.com\\\/nl\\\/#organization\"},\"potentialAction\":[{\"@type\":\"SearchAction\",\"target\":{\"@type\":\"EntryPoint\",\"urlTemplate\":\"https:\\\/\\\/www.durocdolives.com\\\/nl\\\/?s={search_term_string}\"},\"query-input\":{\"@type\":\"PropertyValueSpecification\",\"valueRequired\":true,\"valueName\":\"search_term_string\"}}],\"inLanguage\":\"fr-BE\"},{\"@type\":\"Organization\",\"@id\":\"https:\\\/\\\/www.durocdolives.com\\\/nl\\\/#organization\",\"name\":\"durocdolives\",\"url\":\"https:\\\/\\\/www.durocdolives.com\\\/nl\\\/\",\"logo\":{\"@type\":\"ImageObject\",\"inLanguage\":\"fr-BE\",\"@id\":\"https:\\\/\\\/www.durocdolives.com\\\/nl\\\/#\\\/schema\\\/logo\\\/image\\\/\",\"url\":\"https:\\\/\\\/www.durocdolives.com\\\/wp-content\\\/uploads\\\/2020\\\/10\\\/logo.svg\",\"contentUrl\":\"https:\\\/\\\/www.durocdolives.com\\\/wp-content\\\/uploads\\\/2020\\\/10\\\/logo.svg\",\"width\":122,\"height\":122,\"caption\":\"durocdolives\"},\"image\":{\"@id\":\"https:\\\/\\\/www.durocdolives.com\\\/nl\\\/#\\\/schema\\\/logo\\\/image\\\/\"}}]}<\/script>\n<!-- \/ Yoast SEO plugin. -->","yoast_head_json":{"title":"Duroc d\u2019Olives Farm Days - Duroc d&#039;Olives","robots":{"index":"index","follow":"follow","max-snippet":"max-snippet:-1","max-image-preview":"max-image-preview:large","max-video-preview":"max-video-preview:-1"},"canonical":"https:\/\/www.durocdolives.com\/fr-be\/duroc-dolives-days\/","og_locale":"fr_FR","og_type":"article","og_title":"Duroc d\u2019Olives Farm Days - Duroc d&#039;Olives","og_description":"Duroc d\u2019Olives Farm Days Qu\u2019est-ce qui rend notre viande de porc si exceptionnelle ? D\u00e9couvrez-le lors d\u2019une visite exclusive dans l\u2019une de nos fermes Duroc d\u2019Olives, \u00e0 la pointe de la technologie. Nous vous accueillerons avec plaisir dans notre exploitation familiale, o\u00f9 nous exer\u00e7ons notre m\u00e9tier avec passion chaque jour. Vous apprendrez comment nous maintenons [&hellip;]","og_url":"https:\/\/www.durocdolives.com\/fr-be\/duroc-dolives-days\/","og_site_name":"Duroc d&#039;Olives","article_modified_time":"2026-04-13T17:40:06+00:00","twitter_card":"summary_large_image","twitter_misc":{"Dur\u00e9e de lecture est.":"1 minute"},"schema":{"@context":"https:\/\/schema.org","@graph":[{"@type":"WebPage","@id":"https:\/\/www.durocdolives.com\/fr-be\/duroc-dolives-days\/","url":"https:\/\/www.durocdolives.com\/fr-be\/duroc-dolives-days\/","name":"Duroc d\u2019Olives Farm Days - Duroc d&#039;Olives","isPartOf":{"@id":"https:\/\/www.durocdolives.com\/nl\/#website"},"datePublished":"2025-03-20T10:30:32+00:00","dateModified":"2026-04-13T17:40:06+00:00","breadcrumb":{"@id":"https:\/\/www.durocdolives.com\/fr-be\/duroc-dolives-days\/#breadcrumb"},"inLanguage":"fr-BE","potentialAction":[{"@type":"ReadAction","target":["https:\/\/www.durocdolives.com\/fr-be\/duroc-dolives-days\/"]}]},{"@type":"BreadcrumbList","@id":"https:\/\/www.durocdolives.com\/fr-be\/duroc-dolives-days\/#breadcrumb","itemListElement":[{"@type":"ListItem","position":1,"name":"Home","item":"https:\/\/www.durocdolives.com\/nl\/"},{"@type":"ListItem","position":2,"name":"Duroc d\u2019Olives Farm Days"}]},{"@type":"WebSite","@id":"https:\/\/www.durocdolives.com\/nl\/#website","url":"https:\/\/www.durocdolives.com\/nl\/","name":"Duroc d&#039;Olives","description":"Heerlijk, kwalitatief varkensvlees","publisher":{"@id":"https:\/\/www.durocdolives.com\/nl\/#organization"},"potentialAction":[{"@type":"SearchAction","target":{"@type":"EntryPoint","urlTemplate":"https:\/\/www.durocdolives.com\/nl\/?s={search_term_string}"},"query-input":{"@type":"PropertyValueSpecification","valueRequired":true,"valueName":"search_term_string"}}],"inLanguage":"fr-BE"},{"@type":"Organization","@id":"https:\/\/www.durocdolives.com\/nl\/#organization","name":"durocdolives","url":"https:\/\/www.durocdolives.com\/nl\/","logo":{"@type":"ImageObject","inLanguage":"fr-BE","@id":"https:\/\/www.durocdolives.com\/nl\/#\/schema\/logo\/image\/","url":"https:\/\/www.durocdolives.com\/wp-content\/uploads\/2020\/10\/logo.svg","contentUrl":"https:\/\/www.durocdolives.com\/wp-content\/uploads\/2020\/10\/logo.svg","width":122,"height":122,"caption":"durocdolives"},"image":{"@id":"https:\/\/www.durocdolives.com\/nl\/#\/schema\/logo\/image\/"}}]}},"_links":{"self":[{"href":"https:\/\/www.durocdolives.com\/fr-be\/wp-json\/wp\/v2\/pages\/22672","targetHints":{"allow":["GET"]}}],"collection":[{"href":"https:\/\/www.durocdolives.com\/fr-be\/wp-json\/wp\/v2\/pages"}],"about":[{"href":"https:\/\/www.durocdolives.com\/fr-be\/wp-json\/wp\/v2\/types\/page"}],"author":[{"embeddable":true,"href":"https:\/\/www.durocdolives.com\/fr-be\/wp-json\/wp\/v2\/users\/3"}],"replies":[{"embeddable":true,"href":"https:\/\/www.durocdolives.com\/fr-be\/wp-json\/wp\/v2\/comments?post=22672"}],"version-history":[{"count":7,"href":"https:\/\/www.durocdolives.com\/fr-be\/wp-json\/wp\/v2\/pages\/22672\/revisions"}],"predecessor-version":[{"id":24321,"href":"https:\/\/www.durocdolives.com\/fr-be\/wp-json\/wp\/v2\/pages\/22672\/revisions\/24321"}],"wp:attachment":[{"href":"https:\/\/www.durocdolives.com\/fr-be\/wp-json\/wp\/v2\/media?parent=22672"}],"curies":[{"name":"wp","href":"https:\/\/api.w.org\/{rel}","templated":true}]}}