{"id":5998,"date":"2021-01-17T10:46:26","date_gmt":"2021-01-17T10:46:26","guid":{"rendered":"https:\/\/www.durocdolives.com\/das-duroc-schwein-eine-ganz-besondere-rasse\/"},"modified":"2021-01-17T10:46:26","modified_gmt":"2021-01-17T10:46:26","slug":"das-duroc-schwein-eine-ganz-besondere-rasse","status":"publish","type":"page","link":"https:\/\/www.durocdolives.com\/de\/ueber-duroc-dolives\/das-duroc-schwein-eine-ganz-besondere-rasse\/","title":{"rendered":"Das Duroc-Schwein: eine ganz besondere Rasse"},"content":{"rendered":"\t\t<div data-elementor-type=\"wp-page\" data-elementor-id=\"5998\" class=\"elementor elementor-5998 elementor-4965\" data-elementor-post-type=\"page\">\n\t\t\t\t\t\t<section class=\"elementor-section elementor-top-section elementor-element elementor-element-2c95197 elementor-section-boxed elementor-section-height-default elementor-section-height-default\" data-id=\"2c95197\" data-element_type=\"section\" data-e-type=\"section\">\n\t\t\t\t\t\t<div class=\"elementor-container elementor-column-gap-default\">\n\t\t\t\t\t<div class=\"elementor-column elementor-col-100 elementor-top-column elementor-element elementor-element-d5cfd6e\" data-id=\"d5cfd6e\" data-element_type=\"column\" data-e-type=\"column\">\n\t\t\t<div class=\"elementor-widget-wrap elementor-element-populated\">\n\t\t\t\t\t\t<div class=\"elementor-element elementor-element-c7ca5cf elementor-widget elementor-widget-heading\" data-id=\"c7ca5cf\" data-element_type=\"widget\" data-e-type=\"widget\" data-widget_type=\"heading.default\">\n\t\t\t\t<div class=\"elementor-widget-container\">\n\t\t\t\t\t<h1 class=\"elementor-heading-title elementor-size-default\">Das Duroc-Schwein<\/h1>\t\t\t\t<\/div>\n\t\t\t\t<\/div>\n\t\t\t\t<div class=\"elementor-element elementor-element-bae79fa elementor-widget elementor-widget-heading\" data-id=\"bae79fa\" data-element_type=\"widget\" data-e-type=\"widget\" data-widget_type=\"heading.default\">\n\t\t\t\t<div class=\"elementor-widget-container\">\n\t\t\t\t\t<h2 class=\"elementor-heading-title elementor-size-default\">Eine ganz besondere Rasse<\/h2>\t\t\t\t<\/div>\n\t\t\t\t<\/div>\n\t\t\t\t<div class=\"elementor-element elementor-element-967373c elementor-widget elementor-widget-spacer\" data-id=\"967373c\" data-element_type=\"widget\" data-e-type=\"widget\" data-widget_type=\"spacer.default\">\n\t\t\t\t<div class=\"elementor-widget-container\">\n\t\t\t\t\t\t\t<div class=\"elementor-spacer\">\n\t\t\t<div class=\"elementor-spacer-inner\"><\/div>\n\t\t<\/div>\n\t\t\t\t\t\t<\/div>\n\t\t\t\t<\/div>\n\t\t\t\t<section class=\"elementor-section elementor-inner-section elementor-element elementor-element-ff8a220 elementor-section-boxed elementor-section-height-default elementor-section-height-default\" data-id=\"ff8a220\" data-element_type=\"section\" data-e-type=\"section\">\n\t\t\t\t\t\t<div class=\"elementor-container elementor-column-gap-default\">\n\t\t\t\t\t<div class=\"elementor-column elementor-col-50 elementor-inner-column elementor-element elementor-element-7592c6b\" data-id=\"7592c6b\" data-element_type=\"column\" data-e-type=\"column\">\n\t\t\t<div class=\"elementor-widget-wrap elementor-element-populated\">\n\t\t\t\t\t\t<div class=\"elementor-element elementor-element-c925499 elementor-widget elementor-widget-image\" data-id=\"c925499\" data-element_type=\"widget\" data-e-type=\"widget\" data-settings=\"{&quot;sticky&quot;:&quot;top&quot;,&quot;sticky_on&quot;:[&quot;desktop&quot;],&quot;sticky_parent&quot;:&quot;yes&quot;,&quot;sticky_offset&quot;:0,&quot;sticky_effects_offset&quot;:0,&quot;sticky_anchor_link_offset&quot;:0}\" data-widget_type=\"image.default\">\n\t\t\t\t<div class=\"elementor-widget-container\">\n\t\t\t\t\t\t\t\t\t\t\t\t\t\t\t<img fetchpriority=\"high\" decoding=\"async\" width=\"807\" height=\"934\" src=\"https:\/\/www.durocdolives.com\/wp-content\/uploads\/2020\/10\/news-lg-img.jpg\" class=\"attachment-large size-large wp-image-347\" alt=\"Duroc d&#039;Olives Schwein\" srcset=\"https:\/\/www.durocdolives.com\/wp-content\/uploads\/2020\/10\/news-lg-img.jpg.webp 807w, https:\/\/www.durocdolives.com\/wp-content\/uploads\/2020\/10\/news-lg-img-216x250.jpg.webp 216w, https:\/\/www.durocdolives.com\/wp-content\/uploads\/2020\/10\/news-lg-img-600x694.jpg.webp 600w, https:\/\/www.durocdolives.com\/wp-content\/uploads\/2020\/10\/news-lg-img-259x300.jpg.webp 259w, https:\/\/www.durocdolives.com\/wp-content\/uploads\/2020\/10\/news-lg-img-768x889.jpg.webp 768w\" sizes=\"(max-width: 807px) 100vw, 807px\" \/>\t\t\t\t\t\t\t\t\t\t\t\t\t\t\t<\/div>\n\t\t\t\t<\/div>\n\t\t\t\t\t<\/div>\n\t\t<\/div>\n\t\t\t\t<div class=\"elementor-column elementor-col-50 elementor-inner-column elementor-element elementor-element-76c1a7f\" data-id=\"76c1a7f\" data-element_type=\"column\" data-e-type=\"column\">\n\t\t\t<div class=\"elementor-widget-wrap elementor-element-populated\">\n\t\t\t\t\t\t<div class=\"elementor-element elementor-element-c8d4b45 elementor-widget elementor-widget-text-editor\" data-id=\"c8d4b45\" data-element_type=\"widget\" data-e-type=\"widget\" data-widget_type=\"text-editor.default\">\n\t\t\t\t<div class=\"elementor-widget-container\">\n\t\t\t\t\t\t\t\t\t<h3>Erkennbar auf den ersten Blick<\/h3>\n<p>Das Duroc-Schwein unterscheidet sich von seinen Artgenossen durch sein auff\u00e4lliges rotes Fell und die Schlappohren. Doch sind l\u00e4ngst nicht alle Duroc-Schweine rot: Ihre Farbpalette reicht von hellgoldgelb bis zu einem dunklen Mahagonibraun \u2013 einzigartig unter den Hausschweinerassen. Allein das macht das Duroc-Schwein schon so besonders!<\/p>\n<h3>Unklare Herkunft<\/h3>\n<p>Doch woher kommt das Duroc-Schwein? Die Meinungen gehen auseinander. Einigen Quellen zufolge stammt die Rasse aus Afrika und ist mit dem Sklavenhandel nach Amerika gekommen. Andere wiederum meinen, es sei Columbus gewesen, der die Rasse von Amerika nach Neu-Schottland brachte. Eins ist jedoch sicher, unsere Duroc-Schweine stammen von den Red Ducros aus New York und den Jersey Reds aus New Jersey. Und das d\u00fcrfen Sie ruhig glauben&#8230;<\/p>\n<h3>Eine ber\u00fchmte Rasse erobert die Welt<\/h3>\n<p>Bereits im 19. Jahrhundert sorgte das Duroc-Schwein f\u00fcr Aufsehen. Auf der Weltausstellung 1893 in Chicago wurden die Tiere wie echte Stars pr\u00e4sentiert. Das war der Auftakt zu einer weltweiten Erfolgsstory. Die Beliebtheit der Rasse ist seitdem st\u00e4ndig gewachsen.<br \/>\nSeine Nachkommen behielten den Duroc Namen und viele von ihnen erbten seine Farbe, ein schnelles Wachstum und Reife, einen breiten Schinken und eine breite Schulter und einen ruhigen Charakter. Der Duroc war kleiner als der Jersey Red, mit feineren Knochen und einer verbesserten Schlachtk\u00f6rperqualit\u00e4t.<\/p>\n<h3>Duroc d&#8217;Olives: eine einfallsreiche Kreuzung<\/h3>\n<p>Die hervorragende Duroc d&#8217;Olives Fleischqualit\u00e4t, die Sie bei ihrem Metzger finden, ist das Ergebnis der Kreuzung von zwei markanten Tieren. Wir kreuzen das Mutterschein einer f\u00fcr ihre au\u00dfergew\u00f6hnliche Fleischqualit\u00e4t bekannten wei\u00dfen Landrasse mit einem braunroten Duroc-Eber. Duroc-Schweine haben einen h\u00f6heren intramuskul\u00e4ren Fettgehalt, ihr Fleisch ist etwas dunkler, sehr zart und kr\u00e4ftiger im Geschmack. Das Resultat? Eine helle braunrote Kreuzung, die ein k\u00f6stliches, herrlich zartes und saftiges Fleisch garantiert.<\/p>\n<h3>Duroc d&#8217;Olives Rouge: das Geschmackserlebnis einer reinrassigen Duroc<\/h3>\n<p>Fleischliebhabern mit Gourmetanspruch bieten wir das Rouge-Label. Das Etikett steht f\u00fcr Fleisch von hundert Prozent reinrassigen Duroc-Schweinen, mit dem Allerbesten, das diese Rasse zu bieten hat. &#8222;Rouge&#8220; weist sowohl auf die dunkle rotbraune Farbe der Tiere als auch die dunklere Farbe des Fleisches hin. Reines Duroc-Fleisch enth\u00e4lt mehr intramuskul\u00e4res Fett und das schmecken Sie auf Ihrem Teller: Das Fleisch ist feinfaserig, zart und hat einen kr\u00e4ftigen Geschmack. Kein Wunder, dass immer mehr belgische K\u00fcchenchefs sich f\u00fcr dieses Schweinefleisch entscheiden. Duroc d&#8217;Olives Rouge erhalten Sie bei allen guten Metzgern.<\/p>\n\t\t\t\t\t\t\t\t<\/div>\n\t\t\t\t<\/div>\n\t\t\t\t\t<\/div>\n\t\t<\/div>\n\t\t\t\t\t<\/div>\n\t\t<\/section>\n\t\t\t\t\t<\/div>\n\t\t<\/div>\n\t\t\t\t\t<\/div>\n\t\t<\/section>\n\t\t\t\t<\/div>\n\t\t","protected":false},"excerpt":{"rendered":"<p>Das Duroc-Schwein Eine ganz besondere Rasse Erkennbar auf den ersten Blick Das Duroc-Schwein unterscheidet sich von seinen Artgenossen durch sein auff\u00e4lliges rotes Fell und die Schlappohren. Doch sind l\u00e4ngst nicht alle Duroc-Schweine rot: Ihre Farbpalette reicht von hellgoldgelb bis zu einem dunklen Mahagonibraun \u2013 einzigartig unter den Hausschweinerassen. Allein das macht das Duroc-Schwein schon so [&hellip;]<\/p>\n","protected":false},"author":5,"featured_media":0,"parent":8395,"menu_order":0,"comment_status":"closed","ping_status":"closed","template":"elementor_header_footer","meta":{"_acf_changed":false,"inline_featured_image":false,"footnotes":""},"class_list":["post-5998","page","type-page","status-publish","hentry"],"acf":[],"yoast_head":"<!-- This site is optimized with the Yoast SEO plugin v27.4 - https:\/\/yoast.com\/product\/yoast-seo-wordpress\/ -->\n<title>Das Duroc-Schwein: eine ganz besondere Rasse - Duroc d&#039;Olives<\/title>\n<meta name=\"robots\" content=\"index, follow, max-snippet:-1, max-image-preview:large, max-video-preview:-1\" \/>\n<link rel=\"canonical\" href=\"https:\/\/www.durocdolives.com\/nl\/over-duroc-dolives\/het-duroc-varken-een-ras-apart\/\" \/>\n<meta property=\"og:locale\" content=\"de_DE\" \/>\n<meta property=\"og:type\" content=\"article\" \/>\n<meta property=\"og:title\" content=\"Das Duroc-Schwein: eine ganz besondere Rasse - Duroc d&#039;Olives\" \/>\n<meta property=\"og:description\" content=\"Das Duroc-Schwein Eine ganz besondere Rasse Erkennbar auf den ersten Blick Das Duroc-Schwein unterscheidet sich von seinen Artgenossen durch sein auff\u00e4lliges rotes Fell und die Schlappohren. Doch sind l\u00e4ngst nicht alle Duroc-Schweine rot: Ihre Farbpalette reicht von hellgoldgelb bis zu einem dunklen Mahagonibraun \u2013 einzigartig unter den Hausschweinerassen. Allein das macht das Duroc-Schwein schon so [&hellip;]\" \/>\n<meta property=\"og:url\" content=\"https:\/\/www.durocdolives.com\/nl\/over-duroc-dolives\/het-duroc-varken-een-ras-apart\/\" \/>\n<meta property=\"og:site_name\" content=\"Duroc d&#039;Olives\" \/>\n<meta property=\"og:image\" content=\"https:\/\/www.durocdolives.com\/wp-content\/uploads\/2020\/10\/news-lg-img.jpg\" \/>\n<meta name=\"twitter:card\" content=\"summary_large_image\" \/>\n<meta name=\"twitter:label1\" content=\"Gesch\u00e4tzte Lesezeit\" \/>\n\t<meta name=\"twitter:data1\" content=\"2\u00a0Minuten\" \/>\n<script type=\"application\/ld+json\" class=\"yoast-schema-graph\">{\"@context\":\"https:\\\/\\\/schema.org\",\"@graph\":[{\"@type\":\"WebPage\",\"@id\":\"https:\\\/\\\/www.durocdolives.com\\\/nl\\\/over-duroc-dolives\\\/het-duroc-varken-een-ras-apart\\\/\",\"url\":\"https:\\\/\\\/www.durocdolives.com\\\/nl\\\/over-duroc-dolives\\\/het-duroc-varken-een-ras-apart\\\/\",\"name\":\"Das Duroc-Schwein: eine ganz besondere Rasse - Duroc d&#039;Olives\",\"isPartOf\":{\"@id\":\"https:\\\/\\\/www.durocdolives.com\\\/nl\\\/#website\"},\"primaryImageOfPage\":{\"@id\":\"https:\\\/\\\/www.durocdolives.com\\\/nl\\\/over-duroc-dolives\\\/het-duroc-varken-een-ras-apart\\\/#primaryimage\"},\"image\":{\"@id\":\"https:\\\/\\\/www.durocdolives.com\\\/nl\\\/over-duroc-dolives\\\/het-duroc-varken-een-ras-apart\\\/#primaryimage\"},\"thumbnailUrl\":\"https:\\\/\\\/www.durocdolives.com\\\/wp-content\\\/uploads\\\/2020\\\/10\\\/news-lg-img.jpg\",\"datePublished\":\"2021-01-17T10:46:26+00:00\",\"breadcrumb\":{\"@id\":\"https:\\\/\\\/www.durocdolives.com\\\/nl\\\/over-duroc-dolives\\\/het-duroc-varken-een-ras-apart\\\/#breadcrumb\"},\"inLanguage\":\"de\",\"potentialAction\":[{\"@type\":\"ReadAction\",\"target\":[\"https:\\\/\\\/www.durocdolives.com\\\/nl\\\/over-duroc-dolives\\\/het-duroc-varken-een-ras-apart\\\/\"]}]},{\"@type\":\"ImageObject\",\"inLanguage\":\"de\",\"@id\":\"https:\\\/\\\/www.durocdolives.com\\\/nl\\\/over-duroc-dolives\\\/het-duroc-varken-een-ras-apart\\\/#primaryimage\",\"url\":\"https:\\\/\\\/www.durocdolives.com\\\/wp-content\\\/uploads\\\/2020\\\/10\\\/news-lg-img.jpg\",\"contentUrl\":\"https:\\\/\\\/www.durocdolives.com\\\/wp-content\\\/uploads\\\/2020\\\/10\\\/news-lg-img.jpg\"},{\"@type\":\"BreadcrumbList\",\"@id\":\"https:\\\/\\\/www.durocdolives.com\\\/nl\\\/over-duroc-dolives\\\/het-duroc-varken-een-ras-apart\\\/#breadcrumb\",\"itemListElement\":[{\"@type\":\"ListItem\",\"position\":1,\"name\":\"Home\",\"item\":\"https:\\\/\\\/www.durocdolives.com\\\/nl\\\/\"},{\"@type\":\"ListItem\",\"position\":2,\"name\":\"\u00dcber Duroc d&#8217;Olives\",\"item\":\"https:\\\/\\\/www.durocdolives.com\\\/nl\\\/over-duroc-dolives\\\/\"},{\"@type\":\"ListItem\",\"position\":3,\"name\":\"Das Duroc-Schwein: eine ganz besondere Rasse\"}]},{\"@type\":\"WebSite\",\"@id\":\"https:\\\/\\\/www.durocdolives.com\\\/nl\\\/#website\",\"url\":\"https:\\\/\\\/www.durocdolives.com\\\/nl\\\/\",\"name\":\"Duroc d&#039;Olives\",\"description\":\"Heerlijk, kwalitatief varkensvlees\",\"publisher\":{\"@id\":\"https:\\\/\\\/www.durocdolives.com\\\/nl\\\/#organization\"},\"potentialAction\":[{\"@type\":\"SearchAction\",\"target\":{\"@type\":\"EntryPoint\",\"urlTemplate\":\"https:\\\/\\\/www.durocdolives.com\\\/nl\\\/?s={search_term_string}\"},\"query-input\":{\"@type\":\"PropertyValueSpecification\",\"valueRequired\":true,\"valueName\":\"search_term_string\"}}],\"inLanguage\":\"de\"},{\"@type\":\"Organization\",\"@id\":\"https:\\\/\\\/www.durocdolives.com\\\/nl\\\/#organization\",\"name\":\"durocdolives\",\"url\":\"https:\\\/\\\/www.durocdolives.com\\\/nl\\\/\",\"logo\":{\"@type\":\"ImageObject\",\"inLanguage\":\"de\",\"@id\":\"https:\\\/\\\/www.durocdolives.com\\\/nl\\\/#\\\/schema\\\/logo\\\/image\\\/\",\"url\":\"https:\\\/\\\/www.durocdolives.com\\\/wp-content\\\/uploads\\\/2020\\\/10\\\/logo.svg\",\"contentUrl\":\"https:\\\/\\\/www.durocdolives.com\\\/wp-content\\\/uploads\\\/2020\\\/10\\\/logo.svg\",\"width\":122,\"height\":122,\"caption\":\"durocdolives\"},\"image\":{\"@id\":\"https:\\\/\\\/www.durocdolives.com\\\/nl\\\/#\\\/schema\\\/logo\\\/image\\\/\"}}]}<\/script>\n<!-- \/ Yoast SEO plugin. -->","yoast_head_json":{"title":"Das Duroc-Schwein: eine ganz besondere Rasse - Duroc d&#039;Olives","robots":{"index":"index","follow":"follow","max-snippet":"max-snippet:-1","max-image-preview":"max-image-preview:large","max-video-preview":"max-video-preview:-1"},"canonical":"https:\/\/www.durocdolives.com\/nl\/over-duroc-dolives\/het-duroc-varken-een-ras-apart\/","og_locale":"de_DE","og_type":"article","og_title":"Das Duroc-Schwein: eine ganz besondere Rasse - Duroc d&#039;Olives","og_description":"Das Duroc-Schwein Eine ganz besondere Rasse Erkennbar auf den ersten Blick Das Duroc-Schwein unterscheidet sich von seinen Artgenossen durch sein auff\u00e4lliges rotes Fell und die Schlappohren. Doch sind l\u00e4ngst nicht alle Duroc-Schweine rot: Ihre Farbpalette reicht von hellgoldgelb bis zu einem dunklen Mahagonibraun \u2013 einzigartig unter den Hausschweinerassen. Allein das macht das Duroc-Schwein schon so [&hellip;]","og_url":"https:\/\/www.durocdolives.com\/nl\/over-duroc-dolives\/het-duroc-varken-een-ras-apart\/","og_site_name":"Duroc d&#039;Olives","og_image":[{"url":"https:\/\/www.durocdolives.com\/wp-content\/uploads\/2020\/10\/news-lg-img.jpg","type":"","width":"","height":""}],"twitter_card":"summary_large_image","twitter_misc":{"Gesch\u00e4tzte Lesezeit":"2\u00a0Minuten"},"schema":{"@context":"https:\/\/schema.org","@graph":[{"@type":"WebPage","@id":"https:\/\/www.durocdolives.com\/nl\/over-duroc-dolives\/het-duroc-varken-een-ras-apart\/","url":"https:\/\/www.durocdolives.com\/nl\/over-duroc-dolives\/het-duroc-varken-een-ras-apart\/","name":"Das Duroc-Schwein: eine ganz besondere Rasse - Duroc d&#039;Olives","isPartOf":{"@id":"https:\/\/www.durocdolives.com\/nl\/#website"},"primaryImageOfPage":{"@id":"https:\/\/www.durocdolives.com\/nl\/over-duroc-dolives\/het-duroc-varken-een-ras-apart\/#primaryimage"},"image":{"@id":"https:\/\/www.durocdolives.com\/nl\/over-duroc-dolives\/het-duroc-varken-een-ras-apart\/#primaryimage"},"thumbnailUrl":"https:\/\/www.durocdolives.com\/wp-content\/uploads\/2020\/10\/news-lg-img.jpg","datePublished":"2021-01-17T10:46:26+00:00","breadcrumb":{"@id":"https:\/\/www.durocdolives.com\/nl\/over-duroc-dolives\/het-duroc-varken-een-ras-apart\/#breadcrumb"},"inLanguage":"de","potentialAction":[{"@type":"ReadAction","target":["https:\/\/www.durocdolives.com\/nl\/over-duroc-dolives\/het-duroc-varken-een-ras-apart\/"]}]},{"@type":"ImageObject","inLanguage":"de","@id":"https:\/\/www.durocdolives.com\/nl\/over-duroc-dolives\/het-duroc-varken-een-ras-apart\/#primaryimage","url":"https:\/\/www.durocdolives.com\/wp-content\/uploads\/2020\/10\/news-lg-img.jpg","contentUrl":"https:\/\/www.durocdolives.com\/wp-content\/uploads\/2020\/10\/news-lg-img.jpg"},{"@type":"BreadcrumbList","@id":"https:\/\/www.durocdolives.com\/nl\/over-duroc-dolives\/het-duroc-varken-een-ras-apart\/#breadcrumb","itemListElement":[{"@type":"ListItem","position":1,"name":"Home","item":"https:\/\/www.durocdolives.com\/nl\/"},{"@type":"ListItem","position":2,"name":"\u00dcber Duroc d&#8217;Olives","item":"https:\/\/www.durocdolives.com\/nl\/over-duroc-dolives\/"},{"@type":"ListItem","position":3,"name":"Das Duroc-Schwein: eine ganz besondere Rasse"}]},{"@type":"WebSite","@id":"https:\/\/www.durocdolives.com\/nl\/#website","url":"https:\/\/www.durocdolives.com\/nl\/","name":"Duroc d&#039;Olives","description":"Heerlijk, kwalitatief varkensvlees","publisher":{"@id":"https:\/\/www.durocdolives.com\/nl\/#organization"},"potentialAction":[{"@type":"SearchAction","target":{"@type":"EntryPoint","urlTemplate":"https:\/\/www.durocdolives.com\/nl\/?s={search_term_string}"},"query-input":{"@type":"PropertyValueSpecification","valueRequired":true,"valueName":"search_term_string"}}],"inLanguage":"de"},{"@type":"Organization","@id":"https:\/\/www.durocdolives.com\/nl\/#organization","name":"durocdolives","url":"https:\/\/www.durocdolives.com\/nl\/","logo":{"@type":"ImageObject","inLanguage":"de","@id":"https:\/\/www.durocdolives.com\/nl\/#\/schema\/logo\/image\/","url":"https:\/\/www.durocdolives.com\/wp-content\/uploads\/2020\/10\/logo.svg","contentUrl":"https:\/\/www.durocdolives.com\/wp-content\/uploads\/2020\/10\/logo.svg","width":122,"height":122,"caption":"durocdolives"},"image":{"@id":"https:\/\/www.durocdolives.com\/nl\/#\/schema\/logo\/image\/"}}]}},"_links":{"self":[{"href":"https:\/\/www.durocdolives.com\/de\/wp-json\/wp\/v2\/pages\/5998","targetHints":{"allow":["GET"]}}],"collection":[{"href":"https:\/\/www.durocdolives.com\/de\/wp-json\/wp\/v2\/pages"}],"about":[{"href":"https:\/\/www.durocdolives.com\/de\/wp-json\/wp\/v2\/types\/page"}],"author":[{"embeddable":true,"href":"https:\/\/www.durocdolives.com\/de\/wp-json\/wp\/v2\/users\/5"}],"replies":[{"embeddable":true,"href":"https:\/\/www.durocdolives.com\/de\/wp-json\/wp\/v2\/comments?post=5998"}],"version-history":[{"count":0,"href":"https:\/\/www.durocdolives.com\/de\/wp-json\/wp\/v2\/pages\/5998\/revisions"}],"up":[{"embeddable":true,"href":"https:\/\/www.durocdolives.com\/de\/wp-json\/wp\/v2\/pages\/8395"}],"wp:attachment":[{"href":"https:\/\/www.durocdolives.com\/de\/wp-json\/wp\/v2\/media?parent=5998"}],"curies":[{"name":"wp","href":"https:\/\/api.w.org\/{rel}","templated":true}]}}