{"id":11086,"date":"2021-04-13T11:42:24","date_gmt":"2021-04-13T11:42:24","guid":{"rendered":"https:\/\/www.durocdolives.com\/cookie-richtlinie-2\/"},"modified":"2021-04-13T11:42:24","modified_gmt":"2021-04-13T11:42:24","slug":"cookie-richtlinie-2","status":"publish","type":"page","link":"https:\/\/www.durocdolives.com\/de\/cookie-richtlinie-2\/","title":{"rendered":"Cookie-Richtlinie"},"content":{"rendered":"\t\t<div data-elementor-type=\"wp-page\" data-elementor-id=\"11086\" class=\"elementor elementor-11086 elementor-193\" data-elementor-post-type=\"page\">\n\t\t\t\t\t\t<section class=\"elementor-section elementor-top-section elementor-element elementor-element-f9d80cd elementor-section-boxed elementor-section-height-default elementor-section-height-default\" data-id=\"f9d80cd\" data-element_type=\"section\" data-e-type=\"section\">\n\t\t\t\t\t\t<div class=\"elementor-container elementor-column-gap-default\">\n\t\t\t\t\t<div class=\"elementor-column elementor-col-100 elementor-top-column elementor-element elementor-element-0e576eb\" data-id=\"0e576eb\" data-element_type=\"column\" data-e-type=\"column\">\n\t\t\t<div class=\"elementor-widget-wrap elementor-element-populated\">\n\t\t\t\t\t\t<div class=\"elementor-element elementor-element-1ecbe7d elementor-widget elementor-widget-text-editor\" data-id=\"1ecbe7d\" data-element_type=\"widget\" data-e-type=\"widget\" data-widget_type=\"text-editor.default\">\n\t\t\t\t<div class=\"elementor-widget-container\">\n\t\t\t\t\t\t\t\t\t<p>Cookies<br \/>\nEin Cookie ist eine kleine Textdatei, die auf der Festplatte Ihres Computers oder mobilen Ger\u00e4ts abgelegt wird, wenn Sie eine Website besuchen. Das Cookie wird von der Website selbst (&#8222;First Party Cookies&#8220;) oder von Partnern der Website (&#8222;Third Party Cookies&#8220;) auf Ihrem Ger\u00e4t platziert. Das Cookie verwendet eine eindeutige Identifikationsnummer, um Ihr Ger\u00e4t zu erkennen, wenn Sie auf die Website zur\u00fcckkehren, und sammelt Informationen \u00fcber Ihre Surfgewohnheiten.<\/p>\n<p>Es gibt verschiedene Arten von Cookies. Wir unterscheiden folgende Cookies nach ihrem Zweck: Es gibt essentielle oder unbedingt notwendige Cookies und nicht-essentielle Cookies (funktionale, analytische und zielgerichtete Cookies).<\/p>\n<p>Das belgische Gesetz \u00fcber elektronische Kommunikation vom 13. Juni 2005 enth\u00e4lt eine Reihe von Bestimmungen in Bezug auf Cookies und deren Verwendung auf Websites. Das Gesetz ist eine Umsetzung der europ\u00e4ischen e-Privacy-Richtlinie, was bedeutet, dass die Cookie-Gesetzgebung in anderen europ\u00e4ischen Mitgliedsstaaten unterschiedlich umgesetzt werden kann. DUROC D&#8217;OLIVES befindet sich in Belgien und befolgt daher die belgische und europ\u00e4ische Gesetzgebung zu Cookies.<\/p>\n<p>Zweck und Nutzen von Cookies<br \/>\nDurch den Besuch der Website k\u00f6nnen Sie der Platzierung von Cookies zustimmen. Cookies helfen DUROC D&#8217;OLIVES, Ihren Besuch auf der Website zu optimieren und Ihnen ein optimales Nutzungserlebnis zu bieten. Es steht Ihnen jedoch frei, Cookies jederzeit zu l\u00f6schen oder einzuschr\u00e4nken, indem Sie Ihre Browsereinstellungen \u00e4ndern (siehe &#8222;Verwalten von Cookies&#8220;).<\/p>\n<p>Die Deaktivierung von Cookies kann die Funktion der Website beeintr\u00e4chtigen. Einige Funktionen der Website k\u00f6nnen eingeschr\u00e4nkt oder unzug\u00e4nglich sein. Wenn Sie sich entscheiden, Cookies zu deaktivieren, k\u00f6nnen wir keinen reibungslosen und optimalen Besuch auf unserer Website garantieren.<\/p>\n<p>Arten von Cookies, die von DUROC D&#8217;OLIVES verwendet werden<br \/>\nWir unterscheiden zwischen den folgenden Arten von Cookies:<\/p>\n<p>Streng notwendige Cookies:<br \/>\nDiese Cookies sind f\u00fcr die Funktion der Website notwendig und k\u00f6nnen in unseren Systemen nicht deaktiviert werden. Sie werden in der Regel nur als Reaktion auf von Ihnen gesetzte Aktionen gesetzt, wie z. B. das Einstellen Ihrer Datenschutzeinstellungen, das Einloggen oder das Ausf\u00fcllen von Formularen.<\/p>\n<p>Nicht-essentielle Cookies:<br \/>\nDiese Cookies sind an sich nicht notwendig, damit die Website funktioniert, helfen uns aber, eine verbesserte und personalisierte Website anzubieten.<\/p>\n<p>Funktionale Cookies:<br \/>\nDiese Cookies erm\u00f6glichen es der Website, verbesserte Funktionalit\u00e4t und Personalisierung zu bieten. Sie k\u00f6nnen von uns oder von Drittanbietern, deren Dienste wir auf unseren Seiten eingebunden haben, gesetzt werden.<\/p>\n<p>Analytische Cookies:<br \/>\nDiese Cookies erm\u00f6glichen es uns, Besuche und Verkehr zu verfolgen, damit wir die Leistung unserer Website messen und verbessern k\u00f6nnen. Sie helfen uns zu wissen, welche Seiten am beliebtesten und am unbeliebtesten sind und wie sich die Besucher durch die Website bewegen.<\/p>\n<p>Zielgerichtete Cookies:<br \/>\nDiese Cookies k\u00f6nnen von unseren Werbepartnern \u00fcber unsere Website gesetzt werden. Sie k\u00f6nnen von diesen Unternehmen verwendet werden, um ein Profil Ihrer Interessen zu erstellen und Ihnen relevante Werbung auf anderen Websites anzuzeigen.<\/p>\n<p>Wir verwenden sowohl unsere eigenen Cookies (&#8222;First Party Cookies&#8220;) als auch Cookies von sorgf\u00e4ltig ausgew\u00e4hlten Partnern, mit denen wir zusammenarbeiten (&#8222;Third Party Cookies&#8220;).<\/p>\n<p>Cookies der ersten Partei:<\/p>\n<p>Domain-Name:<\/p>\n<p>Cookie-Name<\/p>\n<p>Typ des Cookies<\/p>\n<p>Vorhaltezeit<\/p>\n<p>&nbsp;<\/p>\n<p>&nbsp;<\/p>\n<p>&nbsp;<\/p>\n<p>&nbsp;<\/p>\n<p>&nbsp;<\/p>\n<p>&nbsp;<\/p>\n<p>Cookies von Dritten:<\/p>\n<p>Domain-Name:<\/p>\n<p>Cookie-Name<\/p>\n<p>Cookie-Typ<\/p>\n<p>Vorhaltezeit<\/p>\n<p>&nbsp;<\/p>\n<p>&nbsp;<\/p>\n<p>&nbsp;<\/p>\n<p>&nbsp;<\/p>\n<p>Domain-Name:<\/p>\n<p>Cookie-Name<\/p>\n<p>Cookie-Typ<\/p>\n<p>Aufbewahrungsfrist<\/p>\n<p>&nbsp;<\/p>\n<p>&nbsp;<\/p>\n<p>&nbsp;<\/p>\n<p>&nbsp;<\/p>\n<p>&nbsp;<\/p>\n<p>&nbsp;<\/p>\n<p>&nbsp;<\/p>\n<p>&nbsp;<\/p>\n<p>Bitte lesen Sie unsere Datenschutzerkl\u00e4rung f\u00fcr weitere Informationen zur Verarbeitung personenbezogener Daten durch DUROC D&#8217;OLIVES.<\/p>\n<p>Verwaltung von Cookies<br \/>\nStellen Sie sicher, dass Cookies in Ihrem Webbrowser aktiviert sind. Wenn Sie die DUROC D&#8217;OLIVES Website nutzen m\u00f6chten, empfehlen wir Ihnen, Cookies zu aktivieren. Es steht Ihnen jedoch frei, Cookies \u00fcber Ihre Browsereinstellungen zu deaktivieren, wenn Sie dies w\u00fcnschen.<\/p>\n<p>Um Cookies zu aktivieren oder zu deaktivieren, m\u00fcssen Sie Ihre Browsereinstellungen \u00e4ndern (\u00fcber die Registerkarte &#8222;Einstellungen&#8220; oder &#8222;Optionen&#8220;). Unter den folgenden Links finden Sie weitere Informationen zur Verwaltung von Cookies. Sie k\u00f6nnen auch die Registerkarte &#8222;Hilfe&#8220; Ihres Browsers aufrufen.<\/p>\n<p>L\u00f6schen und Verwalten von Cookies im Internet Explorer<br \/>\nCookies in Mozilla Firefox l\u00f6schen und verwalten<br \/>\nL\u00f6schen und Verwalten von Cookies in Chrome<br \/>\nL\u00f6schen und Verwalten von Cookies in Safari<br \/>\nRechte der Besucher<br \/>\nDa Cookies eine Verarbeitung personenbezogener Daten darstellen k\u00f6nnen, haben Sie als betroffene Person das Recht auf eine rechtm\u00e4\u00dfige und sichere Verarbeitung Ihrer personenbezogenen Daten. Weitere Informationen \u00fcber die Art und Weise, wie wir Ihre personenbezogenen Daten erfassen und verarbeiten, sowie \u00fcber Ihre Rechte finden Sie in unserer Datenschutzerkl\u00e4rung.<\/p>\n<p>Kontakt<br \/>\nSollten Sie nach dem Lesen unserer Cookie-Richtlinie noch Fragen oder Anmerkungen zu Cookies haben, k\u00f6nnen Sie uns jederzeit \u00fcber info@durocdolives.be kontaktieren.<\/p>\n\t\t\t\t\t\t\t\t<\/div>\n\t\t\t\t<\/div>\n\t\t\t\t\t<\/div>\n\t\t<\/div>\n\t\t\t\t\t<\/div>\n\t\t<\/section>\n\t\t\t\t<\/div>\n\t\t","protected":false},"excerpt":{"rendered":"<p>Cookies Ein Cookie ist eine kleine Textdatei, die auf der Festplatte Ihres Computers oder mobilen Ger\u00e4ts abgelegt wird, wenn Sie eine Website besuchen. Das Cookie wird von der Website selbst (&#8222;First Party Cookies&#8220;) oder von Partnern der Website (&#8222;Third Party Cookies&#8220;) auf Ihrem Ger\u00e4t platziert. Das Cookie verwendet eine eindeutige Identifikationsnummer, um Ihr Ger\u00e4t zu [&hellip;]<\/p>\n","protected":false},"author":3,"featured_media":0,"parent":0,"menu_order":0,"comment_status":"closed","ping_status":"closed","template":"","meta":{"_acf_changed":false,"inline_featured_image":false,"footnotes":""},"class_list":["post-11086","page","type-page","status-publish","hentry"],"acf":[],"yoast_head":"<!-- This site is optimized with the Yoast SEO plugin v27.4 - https:\/\/yoast.com\/product\/yoast-seo-wordpress\/ -->\n<title>Cookie-Richtlinie - Duroc d&#039;Olives<\/title>\n<meta name=\"robots\" content=\"index, follow, max-snippet:-1, max-image-preview:large, max-video-preview:-1\" \/>\n<link rel=\"canonical\" href=\"https:\/\/www.durocdolives.com\/de\/cookie-richtlinie-2\/\" \/>\n<meta property=\"og:locale\" content=\"de_DE\" \/>\n<meta property=\"og:type\" content=\"article\" \/>\n<meta property=\"og:title\" content=\"Cookie-Richtlinie - Duroc d&#039;Olives\" \/>\n<meta property=\"og:description\" content=\"Cookies Ein Cookie ist eine kleine Textdatei, die auf der Festplatte Ihres Computers oder mobilen Ger\u00e4ts abgelegt wird, wenn Sie eine Website besuchen. Das Cookie wird von der Website selbst (&#8222;First Party Cookies&#8220;) oder von Partnern der Website (&#8222;Third Party Cookies&#8220;) auf Ihrem Ger\u00e4t platziert. Das Cookie verwendet eine eindeutige Identifikationsnummer, um Ihr Ger\u00e4t zu [&hellip;]\" \/>\n<meta property=\"og:url\" content=\"https:\/\/www.durocdolives.com\/de\/cookie-richtlinie-2\/\" \/>\n<meta property=\"og:site_name\" content=\"Duroc d&#039;Olives\" \/>\n<meta name=\"twitter:card\" content=\"summary_large_image\" \/>\n<meta name=\"twitter:label1\" content=\"Gesch\u00e4tzte Lesezeit\" \/>\n\t<meta name=\"twitter:data1\" content=\"4\u00a0Minuten\" \/>\n<script type=\"application\/ld+json\" class=\"yoast-schema-graph\">{\"@context\":\"https:\\\/\\\/schema.org\",\"@graph\":[{\"@type\":\"WebPage\",\"@id\":\"https:\\\/\\\/www.durocdolives.com\\\/de\\\/cookie-richtlinie-2\\\/\",\"url\":\"https:\\\/\\\/www.durocdolives.com\\\/de\\\/cookie-richtlinie-2\\\/\",\"name\":\"Cookie-Richtlinie - Duroc d&#039;Olives\",\"isPartOf\":{\"@id\":\"https:\\\/\\\/www.durocdolives.com\\\/nl\\\/#website\"},\"datePublished\":\"2021-04-13T11:42:24+00:00\",\"breadcrumb\":{\"@id\":\"https:\\\/\\\/www.durocdolives.com\\\/de\\\/cookie-richtlinie-2\\\/#breadcrumb\"},\"inLanguage\":\"de\",\"potentialAction\":[{\"@type\":\"ReadAction\",\"target\":[\"https:\\\/\\\/www.durocdolives.com\\\/de\\\/cookie-richtlinie-2\\\/\"]}]},{\"@type\":\"BreadcrumbList\",\"@id\":\"https:\\\/\\\/www.durocdolives.com\\\/de\\\/cookie-richtlinie-2\\\/#breadcrumb\",\"itemListElement\":[{\"@type\":\"ListItem\",\"position\":1,\"name\":\"Home\",\"item\":\"https:\\\/\\\/www.durocdolives.com\\\/nl\\\/\"},{\"@type\":\"ListItem\",\"position\":2,\"name\":\"Cookie-Richtlinie\"}]},{\"@type\":\"WebSite\",\"@id\":\"https:\\\/\\\/www.durocdolives.com\\\/nl\\\/#website\",\"url\":\"https:\\\/\\\/www.durocdolives.com\\\/nl\\\/\",\"name\":\"Duroc d&#039;Olives\",\"description\":\"Heerlijk, kwalitatief varkensvlees\",\"publisher\":{\"@id\":\"https:\\\/\\\/www.durocdolives.com\\\/nl\\\/#organization\"},\"potentialAction\":[{\"@type\":\"SearchAction\",\"target\":{\"@type\":\"EntryPoint\",\"urlTemplate\":\"https:\\\/\\\/www.durocdolives.com\\\/nl\\\/?s={search_term_string}\"},\"query-input\":{\"@type\":\"PropertyValueSpecification\",\"valueRequired\":true,\"valueName\":\"search_term_string\"}}],\"inLanguage\":\"de\"},{\"@type\":\"Organization\",\"@id\":\"https:\\\/\\\/www.durocdolives.com\\\/nl\\\/#organization\",\"name\":\"durocdolives\",\"url\":\"https:\\\/\\\/www.durocdolives.com\\\/nl\\\/\",\"logo\":{\"@type\":\"ImageObject\",\"inLanguage\":\"de\",\"@id\":\"https:\\\/\\\/www.durocdolives.com\\\/nl\\\/#\\\/schema\\\/logo\\\/image\\\/\",\"url\":\"https:\\\/\\\/www.durocdolives.com\\\/wp-content\\\/uploads\\\/2020\\\/10\\\/logo.svg\",\"contentUrl\":\"https:\\\/\\\/www.durocdolives.com\\\/wp-content\\\/uploads\\\/2020\\\/10\\\/logo.svg\",\"width\":122,\"height\":122,\"caption\":\"durocdolives\"},\"image\":{\"@id\":\"https:\\\/\\\/www.durocdolives.com\\\/nl\\\/#\\\/schema\\\/logo\\\/image\\\/\"}}]}<\/script>\n<!-- \/ Yoast SEO plugin. -->","yoast_head_json":{"title":"Cookie-Richtlinie - Duroc d&#039;Olives","robots":{"index":"index","follow":"follow","max-snippet":"max-snippet:-1","max-image-preview":"max-image-preview:large","max-video-preview":"max-video-preview:-1"},"canonical":"https:\/\/www.durocdolives.com\/de\/cookie-richtlinie-2\/","og_locale":"de_DE","og_type":"article","og_title":"Cookie-Richtlinie - Duroc d&#039;Olives","og_description":"Cookies Ein Cookie ist eine kleine Textdatei, die auf der Festplatte Ihres Computers oder mobilen Ger\u00e4ts abgelegt wird, wenn Sie eine Website besuchen. Das Cookie wird von der Website selbst (&#8222;First Party Cookies&#8220;) oder von Partnern der Website (&#8222;Third Party Cookies&#8220;) auf Ihrem Ger\u00e4t platziert. Das Cookie verwendet eine eindeutige Identifikationsnummer, um Ihr Ger\u00e4t zu [&hellip;]","og_url":"https:\/\/www.durocdolives.com\/de\/cookie-richtlinie-2\/","og_site_name":"Duroc d&#039;Olives","twitter_card":"summary_large_image","twitter_misc":{"Gesch\u00e4tzte Lesezeit":"4\u00a0Minuten"},"schema":{"@context":"https:\/\/schema.org","@graph":[{"@type":"WebPage","@id":"https:\/\/www.durocdolives.com\/de\/cookie-richtlinie-2\/","url":"https:\/\/www.durocdolives.com\/de\/cookie-richtlinie-2\/","name":"Cookie-Richtlinie - Duroc d&#039;Olives","isPartOf":{"@id":"https:\/\/www.durocdolives.com\/nl\/#website"},"datePublished":"2021-04-13T11:42:24+00:00","breadcrumb":{"@id":"https:\/\/www.durocdolives.com\/de\/cookie-richtlinie-2\/#breadcrumb"},"inLanguage":"de","potentialAction":[{"@type":"ReadAction","target":["https:\/\/www.durocdolives.com\/de\/cookie-richtlinie-2\/"]}]},{"@type":"BreadcrumbList","@id":"https:\/\/www.durocdolives.com\/de\/cookie-richtlinie-2\/#breadcrumb","itemListElement":[{"@type":"ListItem","position":1,"name":"Home","item":"https:\/\/www.durocdolives.com\/nl\/"},{"@type":"ListItem","position":2,"name":"Cookie-Richtlinie"}]},{"@type":"WebSite","@id":"https:\/\/www.durocdolives.com\/nl\/#website","url":"https:\/\/www.durocdolives.com\/nl\/","name":"Duroc d&#039;Olives","description":"Heerlijk, kwalitatief varkensvlees","publisher":{"@id":"https:\/\/www.durocdolives.com\/nl\/#organization"},"potentialAction":[{"@type":"SearchAction","target":{"@type":"EntryPoint","urlTemplate":"https:\/\/www.durocdolives.com\/nl\/?s={search_term_string}"},"query-input":{"@type":"PropertyValueSpecification","valueRequired":true,"valueName":"search_term_string"}}],"inLanguage":"de"},{"@type":"Organization","@id":"https:\/\/www.durocdolives.com\/nl\/#organization","name":"durocdolives","url":"https:\/\/www.durocdolives.com\/nl\/","logo":{"@type":"ImageObject","inLanguage":"de","@id":"https:\/\/www.durocdolives.com\/nl\/#\/schema\/logo\/image\/","url":"https:\/\/www.durocdolives.com\/wp-content\/uploads\/2020\/10\/logo.svg","contentUrl":"https:\/\/www.durocdolives.com\/wp-content\/uploads\/2020\/10\/logo.svg","width":122,"height":122,"caption":"durocdolives"},"image":{"@id":"https:\/\/www.durocdolives.com\/nl\/#\/schema\/logo\/image\/"}}]}},"_links":{"self":[{"href":"https:\/\/www.durocdolives.com\/de\/wp-json\/wp\/v2\/pages\/11086","targetHints":{"allow":["GET"]}}],"collection":[{"href":"https:\/\/www.durocdolives.com\/de\/wp-json\/wp\/v2\/pages"}],"about":[{"href":"https:\/\/www.durocdolives.com\/de\/wp-json\/wp\/v2\/types\/page"}],"author":[{"embeddable":true,"href":"https:\/\/www.durocdolives.com\/de\/wp-json\/wp\/v2\/users\/3"}],"replies":[{"embeddable":true,"href":"https:\/\/www.durocdolives.com\/de\/wp-json\/wp\/v2\/comments?post=11086"}],"version-history":[{"count":0,"href":"https:\/\/www.durocdolives.com\/de\/wp-json\/wp\/v2\/pages\/11086\/revisions"}],"wp:attachment":[{"href":"https:\/\/www.durocdolives.com\/de\/wp-json\/wp\/v2\/media?parent=11086"}],"curies":[{"name":"wp","href":"https:\/\/api.w.org\/{rel}","templated":true}]}}