{"id":11082,"date":"2021-04-13T11:41:12","date_gmt":"2021-04-13T11:41:12","guid":{"rendered":"https:\/\/www.durocdolives.com\/cookie-richtlinie\/"},"modified":"2021-04-13T11:56:49","modified_gmt":"2021-04-13T11:56:49","slug":"cookie-richtlinie","status":"publish","type":"page","link":"https:\/\/www.durocdolives.com\/de\/cookie-richtlinie\/","title":{"rendered":"Datenschutzrichtlinie"},"content":{"rendered":"\t\t<div data-elementor-type=\"wp-page\" data-elementor-id=\"11082\" class=\"elementor elementor-11082 elementor-190\" data-elementor-post-type=\"page\">\n\t\t\t\t\t\t<section class=\"elementor-section elementor-top-section elementor-element elementor-element-47abd59e elementor-section-boxed elementor-section-height-default elementor-section-height-default\" data-id=\"47abd59e\" data-element_type=\"section\" data-e-type=\"section\">\n\t\t\t\t\t\t<div class=\"elementor-container elementor-column-gap-default\">\n\t\t\t\t\t<div class=\"elementor-column elementor-col-100 elementor-top-column elementor-element elementor-element-72ebfedc\" data-id=\"72ebfedc\" data-element_type=\"column\" data-e-type=\"column\">\n\t\t\t<div class=\"elementor-widget-wrap elementor-element-populated\">\n\t\t\t\t\t\t<div class=\"elementor-element elementor-element-57e8c4b6 elementor-widget elementor-widget-text-editor\" data-id=\"57e8c4b6\" data-element_type=\"widget\" data-e-type=\"widget\" data-widget_type=\"text-editor.default\">\n\t\t\t\t<div class=\"elementor-widget-container\">\n\t\t\t\t\t\t\t\t\t<ul><li>Die Website www.durocdolives.com (im Folgenden &#8222;Website&#8220; genannt) wird angeboten von:<\/li><\/ul><p>Duroc d&#8217;Olives sprl (im Folgenden &#8222;DUROC D&#8217;OLIVES&#8220;, &#8222;Wir&#8220; und &#8222;Uns&#8220;)<\/p><p>Smalle Heerweg 160<\/p><p>9080 Lochristi<\/p><p>Belgien<\/p><p>MEHRWERTSTEUER BE 0841.219.632<\/p><p>E-Mail: info@durocdolives.be<\/p><h3>Warum diese Erkl\u00e4rung zum Datenschutz?<\/h3><p>Jede Person, die die Website besucht (nachfolgend &#8222;Besucher&#8220;) und jede Person, die unsere Dienste in Anspruch nimmt (nachfolgend &#8222;Kunde&#8220;), gibt fast zwangsl\u00e4ufig bestimmte pers\u00f6nliche Daten preis. Diese personenbezogenen Daten stellen Informationen dar, die es uns erm\u00f6glichen, Sie als nat\u00fcrliche Person zu identifizieren, unabh\u00e4ngig davon, ob wir dies tats\u00e4chlich tun. Sie sind identifizierbar, sobald es m\u00f6glich ist, eine direkte oder indirekte Verbindung zwischen einem oder mehreren personenbezogenen Daten und Ihnen als nat\u00fcrliche Person herzustellen. Der Besucher und der Kunde werden im Folgenden auch gemeinsam als &#8222;betroffene Person&#8220; bezeichnet.<\/p><p>Wir nutzen und verarbeiten Ihre personenbezogenen Daten in \u00dcbereinstimmung mit der GDPR und anderen relevanten gesetzlichen Bestimmungen. Jeder Verweis in dieser Datenschutzerkl\u00e4rung auf die GDPR ist ein Verweis auf die Verordnung vom 27. April 2016 zum Schutz nat\u00fcrlicher Personen bei der Verarbeitung personenbezogener Daten und zum freien Datenverkehr (Allgemeine Datenschutzverordnung).<\/p><p>Durch diese Datenschutzerkl\u00e4rung wird jede betroffene Person dar\u00fcber informiert, welche Verarbeitungen DUROC D&#8217;OLIVES mit ihren personenbezogenen Daten vornehmen darf. DUROC D&#8217;OLIVES beh\u00e4lt sich das Recht vor, diese Datenschutzbestimmungen jederzeit zu \u00e4ndern. Jede wesentliche \u00c4nderung wird der betroffenen Person deutlich mitgeteilt. Wir empfehlen der betroffenen Person, dieses Dokument regelm\u00e4\u00dfig zu konsultieren.<\/p><p>\u00a0<\/p><h3>Wer verarbeitet Ihre personenbezogenen Daten?<\/h3><h4>2.1. Controller<\/h4><p>DUROC D&#8217;OLIVES bestimmt allein oder in Zusammenarbeit mit anderen, welche pers\u00f6nlichen Daten gesammelt werden, sowie den Zweck und die Mittel der Verarbeitung dieser pers\u00f6nlichen Daten. Folglich ist DUROC D&#8217;OLIVES ein &#8222;Datenverantwortlicher&#8220; im Sinne der GDPR.<\/p><p>DUROC D&#8217;OLIVES hat angemessene technische und organisatorische Ma\u00dfnahmen zum Schutz der personenbezogenen Daten seiner Besucher und Kunden getroffen. DUROC D&#8217;OLIVES verwendet eine Vielzahl von angemessenen Sicherheitstechnologien und -verfahren, um Ihre personenbezogenen Daten vor unbefugtem Zugriff, unbefugter Nutzung und unbefugter Offenlegung zu sch\u00fctzen. DUROC D&#8217;OLIVES stellt sicher, dass die zur Verf\u00fcgung gestellten personenbezogenen Daten in einer kontrollierten Umgebung sicher aufbewahrt werden.<\/p><p>\u00a0<\/p><h4>2.2. Prozessor(en)<\/h4><p>DUROC D&#8217;OLIVES setzt f\u00fcr die Verarbeitung der pers\u00f6nlichen Daten der Besucher und Kunden sorgf\u00e4ltig ausgew\u00e4hlte &#8222;Datenverarbeiter&#8220; ein. Ein Auftragsverarbeiter ist eine nat\u00fcrliche oder juristische Person, die personenbezogene Daten im Auftrag oder im Namen des Verantwortlichen verarbeitet. Der Verarbeiter ist verpflichtet, die Sicherheit und Vertraulichkeit der personenbezogenen Daten zu gew\u00e4hrleisten. Der Prozessor wird immer gem\u00e4\u00df den Anweisungen des Controllers handeln.<\/p><p>DUROC D&#8217;OLIVES verwendet die folgenden Kategorien von &#8222;Verarbeitern&#8220;:<\/p><ul><li>Unternehmen, die wir f\u00fcr Marketingzwecke beauftragt haben;<\/li><li>Unternehmen, die wir f\u00fcr ICT-technische Unterst\u00fctzung und Hosting-Zwecke hinzugezogen haben;<\/li><li>Unternehmen, die wir f\u00fcr administrative Zwecke nutzen (z.B. CRM-System);<\/li><li>Unternehmen, die wir zu Kommunikationszwecken einschalten (z.B. Live-Chat auf der Website);<\/li><li>Unternehmen, die wir f\u00fcr logistische Zwecke beauftragen (z.B. Kommissionierung, Auslieferung, etc.);<\/li><li>Unternehmen, die wir zu Analysezwecken beauftragen;<\/li><li>Unternehmen, die wir zu Zahlungszwecken beauftragt haben.<\/li><li>Um einen optimalen Schutz der personenbezogenen Daten der betroffenen Personen zu gew\u00e4hrleisten, hat DUROC D&#8217;OLIVES die notwendigen vertraglichen Vereinbarungen mit den oben genannten Datenverarbeitern getroffen, um sicherzustellen, dass diese die gleichen hohen Standards wie DUROC D&#8217;OLIVES anwenden.<\/li><\/ul><div>\u00a0<\/div><p>\u00a0<\/p><h3>Auf welcher Rechtsgrundlage werden Ihre personenbezogenen Daten verarbeitet?<\/h3><p>In \u00dcbereinstimmung mit der GDPR verarbeiten wir personenbezogene Daten auf der Grundlage der folgenden Rechtsgrundlagen:<\/p><ul><li>auf der Grundlage der Erf\u00fcllung des mit dem Kunden vereinbarten Vertrages oder der Aus\u00fcbung vorvertraglicher Ma\u00dfnahmen, die auf Wunsch der betroffenen Person vorgenommen wurden; oder<\/li><li>Auf der Grundlage der Einhaltung gesetzlicher oder beh\u00f6rdlicher Bestimmungen, die sich auf die Verwaltung des Vertragsverh\u00e4ltnisses mit dem Kunden beziehen, insbesondere die Rechnungsstellung;<\/li><li>Basierend auf unserem berechtigten Interesse, auf Informationsanfragen von Besuchern und Kunden zu reagieren;<\/li><li>Basierend auf unserem berechtigten Interesse, Werbeangebote (Direktmarketing) an unsere Kunden zu senden;<\/li><li>Basierend auf der ausdr\u00fccklichen Zustimmung zur Zusendung von Werbeangeboten (Direktmarketing) an Besucher.<\/li><\/ul><h3>Welche personenbezogenen Daten werden verarbeitet?<\/h3><p>DUROC D&#8217;OLIVES verpflichtet sich, nur solche personenbezogenen Daten zu erheben und zu verarbeiten, die f\u00fcr die Zwecke, f\u00fcr die sie verarbeitet werden, relevant und notwendig sind.<\/p><p>Wie viele und welche personenbezogenen Daten DUROC D&#8217;OLIVES \u00fcber Sie erhebt, h\u00e4ngt von Ihrer Nutzung der Website und\/oder unserer Dienste ab. Die Erfassung von personenbezogenen Daten wird weiter ausgebaut, wenn Sie unsere Website und unsere Dienste intensiver nutzen. Im Allgemeinen geben Kunden mehr pers\u00f6nliche Daten preis als Besucher. Im Einzelnen verarbeiten wir die folgenden Kategorien von personenbezogenen Daten:<\/p><p>Kunden:<\/p><ul><li>Pers\u00f6nliche Identifikationsdaten (Name, Vorname, Adresse, Login-Daten);<\/li><li>Kontaktangaben (Telefonnummer und E-Mail-Adresse);<\/li><li>Finanzielle Identifikationsdaten (Bankverbindung);<\/li><li>Pers\u00f6nliche Daten (Geschlecht, Alter, Geburtsdatum und -ort, Nationalit\u00e4t);<\/li><li>&#8230;<\/li><\/ul><p>Diese personenbezogenen Daten werden erhoben, wenn der Kunde eine Bestellung \u00fcber unsere Website aufgibt. Weitere personenbezogene Daten k\u00f6nnen zu einem sp\u00e4teren Zeitpunkt erhoben werden, z.B. im Rahmen unseres After-Sales.<\/p><p>Besucher:<\/p><ul><li>Pers\u00f6nliche Identifikationsdaten (Name, Vorname, Adresse, Login-Daten);<\/li><li>Kontaktangaben (Telefonnummer und E-Mail-Adresse);<\/li><li>Elektronische Identifikationsdaten (Cookies, IP-Adresse);<\/li><li>&#8230;<\/li><\/ul><p>Diese personenbezogenen Daten werden erhoben, wenn Sie unsere Website besuchen und insbesondere, wenn Sie unser Kontaktformular ausf\u00fcllen und absenden.<\/p><h3>F\u00fcr welche Zwecke werden Ihre pers\u00f6nlichen Daten verwendet?<\/h3><p>Die Verarbeitung Ihrer personenbezogenen Daten ist f\u00fcr das ordnungsgem\u00e4\u00dfe Funktionieren der Website und f\u00fcr die Erbringung der damit verbundenen Dienstleistungen unerl\u00e4sslich. Die Erhebung personenbezogener Daten wird in dem Ma\u00dfe erweitert, wie die betroffene Person unsere Website und unsere Dienste intensiver nutzt.<\/p><p>Die Verarbeitung erfolgt ausschlie\u00dflich zu folgenden, genau definierten Zwecken:<\/p><p>Kunden:<\/p><ul><li>Kundenmanagement: Kundenverwaltung, Auftragsmanagement, Lieferungen, Rechnungsstellung, Bonit\u00e4tspr\u00fcfung, Support und Reklamations\u00fcberwachung.<\/li><li>Personalisiertes Marketing und Werbung. In diesem Fall hat der Kunde das Recht, sich jederzeit abzumelden.<\/li><\/ul><p>Besucher:<\/p><ul><li>Beantwortung von Informationsanfragen \u00fcber das Kontaktformular auf der Website;<\/li><li>Personalisiertes Marketing und Werbung, wenn der Besucher dem ausdr\u00fccklich zugestimmt hat. In diesem Fall steht es dem Besucher jederzeit frei, seine Zustimmung zu widerrufen.<\/li><\/ul><p>Dar\u00fcber hinaus k\u00f6nnen die personenbezogenen Daten der betroffenen Person auch f\u00fcr die folgenden Zwecke verwendet werden:<\/p><ul><li>Verwaltung von Streitigkeiten.<\/li><li>Schutz vor Betrug und Verst\u00f6\u00dfen.<\/li><\/ul><p>Wir verwenden Cookies auch, um (die IP-Adresse von) Besuchern zu erkennen und ihnen ein personalisiertes Benutzererlebnis zu bieten, um sich an ihre technischen Entscheidungen zu erinnern und um m\u00f6gliche Fehler auf der Website zu erkennen und zu korrigieren. In unserer Cookie-Richtlinie finden Sie weitere Informationen \u00fcber die Art und Weise, wie wir Cookies verwenden.<\/p><p>Beim Besuch der Website werden einige Daten zu statistischen Zwecken erhoben. Diese Daten sind notwendig, um die Nutzung unserer Website zu optimieren. Diese Daten sind: mutma\u00dflicher Ort der Konsultation, Stunde und Tag der Konsultation, welche Seiten besucht wurden, etc. Um Ihre Privatsph\u00e4re optimal zu sch\u00fctzen, werden diese Daten stets anonymisiert.<\/p><p>Unter keinen Umst\u00e4nden erfassen wir sensible personenbezogene Daten, wie z. B. Daten \u00fcber Ihre Rasse, politische Ansichten, Gesundheit, religi\u00f6se und andere \u00dcberzeugungen, sexuelle Orientierung usw.<\/p><p>Die betroffene Person stellt DUROC D&#8217;OLIVES die personenbezogenen Daten immer selbst zur Verf\u00fcgung und kann somit eine gewisse Kontrolle aus\u00fcben. DUROC D&#8217;OLIVES beh\u00e4lt sich das Recht vor, bestimmte Verarbeitungen auszusetzen oder zu stornieren, wenn die erforderlichen personenbezogenen Daten fehlen, falsch oder unvollst\u00e4ndig sind.<\/p><h3>Wer erh\u00e4lt Ihre pers\u00f6nlichen Daten?<\/h3><p>Ihre personenbezogenen Daten werden nur f\u00fcr den internen Gebrauch innerhalb von DUROC D&#8217;OLIVES verarbeitet. Ihre personenbezogenen Daten werden nicht an Dritte verkauft oder weitergegeben, es sei denn, Sie haben uns zuvor Ihre ausdr\u00fcckliche Zustimmung erteilt oder die Weitergabe ist f\u00fcr die Vertragsabwicklung erforderlich oder gesetzlich vorgeschrieben.<\/p><h3>Wie lange bewahren wir Ihre pers\u00f6nlichen Daten auf?<\/h3><p>Ihre pers\u00f6nlichen Daten werden so lange aufbewahrt, wie dies zur Verfolgung der vorgeschlagenen Ziele erforderlich ist. Sie werden aus unserer Datenbank entfernt, wenn sie zur Verfolgung dieser Zwecke nicht mehr ben\u00f6tigt werden oder wenn die betroffene Person ihr Recht auf L\u00f6schung der personenbezogenen Daten geltend macht.<\/p><p>\u00a0<\/p><h3>Was sind Ihre Rechte?<\/h3><p>Gew\u00e4hrleistung der rechtm\u00e4\u00dfigen und sicheren Verarbeitung von personenbezogenen Daten<br \/>Ihre personenbezogenen Daten werden immer f\u00fcr rechtm\u00e4\u00dfige Zwecke, wie in Artikel 5 dargelegt, verarbeitet.<br \/>Sie werden in angemessener, relevanter und verh\u00e4ltnism\u00e4\u00dfiger Weise erhoben und verarbeitet und nicht l\u00e4nger aufbewahrt, als es f\u00fcr die Erreichung der beabsichtigten Zwecke erforderlich ist.<\/p><ul><li>Recht auf Einsichtnahme<\/li><\/ul><p>Wenn Sie Ihre Identit\u00e4t nachweisen k\u00f6nnen, haben Sie das Recht, Auskunft \u00fcber die Verarbeitung Ihrer personenbezogenen Daten zu erhalten. Sie haben also das Recht, Auskunft zu erhalten \u00fcber die Zwecke der Verarbeitung, die Kategorien personenbezogener Daten, die Kategorien von Empf\u00e4ngern, an die die personenbezogenen Daten gesendet werden, die Kriterien, die die Dauer der Datenspeicherung bestimmen, und die Rechte, die Sie in Bezug auf Ihre personenbezogenen Daten aus\u00fcben k\u00f6nnen.<\/p><ul><li>Recht auf Berichtigung von personenbezogenen Daten<\/li><\/ul><p>Ungenaue oder unvollst\u00e4ndige Angaben k\u00f6nnen korrigiert werden. Man kann sich auch mit einem \u00c4nderungswunsch an uns wenden.<\/p><ul><li>Recht auf L\u00f6schung Ihrer personenbezogenen Daten<\/li><\/ul><p>Sie haben das Recht, die L\u00f6schung Ihrer personenbezogenen Daten in folgenden F\u00e4llen zu verlangen:<\/p><p>Ihre personenbezogenen Daten werden f\u00fcr den vorgesehenen Zweck nicht mehr ben\u00f6tigt;<br \/>Sie haben Ihre Einwilligung zur Verarbeitung Ihrer personenbezogenen Daten widerrufen und es gibt keine andere Rechtsgrundlage f\u00fcr die Verarbeitung Ihrer personenbezogenen Daten;<br \/>Sie haben berechtigterweise Widerspruch gegen die Verarbeitung Ihrer personenbezogenen Daten eingelegt;<br \/>Ihre personenbezogenen Daten werden auf unrechtm\u00e4\u00dfige Weise verarbeitet;<br \/>Ihre pers\u00f6nlichen Daten m\u00fcssen aufgrund einer gesetzlichen Verpflichtung gel\u00f6scht werden.<br \/>Die L\u00f6schung der personenbezogenen Daten bezieht sich haupts\u00e4chlich auf die Sichtbarkeit; es ist m\u00f6glich, dass die gel\u00f6schten personenbezogenen Daten vor\u00fcbergehend gespeichert bleiben.<\/p><ul><li>Recht auf Einschr\u00e4nkung der Verarbeitung<\/li><\/ul><p>In einigen F\u00e4llen haben Sie das Recht, eine Einschr\u00e4nkung der Verarbeitung Ihrer personenbezogenen Daten zu verlangen. Dies gilt insbesondere im Falle eines Streits \u00fcber die Richtigkeit der personenbezogenen Daten, wenn die personenbezogenen Daten im Rahmen eines Gerichtsverfahrens erforderlich sind oder f\u00fcr den Zeitraum, der erforderlich ist, damit DUROC D&#8217;OLIVES feststellen kann, dass Sie Ihr Recht auf L\u00f6schung wirksam aus\u00fcben k\u00f6nnen.<\/p><ul><li>Recht auf Widerspruch<\/li><\/ul><p>Sie haben das Recht, jederzeit gegen die Verarbeitung Ihrer personenbezogenen Daten zu Zwecken des &#8222;Direktmarketings&#8220;, des Profilings oder zu Zwecken, die sich aus den berechtigten Interessen des Verantwortlichen ergeben, Widerspruch einzulegen. DUROC D&#8217;OLIVES verarbeitet Ihre personenbezogenen Daten nicht mehr, es sei denn, DUROC D&#8217;OLIVES kann zwingende schutzw\u00fcrdige Gr\u00fcnde f\u00fcr die Verarbeitung nachweisen, die Vorrang vor dem Recht auf Widerspruch haben.<\/p><ul><li>Recht auf Daten\u00fcbertragbarkeit<\/li><\/ul><p>Sie haben das Recht, die DUROC D&#8217;OLIVES zur Verf\u00fcgung gestellten personenbezogenen Daten in einer strukturierten, g\u00e4ngigen und maschinenlesbaren Form zu erhalten. Dar\u00fcber hinaus haben Sie das Recht, diese personenbezogenen Daten einem anderen Verantwortlichen zu \u00fcbermitteln, sofern dies technisch nicht unm\u00f6glich ist.<\/p><ul><li>Recht auf Widerruf Ihrer Zustimmung<\/li><\/ul><p>Sie haben das Recht, Ihre Einwilligung jederzeit zu widerrufen, z.B. wenn Sie sie als Besucher f\u00fcr Direktmarketingzwecke gegeben haben.<\/p><h3>Wie k\u00f6nnen Sie Ihre Rechte wahrnehmen?<\/h3><p>Wenn Sie Ihre Rechte aus\u00fcben m\u00f6chten, m\u00fcssen Sie einen schriftlichen Antrag mit Identit\u00e4tsnachweis per Einschreiben an DUROC D&#8217;OLIVES, Smalle Heerweg 160, 9080 Lochristi oder per E-Mail an info@durocdolives.be senden. Wir werden so schnell wie m\u00f6glich antworten, sp\u00e4testens einen (1) Monat nach Erhalt Ihrer Anfrage.<\/p><h3>M\u00f6glichkeit, eine Beschwerde einzureichen<\/h3><p>Wenn Sie Anmerkungen oder Beschwerden \u00fcber die Art und Weise haben, wie wir mit Ihren pers\u00f6nlichen Daten umgehen, bitten wir Sie, diese zuerst an uns zu melden. So k\u00f6nnen wir in gegenseitiger Absprache zu einer einvernehmlichen L\u00f6sung kommen.<\/p><p>Wenn Sie nach dieser Mitteilung immer noch nicht mit der Verarbeitung Ihrer personenbezogenen Daten durch DUROC D&#8217;OLIVES zufrieden sind, haben Sie das Recht, eine Beschwerde bei der zust\u00e4ndigen Aufsichtsbeh\u00f6rde (f\u00fcr Belgien: https:\/\/www.gegevensbeschermingsautoriteit.be\/) einzureichen.<\/p>\t\t\t\t\t\t\t\t<\/div>\n\t\t\t\t<\/div>\n\t\t\t\t\t<\/div>\n\t\t<\/div>\n\t\t\t\t\t<\/div>\n\t\t<\/section>\n\t\t\t\t<\/div>\n\t\t","protected":false},"excerpt":{"rendered":"<p>Die Website www.durocdolives.com (im Folgenden &#8222;Website&#8220; genannt) wird angeboten von: Duroc d&#8217;Olives sprl (im Folgenden &#8222;DUROC D&#8217;OLIVES&#8220;, &#8222;Wir&#8220; und &#8222;Uns&#8220;) Smalle Heerweg 160 9080 Lochristi Belgien MEHRWERTSTEUER BE 0841.219.632 E-Mail: info@durocdolives.be Warum diese Erkl\u00e4rung zum Datenschutz? Jede Person, die die Website besucht (nachfolgend &#8222;Besucher&#8220;) und jede Person, die unsere Dienste in Anspruch nimmt (nachfolgend &#8222;Kunde&#8220;), [&hellip;]<\/p>\n","protected":false},"author":3,"featured_media":0,"parent":0,"menu_order":0,"comment_status":"closed","ping_status":"closed","template":"","meta":{"_acf_changed":false,"inline_featured_image":false,"footnotes":""},"class_list":["post-11082","page","type-page","status-publish","hentry"],"acf":[],"yoast_head":"<!-- This site is optimized with the Yoast SEO plugin v27.4 - https:\/\/yoast.com\/product\/yoast-seo-wordpress\/ -->\n<title>Datenschutzrichtlinie - Duroc d&#039;Olives<\/title>\n<meta name=\"robots\" content=\"index, follow, max-snippet:-1, max-image-preview:large, max-video-preview:-1\" \/>\n<link rel=\"canonical\" href=\"https:\/\/www.durocdolives.com\/de\/cookie-richtlinie\/\" \/>\n<meta property=\"og:locale\" content=\"de_DE\" \/>\n<meta property=\"og:type\" content=\"article\" \/>\n<meta property=\"og:title\" content=\"Datenschutzrichtlinie - Duroc d&#039;Olives\" \/>\n<meta property=\"og:description\" content=\"Die Website www.durocdolives.com (im Folgenden &#8222;Website&#8220; genannt) wird angeboten von: Duroc d&#8217;Olives sprl (im Folgenden &#8222;DUROC D&#8217;OLIVES&#8220;, &#8222;Wir&#8220; und &#8222;Uns&#8220;) Smalle Heerweg 160 9080 Lochristi Belgien MEHRWERTSTEUER BE 0841.219.632 E-Mail: info@durocdolives.be Warum diese Erkl\u00e4rung zum Datenschutz? Jede Person, die die Website besucht (nachfolgend &#8222;Besucher&#8220;) und jede Person, die unsere Dienste in Anspruch nimmt (nachfolgend &#8222;Kunde&#8220;), [&hellip;]\" \/>\n<meta property=\"og:url\" content=\"https:\/\/www.durocdolives.com\/de\/cookie-richtlinie\/\" \/>\n<meta property=\"og:site_name\" content=\"Duroc d&#039;Olives\" \/>\n<meta property=\"article:modified_time\" content=\"2021-04-13T11:56:49+00:00\" \/>\n<meta name=\"twitter:card\" content=\"summary_large_image\" \/>\n<meta name=\"twitter:label1\" content=\"Gesch\u00e4tzte Lesezeit\" \/>\n\t<meta name=\"twitter:data1\" content=\"9\u00a0Minuten\" \/>\n<script type=\"application\/ld+json\" class=\"yoast-schema-graph\">{\"@context\":\"https:\\\/\\\/schema.org\",\"@graph\":[{\"@type\":\"WebPage\",\"@id\":\"https:\\\/\\\/www.durocdolives.com\\\/de\\\/cookie-richtlinie\\\/\",\"url\":\"https:\\\/\\\/www.durocdolives.com\\\/de\\\/cookie-richtlinie\\\/\",\"name\":\"Datenschutzrichtlinie - Duroc d&#039;Olives\",\"isPartOf\":{\"@id\":\"https:\\\/\\\/www.durocdolives.com\\\/nl\\\/#website\"},\"datePublished\":\"2021-04-13T11:41:12+00:00\",\"dateModified\":\"2021-04-13T11:56:49+00:00\",\"breadcrumb\":{\"@id\":\"https:\\\/\\\/www.durocdolives.com\\\/de\\\/cookie-richtlinie\\\/#breadcrumb\"},\"inLanguage\":\"de\",\"potentialAction\":[{\"@type\":\"ReadAction\",\"target\":[\"https:\\\/\\\/www.durocdolives.com\\\/de\\\/cookie-richtlinie\\\/\"]}]},{\"@type\":\"BreadcrumbList\",\"@id\":\"https:\\\/\\\/www.durocdolives.com\\\/de\\\/cookie-richtlinie\\\/#breadcrumb\",\"itemListElement\":[{\"@type\":\"ListItem\",\"position\":1,\"name\":\"Home\",\"item\":\"https:\\\/\\\/www.durocdolives.com\\\/nl\\\/\"},{\"@type\":\"ListItem\",\"position\":2,\"name\":\"Datenschutzrichtlinie\"}]},{\"@type\":\"WebSite\",\"@id\":\"https:\\\/\\\/www.durocdolives.com\\\/nl\\\/#website\",\"url\":\"https:\\\/\\\/www.durocdolives.com\\\/nl\\\/\",\"name\":\"Duroc d&#039;Olives\",\"description\":\"Heerlijk, kwalitatief varkensvlees\",\"publisher\":{\"@id\":\"https:\\\/\\\/www.durocdolives.com\\\/nl\\\/#organization\"},\"potentialAction\":[{\"@type\":\"SearchAction\",\"target\":{\"@type\":\"EntryPoint\",\"urlTemplate\":\"https:\\\/\\\/www.durocdolives.com\\\/nl\\\/?s={search_term_string}\"},\"query-input\":{\"@type\":\"PropertyValueSpecification\",\"valueRequired\":true,\"valueName\":\"search_term_string\"}}],\"inLanguage\":\"de\"},{\"@type\":\"Organization\",\"@id\":\"https:\\\/\\\/www.durocdolives.com\\\/nl\\\/#organization\",\"name\":\"durocdolives\",\"url\":\"https:\\\/\\\/www.durocdolives.com\\\/nl\\\/\",\"logo\":{\"@type\":\"ImageObject\",\"inLanguage\":\"de\",\"@id\":\"https:\\\/\\\/www.durocdolives.com\\\/nl\\\/#\\\/schema\\\/logo\\\/image\\\/\",\"url\":\"https:\\\/\\\/www.durocdolives.com\\\/wp-content\\\/uploads\\\/2020\\\/10\\\/logo.svg\",\"contentUrl\":\"https:\\\/\\\/www.durocdolives.com\\\/wp-content\\\/uploads\\\/2020\\\/10\\\/logo.svg\",\"width\":122,\"height\":122,\"caption\":\"durocdolives\"},\"image\":{\"@id\":\"https:\\\/\\\/www.durocdolives.com\\\/nl\\\/#\\\/schema\\\/logo\\\/image\\\/\"}}]}<\/script>\n<!-- \/ Yoast SEO plugin. -->","yoast_head_json":{"title":"Datenschutzrichtlinie - Duroc d&#039;Olives","robots":{"index":"index","follow":"follow","max-snippet":"max-snippet:-1","max-image-preview":"max-image-preview:large","max-video-preview":"max-video-preview:-1"},"canonical":"https:\/\/www.durocdolives.com\/de\/cookie-richtlinie\/","og_locale":"de_DE","og_type":"article","og_title":"Datenschutzrichtlinie - Duroc d&#039;Olives","og_description":"Die Website www.durocdolives.com (im Folgenden &#8222;Website&#8220; genannt) wird angeboten von: Duroc d&#8217;Olives sprl (im Folgenden &#8222;DUROC D&#8217;OLIVES&#8220;, &#8222;Wir&#8220; und &#8222;Uns&#8220;) Smalle Heerweg 160 9080 Lochristi Belgien MEHRWERTSTEUER BE 0841.219.632 E-Mail: info@durocdolives.be Warum diese Erkl\u00e4rung zum Datenschutz? Jede Person, die die Website besucht (nachfolgend &#8222;Besucher&#8220;) und jede Person, die unsere Dienste in Anspruch nimmt (nachfolgend &#8222;Kunde&#8220;), [&hellip;]","og_url":"https:\/\/www.durocdolives.com\/de\/cookie-richtlinie\/","og_site_name":"Duroc d&#039;Olives","article_modified_time":"2021-04-13T11:56:49+00:00","twitter_card":"summary_large_image","twitter_misc":{"Gesch\u00e4tzte Lesezeit":"9\u00a0Minuten"},"schema":{"@context":"https:\/\/schema.org","@graph":[{"@type":"WebPage","@id":"https:\/\/www.durocdolives.com\/de\/cookie-richtlinie\/","url":"https:\/\/www.durocdolives.com\/de\/cookie-richtlinie\/","name":"Datenschutzrichtlinie - Duroc d&#039;Olives","isPartOf":{"@id":"https:\/\/www.durocdolives.com\/nl\/#website"},"datePublished":"2021-04-13T11:41:12+00:00","dateModified":"2021-04-13T11:56:49+00:00","breadcrumb":{"@id":"https:\/\/www.durocdolives.com\/de\/cookie-richtlinie\/#breadcrumb"},"inLanguage":"de","potentialAction":[{"@type":"ReadAction","target":["https:\/\/www.durocdolives.com\/de\/cookie-richtlinie\/"]}]},{"@type":"BreadcrumbList","@id":"https:\/\/www.durocdolives.com\/de\/cookie-richtlinie\/#breadcrumb","itemListElement":[{"@type":"ListItem","position":1,"name":"Home","item":"https:\/\/www.durocdolives.com\/nl\/"},{"@type":"ListItem","position":2,"name":"Datenschutzrichtlinie"}]},{"@type":"WebSite","@id":"https:\/\/www.durocdolives.com\/nl\/#website","url":"https:\/\/www.durocdolives.com\/nl\/","name":"Duroc d&#039;Olives","description":"Heerlijk, kwalitatief varkensvlees","publisher":{"@id":"https:\/\/www.durocdolives.com\/nl\/#organization"},"potentialAction":[{"@type":"SearchAction","target":{"@type":"EntryPoint","urlTemplate":"https:\/\/www.durocdolives.com\/nl\/?s={search_term_string}"},"query-input":{"@type":"PropertyValueSpecification","valueRequired":true,"valueName":"search_term_string"}}],"inLanguage":"de"},{"@type":"Organization","@id":"https:\/\/www.durocdolives.com\/nl\/#organization","name":"durocdolives","url":"https:\/\/www.durocdolives.com\/nl\/","logo":{"@type":"ImageObject","inLanguage":"de","@id":"https:\/\/www.durocdolives.com\/nl\/#\/schema\/logo\/image\/","url":"https:\/\/www.durocdolives.com\/wp-content\/uploads\/2020\/10\/logo.svg","contentUrl":"https:\/\/www.durocdolives.com\/wp-content\/uploads\/2020\/10\/logo.svg","width":122,"height":122,"caption":"durocdolives"},"image":{"@id":"https:\/\/www.durocdolives.com\/nl\/#\/schema\/logo\/image\/"}}]}},"_links":{"self":[{"href":"https:\/\/www.durocdolives.com\/de\/wp-json\/wp\/v2\/pages\/11082","targetHints":{"allow":["GET"]}}],"collection":[{"href":"https:\/\/www.durocdolives.com\/de\/wp-json\/wp\/v2\/pages"}],"about":[{"href":"https:\/\/www.durocdolives.com\/de\/wp-json\/wp\/v2\/types\/page"}],"author":[{"embeddable":true,"href":"https:\/\/www.durocdolives.com\/de\/wp-json\/wp\/v2\/users\/3"}],"replies":[{"embeddable":true,"href":"https:\/\/www.durocdolives.com\/de\/wp-json\/wp\/v2\/comments?post=11082"}],"version-history":[{"count":0,"href":"https:\/\/www.durocdolives.com\/de\/wp-json\/wp\/v2\/pages\/11082\/revisions"}],"wp:attachment":[{"href":"https:\/\/www.durocdolives.com\/de\/wp-json\/wp\/v2\/media?parent=11082"}],"curies":[{"name":"wp","href":"https:\/\/api.w.org\/{rel}","templated":true}]}}